{"id":99339,"date":"2024-09-05T07:55:41","date_gmt":"2024-09-05T07:55:41","guid":{"rendered":"https:\/\/store.evolve-fitness.eu\/?post_type=product&#038;p=99339"},"modified":"2025-03-27T08:03:10","modified_gmt":"2025-03-27T08:03:10","slug":"evolve-vertical-bars-rack-2","status":"publish","type":"product","link":"https:\/\/store.evolve-fitness.eu\/sv\/produkt\/evolve-vertical-bars-rack-2\/","title":{"rendered":"Evolve Vertical Bars Rack"},"content":{"rendered":"","protected":false},"excerpt":{"rendered":"<p>H\u00e5ll ditt tr\u00e4ningsutrymme organiserat och effektivt med Evolve Vertical Bars Rack &#8211; den perfekta l\u00f6sningen f\u00f6r att f\u00f6rvara din skivst\u00e5ngssamling. Detta eleganta och robusta rack \u00e4r utformat med h\u00e5llbarhet och funktionalitet i \u00e5tanke och kan h\u00e5lla flera st\u00e4nger s\u00e4kert, vilket sparar utrymme samtidigt som du beh\u00e5ller ett professionellt och snyggt tr\u00e4ningsomr\u00e5de. Evolve Vertical Bars Rack \u00e4r perfekt f\u00f6r hemmagym, studios eller kommersiella anl\u00e4ggningar och s\u00e4kerst\u00e4ller enkel \u00e5tkomst till din utrustning, s\u00e5 att du kan fokusera p\u00e5 din tr\u00e4ning utan r\u00f6ran.  <\/p>\n","protected":false},"featured_media":101208,"template":"","meta":{"_acf_changed":false,"inline_featured_image":false},"product_cat":[550,1001,1005],"product_tag":[],"class_list":{"0":"post-99339","1":"product","2":"type-product","3":"status-publish","4":"has-post-thumbnail","6":"product_cat-startsida","7":"product_cat-fria-vikter","8":"product_cat-hyllor-och-forvaringslosningar","10":"first","11":"instock","12":"shipping-taxable","13":"purchasable","14":"product-type-simple"},"acf":[],"_links":{"self":[{"href":"https:\/\/store.evolve-fitness.eu\/sv\/wp-json\/wp\/v2\/product\/99339","targetHints":{"allow":["GET"]}}],"collection":[{"href":"https:\/\/store.evolve-fitness.eu\/sv\/wp-json\/wp\/v2\/product"}],"about":[{"href":"https:\/\/store.evolve-fitness.eu\/sv\/wp-json\/wp\/v2\/types\/product"}],"wp:featuredmedia":[{"embeddable":true,"href":"https:\/\/store.evolve-fitness.eu\/sv\/wp-json\/wp\/v2\/media\/101208"}],"wp:attachment":[{"href":"https:\/\/store.evolve-fitness.eu\/sv\/wp-json\/wp\/v2\/media?parent=99339"}],"wp:term":[{"taxonomy":"product_cat","embeddable":true,"href":"https:\/\/store.evolve-fitness.eu\/sv\/wp-json\/wp\/v2\/product_cat?post=99339"},{"taxonomy":"product_tag","embeddable":true,"href":"https:\/\/store.evolve-fitness.eu\/sv\/wp-json\/wp\/v2\/product_tag?post=99339"}],"curies":[{"name":"wp","href":"https:\/\/api.w.org\/{rel}","templated":true}]}}