{"id":96448,"date":"2024-08-01T06:30:50","date_gmt":"2024-08-01T06:30:50","guid":{"rendered":"https:\/\/store.evolve-fitness.eu\/?post_type=product&#038;p=96448"},"modified":"2026-04-22T12:01:15","modified_gmt":"2026-04-22T12:01:15","slug":"evolve-vaggkulor-och-powerbags-rack-1","status":"publish","type":"product","link":"https:\/\/store.evolve-fitness.eu\/sv\/produkt\/evolve-vaggkulor-och-powerbags-rack-1\/","title":{"rendered":"Evolve v\u00e4ggkulor och Powerbags rack"},"content":{"rendered":"\n<section class=\"wp-block-group alignfull has-lightgray-background-color has-background is-layout-constrained wp-block-group-is-layout-constrained\">\n<div class=\"wp-block-columns alignwide is-layout-flex wp-container-core-columns-is-layout-2edb0647 wp-block-columns-is-layout-flex\" style=\"margin-top:0;margin-bottom:0\">\n<div class=\"wp-block-column is-layout-flow wp-block-column-is-layout-flow\" style=\"flex-basis:33.33%\"><\/div>\n\n\n\n<div class=\"wp-block-column is-layout-flow wp-block-column-is-layout-flow\" style=\"flex-basis:66.66%\"><\/div>\n<\/div>\n<\/section>\n","protected":false},"excerpt":{"rendered":"<p>F\u00f6rb\u00e4ttra organisationen och tillg\u00e4ngligheten i ditt gym med Evolve Wall Balls and Powerbags Rack, en snygg och robust f\u00f6rvaringsl\u00f6sning utformad f\u00f6r det moderna gymmet. Detta st\u00e4ll \u00e4r specialtillverkat f\u00f6r att snyggt f\u00f6rvara och visa upp en m\u00e4ngd olika v\u00e4ggbollar och powerbags, vilket g\u00f6r dem l\u00e4ttillg\u00e4ngliga och effektivt organiserade. Evolve Rack \u00e4r perfekt f\u00f6r b\u00e5de kommersiella gym och hemmatr\u00e4ning och ser till att ditt tr\u00e4ningsutrymme f\u00f6rblir fritt fr\u00e5n skr\u00e4p och s\u00e4kert. Den robusta konstruktionen och genomt\u00e4nkta designen rymmer flera storlekar och vikter, vilket visar Evolves engagemang f\u00f6r h\u00e5llbarhet och funktionalitet. Rackets kompakta fotavtryck maximerar golvytan samtidigt som det f\u00f6rb\u00e4ttrar det estetiska tilltalet i ditt gym. Genom att integrera Evolve Wall Balls and Powerbags Rack i din fitnessmilj\u00f6 investerar du inte bara i \u00f6verl\u00e4gsen utrustningsorganisation utan fr\u00e4mjar ocks\u00e5 en mer produktiv och str\u00f6mlinjeformad tr\u00e4ningsupplevelse.  <\/p>\n","protected":false},"featured_media":96243,"template":"","meta":{"_acf_changed":false,"inline_featured_image":false},"product_cat":[623,2130,625],"product_tag":[],"class_list":{"0":"post-96448","1":"product","2":"type-product","3":"status-publish","4":"has-post-thumbnail","6":"product_cat-korsvis-funktionell","7":"product_cat-lagring-sv","8":"product_cat-funktionell-utrustning","10":"first","11":"outofstock","12":"shipping-taxable","13":"purchasable","14":"product-type-simple"},"acf":[],"_links":{"self":[{"href":"https:\/\/store.evolve-fitness.eu\/sv\/wp-json\/wp\/v2\/product\/96448","targetHints":{"allow":["GET"]}}],"collection":[{"href":"https:\/\/store.evolve-fitness.eu\/sv\/wp-json\/wp\/v2\/product"}],"about":[{"href":"https:\/\/store.evolve-fitness.eu\/sv\/wp-json\/wp\/v2\/types\/product"}],"wp:featuredmedia":[{"embeddable":true,"href":"https:\/\/store.evolve-fitness.eu\/sv\/wp-json\/wp\/v2\/media\/96243"}],"wp:attachment":[{"href":"https:\/\/store.evolve-fitness.eu\/sv\/wp-json\/wp\/v2\/media?parent=96448"}],"wp:term":[{"taxonomy":"product_cat","embeddable":true,"href":"https:\/\/store.evolve-fitness.eu\/sv\/wp-json\/wp\/v2\/product_cat?post=96448"},{"taxonomy":"product_tag","embeddable":true,"href":"https:\/\/store.evolve-fitness.eu\/sv\/wp-json\/wp\/v2\/product_tag?post=96448"}],"curies":[{"name":"wp","href":"https:\/\/api.w.org\/{rel}","templated":true}]}}