{"id":96218,"date":"2024-07-31T14:43:55","date_gmt":"2024-07-31T14:43:55","guid":{"rendered":"https:\/\/store.evolve-fitness.eu\/?post_type=product&#038;p=96218"},"modified":"2026-03-17T12:00:55","modified_gmt":"2026-03-17T12:00:55","slug":"utveckla-hastighetsstegar","status":"publish","type":"product","link":"https:\/\/store.evolve-fitness.eu\/sv\/produkt\/utveckla-hastighetsstegar\/","title":{"rendered":"Utveckla hastighetsstegar"},"content":{"rendered":"\n<p> <mark style=\"background-color:rgba(0, 0, 0, 0);color:#ffffff\" class=\"has-inline-color\">ASD<\/mark><\/p>\n\n<p><\/p>\n","protected":false},"excerpt":{"rendered":"<p>H\u00f6j din tr\u00e4ning med Evolve Speed Ladder, det ultimata verktyget f\u00f6r idrottare, fitnessentusiaster och alla som vill \u00f6ka sin smidighet, snabbhet och koordination. Den h\u00e4r m\u00e5ngsidiga tr\u00e4ningsstegen \u00e4r utformad f\u00f6r b\u00e5de inomhus- och utomhusbruk och \u00e4r perfekt f\u00f6r uppv\u00e4rmning, f\u00f6rb\u00e4ttrat fotarbete eller explosiva r\u00f6relser. Evolve Speed Ladder \u00e4r l\u00e4tt, h\u00e5llbar och enkel att s\u00e4tta upp, vilket g\u00f6r den till ett viktigt komplement till din tr\u00e4ningsrutin.  <\/p>\n<p>\n","protected":false},"featured_media":100382,"template":"","meta":{"_acf_changed":false,"inline_featured_image":false},"product_cat":[2408,625,392],"product_tag":[],"class_list":{"0":"post-96218","1":"product","2":"type-product","3":"status-publish","4":"has-post-thumbnail","6":"product_cat-hyrox-redskap","7":"product_cat-funktionell-utrustning","8":"product_cat-studio-sv","10":"first","11":"outofstock","12":"shipping-taxable","13":"purchasable","14":"product-type-simple"},"acf":[],"_links":{"self":[{"href":"https:\/\/store.evolve-fitness.eu\/sv\/wp-json\/wp\/v2\/product\/96218","targetHints":{"allow":["GET"]}}],"collection":[{"href":"https:\/\/store.evolve-fitness.eu\/sv\/wp-json\/wp\/v2\/product"}],"about":[{"href":"https:\/\/store.evolve-fitness.eu\/sv\/wp-json\/wp\/v2\/types\/product"}],"wp:featuredmedia":[{"embeddable":true,"href":"https:\/\/store.evolve-fitness.eu\/sv\/wp-json\/wp\/v2\/media\/100382"}],"wp:attachment":[{"href":"https:\/\/store.evolve-fitness.eu\/sv\/wp-json\/wp\/v2\/media?parent=96218"}],"wp:term":[{"taxonomy":"product_cat","embeddable":true,"href":"https:\/\/store.evolve-fitness.eu\/sv\/wp-json\/wp\/v2\/product_cat?post=96218"},{"taxonomy":"product_tag","embeddable":true,"href":"https:\/\/store.evolve-fitness.eu\/sv\/wp-json\/wp\/v2\/product_tag?post=96218"}],"curies":[{"name":"wp","href":"https:\/\/api.w.org\/{rel}","templated":true}]}}