{"id":92315,"date":"2024-07-16T08:35:13","date_gmt":"2024-07-16T08:35:13","guid":{"rendered":"https:\/\/store.evolve-fitness.eu\/?post_type=product&#038;p=92315"},"modified":"2026-03-18T12:00:37","modified_gmt":"2026-03-18T12:00:37","slug":"evolve-olympic-swiss-bar-220-cm-11","status":"publish","type":"product","link":"https:\/\/store.evolve-fitness.eu\/sv\/produkt\/evolve-olympic-swiss-bar-220-cm-11\/","title":{"rendered":"Evolve Olympic Swiss Bar &#8211; 220 cm"},"content":{"rendered":"","protected":false},"excerpt":{"rendered":"<p>Evolve Olympic Swiss Bar, som m\u00e4ter imponerande 220 cm i l\u00e4ngd, \u00e4r ett f\u00f6rstklassigt val f\u00f6r b\u00e5de fitnessentusiaster och professionella idrottare. Denna robusta skivst\u00e5ng v\u00e4ger 26 kg och \u00e4r byggd f\u00f6r att klara en maximal belastning p\u00e5 454 kg, vilket g\u00f6r den idealisk f\u00f6r tunga lyft och styrketr\u00e4ning. Handtagets diameter p\u00e5 \u00d830 mm ger ett bekv\u00e4mt och s\u00e4kert grepp, medan viktskivans diameter p\u00e5 \u00d851 mm passar f\u00f6r olympiska standardskivor. Med 1 \u00e5rs garanti \u00e4r denna st\u00e5ng inte bara en h\u00e5llbar investering i din tr\u00e4ningsresa utan ocks\u00e5 ett p\u00e5litligt verktyg f\u00f6r att f\u00f6rb\u00e4ttra tr\u00e4ningens m\u00e5ngsidighet och effektivitet. Evolve Olympic Swiss Bar \u00e4r perfekt f\u00f6r en rad olika \u00f6vningar och \u00e4r ett m\u00e5ste f\u00f6r alla som vill f\u00f6rb\u00e4ttra sin styrketr\u00e4ning.<\/p>\n","protected":false},"featured_media":92340,"template":"","meta":{"_acf_changed":false,"inline_featured_image":false},"product_cat":[1001,1040],"product_tag":[],"class_list":{"0":"post-92315","1":"product","2":"type-product","3":"status-publish","4":"has-post-thumbnail","6":"product_cat-fria-vikter","7":"product_cat-barer-och-tillbehor","9":"first","10":"instock","11":"shipping-taxable","12":"purchasable","13":"product-type-simple"},"acf":[],"_links":{"self":[{"href":"https:\/\/store.evolve-fitness.eu\/sv\/wp-json\/wp\/v2\/product\/92315","targetHints":{"allow":["GET"]}}],"collection":[{"href":"https:\/\/store.evolve-fitness.eu\/sv\/wp-json\/wp\/v2\/product"}],"about":[{"href":"https:\/\/store.evolve-fitness.eu\/sv\/wp-json\/wp\/v2\/types\/product"}],"wp:featuredmedia":[{"embeddable":true,"href":"https:\/\/store.evolve-fitness.eu\/sv\/wp-json\/wp\/v2\/media\/92340"}],"wp:attachment":[{"href":"https:\/\/store.evolve-fitness.eu\/sv\/wp-json\/wp\/v2\/media?parent=92315"}],"wp:term":[{"taxonomy":"product_cat","embeddable":true,"href":"https:\/\/store.evolve-fitness.eu\/sv\/wp-json\/wp\/v2\/product_cat?post=92315"},{"taxonomy":"product_tag","embeddable":true,"href":"https:\/\/store.evolve-fitness.eu\/sv\/wp-json\/wp\/v2\/product_tag?post=92315"}],"curies":[{"name":"wp","href":"https:\/\/api.w.org\/{rel}","templated":true}]}}