{"id":92111,"date":"2024-07-15T14:52:30","date_gmt":"2024-07-15T14:52:30","guid":{"rendered":"https:\/\/store.evolve-fitness.eu\/?post_type=product&#038;p=92111"},"modified":"2025-03-27T07:37:56","modified_gmt":"2025-03-27T07:37:56","slug":"evolve-rack-for-gymnastikbollar-1","status":"publish","type":"product","link":"https:\/\/store.evolve-fitness.eu\/sv\/produkt\/evolve-rack-for-gymnastikbollar-1\/","title":{"rendered":"Evolve Rack f\u00f6r gymnastikbollar"},"content":{"rendered":"\n<p> <mark style=\"background-color:rgba(0, 0, 0, 0);color:#ffffff\" class=\"has-inline-color\">ASD<\/mark><\/p>\n\n<p><\/p>\n","protected":false},"excerpt":{"rendered":"<p>Organisera ditt tr\u00e4ningsutrymme med o\u00f6vertr\u00e4ffad effektivitet med Evolve Gym Ball Rack, GB-030. Detta eleganta och robusta bollst\u00e4ll \u00e4r ett viktigt tillskott till alla gym, fitnesscenter eller hemtr\u00e4ningsomr\u00e5den, och erbjuder en praktisk och elegant l\u00f6sning f\u00f6r f\u00f6rvaring av stabilitetsbollar. Den robusta konstruktionen garanterar h\u00e5llbarhet och tillf\u00f6rlitlighet, medan den platsbesparande designen maximerar golvytan och h\u00e5ller din tr\u00e4ningsyta snygg och tillg\u00e4nglig. Evolve Gym Ball Rack \u00e4r perfekt f\u00f6r gym i alla storlekar och rymmer flera bollar, vilket g\u00f6r det till en perfekt passform f\u00f6r milj\u00f6er d\u00e4r funktionalitet och organisation \u00e4r viktiga. F\u00f6rh\u00f6j st\u00e4mningen och effektiviteten i ditt gym med detta h\u00f6gkvalitativa gymbollst\u00e4ll och effektivisera f\u00f6rvaringen av och tillg\u00e5ngen till din tr\u00e4ningsutrustning.  <\/p>\n<p>\n","protected":false},"featured_media":92136,"template":"","meta":{"_acf_changed":false,"inline_featured_image":false},"product_cat":[392],"product_tag":[],"class_list":{"0":"post-92111","1":"product","2":"type-product","3":"status-publish","4":"has-post-thumbnail","6":"product_cat-studio-sv","8":"first","9":"instock","10":"shipping-taxable","11":"purchasable","12":"product-type-simple"},"acf":[],"_links":{"self":[{"href":"https:\/\/store.evolve-fitness.eu\/sv\/wp-json\/wp\/v2\/product\/92111","targetHints":{"allow":["GET"]}}],"collection":[{"href":"https:\/\/store.evolve-fitness.eu\/sv\/wp-json\/wp\/v2\/product"}],"about":[{"href":"https:\/\/store.evolve-fitness.eu\/sv\/wp-json\/wp\/v2\/types\/product"}],"wp:featuredmedia":[{"embeddable":true,"href":"https:\/\/store.evolve-fitness.eu\/sv\/wp-json\/wp\/v2\/media\/92136"}],"wp:attachment":[{"href":"https:\/\/store.evolve-fitness.eu\/sv\/wp-json\/wp\/v2\/media?parent=92111"}],"wp:term":[{"taxonomy":"product_cat","embeddable":true,"href":"https:\/\/store.evolve-fitness.eu\/sv\/wp-json\/wp\/v2\/product_cat?post=92111"},{"taxonomy":"product_tag","embeddable":true,"href":"https:\/\/store.evolve-fitness.eu\/sv\/wp-json\/wp\/v2\/product_tag?post=92111"}],"curies":[{"name":"wp","href":"https:\/\/api.w.org\/{rel}","templated":true}]}}