{"id":90277,"date":"2024-07-10T13:58:50","date_gmt":"2024-07-10T13:58:50","guid":{"rendered":"https:\/\/store.evolve-fitness.eu\/?post_type=product&#038;p=90277"},"modified":"2026-04-29T13:00:09","modified_gmt":"2026-04-29T13:00:09","slug":"evolve-vinyl-hantel-1","status":"publish","type":"product","link":"https:\/\/store.evolve-fitness.eu\/sv\/produkt\/evolve-vinyl-hantel-1\/","title":{"rendered":"Evolve Vinyl Hantel"},"content":{"rendered":"\n<p> <mark style=\"background-color:rgba(0, 0, 0, 0);color:#ffffff\" class=\"has-inline-color\">ASD<\/mark><\/p>\n\n<p><\/p>\n\n<section class=\"wp-block-group alignfull black-content has-white-color has-darkgray-background-color has-text-color has-background is-layout-constrained wp-block-group-is-layout-constrained\" style=\"padding-top:var(--wp--preset--spacing--section-bottom);padding-bottom:var(--wp--preset--spacing--section-bottom)\">\n<section class=\"wp-block-group alignfull black-content has-white-color has-darkgray-background-color has-text-color has-background is-layout-constrained wp-block-group-is-layout-constrained\" style=\"padding-top:var(--wp--preset--spacing--section-bottom);padding-bottom:var(--wp--preset--spacing--section-bottom)\">\n<div class=\"wp-block-columns alignwide mobile-reverse is-layout-flex wp-container-core-columns-is-layout-ca64bf2d wp-block-columns-is-layout-flex\" style=\"margin-bottom:var(--wp--preset--spacing--side-padding)\">\n<div class=\"wp-block-column is-vertically-aligned-center is-layout-flow wp-block-column-is-layout-flow\">\n<h3 class=\"wp-block-heading\" style=\"margin-bottom:var(--wp--preset--spacing--h-3-bottom)\"><strong>Kvalitet i kommersiell klass  <\/strong><\/h3>\n\n\n\n<p><em><strong><strong><strong>F\u00f6r daglig anv\u00e4ndning<\/strong><\/strong><\/strong><\/em><\/p>\n\n\n\n<p>Evolve Vinyl Dumbbells \u00e4r konstruerade f\u00f6r att vara t\u00e5liga och anv\u00e4ndas ofta. Den robusta vinylbel\u00e4ggningen ger inte bara ett bekv\u00e4mt grepp utan g\u00f6r ocks\u00e5 reng\u00f6ringen till en barnlek. Detta skyddande lager skyddar din tr\u00e4ningsutrustning mot slitage och g\u00f6r dem till ett l\u00e5ngvarigt tillskott till alla gym.<\/p>\n<\/div>\n\n\n\n<div class=\"wp-block-column is-vertically-aligned-center is-layout-flow wp-block-column-is-layout-flow\">\n<figure class=\"wp-block-video\"><video autoplay=\"\" controls=\"\" loop=\"\" muted=\"\" src=\"https:\/\/evolve-fitness.eu\/wp-content\/uploads\/2023\/12\/1-1.mp4\"><\/video><\/figure>\n<\/div>\n<\/div>\n\n\n\n<div class=\"wp-block-columns alignwide is-layout-flex wp-container-core-columns-is-layout-c45ee707 wp-block-columns-is-layout-flex\" style=\"margin-bottom:var(--wp--preset--spacing--side-padding);padding-top:var(--wp--preset--spacing--side-padding)\">\n<div class=\"wp-block-column is-vertically-aligned-center is-layout-flow wp-block-column-is-layout-flow\">\n<figure class=\"wp-block-image size-large\"><img decoding=\"async\" src=\"https:\/\/evolve-fitness.eu\/wp-content\/uploads\/2023\/12\/A7_05379-1024x683.jpg\" alt=\"\" class=\"wp-image-7849\"\/><\/figure>\n<\/div>\n\n\n\n<div class=\"wp-block-column is-vertically-aligned-center is-layout-constrained wp-block-column-is-layout-constrained\">\n<h3 class=\"wp-block-heading\" style=\"margin-bottom:var(--wp--preset--spacing--h-3-bottom)\">Innovativ sexkantig design som f\u00f6rhindrar rullning<\/h3>\n\n\n\n<p><strong><em><strong><em>S\u00e4kerhet och bekv\u00e4mlighet<\/em><\/strong><\/em><\/strong><\/p>\n\n\n\n<p>S\u00e4kerhet och bekv\u00e4mlighet st\u00e5r i f\u00f6rgrunden med de unika sexkantiga huvudena. Den innovativa konstruktionen f\u00f6rhindrar att hantlarna rullar iv\u00e4g, vilket ger en stabil och s\u00e4ker tr\u00e4ningsmilj\u00f6. Oavsett om du \u00e4r mitt uppe i ett intensivt tr\u00e4ningspass eller f\u00f6rvarar dina vikter, ger antirullfunktionen ett extra lager av s\u00e4kerhet.<\/p>\n<\/div>\n<\/div>\n\n\n\n<div class=\"wp-block-columns alignwide is-layout-flex wp-container-core-columns-is-layout-c45ee707 wp-block-columns-is-layout-flex\" style=\"margin-bottom:var(--wp--preset--spacing--side-padding);padding-top:var(--wp--preset--spacing--side-padding)\">\n<div class=\"wp-block-column is-vertically-aligned-center is-layout-flow wp-block-column-is-layout-flow\">\n<h3 class=\"wp-block-heading\" style=\"margin-bottom:var(--wp--preset--spacing--h-3-bottom)\">M\u00e5ngsidiga viktalternativ  <\/h3>\n\n\n\n<p><strong><em><strong><em>F\u00f6r alla tr\u00e4ningsniv\u00e5er<\/em><\/strong><\/em><\/strong><\/p>\n\n\n\n<p>Med vikter fr\u00e5n 1 kg till 5 kg tillgodoser Evolve Vinyl hantlar alla fitnessniv\u00e5er. Nyb\u00f6rjare kan b\u00f6rja med l\u00e4ttare vikter, medan mer avancerade anv\u00e4ndare kan utmana sig sj\u00e4lva med tyngre alternativ. Variationen m\u00f6jligg\u00f6r ett helt anpassningsbart tr\u00e4ningspass, som kan anpassas till din f\u00f6r\u00e4nderliga tr\u00e4ningsresa.<\/p>\n<\/div>\n\n\n\n<div class=\"wp-block-column is-vertically-aligned-center is-layout-flow wp-block-column-is-layout-flow\">\n<div class=\"wp-block-columns is-layout-flex wp-container-core-columns-is-layout-9d6595d7 wp-block-columns-is-layout-flex\">\n<div class=\"wp-block-column is-layout-flow wp-block-column-is-layout-flow\">\n<figure class=\"wp-block-video\"><video autoplay=\"\" controls=\"\" loop=\"\" muted=\"\" src=\"https:\/\/evolve-fitness.eu\/wp-content\/uploads\/2023\/12\/2-1.mp4\"><\/video><\/figure>\n<\/div>\n<\/div>\n<\/div>\n<\/div>\n\n\n\n<div class=\"wp-block-columns alignwide is-layout-flex wp-container-core-columns-is-layout-c45ee707 wp-block-columns-is-layout-flex\" style=\"margin-bottom:var(--wp--preset--spacing--side-padding);padding-top:var(--wp--preset--spacing--side-padding)\">\n<div class=\"wp-block-column is-vertically-aligned-center is-layout-flow wp-block-column-is-layout-flow\">\n<div class=\"wp-block-columns is-layout-flex wp-container-core-columns-is-layout-9d6595d7 wp-block-columns-is-layout-flex\">\n<div class=\"wp-block-column is-layout-flow wp-block-column-is-layout-flow\">\n<figure class=\"wp-block-image size-full is-resized is-style-rounded\"><img decoding=\"async\" src=\"https:\/\/evolve-fitness.eu\/wp-content\/uploads\/2023\/11\/Vinyl-Dumbbells.webp\" alt=\"\" class=\"wp-image-7856\" style=\"object-fit:cover;width:680px;height:600px\"\/><\/figure>\n<\/div>\n<\/div>\n<\/div>\n\n\n\n<div class=\"wp-block-column is-vertically-aligned-center is-layout-flow wp-block-column-is-layout-flow\">\n<h3 class=\"wp-block-heading\" style=\"margin-bottom:var(--wp--preset--spacing--h-3-bottom)\">Varf\u00f6r v\u00e4lja Evolve Vinyl hantlar?<\/h3>\n\n\n\n<ul class=\"wp-block-list\">\n<li><strong>Slitstark vinylbel\u00e4ggning<\/strong>: Ger l\u00e5ng livsl\u00e4ngd och ett bekv\u00e4mt grepp.<\/li>\n\n\n\n<li><strong>Antirullande design<\/strong>: \u00d6kar s\u00e4kerheten och bekv\u00e4mligheten under tr\u00e4ningspasset.<\/li>\n\n\n\n<li><strong>Kommersiell kvalitet<\/strong>: L\u00e4mplig f\u00f6r b\u00e5de hemmabruk och professionella gym.<\/li>\n\n\n\n<li><strong>Flera olika viktalternativ<\/strong>: Passar alla niv\u00e5er av fitnessentusiaster.<\/li>\n\n\n\n<li><strong>L\u00e4tt att reng\u00f6ra<\/strong>: L\u00e5gt underh\u00e5ll och hygieniskt.<\/li>\n<\/ul>\n<\/div>\n<\/div>\n\n\n\n<h5 class=\"wp-block-heading has-text-align-center\">Bl\u00e4ddra i v\u00e5rt urval och hitta ditt perfekta par Evolve Vinyl hantlar idag!<\/h5>\n<\/section>\n<\/section>\n","protected":false},"excerpt":{"rendered":"<p>Evolve Vinyl Hantlar 2 x 1-5 kg \u00e4r det perfekta valet f\u00f6r alla som vill f\u00f6rb\u00e4ttra sin tr\u00e4ningsrutin med p\u00e5litlig, s\u00e4ker och m\u00e5ngsidig utrustning. Upplev skillnaden i din tr\u00e4ning med dessa f\u00f6rstklassiga hantlar. Handla nu och ta det f\u00f6rsta steget mot en effektivare och roligare tr\u00e4ningsrutin.  <\/p>\n<p>\n","protected":false},"featured_media":92086,"template":"","meta":{"_acf_changed":false,"inline_featured_image":false},"product_cat":[1306,392],"product_tag":[],"class_list":{"0":"post-90277","1":"product","2":"type-product","3":"status-publish","4":"has-post-thumbnail","6":"product_cat-hantlar","7":"product_cat-studio-sv","9":"first","10":"instock","11":"shipping-taxable","12":"purchasable","13":"product-type-variable"},"acf":[],"_links":{"self":[{"href":"https:\/\/store.evolve-fitness.eu\/sv\/wp-json\/wp\/v2\/product\/90277","targetHints":{"allow":["GET"]}}],"collection":[{"href":"https:\/\/store.evolve-fitness.eu\/sv\/wp-json\/wp\/v2\/product"}],"about":[{"href":"https:\/\/store.evolve-fitness.eu\/sv\/wp-json\/wp\/v2\/types\/product"}],"wp:featuredmedia":[{"embeddable":true,"href":"https:\/\/store.evolve-fitness.eu\/sv\/wp-json\/wp\/v2\/media\/92086"}],"wp:attachment":[{"href":"https:\/\/store.evolve-fitness.eu\/sv\/wp-json\/wp\/v2\/media?parent=90277"}],"wp:term":[{"taxonomy":"product_cat","embeddable":true,"href":"https:\/\/store.evolve-fitness.eu\/sv\/wp-json\/wp\/v2\/product_cat?post=90277"},{"taxonomy":"product_tag","embeddable":true,"href":"https:\/\/store.evolve-fitness.eu\/sv\/wp-json\/wp\/v2\/product_tag?post=90277"}],"curies":[{"name":"wp","href":"https:\/\/api.w.org\/{rel}","templated":true}]}}