{"id":89872,"date":"2024-07-10T13:10:43","date_gmt":"2024-07-10T13:10:43","guid":{"rendered":"https:\/\/store.evolve-fitness.eu\/?post_type=product&#038;p=89872"},"modified":"2026-04-21T12:01:05","modified_gmt":"2026-04-21T12:01:05","slug":"evolve-aerobic-steg","status":"publish","type":"product","link":"https:\/\/store.evolve-fitness.eu\/sv\/produkt\/evolve-aerobic-steg\/","title":{"rendered":"Evolve Aerobic Steg"},"content":{"rendered":"\n<p> <mark style=\"background-color:rgba(0, 0, 0, 0);color:#ffffff\" class=\"has-inline-color\">ASD<\/mark><\/p>\n\n<p><\/p>\n\n<section class=\"wp-block-group alignfull black-content has-white-color has-darkgray-background-color has-text-color has-background is-layout-constrained wp-block-group-is-layout-constrained\" style=\"padding-top:var(--wp--preset--spacing--section-bottom);padding-bottom:var(--wp--preset--spacing--section-bottom)\">\n<div class=\"wp-block-columns alignwide mobile-reverse is-layout-flex wp-container-core-columns-is-layout-ca64bf2d wp-block-columns-is-layout-flex\" style=\"margin-bottom:var(--wp--preset--spacing--side-padding)\">\n<div class=\"wp-block-column is-vertically-aligned-center is-layout-flow wp-block-column-is-layout-flow\">\n<h3 class=\"wp-block-heading\" style=\"margin-bottom:var(--wp--preset--spacing--h-3-bottom)\"><strong>Evolve Aerobic Steg<\/strong><\/h3>\n\n\n\n<p><strong><em>M\u00e5ngsidigt verktyg f\u00f6r konditions- och styrketr\u00e4ning<\/em><\/strong><\/p>\n\n\n\n<p style=\"margin-bottom:var(--wp--preset--spacing--tb-section-padding)\">Evolve Aerobic Step \u00e4r ett viktigt tr\u00e4ningsredskap som \u00e4r utformat f\u00f6r att f\u00f6rb\u00e4ttra dina konditions- och styrketr\u00e4ningsrutiner. Den \u00e4r perfekt f\u00f6r step aerobics och bidrar till att f\u00f6rb\u00e4ttra hj\u00e4rt-k\u00e4rlh\u00e4lsan, st\u00e4rka musklerna och \u00f6ka uth\u00e5lligheten. Den \u00e4r ocks\u00e5 perfekt f\u00f6r styrke\u00f6vningar som step-ups och lutande armh\u00e4vningar, som riktar in sig p\u00e5 ben och \u00f6verkropp.<\/p>\n<\/div>\n\n\n\n<div class=\"wp-block-column is-vertically-aligned-center is-layout-flow wp-block-column-is-layout-flow\">\n<figure class=\"wp-block-image size-large\"><img loading=\"lazy\" decoding=\"async\" width=\"1024\" height=\"683\" src=\"https:\/\/store.evolve-fitness.eu\/wp-content\/uploads\/2024\/07\/A7_05605-1-1024x683.png\" alt=\"\" class=\"wp-image-138710\" srcset=\"https:\/\/store.evolve-fitness.eu\/wp-content\/uploads\/2024\/07\/A7_05605-1-1024x683.png 1024w, https:\/\/store.evolve-fitness.eu\/wp-content\/uploads\/2024\/07\/A7_05605-1-300x200.png 300w, https:\/\/store.evolve-fitness.eu\/wp-content\/uploads\/2024\/07\/A7_05605-1-768x512.png 768w, https:\/\/store.evolve-fitness.eu\/wp-content\/uploads\/2024\/07\/A7_05605-1-1536x1024.png 1536w, https:\/\/store.evolve-fitness.eu\/wp-content\/uploads\/2024\/07\/A7_05605-1-2048x1365.png 2048w, https:\/\/store.evolve-fitness.eu\/wp-content\/uploads\/2024\/07\/A7_05605-1-600x400.png 600w\" sizes=\"auto, (max-width: 1024px) 100vw, 1024px\" \/><\/figure>\n<\/div>\n<\/div>\n<\/section>\n","protected":false},"excerpt":{"rendered":"<p>Vi presenterar Evolve Aerobic Step &#8211; din ultimata tr\u00e4ningskompis. Med tre justerbara h\u00f6jder (15 cm, 20 cm och 25 cm) passar detta trappsteg f\u00f6r olika tr\u00e4ningsintensiteter. Den halkfria strukturerade ytan garanterar stabilitet och s\u00e4kerhet under tr\u00e4ningspasset. Oavsett om du installerar den i ett kommersiellt gym eller hemma \u00e4r den kompakta designen utrymmeseffektiv. Dessutom \u00e4r den l\u00e4tt att reng\u00f6ra, \u00e4ven efter h\u00f6gintensiva sessioner. F\u00f6rb\u00e4ttra din tr\u00e4ningsrutin med Evolve Aerobic Step.<\/p>\n<p>\n","protected":false},"featured_media":139020,"template":"","meta":{"_acf_changed":false,"inline_featured_image":false},"product_cat":[392],"product_tag":[],"class_list":{"0":"post-89872","1":"product","2":"type-product","3":"status-publish","4":"has-post-thumbnail","6":"product_cat-studio-sv","8":"first","9":"instock","10":"sale","11":"shipping-taxable","12":"purchasable","13":"product-type-simple"},"acf":[],"_links":{"self":[{"href":"https:\/\/store.evolve-fitness.eu\/sv\/wp-json\/wp\/v2\/product\/89872","targetHints":{"allow":["GET"]}}],"collection":[{"href":"https:\/\/store.evolve-fitness.eu\/sv\/wp-json\/wp\/v2\/product"}],"about":[{"href":"https:\/\/store.evolve-fitness.eu\/sv\/wp-json\/wp\/v2\/types\/product"}],"wp:featuredmedia":[{"embeddable":true,"href":"https:\/\/store.evolve-fitness.eu\/sv\/wp-json\/wp\/v2\/media\/139020"}],"wp:attachment":[{"href":"https:\/\/store.evolve-fitness.eu\/sv\/wp-json\/wp\/v2\/media?parent=89872"}],"wp:term":[{"taxonomy":"product_cat","embeddable":true,"href":"https:\/\/store.evolve-fitness.eu\/sv\/wp-json\/wp\/v2\/product_cat?post=89872"},{"taxonomy":"product_tag","embeddable":true,"href":"https:\/\/store.evolve-fitness.eu\/sv\/wp-json\/wp\/v2\/product_tag?post=89872"}],"curies":[{"name":"wp","href":"https:\/\/api.w.org\/{rel}","templated":true}]}}