{"id":76130,"date":"2024-06-06T06:00:45","date_gmt":"2024-06-06T06:00:45","guid":{"rendered":"https:\/\/store.evolve-fitness.eu\/?post_type=product&#038;p=76130"},"modified":"2025-12-03T13:29:36","modified_gmt":"2025-12-03T13:29:36","slug":"evolve-ultra-series-lattdrag","status":"publish","type":"product","link":"https:\/\/store.evolve-fitness.eu\/sv\/produkt\/evolve-ultra-series-lattdrag\/","title":{"rendered":"Evolve Ultra Series Lattdrag"},"content":{"rendered":"\n<section class=\"wp-block-group alignfull black-content has-white-color has-darkgray-background-color has-text-color has-background is-layout-constrained wp-block-group-is-layout-constrained\" style=\"padding-top:var(--wp--preset--spacing--section-bottom);padding-bottom:var(--wp--preset--spacing--section-bottom)\">\n<section class=\"wp-block-group alignfull black-content has-white-color has-darkgray-background-color has-text-color has-background is-layout-constrained wp-block-group-is-layout-constrained\" style=\"padding-top:var(--wp--preset--spacing--section-bottom);padding-bottom:var(--wp--preset--spacing--section-bottom)\">\n<div class=\"wp-block-columns alignwide mobile-reverse is-layout-flex wp-container-core-columns-is-layout-ca64bf2d wp-block-columns-is-layout-flex\" style=\"margin-bottom:var(--wp--preset--spacing--side-padding)\">\n<div class=\"wp-block-column is-vertically-aligned-center is-layout-flow wp-block-column-is-layout-flow\">\n<h3 class=\"wp-block-heading\" style=\"margin-bottom:var(--wp--preset--spacing--h-3-bottom)\"><strong>\u00d6VRE VIKTPLATTA<\/strong><\/h3>\n\n\n\n<p><strong><em><strong><em>F\u00f6rl\u00e4nger det maximala motst\u00e5ndet<\/em><\/strong><\/em><\/strong><\/p>\n\n\n\n<p>Evolve Ultra Series Selectorized Shoulder Press har tv\u00e5 extra viktplattor p\u00e5 2,5 kg som har ett dubbelt syfte att f\u00f6rb\u00e4ttra tr\u00e4ningsmaskinens prestanda. F\u00f6r det f\u00f6rsta ut\u00f6kar den det maximala motst\u00e5nd som maskinen kan ge, vilket g\u00f6r att anv\u00e4ndarna kan utmana sig sj\u00e4lva \u00e4nnu mer i sina tr\u00e4ningspass.<br\/>Dessa extra viktskivor ger dessutom en unik f\u00f6rdel genom att de g\u00f6r det m\u00f6jligt f\u00f6r anv\u00e4ndaren att g\u00f6ra mindre och mer exakta steg i motst\u00e5ndsjusteringarna, d\u00e4r varje skiva ger en \u00f6kning p\u00e5 2,5 kg. Denna precision i valet av motst\u00e5nd g\u00f6r det m\u00f6jligt f\u00f6r individer att finjustera sina tr\u00e4ningspass f\u00f6r att m\u00f6ta sina specifika behov och m\u00e5l, vilket s\u00e4kerst\u00e4ller att varje tr\u00e4ningspass \u00e4r skr\u00e4ddarsytt f\u00f6r att optimera resultaten.<\/p>\n<\/div>\n\n\n\n<div class=\"wp-block-column is-vertically-aligned-center is-layout-flow wp-block-column-is-layout-flow\">\n<figure class=\"wp-block-image size-full is-resized\"><img loading=\"lazy\" decoding=\"async\" width=\"600\" height=\"609\" src=\"https:\/\/store.evolve-fitness.eu\/wp-content\/uploads\/2024\/06\/plate-600x609-1.webp\" alt=\"\" class=\"wp-image-76131\" style=\"width:857px;height:auto\" srcset=\"https:\/\/store.evolve-fitness.eu\/wp-content\/uploads\/2024\/06\/plate-600x609-1.webp 600w, https:\/\/store.evolve-fitness.eu\/wp-content\/uploads\/2024\/06\/plate-600x609-1-296x300.webp 296w\" sizes=\"auto, (max-width: 600px) 100vw, 600px\" \/><\/figure>\n<\/div>\n<\/div>\n\n\n\n<div class=\"wp-block-columns alignwide mobile-reverse is-layout-flex wp-container-core-columns-is-layout-ca64bf2d wp-block-columns-is-layout-flex\" style=\"margin-bottom:var(--wp--preset--spacing--side-padding)\">\n<div class=\"wp-block-column is-vertically-aligned-center is-layout-flow wp-block-column-is-layout-flow\">\n<figure class=\"wp-block-video\"><video height=\"1080\" style=\"aspect-ratio: 1920 \/ 1080;\" width=\"1920\" controls=\"\" src=\"https:\/\/store.evolve-fitness.eu\/wp-content\/uploads\/2024\/06\/UL-040-Weight-Stack.mp4\"><\/video><\/figure>\n<\/div>\n\n\n\n<div class=\"wp-block-column is-vertically-aligned-center is-layout-flow wp-block-column-is-layout-flow\">\n<h3 class=\"wp-block-heading\" style=\"margin-bottom:var(--wp--preset--spacing--h-3-bottom)\"><strong>VIKT STACK<\/strong><\/h3>\n\n\n\n<p><strong><em><strong><em>Anpassa och l\u00e4gg till<\/em><\/strong><\/em><\/strong><\/p>\n\n\n\n<p>Evolve Ultra Series Selectorized Shoulder Press-maskinen \u00e4r utrustad med en motst\u00e5ndsniv\u00e5 p\u00e5 85 kg, men du har ocks\u00e5 m\u00f6jlighet att anpassa och l\u00e4gga till den till 122,5 kg f\u00f6r en \u00e4nnu mer utmanande tr\u00e4ningsupplevelse. Den har en helt sluten viktstack som garanterar s\u00e4kerheten f\u00f6r dina \u00f6vningar.<\/p>\n<\/div>\n<\/div>\n\n\n\n<div class=\"wp-block-columns alignwide mobile-reverse is-layout-flex wp-container-core-columns-is-layout-ca64bf2d wp-block-columns-is-layout-flex\" style=\"margin-bottom:var(--wp--preset--spacing--side-padding)\">\n<div class=\"wp-block-column is-vertically-aligned-center is-layout-flow wp-block-column-is-layout-flow\">\n<h3 class=\"wp-block-heading\" style=\"margin-bottom:var(--wp--preset--spacing--h-3-bottom)\"><strong>KABEL<\/strong><\/h3>\n\n\n\n<p><strong><em><strong><em>\u00d6verl\u00e4gsen kvalitet<\/em><\/strong><\/em><\/strong><\/p>\n\n\n\n<p>Evolve Ultra Series-maskiner anv\u00e4nder kablar av \u00f6verl\u00e4gsen kvalitet, det finns sex huvudtr\u00e5dar och varje tr\u00e5d best\u00e5r av 19 tvinnade tr\u00e5dar, Polyamid 12 (PA12)-material och en diameter p\u00e5 5 mm. Dessa kablar \u00e4r konstruerade f\u00f6r styrka och h\u00e5llbarhet, med en brottkraft p\u00e5 9000 kN, vilket g\u00f6r dem till det f\u00f6redragna valet f\u00f6r applikationer d\u00e4r exceptionell tillf\u00f6rlitlighet, h\u00e5llbarhet och prestanda beh\u00f6vs.N\u00e4r du \u00f6verg\u00e5r fr\u00e5n en \u00f6vning till en annan, vare sig det \u00e4r bicepscurls, br\u00f6stpressar, lat pulldowns eller n\u00e5gon annan styrkebyggande aktivitet, s\u00e4kerst\u00e4ller Evolve Ultra-seriens kablars exceptionella prestanda att dina r\u00f6relser \u00e4r smidiga och motst\u00e5ndet \u00e4r konsekvent, vilket fr\u00e4mjar en tr\u00e4ningsupplevelse som \u00e4r b\u00e5de effektiv och trevlig.<\/p>\n<\/div>\n\n\n\n<div class=\"wp-block-column is-vertically-aligned-center is-layout-flow wp-block-column-is-layout-flow\">\n<figure class=\"wp-block-video\"><video height=\"720\" style=\"aspect-ratio: 1280 \/ 720;\" width=\"1280\" controls=\"\" src=\"https:\/\/store.evolve-fitness.eu\/wp-content\/uploads\/2024\/06\/Evolve-cable.mp4\"><\/video><\/figure>\n<\/div>\n<\/div>\n\n\n\n<div class=\"wp-block-columns alignwide mobile-reverse is-layout-flex wp-container-core-columns-is-layout-ca64bf2d wp-block-columns-is-layout-flex\" style=\"margin-bottom:var(--wp--preset--spacing--side-padding)\">\n<div class=\"wp-block-column is-vertically-aligned-center is-layout-flow wp-block-column-is-layout-flow\">\n<figure class=\"wp-block-video\"><video height=\"720\" style=\"aspect-ratio: 1280 \/ 720;\" width=\"1280\" controls=\"\" src=\"https:\/\/store.evolve-fitness.eu\/wp-content\/uploads\/2024\/06\/Evolve-Double-powder-coated-Frame.mp4\"><\/video><\/figure>\n<\/div>\n\n\n\n<div class=\"wp-block-column is-vertically-aligned-center is-layout-flow wp-block-column-is-layout-flow\">\n<h3 class=\"wp-block-heading\" style=\"margin-bottom:var(--wp--preset--spacing--h-3-bottom)\"><strong>DUBBELT PULVERLACKERAD<\/strong><\/h3>\n\n\n\n<p><strong><em><strong><em>Elektrostatiskt pulverlackerad<\/em><\/strong><\/em><\/strong><\/p>\n\n\n\n<p style=\"margin-bottom:var(--wp--preset--spacing--tb-section-padding)\">Styrkemaskinerna i Evolve Ultra-serien med en elektrostatiskt pulverlackerad p\u00e4rlsvart matt ram exemplifierar b\u00e5de form och funktion. Dess estetiska tilltal f\u00f6rst\u00e4rks av den svartmatta ytan, medan de praktiska egenskaperna, inklusive friktionsmotst\u00e5nd, korrosionsskydd och repskydd, s\u00e4kerst\u00e4ller att den \u00e4r en p\u00e5litlig och l\u00e5ngvarig tr\u00e4ningskompis.<\/p>\n\n\n\n<p><strong><em>Kraftiga golvskydd av gjutet gummi<\/em><\/strong><\/p>\n\n\n\n<p>De robusta gummif\u00f6tterna p\u00e5 Evolve Ultra Series fungerar som skyddande sk\u00f6ldar f\u00f6r att f\u00f6rhindra eventuella skador p\u00e5 dina golv. Dessa kraftiga gummif\u00f6tter \u00e4r utformade f\u00f6r att skydda dina golvytor fr\u00e5n skador som kan uppst\u00e5 under anv\u00e4ndning. Dessutom ger dessa gummif\u00f6tter inte bara skydd utan bidrar ocks\u00e5 till stabiliteten.<\/p>\n<\/div>\n<\/div>\n<\/section>\n<\/section>\n","protected":false},"excerpt":{"rendered":"<p>F\u00f6rb\u00e4ttra din br\u00f6sttr\u00e4ning med Evolve Ultra Series Selectorized Chest Press, UL-010. Den \u00e4r utformad f\u00f6r komfort och prestanda och har formgjutna s\u00e4ten, oberoende armr\u00f6relser och ett t\u00e4ckt h\u00f6lje f\u00f6r viktstapeln. Med en elegant matt finish, optimala handtag och enkel justering av sitsen \u00e4r UL-010 den fr\u00e4msta innovationen f\u00f6r ditt gym.<\/p>\n","protected":false},"featured_media":81264,"template":"","meta":{"_acf_changed":false,"inline_featured_image":false},"product_cat":[550,1149,1292],"product_tag":[],"class_list":{"0":"post-76130","1":"product","2":"type-product","3":"status-publish","4":"has-post-thumbnail","6":"product_cat-startsida","7":"product_cat-selectoriserade-maskiner","8":"product_cat-ultra-series-selectorized-maskiner","10":"first","11":"instock","12":"shipping-taxable","13":"purchasable","14":"product-type-simple"},"acf":[],"_links":{"self":[{"href":"https:\/\/store.evolve-fitness.eu\/sv\/wp-json\/wp\/v2\/product\/76130","targetHints":{"allow":["GET"]}}],"collection":[{"href":"https:\/\/store.evolve-fitness.eu\/sv\/wp-json\/wp\/v2\/product"}],"about":[{"href":"https:\/\/store.evolve-fitness.eu\/sv\/wp-json\/wp\/v2\/types\/product"}],"wp:featuredmedia":[{"embeddable":true,"href":"https:\/\/store.evolve-fitness.eu\/sv\/wp-json\/wp\/v2\/media\/81264"}],"wp:attachment":[{"href":"https:\/\/store.evolve-fitness.eu\/sv\/wp-json\/wp\/v2\/media?parent=76130"}],"wp:term":[{"taxonomy":"product_cat","embeddable":true,"href":"https:\/\/store.evolve-fitness.eu\/sv\/wp-json\/wp\/v2\/product_cat?post=76130"},{"taxonomy":"product_tag","embeddable":true,"href":"https:\/\/store.evolve-fitness.eu\/sv\/wp-json\/wp\/v2\/product_tag?post=76130"}],"curies":[{"name":"wp","href":"https:\/\/api.w.org\/{rel}","templated":true}]}}