{"id":59895,"date":"2024-02-23T07:35:02","date_gmt":"2024-02-23T07:35:02","guid":{"rendered":"https:\/\/store.evolve-fitness.eu\/product\/evolve-tpu-uretan-hantlar-set-375-60-kg\/"},"modified":"2025-01-27T07:47:03","modified_gmt":"2025-01-27T07:47:03","slug":"evolve-tpu-uretan-hantlar-set-375-60-kg","status":"publish","type":"product","link":"https:\/\/store.evolve-fitness.eu\/sv\/produkt\/evolve-tpu-uretan-hantlar-set-375-60-kg\/","title":{"rendered":"Evolve TPU Uretan Hantlar set 37,5 &#8211; 60 kg"},"content":{"rendered":"\n<section class=\"wp-block-group alignfull black-content has-white-color has-darkgray-background-color has-text-color has-background is-layout-constrained wp-block-group-is-layout-constrained\" style=\"padding-top:var(--wp--preset--spacing--section-bottom);padding-bottom:var(--wp--preset--spacing--section-bottom)\">\n<div class=\"wp-block-columns alignwide mobile-reverse is-layout-flex wp-container-core-columns-is-layout-ca64bf2d wp-block-columns-is-layout-flex\" style=\"margin-bottom:var(--wp--preset--spacing--side-padding)\">\n<div class=\"wp-block-column is-vertically-aligned-center is-layout-flow wp-block-column-is-layout-flow\">\n<h3 class=\"wp-block-heading\" style=\"margin-bottom:var(--wp--preset--spacing--h-3-bottom)\"><strong>Varf\u00f6r Uretan \u00e4r b\u00e4st<\/strong><\/h3>\n\n\n\n<p><em><strong>Det p\u00e5litliga valet f\u00f6r gym\u00e4gare<\/strong><\/em><\/p>\n\n\n\n<p style=\"margin-bottom:var(--wp--preset--spacing--tb-section-padding)\">Som gym\u00e4gare som s\u00f6ker p\u00e5litlig och l\u00e5ngvarig utrustning \u00e4r Evolve Urethane hantlar din ultimata l\u00f6sning. Dessa hantlar \u00e4r tillverkade av f\u00f6rstklassigt uretanmaterial och har en o\u00f6vertr\u00e4ffad h\u00e5llbarhet, vilket g\u00f6r dem idealiska f\u00f6r kommersiella gym. Du beh\u00f6ver inte oroa dig f\u00f6r repor, flisor eller skal &#8211; dessa hantlar beh\u00e5ller sitt ursprungliga utseende i flera \u00e5r och \u00e4r ett kostnadseffektivt alternativ som eliminerar behovet av frekventa byten.<\/p>\n<\/div>\n\n\n\n<div class=\"wp-block-column is-vertically-aligned-center is-layout-flow wp-block-column-is-layout-flow\">\n<figure class=\"wp-block-image alignright size-full is-style-rounded\"><img decoding=\"async\" src=\"https:\/\/evolve-fitness.eu\/wp-content\/uploads\/2023\/08\/8k-Render.png\" alt=\"\" class=\"wp-image-762\"\/><\/figure>\n<\/div>\n<\/div>\n\n\n\n<div class=\"wp-block-columns alignwide is-layout-flex wp-container-core-columns-is-layout-c45ee707 wp-block-columns-is-layout-flex\" style=\"margin-bottom:var(--wp--preset--spacing--side-padding);padding-top:var(--wp--preset--spacing--side-padding)\">\n<div class=\"wp-block-column is-vertically-aligned-center is-layout-flow wp-block-column-is-layout-flow\">\n<figure class=\"wp-block-video\"><video autoplay=\"\" controls=\"\" loop=\"\" muted=\"\" src=\"https:\/\/evolve-fitness.eu\/wp-content\/uploads\/2023\/08\/tvarkyta.mp4\"><\/video><\/figure>\n<\/div>\n\n\n\n<div class=\"wp-block-column is-vertically-aligned-center is-layout-constrained wp-block-column-is-layout-constrained\">\n<h3 class=\"wp-block-heading\" style=\"margin-bottom:var(--wp--preset--spacing--h-3-bottom)\">Anpassningsbar och stilren<\/h3>\n\n\n\n<p><strong><em><strong><em>F\u00f6rb\u00e4ttra ditt gyms varum\u00e4rke<\/em><\/strong><\/em><\/strong><\/p>\n\n\n\n<p style=\"margin-bottom:var(--wp--preset--spacing--tb-section-padding)\">Ut\u00f6ver exceptionell h\u00e5llbarhet erbjuder Evolve Urethane hantlar anpassningsalternativ f\u00f6r att h\u00f6ja ditt gyms varum\u00e4rke och estetik. L\u00e4gg till din logotyp och v\u00e4lj anpassade f\u00e4rger f\u00f6r att skapa en unik tr\u00e4ningsupplevelse, som skiljer ditt gym fr\u00e5n konkurrenterna och l\u00e4mnar ett best\u00e5ende intryck p\u00e5 dina medlemmar.<\/p>\n<\/div>\n<\/div>\n\n\n\n<div class=\"wp-block-columns alignwide is-layout-flex wp-container-core-columns-is-layout-c45ee707 wp-block-columns-is-layout-flex\" style=\"margin-bottom:var(--wp--preset--spacing--side-padding);padding-top:var(--wp--preset--spacing--side-padding)\">\n<div class=\"wp-block-column is-vertically-aligned-center is-layout-flow wp-block-column-is-layout-flow\">\n<h3 class=\"wp-block-heading\" style=\"margin-bottom:var(--wp--preset--spacing--h-3-bottom)\">Laserskurna och Urethane-infunderade logotyper<\/h3>\n\n\n\n<p><strong><em>H\u00f6j estetiken utan att kompromissa med prestandan<\/em><\/strong><\/p>\n\n\n\n<p style=\"margin-bottom:var(--wp--preset--spacing--tb-section-padding)\">Evolve Urethane Dumbbells har laserskurna logotyper och h\u00e5llbara viktangivelser med uretaninfusering och har en elegant men \u00e4nd\u00e5 funktionell design. Med dessa l\u00e4ttl\u00e4sta markeringar kan du enkelt v\u00e4xla mellan olika vikter under tr\u00e4ningspasset, vilket ger dina v\u00e4rdefulla gymmedlemmar en smidig tr\u00e4ningsupplevelse.<\/p>\n<\/div>\n\n\n\n<div class=\"wp-block-column is-vertically-aligned-center is-layout-flow wp-block-column-is-layout-flow\">\n<div class=\"wp-block-columns is-layout-flex wp-container-core-columns-is-layout-9d6595d7 wp-block-columns-is-layout-flex\">\n<div class=\"wp-block-column is-layout-flow wp-block-column-is-layout-flow\">\n<figure class=\"wp-block-image size-large is-style-rounded\"><img decoding=\"async\" src=\"https:\/\/evolve-fitness.eu\/wp-content\/uploads\/2023\/08\/PXL_20230804_081843655.MP_-795x1024.jpg\" alt=\"\" class=\"wp-image-771\"\/><\/figure>\n<\/div>\n<\/div>\n<\/div>\n<\/div>\n\n\n\n<div class=\"wp-block-columns alignwide is-layout-flex wp-container-core-columns-is-layout-c45ee707 wp-block-columns-is-layout-flex\" style=\"margin-bottom:var(--wp--preset--spacing--side-padding);padding-top:var(--wp--preset--spacing--side-padding)\">\n<div class=\"wp-block-column is-vertically-aligned-center is-layout-flow wp-block-column-is-layout-flow\">\n<figure class=\"wp-block-image size-large\"><img loading=\"lazy\" decoding=\"async\" width=\"1024\" height=\"683\" src=\"https:\/\/store.evolve-fitness.eu\/wp-content\/uploads\/2024\/01\/A7_06107-1024x683.jpg\" alt=\"\" class=\"wp-image-5380\" srcset=\"https:\/\/store.evolve-fitness.eu\/wp-content\/uploads\/2024\/01\/A7_06107-1024x683.jpg 1024w, https:\/\/store.evolve-fitness.eu\/wp-content\/uploads\/2024\/01\/A7_06107-300x200.jpg 300w, https:\/\/store.evolve-fitness.eu\/wp-content\/uploads\/2024\/01\/A7_06107-768x512.jpg 768w, https:\/\/store.evolve-fitness.eu\/wp-content\/uploads\/2024\/01\/A7_06107-1536x1024.jpg 1536w, https:\/\/store.evolve-fitness.eu\/wp-content\/uploads\/2024\/01\/A7_06107-600x400.jpg 600w, https:\/\/store.evolve-fitness.eu\/wp-content\/uploads\/2024\/01\/A7_06107.jpg 1920w\" sizes=\"auto, (max-width: 1024px) 100vw, 1024px\" \/><\/figure>\n<\/div>\n\n\n\n<div class=\"wp-block-column is-vertically-aligned-center is-layout-flow wp-block-column-is-layout-flow\">\n<h3 class=\"wp-block-heading\" style=\"margin-bottom:var(--wp--preset--spacing--h-3-bottom)\">H\u00e5rdf\u00f6rkromade r\u00e4fflade handtag<\/h3>\n\n\n\n<p><strong><em>Ett grepp som h\u00e5ller i l\u00e4ngden<\/em><\/strong><\/p>\n\n\n\n<p>Evolve Urethane Dumbbells har h\u00e5rdf\u00f6rkromade r\u00e4fflade handtag som ger ett s\u00e4kert och varaktigt grepp f\u00f6r gymmedlemmar. R\u00e4fflorna ger ett stadigt grepp \u00e4ven under de mest kr\u00e4vande \u00f6vningarna, medan f\u00f6rkromningen ger b\u00e5de en elegant finish och enast\u00e5ende h\u00e5llbarhet. Med minskad tr\u00f6tthet i h\u00e4nder och handleder kan dina medlemmar fokusera p\u00e5 att optimera sina tr\u00e4ningspass.<\/p>\n<\/div>\n<\/div>\n\n\n\n<div class=\"wp-block-columns alignwide is-layout-flex wp-container-core-columns-is-layout-c45ee707 wp-block-columns-is-layout-flex\" style=\"margin-bottom:var(--wp--preset--spacing--side-padding);padding-top:var(--wp--preset--spacing--side-padding)\">\n<div class=\"wp-block-column is-vertically-aligned-center is-layout-flow wp-block-column-is-layout-flow\">\n<h3 class=\"wp-block-heading\" style=\"margin-bottom:var(--wp--preset--spacing--h-3-bottom)\">Stor variation i vikt<\/h3>\n\n\n\n<p><strong><em>Anpassningsbar f\u00f6r alla konditionsniv\u00e5er<\/em><\/strong><\/p>\n\n\n\n<p style=\"margin-bottom:var(--wp--preset--spacing--tb-section-padding)\">Evolve Urethane Dumbbells str\u00e4cker sig fr\u00e5n 2 kg till 60 kg och passar alla fitnessniv\u00e5er och tillgodoser olika tr\u00e4ningsbehov. Dessa hantlar finns i steg om 2 kg eller 2,5 kg och ger exakta och gradvisa vikt\u00f6kningar, vilket s\u00e4kerst\u00e4ller en s\u00f6ml\u00f6s progression f\u00f6r dina medlemmars tr\u00e4ningsresor.<\/p>\n<\/div>\n\n\n\n<div class=\"wp-block-column is-vertically-aligned-center is-layout-flow wp-block-column-is-layout-flow\">\n<div class=\"wp-block-columns is-layout-flex wp-container-core-columns-is-layout-9d6595d7 wp-block-columns-is-layout-flex\">\n<div class=\"wp-block-column is-layout-flow wp-block-column-is-layout-flow\">\n<figure class=\"wp-block-image size-full is-style-rounded\"><img decoding=\"async\" src=\"https:\/\/evolve-fitness.eu\/wp-content\/uploads\/2023\/08\/TPU-dumbbells-23-2.jpg\" alt=\"\" class=\"wp-image-773\"\/><\/figure>\n<\/div>\n<\/div>\n<\/div>\n<\/div>\n\n\n\n<div class=\"wp-block-columns alignwide is-layout-flex wp-container-core-columns-is-layout-c45ee707 wp-block-columns-is-layout-flex\" style=\"margin-bottom:var(--wp--preset--spacing--side-padding);padding-top:var(--wp--preset--spacing--side-padding)\">\n<div class=\"wp-block-column is-vertically-aligned-center is-layout-flow wp-block-column-is-layout-flow\">\n<figure class=\"wp-block-video\"><video autoplay=\"\" controls=\"\" loop=\"\" muted=\"\" src=\"https:\/\/evolve-fitness.eu\/wp-content\/uploads\/2023\/12\/1-7.mp4\"><\/video><\/figure>\n<\/div>\n\n\n\n<div class=\"wp-block-column is-vertically-aligned-center is-layout-flow wp-block-column-is-layout-flow\">\n<h3 class=\"wp-block-heading\" style=\"margin-bottom:var(--wp--preset--spacing--h-3-bottom)\">Precisionsgjuten<\/h3>\n\n\n\n<p><strong><em>Konsekvent prestanda<\/em><\/strong><\/p>\n\n\n\n<p>P\u00e5 Evolve prioriterar vi precisionsgjutning f\u00f6r att garantera enhetlig vikt och orubblig prestanda f\u00f6r varje hantel. Till skillnad fr\u00e5n standardhantlar med oj\u00e4mn vikt \u00e4r Evolves hantlar noggrant tillverkade enligt exakta specifikationer, vilket ger en j\u00e4mn vikt och k\u00e4nsla f\u00f6r f\u00f6rb\u00e4ttrad tr\u00e4ningsnoggrannhet.<\/p>\n<\/div>\n<\/div>\n\n\n\n<div class=\"wp-block-columns alignwide is-layout-flex wp-container-core-columns-is-layout-c45ee707 wp-block-columns-is-layout-flex\" style=\"margin-bottom:var(--wp--preset--spacing--side-padding);padding-top:var(--wp--preset--spacing--side-padding)\">\n<div class=\"wp-block-column is-vertically-aligned-center is-layout-flow wp-block-column-is-layout-flow\">\n<h3 class=\"wp-block-heading\" style=\"margin-bottom:var(--wp--preset--spacing--h-3-bottom)\">S\u00e4kerheten f\u00f6rst<\/h3>\n\n\n\n<p><strong><em>En p\u00e5litlig och s\u00e4ker tr\u00e4ningsupplevelse<\/em><\/strong><\/p>\n\n\n\n<p style=\"margin-bottom:var(--wp--preset--spacing--tb-section-padding)\">Gymbes\u00f6karnas s\u00e4kerhet \u00e4r av yttersta vikt, och Evolve Urethane hantlar ger sinnesro. Dessa hantlar \u00e4r tillverkade av h\u00f6gkvalitativt, giftfritt och luktfritt uretanmaterial och garanterar en s\u00e4ker och h\u00e4lsosam tr\u00e4ningsmilj\u00f6. Den robusta konstruktionen minimerar risken f\u00f6r brott eller skav, vilket minskar risken f\u00f6r skador under intensiva tr\u00e4ningspass.<\/p>\n<\/div>\n\n\n\n<div class=\"wp-block-column is-vertically-aligned-center is-layout-flow wp-block-column-is-layout-flow\">\n<div class=\"wp-block-columns is-layout-flex wp-container-core-columns-is-layout-9d6595d7 wp-block-columns-is-layout-flex\">\n<div class=\"wp-block-column is-layout-flow wp-block-column-is-layout-flow\">\n<figure class=\"wp-block-image size-full is-style-rounded\"><img decoding=\"async\" src=\"https:\/\/evolve-fitness.eu\/wp-content\/uploads\/2023\/08\/TPU-dumbbells-17-1.jpg\" alt=\"\" class=\"wp-image-744\"\/><\/figure>\n<\/div>\n<\/div>\n<\/div>\n<\/div>\n\n\n\n<div class=\"wp-block-columns alignwide is-layout-flex wp-container-core-columns-is-layout-c45ee707 wp-block-columns-is-layout-flex\" style=\"margin-bottom:var(--wp--preset--spacing--side-padding);padding-top:var(--wp--preset--spacing--side-padding)\">\n<div class=\"wp-block-column is-vertically-aligned-center is-layout-flow wp-block-column-is-layout-flow\">\n<figure class=\"wp-block-image size-large\"><img decoding=\"async\" src=\"https:\/\/evolve-fitness.eu\/wp-content\/uploads\/2023\/08\/Dumbell-Handle-Dimenions-1-1024x703.jpg\" alt=\"EV-DS-TP-12,5-35\" class=\"wp-image-10507\"\/><\/figure>\n<\/div>\n\n\n\n<div class=\"wp-block-column is-vertically-aligned-center is-layout-flow wp-block-column-is-layout-flow\">\n<h3 class=\"wp-block-heading\" style=\"margin-bottom:var(--wp--preset--spacing--h-3-bottom)\">Precisionsgjuten<\/h3>\n\n\n\n<p><strong><em>Konsekvent prestanda<\/em><\/strong><\/p>\n\n\n\n<p>P\u00e5 Evolve prioriterar vi precisionsgjutning f\u00f6r att garantera enhetlig vikt och orubblig prestanda f\u00f6r varje hantel. Till skillnad fr\u00e5n standardhantlar med oj\u00e4mn vikt \u00e4r Evolves hantlar noggrant tillverkade enligt exakta specifikationer, vilket ger en j\u00e4mn vikt och k\u00e4nsla f\u00f6r f\u00f6rb\u00e4ttrad tr\u00e4ningsnoggrannhet. Evolve TPU Urethane Dumbbell Set, som str\u00e4cker sig fr\u00e5n 2 kg till 60 kg, har h\u00f6gkvalitativt TPU-material f\u00f6r h\u00e5llbarhet och h\u00e5rt kromade r\u00e4fflade handtag som m\u00e4ter 146 mm, f\u00f6r ett s\u00e4kert grepp. Den erbjuder anpassningsalternativ inklusive laserskurna logotyper och f\u00e4rger f\u00f6r gym branding. Dessa hantlar \u00e4r utformade f\u00f6r konsekvent prestanda och s\u00e4kerhet och passar alla tr\u00e4ningsniv\u00e5er och \u00e4r idealiska f\u00f6r b\u00e5de kommersiell och hemmatr\u00e4ning.<\/p>\n<\/div>\n<\/div>\n\n\n\n<div class=\"wp-block-columns alignwide is-layout-flex wp-container-core-columns-is-layout-c45ee707 wp-block-columns-is-layout-flex\" style=\"margin-bottom:var(--wp--preset--spacing--side-padding);padding-top:var(--wp--preset--spacing--side-padding)\">\n<div class=\"wp-block-column is-vertically-aligned-center is-layout-flow wp-block-column-is-layout-flow\">\n<div class=\"wp-block-columns is-layout-flex wp-container-core-columns-is-layout-9d6595d7 wp-block-columns-is-layout-flex\">\n<div class=\"wp-block-column is-layout-flow wp-block-column-is-layout-flow\"><\/div>\n<\/div>\n<\/div>\n<\/div>\n<\/section>\n","protected":false},"excerpt":{"rendered":"<p>Upplev toppen av styrka och livsl\u00e4ngd med Evolve TPU-hantlar, tillverkade av h\u00f6gkvalitativt TPU-material. Dessa hantlar har en o\u00f6vertr\u00e4ffad h\u00e5llbarhet, vilket g\u00f6r dem till ett p\u00e5litligt val f\u00f6r l\u00e5ngvarig prestanda. Evolve TPU Dumbbells \u00e4r idealiska f\u00f6r b\u00e5de kommersiella gym och hemmatr\u00e4ning och ger ett s\u00e4kert och bekv\u00e4mt grepp, vilket garanterar en s\u00e4ker och effektiv tr\u00e4ningsupplevelse. Med sin eleganta design och exakta kalibrering riktar sig dessa hantlar till fitnessentusiaster p\u00e5 alla niv\u00e5er och erbjuder ett brett utbud av viktalternativ. S\u00e4ljs i set. 2 x 37,5 kg \/ 40 kg \/ 42,5 kg \/ 45 kg \/ 47,5 kg \/ 50 kg \/ 52,5 kg \/ 55 kg \/ 57,5 kg \/ 60 kg.<\/p>\n","protected":false},"featured_media":93586,"template":"","meta":{"_acf_changed":false,"inline_featured_image":false},"product_cat":[550,1001,1306],"product_tag":[],"class_list":{"0":"post-59895","1":"product","2":"type-product","3":"status-publish","4":"has-post-thumbnail","6":"product_cat-startsida","7":"product_cat-fria-vikter","8":"product_cat-hantlar","10":"first","11":"instock","12":"shipping-taxable","13":"purchasable","14":"product-type-simple"},"acf":[],"_links":{"self":[{"href":"https:\/\/store.evolve-fitness.eu\/sv\/wp-json\/wp\/v2\/product\/59895","targetHints":{"allow":["GET"]}}],"collection":[{"href":"https:\/\/store.evolve-fitness.eu\/sv\/wp-json\/wp\/v2\/product"}],"about":[{"href":"https:\/\/store.evolve-fitness.eu\/sv\/wp-json\/wp\/v2\/types\/product"}],"wp:featuredmedia":[{"embeddable":true,"href":"https:\/\/store.evolve-fitness.eu\/sv\/wp-json\/wp\/v2\/media\/93586"}],"wp:attachment":[{"href":"https:\/\/store.evolve-fitness.eu\/sv\/wp-json\/wp\/v2\/media?parent=59895"}],"wp:term":[{"taxonomy":"product_cat","embeddable":true,"href":"https:\/\/store.evolve-fitness.eu\/sv\/wp-json\/wp\/v2\/product_cat?post=59895"},{"taxonomy":"product_tag","embeddable":true,"href":"https:\/\/store.evolve-fitness.eu\/sv\/wp-json\/wp\/v2\/product_tag?post=59895"}],"curies":[{"name":"wp","href":"https:\/\/api.w.org\/{rel}","templated":true}]}}