{"id":59374,"date":"2024-02-01T11:02:45","date_gmt":"2024-02-01T11:02:45","guid":{"rendered":"https:\/\/store.evolve-fitness.eu\/product\/evolve-econ-series-flat-bank\/"},"modified":"2026-04-03T12:00:42","modified_gmt":"2026-04-03T12:00:42","slug":"evolve-econ-series-flat-bank","status":"publish","type":"product","link":"https:\/\/store.evolve-fitness.eu\/sv\/produkt\/evolve-econ-series-flat-bank\/","title":{"rendered":"Evolve Econ Series flat b\u00e4nk"},"content":{"rendered":"\n<section class=\"wp-block-group alignfull black-content has-white-color has-darkgray-background-color has-text-color has-background is-layout-constrained wp-block-group-is-layout-constrained\" style=\"padding-top:var(--wp--preset--spacing--section-bottom);padding-bottom:var(--wp--preset--spacing--section-bottom)\">\n<div class=\"wp-block-columns alignwide mobile-reverse is-layout-flex wp-container-core-columns-is-layout-ca64bf2d wp-block-columns-is-layout-flex\" style=\"margin-bottom:var(--wp--preset--spacing--side-padding)\">\n<div class=\"wp-block-column is-vertically-aligned-center is-layout-flow wp-block-column-is-layout-flow\">\n<h3 class=\"wp-block-heading\" style=\"margin-bottom:var(--wp--preset--spacing--h-3-bottom)\"><strong>M\u00e5ngsidig anv\u00e4ndbarhet<\/strong><\/h3>\n\n\n\n<p><strong><em><strong>En grund f\u00f6r m\u00e5nga olika tr\u00e4ningspass<\/strong><\/em><\/strong><\/p>\n\n\n\n<p style=\"margin-bottom:var(--wp--preset--spacing--tb-section-padding)\">Evolve Econ Series Flat Bench \u00e4r en robust och p\u00e5litlig utrustning avsedd f\u00f6r ett brett spektrum av styrketr\u00e4nings\u00f6vningar. Den \u00e4r idealisk f\u00f6r \u00f6vningar som b\u00e4nkpress, hantelrodd och olika kroppsviktsr\u00f6relser, och riktar in sig p\u00e5 muskler i \u00f6verkroppen, b\u00e5len och till och med benen n\u00e4r den anv\u00e4nds p\u00e5 ett kreativt s\u00e4tt. Dess enkelhet och stabilitet g\u00f6r den till en grundl\u00e4ggande del av alla tr\u00e4ningsprogram, l\u00e4mplig f\u00f6r anv\u00e4ndare som vill bygga styrka och muskler \u00f6ver flera kroppsomr\u00e5den.<\/p>\n<\/div>\n\n\n\n<div class=\"wp-block-column is-vertically-aligned-center is-layout-flow wp-block-column-is-layout-flow\">\n<figure class=\"wp-block-video\"><video height=\"574\" style=\"aspect-ratio: 574 \/ 574;\" width=\"574\" autoplay=\"\" controls=\"\" loop=\"\" muted=\"\" src=\"https:\/\/evolve-fitness.eu\/wp-content\/uploads\/2024\/01\/Evolve-Econ-Series-Flat-Bench-video.mp4\"><\/video><\/figure>\n<\/div>\n<\/div>\n\n\n\n<div class=\"wp-block-columns alignwide is-layout-flex wp-container-core-columns-is-layout-c45ee707 wp-block-columns-is-layout-flex\" style=\"margin-bottom:var(--wp--preset--spacing--side-padding);padding-top:var(--wp--preset--spacing--side-padding)\">\n<div class=\"wp-block-column is-vertically-aligned-center is-layout-flow wp-block-column-is-layout-flow\">\n<figure class=\"wp-block-image size-large\"><img decoding=\"async\" src=\"https:\/\/evolve-fitness.eu\/wp-content\/uploads\/2024\/01\/Evolve-Econ-Series-Flat-Bench-C1-1024x683.jpg\" alt=\"\" class=\"wp-image-10809\"\/><\/figure>\n<\/div>\n\n\n\n<div class=\"wp-block-column is-vertically-aligned-center is-layout-flow wp-block-column-is-layout-flow\">\n<h3 class=\"wp-block-heading\" style=\"margin-bottom:var(--wp--preset--spacing--h-3-bottom)\"><strong>Utrymmeseffektiv design<\/strong><\/h3>\n\n\n\n<p><strong><em> <strong>Maximerar tr\u00e4ningsutrymmet<\/strong><\/em><\/strong><\/p>\n\n\n\n<p>Evolve Econ Series Flat Bench \u00e4r konstruerad med en robust, l\u00e5nglivad konstruktion som garanterar h\u00e5llbarhet och tillf\u00f6rlitlighet f\u00f6r omfattande anv\u00e4ndning. Den robusta konstruktionen t\u00e5l tuffa tr\u00e4ningspass, vilket g\u00f6r den till ett v\u00e4rdefullt tillskott till alla tr\u00e4ningsrutiner f\u00f6r dem som s\u00f6ker en p\u00e5litlig b\u00e4nk.<\/p>\n<\/div>\n<\/div>\n\n\n\n<div class=\"wp-block-columns alignwide is-layout-flex wp-container-core-columns-is-layout-c45ee707 wp-block-columns-is-layout-flex\" style=\"margin-bottom:var(--wp--preset--spacing--side-padding);padding-top:var(--wp--preset--spacing--side-padding)\">\n<div class=\"wp-block-column is-vertically-aligned-center is-layout-flow wp-block-column-is-layout-flow\">\n<h3 class=\"wp-block-heading\" style=\"margin-bottom:var(--wp--preset--spacing--h-3-bottom)\"><strong>Optimal komfort<\/strong><\/h3>\n\n\n\n<p><strong><em><strong>Utformad med anv\u00e4ndarkomfort i \u00e5tanke<\/strong><\/em><\/strong><\/p>\n\n\n\n<p style=\"margin-bottom:var(--wp--preset--spacing--tb-section-padding)\">B\u00e4nken har en tjock skumvaddering med h\u00f6g densitet och ger \u00f6verl\u00e4gsen komfort under tr\u00e4ningspasset, s\u00e5 att anv\u00e4ndarna kan fokusera p\u00e5 sin form och prestation utan distraktion. Den har ett h\u00f6gkvalitativt l\u00e4der\u00f6verdrag som \u00e4r b\u00e5de slitstarkt och bekv\u00e4mt och ger en stabil och halkfri yta f\u00f6r olika \u00f6vningar. Detta material garanterar l\u00e5ng livsl\u00e4ngd och enkelt underh\u00e5ll, vilket g\u00f6r det l\u00e4mpligt f\u00f6r intensiva tr\u00e4ningsmilj\u00f6er.<\/p>\n<\/div>\n\n\n\n<div class=\"wp-block-column is-vertically-aligned-center is-layout-flow wp-block-column-is-layout-flow\">\n<figure class=\"wp-block-image size-large\"><img decoding=\"async\" src=\"https:\/\/evolve-fitness.eu\/wp-content\/uploads\/2024\/01\/Evolve-Econ-Series-Flat-Bench-C2-1024x683.jpg\" alt=\"\" class=\"wp-image-10811\"\/><\/figure>\n<\/div>\n<\/div>\n\n\n\n<div class=\"wp-block-columns alignwide is-layout-flex wp-container-core-columns-is-layout-c45ee707 wp-block-columns-is-layout-flex\" style=\"margin-bottom:var(--wp--preset--spacing--side-padding);padding-top:var(--wp--preset--spacing--side-padding)\">\n<div class=\"wp-block-column is-vertically-aligned-center is-layout-flow wp-block-column-is-layout-flow\">\n<figure class=\"wp-block-image size-large\"><img decoding=\"async\" src=\"https:\/\/evolve-fitness.eu\/wp-content\/uploads\/2024\/01\/Evolve-Econ-Series-Flat-Bench-C3-683x1024.jpg\" alt=\"\" class=\"wp-image-10813\"\/><\/figure>\n<\/div>\n\n\n\n<div class=\"wp-block-column is-vertically-aligned-center is-layout-flow wp-block-column-is-layout-flow\">\n<h3 class=\"wp-block-heading\" style=\"margin-bottom:var(--wp--preset--spacing--h-3-bottom)\"><strong><strong><strong><strong>Enkelt underh\u00e5ll<\/strong><\/strong><\/strong><\/strong><\/h3>\n\n\n\n<p><strong><em>Byggd f\u00f6r bekv\u00e4mlighet<\/em><\/strong><\/p>\n\n\n\n<p>B\u00e4nkens eleganta, minimalistiska design ser inte bara bra ut utan \u00e4r ocks\u00e5 l\u00e4tt att reng\u00f6ra och underh\u00e5lla, vilket s\u00e4kerst\u00e4ller att den f\u00f6rblir i toppskick med minimal anstr\u00e4ngning. Benen \u00e4r f\u00f6rsedda med plastskydd som \u00e4r utformade f\u00f6r att skydda golvet fr\u00e5n repor och skador under anv\u00e4ndning. Denna genomt\u00e4nkta funktion s\u00e4kerst\u00e4ller att b\u00e4nken kan anv\u00e4ndas s\u00e4kert p\u00e5 en m\u00e4ngd olika ytor utan att kompromissa med skicket p\u00e5 ditt tr\u00e4ningsutrymme.<\/p>\n<\/div>\n<\/div>\n\n\n\n<div class=\"wp-block-columns alignwide is-layout-flex wp-container-core-columns-is-layout-c45ee707 wp-block-columns-is-layout-flex\" style=\"margin-bottom:var(--wp--preset--spacing--side-padding);padding-top:var(--wp--preset--spacing--side-padding)\">\n<div class=\"wp-block-column is-vertically-aligned-center is-layout-flow wp-block-column-is-layout-flow\">\n<h3 class=\"wp-block-heading\" style=\"margin-bottom:var(--wp--preset--spacing--h-3-bottom)\"><strong>Robust konstruktion<\/strong><\/h3>\n\n\n\n<p><strong><strong><em>Konstruerad f\u00f6r stabilitet<\/em><\/strong><\/strong><\/p>\n\n\n\n<p style=\"margin-bottom:var(--wp--preset--spacing--tb-section-padding)\">B\u00e4nken \u00e4r tillverkad av h\u00f6gkvalitativt st\u00e5l, vilket garanterar att den t\u00e5l tung anv\u00e4ndning och ger en stabil bas f\u00f6r en m\u00e4ngd olika \u00f6vningar, vilket g\u00f6r den till en p\u00e5litlig utrustning f\u00f6r alla fitnessentusiaster. Konstruktionen \u00e4r k\u00e4nd f\u00f6r sin styrka och h\u00e5llbarhet, vilket garanterar att den klarar kraven p\u00e5 tung och konsekvent anv\u00e4ndning. Detta g\u00f6r b\u00e4nken till ett utm\u00e4rkt val f\u00f6r b\u00e5de hemmabruk och kommersiella gym, d\u00e4r tillf\u00f6rlitlighet \u00e4r avg\u00f6rande.<\/p>\n<\/div>\n\n\n\n<div class=\"wp-block-column is-vertically-aligned-center is-layout-flow wp-block-column-is-layout-flow\">\n<figure class=\"wp-block-image size-large\"><img decoding=\"async\" src=\"https:\/\/evolve-fitness.eu\/wp-content\/uploads\/2024\/01\/Evolve-Econ-Series-Flat-Bench-C4-683x1024.jpg\" alt=\"\" class=\"wp-image-10815\"\/><\/figure>\n<\/div>\n<\/div>\n<\/section>\n","protected":false},"excerpt":{"rendered":"<p>Evolve Econ Series Flat Bench, EC-050 \u00e4r konstruerad f\u00f6r h\u00e5llbarhet och stabilitet, vilket ger en solid grund f\u00f6r ett brett utbud av tyngdlyftnings\u00f6vningar. Den kompakta och effektiva designen g\u00f6r att den smidigt passar in i alla tr\u00e4ningsutrymmen, vilket g\u00f6r den till ett perfekt val f\u00f6r b\u00e5de hemmagym och kommersiella anl\u00e4ggningar. Denna b\u00e4nk \u00e4r byggd f\u00f6r att klara rigor\u00f6sa tr\u00e4ningsrutiner och erbjuder b\u00e5de komfort och tillf\u00f6rlitlighet f\u00f6r anv\u00e4ndare som fokuserar p\u00e5 styrka och kondition.<\/p>\n","protected":false},"featured_media":59386,"template":"","meta":{"_acf_changed":false,"inline_featured_image":false},"product_cat":[550,1270,1271],"product_tag":[],"class_list":{"0":"post-59374","1":"product","2":"type-product","3":"status-publish","4":"has-post-thumbnail","6":"product_cat-startsida","7":"product_cat-bankar","8":"product_cat-bankar-i-econ-series","10":"first","11":"instock","12":"shipping-taxable","13":"purchasable","14":"product-type-simple"},"acf":[],"_links":{"self":[{"href":"https:\/\/store.evolve-fitness.eu\/sv\/wp-json\/wp\/v2\/product\/59374","targetHints":{"allow":["GET"]}}],"collection":[{"href":"https:\/\/store.evolve-fitness.eu\/sv\/wp-json\/wp\/v2\/product"}],"about":[{"href":"https:\/\/store.evolve-fitness.eu\/sv\/wp-json\/wp\/v2\/types\/product"}],"wp:featuredmedia":[{"embeddable":true,"href":"https:\/\/store.evolve-fitness.eu\/sv\/wp-json\/wp\/v2\/media\/59386"}],"wp:attachment":[{"href":"https:\/\/store.evolve-fitness.eu\/sv\/wp-json\/wp\/v2\/media?parent=59374"}],"wp:term":[{"taxonomy":"product_cat","embeddable":true,"href":"https:\/\/store.evolve-fitness.eu\/sv\/wp-json\/wp\/v2\/product_cat?post=59374"},{"taxonomy":"product_tag","embeddable":true,"href":"https:\/\/store.evolve-fitness.eu\/sv\/wp-json\/wp\/v2\/product_tag?post=59374"}],"curies":[{"name":"wp","href":"https:\/\/api.w.org\/{rel}","templated":true}]}}