{"id":58661,"date":"2024-02-01T07:02:01","date_gmt":"2024-02-01T07:02:01","guid":{"rendered":"https:\/\/store.evolve-fitness.eu\/product\/evolve-ultra-series-plattbelastad-vertikal-benpress\/"},"modified":"2025-11-07T13:31:43","modified_gmt":"2025-11-07T13:31:43","slug":"evolve-ultra-series-plattbelastad-vertikal-benpress","status":"publish","type":"product","link":"https:\/\/store.evolve-fitness.eu\/sv\/produkt\/evolve-ultra-series-plattbelastad-vertikal-benpress\/","title":{"rendered":"Evolve Ultra Series plattbelastad vertikal benpress"},"content":{"rendered":"\n<section class=\"wp-block-group alignfull black-content has-white-color has-darkgray-background-color has-text-color has-background is-layout-constrained wp-block-group-is-layout-constrained\" style=\"padding-top:var(--wp--preset--spacing--section-bottom);padding-bottom:var(--wp--preset--spacing--section-bottom)\">\n<section class=\"wp-block-group alignfull black-content has-white-color has-darkgray-background-color has-text-color has-background is-layout-constrained wp-block-group-is-layout-constrained\" style=\"margin-bottom:0;padding-top:var(--wp--preset--spacing--tb-padding);padding-bottom:var(--wp--preset--spacing--tb-padding)\">\n<div class=\"wp-block-columns alignwide mobile-reverse is-layout-flex wp-container-core-columns-is-layout-035fa626 wp-block-columns-is-layout-flex\" style=\"margin-bottom:var(--wp--preset--spacing--side-padding);padding-top:var(--wp--preset--spacing--tb-padding);padding-bottom:var(--wp--preset--spacing--tb-padding)\">\n<div class=\"wp-block-column is-vertically-aligned-center is-layout-flow wp-block-column-is-layout-flow\">\n<h3 class=\"wp-block-heading\" style=\"margin-bottom:var(--wp--preset--spacing--h-3-bottom)\"><strong><strong><strong><strong><strong><strong><strong>Riktad muskelp\u00e5verkan<\/strong><\/strong><\/strong><\/strong><\/strong><\/strong><\/strong><\/h3>\n\n\n\n<p><strong><em><strong><strong><strong><strong><strong>Unilateral armr\u00f6relse (tillg\u00e4nglig p\u00e5 vissa maskiner)<\/strong><\/strong><\/strong><\/strong><\/strong><\/em><\/strong><\/p>\n\n\n\n<p>Evolve Ultra Series Plate Loaded Vertical Leg Press \u00e4r utformad f\u00f6r att ge en omfattande tr\u00e4ning av underkroppen, med fokus p\u00e5 quadriceps, hamstrings och s\u00e4tesmusklerna. Dess vertikala orientering m\u00f6jligg\u00f6r ett naturligt och kontrollerat r\u00f6relseomf\u00e5ng, vilket effektivt riktar in sig p\u00e5 dessa stora muskelgrupper. Med justerbara motst\u00e5ndsniv\u00e5er kan anv\u00e4ndarna anpassa sina tr\u00e4ningspass efter sin styrka och sina konditionsm\u00e5l, vilket passar personer p\u00e5 alla niv\u00e5er. Genom att fr\u00e4mja korrekt form och teknik hj\u00e4lper Vertical Leg Press till att f\u00f6rb\u00e4ttra underkroppens styrka, stabilitet och \u00f6vergripande funktion. Den ergonomiska utformningen ger anv\u00e4ndaren komfort och s\u00e4kerhet och minimerar risken f\u00f6r \u00f6veranstr\u00e4ngning eller skador vid anv\u00e4ndning. Oavsett om anv\u00e4ndaren vill bygga muskelmassa, \u00f6ka styrkan eller f\u00f6rb\u00e4ttra uth\u00e5lligheten i underkroppen, erbjuder Vertical Leg Press en bekv\u00e4m och effektiv l\u00f6sning f\u00f6r att uppn\u00e5 sina tr\u00e4ningsm\u00e5l.<\/p>\n<\/div>\n\n\n\n<div class=\"wp-block-column is-vertically-aligned-center is-layout-flow wp-block-column-is-layout-flow\">\n<figure class=\"wp-block-video\"><video autoplay=\"\" controls=\"\" loop=\"\" muted=\"\" src=\"https:\/\/evolve-fitness.eu\/wp-content\/uploads\/2024\/03\/EV-PL-UL-430-Evolve-Ultra-Series-Plate-loaded-Vertical-Leg-Press-1.mp4\"><\/video><\/figure>\n<\/div>\n<\/div>\n\n\n\n<div class=\"wp-block-columns alignwide mobile-reverse is-layout-flex wp-container-core-columns-is-layout-7a02faa9 wp-block-columns-is-layout-flex\" style=\"margin-bottom:var(--wp--preset--spacing--tb-section-padding)\">\n<div class=\"wp-block-column is-vertically-aligned-center is-layout-flow wp-block-column-is-layout-flow\">\n<figure class=\"wp-block-image size-large\"><img decoding=\"async\" src=\"https:\/\/evolve-fitness.eu\/wp-content\/uploads\/2023\/11\/EV-PL-UL-430-4-683x1024.jpg\" alt=\"EV-PL-UL-430\" class=\"wp-image-166764\"\/><\/figure>\n<\/div>\n\n\n\n<div class=\"wp-block-column is-vertically-aligned-center is-layout-flow wp-block-column-is-layout-flow\">\n<h3 class=\"wp-block-heading\" style=\"margin-bottom:var(--wp--preset--spacing--h-3-bottom)\"><strong><strong><strong><strong><strong><strong><strong><strong>Bekv\u00e4m design<\/strong><\/strong><\/strong><\/strong><\/strong><\/strong><\/strong><\/strong><\/h3>\n\n\n\n<p><strong><em><strong><strong><strong><strong><strong><strong>Ergonomisk stoppning och handtag<\/strong><\/strong><\/strong><\/strong><\/strong><\/strong><\/em><\/strong><\/p>\n\n\n\n<p>Utformad med anv\u00e4ndarkomforten i \u00e5tanke, har Seated Calf Raise-maskinen ergonomiska dynor och handtag som fr\u00e4mjar korrekt benpositionering och st\u00f6d under \u00f6vningarna.<\/p>\n<\/div>\n<\/div>\n\n\n\n<div class=\"wp-block-columns alignwide mobile-reverse is-layout-flex wp-container-core-columns-is-layout-7a02faa9 wp-block-columns-is-layout-flex\" style=\"margin-bottom:var(--wp--preset--spacing--tb-section-padding)\">\n<div class=\"wp-block-column is-vertically-aligned-center is-layout-flow wp-block-column-is-layout-flow\">\n<h3 class=\"wp-block-heading\" style=\"margin-bottom:var(--wp--preset--spacing--h-3-bottom)\"><strong><strong><strong><strong><strong><strong><strong><strong><strong>Justerbart motst\u00e5nd<\/strong><\/strong><\/strong><\/strong><\/strong><\/strong><\/strong><\/strong><\/strong><\/h3>\n\n\n\n<p><strong><em><strong><strong><strong><strong><strong><strong>Anpassningsbara viktstaplar<\/strong><\/strong><\/strong><\/strong><\/strong><\/strong><\/em><\/strong><\/p>\n\n\n\n<p>Anv\u00e4ndarna kan enkelt justera motst\u00e5ndsniv\u00e5erna genom att l\u00e4gga till eller ta bort viktplattor, vilket m\u00f6jligg\u00f6r skr\u00e4ddarsydda tr\u00e4ningspass som tillgodoser individuella styrkeniv\u00e5er och progression i vaderna. Oavsett om du siktar p\u00e5 \u00f6kad uth\u00e5llighet i vaderna eller \u00f6kad styrka ger det justerbara motst\u00e5ndet m\u00e5ngsidighet f\u00f6r anpassning till olika tr\u00e4ningsm\u00e5l.<\/p>\n<\/div>\n\n\n\n<div class=\"wp-block-column is-vertically-aligned-center is-layout-flow wp-block-column-is-layout-flow\">\n<figure class=\"wp-block-image size-large\"><img decoding=\"async\" src=\"https:\/\/evolve-fitness.eu\/wp-content\/uploads\/2023\/11\/EV-PL-UL-430-19-683x1024.jpg\" alt=\"\" class=\"wp-image-166789\"\/><\/figure>\n<\/div>\n<\/div>\n<\/section>\n\n\n\n<section class=\"wp-block-group alignfull black-content has-white-color has-darkgray-background-color has-text-color has-background is-layout-constrained wp-block-group-is-layout-constrained\" style=\"margin-bottom:0;padding-top:var(--wp--preset--spacing--tb-padding);padding-bottom:var(--wp--preset--spacing--tb-padding)\">\n<div class=\"wp-block-columns alignwide mobile-reverse is-layout-flex wp-container-core-columns-is-layout-7a02faa9 wp-block-columns-is-layout-flex\" style=\"margin-bottom:var(--wp--preset--spacing--tb-section-padding)\">\n<div class=\"wp-block-column is-vertically-aligned-center is-layout-flow wp-block-column-is-layout-flow\">\n<figure class=\"wp-block-image size-large\"><img decoding=\"async\" src=\"https:\/\/evolve-fitness.eu\/wp-content\/uploads\/2023\/11\/EV-PL-UL-430-8-1024x683.jpg\" alt=\"EV-PL-UL-430\" class=\"wp-image-166814\"\/><\/figure>\n<\/div>\n\n\n\n<div class=\"wp-block-column is-vertically-aligned-center is-layout-flow wp-block-column-is-layout-flow\">\n<h3 class=\"wp-block-heading\" style=\"margin-bottom:var(--wp--preset--spacing--h-3-bottom)\"><strong><strong><strong><strong><strong><strong><strong><strong><strong>Kompakt fotavtryck<\/strong><\/strong><\/strong><\/strong><\/strong><\/strong><\/strong><\/strong><\/strong><\/h3>\n\n\n\n<p><strong><em><strong><strong><strong><strong><strong><strong>Utrymmeseffektiv design<\/strong><\/strong><\/strong><\/strong><\/strong><\/strong><\/em><\/strong><\/p>\n\n\n\n<p>Trots sin funktionalitet har Standing Leg Curl-maskinen ett kompakt format, vilket g\u00f6r den l\u00e4mplig f\u00f6r personer med begr\u00e4nsat tr\u00e4ningsutrymme. Den str\u00f6mlinjeformade designen maximerar utrymmeseffektiviteten utan att kompromissa med funktionaliteten, vilket s\u00e4kerst\u00e4ller en optimerad tr\u00e4ningsyta f\u00f6r effektiv tr\u00e4ning av hamstring.<\/p>\n<\/div>\n<\/div>\n\n\n\n<div class=\"wp-block-columns alignwide mobile-reverse is-layout-flex wp-container-core-columns-is-layout-7a02faa9 wp-block-columns-is-layout-flex\" style=\"margin-bottom:var(--wp--preset--spacing--tb-section-padding)\">\n<div class=\"wp-block-column is-vertically-aligned-center is-layout-flow wp-block-column-is-layout-flow\">\n<h3 class=\"wp-block-heading\" style=\"margin-bottom:var(--wp--preset--spacing--h-3-bottom)\"><strong><strong><strong><strong><strong><strong><strong><strong><strong>Varaktig finish<\/strong><\/strong><\/strong><\/strong><\/strong><\/strong><\/strong><\/strong><\/strong><\/h3>\n\n\n\n<p><strong><em><strong><strong><strong><strong><strong><strong>Elektrostatisk sprutningsteknik f\u00f6r h\u00e4rdplastpulver<\/strong><\/strong><\/strong><\/strong><\/strong><\/strong><\/em><\/strong><\/p>\n\n\n\n<p>V\u00e5ra maskiner har elektrostatisk sprutteknik med h\u00e4rdplastpulver som ger en h\u00e5llbar finish. Denna avancerade bel\u00e4ggning bibeh\u00e5ller utrustningens visuella utseende \u00f6ver tid.<\/p>\n<\/div>\n\n\n\n<div class=\"wp-block-column is-vertically-aligned-center is-layout-flow wp-block-column-is-layout-flow\">\n<figure class=\"wp-block-image size-large\"><img decoding=\"async\" src=\"https:\/\/evolve-fitness.eu\/wp-content\/uploads\/2023\/11\/EV-PL-UL-430-7-1024x683.jpg\" alt=\"\" class=\"wp-image-166864\"\/><\/figure>\n<\/div>\n<\/div>\n<\/section>\n<\/section>\n","protected":false},"excerpt":{"rendered":"<p>Evolve Ultra Series Plate Loaded Vertical Leg Press UL-430 \u00e4r en h\u00f6jdpunkt n\u00e4r det g\u00e4ller effektivitet och h\u00e5llbarhet f\u00f6r gymutrustning. Denna toppmoderna maskin \u00e4r utformad f\u00f6r att f\u00f6rb\u00e4ttra din tr\u00e4ning med funktioner som pinnar f\u00f6r f\u00f6rvaring av viktskivor, vilket s\u00e4kerst\u00e4ller organiserad och enkel \u00e5tkomst till vikter. H\u00e5llbarheten \u00e4r o\u00f6vertr\u00e4ffad tack vare bultar och muttrar i rostfritt st\u00e5l, vilket garanterar l\u00e5ngvarig anv\u00e4ndning. F\u00f6r komfort och uth\u00e5llighet har den en kraftig PU-l\u00e4derkl\u00e4dsel av premiumkvalitet som kombinerar lyx med robust prestanda. De halkfria handtagen och den justerbara sittpositionen i Econ-serien ger s\u00e4kerhet och anpassning, vilket m\u00f6jligg\u00f6r en m\u00e4ngd olika \u00f6vningar. De gultonade justeringsrattarna och handtagen g\u00f6r anpassningen enkel och synlig. Dessutom levereras maskinen med slitstarka golvskydd f\u00f6r att h\u00e5lla gymmet rent och elektrostatisk sprutteknik med h\u00e4rdat pulver f\u00f6r en h\u00e5llbar finish. Med 2 \u00e5rs garanti och viktiga funktioner som tjock kl\u00e4dsel och justerbara positioner \u00e4r UL-430 ett viktigt tillskott till alla tr\u00e4ningsutrymmen, med b\u00e5de stil och substans.<\/p>\n","protected":false},"featured_media":58663,"template":"","meta":{"_acf_changed":false,"inline_featured_image":false},"product_cat":[550,773,774],"product_tag":[],"class_list":{"0":"post-58661","1":"product","2":"type-product","3":"status-publish","4":"has-post-thumbnail","6":"product_cat-startsida","7":"product_cat-platbelastade-maskiner","8":"product_cat-ultra-series-platbelastad","10":"first","11":"instock","12":"shipping-taxable","13":"purchasable","14":"product-type-simple"},"acf":[],"_links":{"self":[{"href":"https:\/\/store.evolve-fitness.eu\/sv\/wp-json\/wp\/v2\/product\/58661","targetHints":{"allow":["GET"]}}],"collection":[{"href":"https:\/\/store.evolve-fitness.eu\/sv\/wp-json\/wp\/v2\/product"}],"about":[{"href":"https:\/\/store.evolve-fitness.eu\/sv\/wp-json\/wp\/v2\/types\/product"}],"wp:featuredmedia":[{"embeddable":true,"href":"https:\/\/store.evolve-fitness.eu\/sv\/wp-json\/wp\/v2\/media\/58663"}],"wp:attachment":[{"href":"https:\/\/store.evolve-fitness.eu\/sv\/wp-json\/wp\/v2\/media?parent=58661"}],"wp:term":[{"taxonomy":"product_cat","embeddable":true,"href":"https:\/\/store.evolve-fitness.eu\/sv\/wp-json\/wp\/v2\/product_cat?post=58661"},{"taxonomy":"product_tag","embeddable":true,"href":"https:\/\/store.evolve-fitness.eu\/sv\/wp-json\/wp\/v2\/product_tag?post=58661"}],"curies":[{"name":"wp","href":"https:\/\/api.w.org\/{rel}","templated":true}]}}