{"id":58610,"date":"2024-02-01T07:30:55","date_gmt":"2024-02-01T07:30:55","guid":{"rendered":"https:\/\/store.evolve-fitness.eu\/product\/evolve-econ-series-justerbar-bank-3\/"},"modified":"2026-04-22T12:00:48","modified_gmt":"2026-04-22T12:00:48","slug":"evolve-econ-series-justerbar-bank-3","status":"publish","type":"product","link":"https:\/\/store.evolve-fitness.eu\/sv\/produkt\/evolve-econ-series-justerbar-bank-3\/","title":{"rendered":"Evolve Econ Series justerbar b\u00e4nk"},"content":{"rendered":"\n<section class=\"wp-block-group alignfull black-content has-white-color has-darkgray-background-color has-text-color has-background is-layout-constrained wp-block-group-is-layout-constrained\" style=\"padding-top:var(--wp--preset--spacing--section-bottom);padding-bottom:var(--wp--preset--spacing--section-bottom)\">\n<div class=\"wp-block-columns alignwide mobile-reverse is-layout-flex wp-container-core-columns-is-layout-ca64bf2d wp-block-columns-is-layout-flex\" style=\"margin-bottom:var(--wp--preset--spacing--side-padding)\">\n<div class=\"wp-block-column is-vertically-aligned-center is-layout-flow wp-block-column-is-layout-flow\">\n<h3 class=\"wp-block-heading\" style=\"margin-bottom:var(--wp--preset--spacing--h-3-bottom)\">Justerbara inst\u00e4llningar<\/h3>\n\n\n\n<p><strong><em><strong>Flexibilitet f\u00f6r varje tr\u00e4ningspass<\/strong><\/em><\/strong><\/p>\n\n\n\n<p style=\"margin-bottom:var(--wp--preset--spacing--tb-section-padding)\">B\u00e4nken har flera l\u00e4gen f\u00f6r ryggst\u00f6d och sits, vilket ger m\u00e5ngsidighet f\u00f6r ett brett utbud av \u00f6vningar, s\u00e5 att anv\u00e4ndarna kan rikta in sig p\u00e5 specifika muskelgrupper p\u00e5 ett effektivt s\u00e4tt.<\/p>\n<\/div>\n\n\n\n<div class=\"wp-block-column is-vertically-aligned-center is-layout-flow wp-block-column-is-layout-flow\">\n<figure class=\"wp-block-video\"><video height=\"1200\" style=\"aspect-ratio: 1600 \/ 1200;\" width=\"1600\" autoplay=\"\" controls=\"\" loop=\"\" muted=\"\" src=\"https:\/\/evolve-fitness.eu\/wp-content\/uploads\/2024\/01\/Evolve-Econ-Series-Adjustable-Bench-EC-100-V1.mp4\"><\/video><\/figure>\n<\/div>\n<\/div>\n\n\n\n<div class=\"wp-block-columns alignwide is-layout-flex wp-container-core-columns-is-layout-c45ee707 wp-block-columns-is-layout-flex\" style=\"margin-bottom:var(--wp--preset--spacing--side-padding);padding-top:var(--wp--preset--spacing--side-padding)\">\n<div class=\"wp-block-column is-vertically-aligned-center is-layout-flow wp-block-column-is-layout-flow\">\n<figure class=\"wp-block-image size-large\"><img decoding=\"async\" src=\"https:\/\/evolve-fitness.eu\/wp-content\/uploads\/2024\/01\/Evolve-Econ-Series-Adjustable-Bench-EC-100-C3-1024x683.jpg\" alt=\"\" class=\"wp-image-10822\"\/><\/figure>\n<\/div>\n\n\n\n<div class=\"wp-block-column is-vertically-aligned-center is-layout-flow wp-block-column-is-layout-flow\">\n<h3 class=\"wp-block-heading\" style=\"margin-bottom:var(--wp--preset--spacing--h-3-bottom)\"><strong>H\u00e5llbar ram<\/strong><\/h3>\n\n\n\n<p><strong><em> <strong>Stabilitet m\u00f6ter styrka<\/strong><\/em><\/strong><\/p>\n\n\n\n<p>Den \u00e4r tillverkad av robusta material som garanterar l\u00e5ngvarig h\u00e5llbarhet och stabilitet, vilket hj\u00e4lper anv\u00e4ndaren genom intensiva och varierande tr\u00e4ningsrutiner.<\/p>\n<\/div>\n<\/div>\n\n\n\n<div class=\"wp-block-columns alignwide is-layout-flex wp-container-core-columns-is-layout-c45ee707 wp-block-columns-is-layout-flex\" style=\"margin-bottom:var(--wp--preset--spacing--side-padding);padding-top:var(--wp--preset--spacing--side-padding)\">\n<div class=\"wp-block-column is-vertically-aligned-center is-layout-flow wp-block-column-is-layout-flow\">\n<h3 class=\"wp-block-heading\" style=\"margin-bottom:var(--wp--preset--spacing--h-3-bottom)\"><strong>F\u00f6rb\u00e4ttrad komfort<\/strong><\/h3>\n\n\n\n<p><strong><em>Ergonomisk utformning f\u00f6r optimalt st\u00f6d<\/em><\/strong><\/p>\n\n\n\n<p style=\"margin-bottom:var(--wp--preset--spacing--tb-section-padding)\">Evolve Econ Series Adjustable Bench \u00e4r en m\u00e5ngsidig tr\u00e4ningsutrustning avsedd f\u00f6r ett brett spektrum av \u00f6vningar, l\u00e4mplig f\u00f6r b\u00e5de hemmabruk och kommersiella gym. Dess justerbarhet m\u00f6jligg\u00f6r lutande, ned\u00e5tg\u00e5ende och plana b\u00e4nk\u00f6vningar, vilket g\u00f6r den perfekt f\u00f6r helkroppstr\u00e4ning. Den kan anv\u00e4ndas f\u00f6r styrketr\u00e4ning, med inriktning p\u00e5 muskler som br\u00f6st, axlar, rygg och core, och st\u00f6der en m\u00e4ngd olika tr\u00e4ningspass fr\u00e5n b\u00e4nkpress till hantel\u00f6vningar, vilket f\u00f6rb\u00e4ttrar b\u00e5de \u00f6ver- och underkroppens styrka.<\/p>\n<\/div>\n\n\n\n<div class=\"wp-block-column is-vertically-aligned-center is-layout-flow wp-block-column-is-layout-flow\">\n<figure class=\"wp-block-image size-large\"><img decoding=\"async\" src=\"https:\/\/evolve-fitness.eu\/wp-content\/uploads\/2024\/01\/Evolve-Econ-Series-Adjustable-Bench-EC-100-C2-1024x683.jpg\" alt=\"\" class=\"wp-image-10824\"\/><\/figure>\n<\/div>\n<\/div>\n\n\n\n<div class=\"wp-block-columns alignwide is-layout-flex wp-container-core-columns-is-layout-c45ee707 wp-block-columns-is-layout-flex\" style=\"margin-bottom:var(--wp--preset--spacing--side-padding);padding-top:var(--wp--preset--spacing--side-padding)\">\n<div class=\"wp-block-column is-vertically-aligned-center is-layout-flow wp-block-column-is-layout-flow\">\n<figure class=\"wp-block-image size-large\"><img decoding=\"async\" src=\"https:\/\/evolve-fitness.eu\/wp-content\/uploads\/2024\/01\/Evolve-Econ-Series-Adjustable-Bench-EC-100-C5-1024x683.jpg\" alt=\"\" class=\"wp-image-10826\"\/><\/figure>\n<\/div>\n\n\n\n<div class=\"wp-block-column is-vertically-aligned-center is-layout-flow wp-block-column-is-layout-flow\">\n<h3 class=\"wp-block-heading\" style=\"margin-bottom:var(--wp--preset--spacing--h-3-bottom)\"><strong><strong><strong><strong>Enkelt underh\u00e5ll<\/strong><\/strong><\/strong><\/strong><\/h3>\n\n\n\n<p><strong><em><strong><strong>Enkelhet och l\u00e4tthet<\/strong><\/strong><\/em><\/strong><\/p>\n\n\n\n<p>Evolve Econ Series Adjustable Bench har en justeringshjulsmekanism, utformad f\u00f6r smidig och enkel \u00f6verg\u00e5ng mellan olika vinklar och positioner. Detta g\u00f6r att anv\u00e4ndaren snabbt kan v\u00e4xla fr\u00e5n platt till lutande eller ned\u00e5tg\u00e5ende inst\u00e4llningar, vilket m\u00f6jligg\u00f6r ett brett utbud av \u00f6vningar f\u00f6r att effektivt och effektivt rikta in sig p\u00e5 olika muskelgrupper. B\u00e4nkens material och utformning g\u00f6r den l\u00e4tt att reng\u00f6ra och kr\u00e4ver lite underh\u00e5ll, vilket g\u00f6r att den h\u00e5ller sig i utm\u00e4rkt skick \u00f6ver tid.<\/p>\n<\/div>\n<\/div>\n\n\n\n<div class=\"wp-block-columns alignwide is-layout-flex wp-container-core-columns-is-layout-c45ee707 wp-block-columns-is-layout-flex\" style=\"margin-bottom:var(--wp--preset--spacing--side-padding);padding-top:var(--wp--preset--spacing--side-padding)\">\n<div class=\"wp-block-column is-vertically-aligned-center is-layout-flow wp-block-column-is-layout-flow\">\n<h3 class=\"wp-block-heading\" style=\"margin-bottom:var(--wp--preset--spacing--h-3-bottom)\"><strong><strong><strong><strong>Utrymmesbesparande funktion<\/strong><\/strong><\/strong><\/strong><\/h3>\n\n\n\n<p><strong><em><strong>Idealisk f\u00f6r begr\u00e4nsade utrymmen<\/strong><\/em><\/strong><\/p>\n\n\n\n<p>Evolve Econ Series Adjustable Bench \u00e4r utrustad med transporthjul, vilket g\u00f6r den \u00e4nnu mer l\u00e4tthanterlig och bekv\u00e4m att b\u00e4ra med sig. Hjulen g\u00f6r det enkelt att flytta runt b\u00e4nken i tr\u00e4ningslokalen och g\u00f6r det enkelt att placera om eller f\u00f6rvara b\u00e4nken efter behov, utan tunga lyft eller betydande fysisk anstr\u00e4ngning. Denna funktion \u00e4r s\u00e4rskilt f\u00f6rdelaktig i utrymmen med flera anv\u00e4ndningsomr\u00e5den eller hemmagym d\u00e4r utrustningen m\u00e5ste flyttas ofta f\u00f6r att passa olika aktiviteter eller f\u00f6r att frig\u00f6ra utrymme. Designen m\u00f6jligg\u00f6r enkel justering och f\u00f6rvaring, vilket g\u00f6r den perfekt f\u00f6r hemmagym eller utrymmen d\u00e4r effektivitet \u00e4r avg\u00f6rande.<\/p>\n<\/div>\n\n\n\n<div class=\"wp-block-column is-vertically-aligned-center is-layout-flow wp-block-column-is-layout-flow\">\n<figure class=\"wp-block-video\"><video height=\"1200\" style=\"aspect-ratio: 1600 \/ 1200;\" width=\"1600\" autoplay=\"\" controls=\"\" loop=\"\" muted=\"\" src=\"https:\/\/evolve-fitness.eu\/wp-content\/uploads\/2024\/01\/Evolve-Econ-Series-Adjustable-Bench-EC-100-V3.mp4\"><\/video><\/figure>\n<\/div>\n<\/div>\n<\/section>\n","protected":false},"excerpt":{"rendered":"<p>Evolve Econ Series Adjustable Bench, EC-100 kombinerar m\u00e5ngsidighet och h\u00e5llbarhet och erbjuder en rad olika inst\u00e4llningar f\u00f6r lutning och lutning f\u00f6r att f\u00f6rb\u00e4ttra din tr\u00e4ningsvariation. Den robusta konstruktionen s\u00e4kerst\u00e4ller stabilitet under intensiva \u00f6vningar, medan de justerbara funktionerna m\u00f6jligg\u00f6r riktad muskelaktivering. B\u00e4nken \u00e4r idealisk f\u00f6r b\u00e5de hemmabruk och kommersiellt bruk och \u00e4r ett v\u00e4rdefullt tillskott till alla tr\u00e4ningsrutiner och passar idrottare p\u00e5 alla niv\u00e5er som vill maximera sin tr\u00e4ningseffektivitet.<\/p>\n","protected":false},"featured_media":58614,"template":"","meta":{"_acf_changed":false,"inline_featured_image":false},"product_cat":[550,1270,1271],"product_tag":[],"class_list":{"0":"post-58610","1":"product","2":"type-product","3":"status-publish","4":"has-post-thumbnail","6":"product_cat-startsida","7":"product_cat-bankar","8":"product_cat-bankar-i-econ-series","10":"first","11":"instock","12":"shipping-taxable","13":"purchasable","14":"product-type-simple"},"acf":[],"_links":{"self":[{"href":"https:\/\/store.evolve-fitness.eu\/sv\/wp-json\/wp\/v2\/product\/58610","targetHints":{"allow":["GET"]}}],"collection":[{"href":"https:\/\/store.evolve-fitness.eu\/sv\/wp-json\/wp\/v2\/product"}],"about":[{"href":"https:\/\/store.evolve-fitness.eu\/sv\/wp-json\/wp\/v2\/types\/product"}],"wp:featuredmedia":[{"embeddable":true,"href":"https:\/\/store.evolve-fitness.eu\/sv\/wp-json\/wp\/v2\/media\/58614"}],"wp:attachment":[{"href":"https:\/\/store.evolve-fitness.eu\/sv\/wp-json\/wp\/v2\/media?parent=58610"}],"wp:term":[{"taxonomy":"product_cat","embeddable":true,"href":"https:\/\/store.evolve-fitness.eu\/sv\/wp-json\/wp\/v2\/product_cat?post=58610"},{"taxonomy":"product_tag","embeddable":true,"href":"https:\/\/store.evolve-fitness.eu\/sv\/wp-json\/wp\/v2\/product_tag?post=58610"}],"curies":[{"name":"wp","href":"https:\/\/api.w.org\/{rel}","templated":true}]}}