{"id":56388,"date":"2024-01-29T13:33:58","date_gmt":"2024-01-29T13:33:58","guid":{"rendered":"https:\/\/store.evolve-fitness.eu\/product\/evolve-ultra-series-plattbelastad-magcirkel\/"},"modified":"2024-05-27T08:05:57","modified_gmt":"2024-05-27T08:05:57","slug":"evolve-ultra-series-plattbelastad-magcirkel","status":"publish","type":"product","link":"https:\/\/store.evolve-fitness.eu\/sv\/produkt\/evolve-ultra-series-plattbelastad-magcirkel\/","title":{"rendered":"Evolve Ultra Series plattbelastad magcirkel"},"content":{"rendered":"\n<section class=\"wp-block-group alignfull black-content has-white-color has-darkgray-background-color has-text-color has-background is-layout-constrained wp-block-group-is-layout-constrained\" style=\"padding-top:var(--wp--preset--spacing--section-bottom);padding-bottom:var(--wp--preset--spacing--section-bottom)\">\n<h3 class=\"wp-block-heading has-text-align-center\"><strong><strong><strong>EVOLVE PL\u00c5TBELASTAD ULTRASERIE<\/strong><\/strong><\/strong><\/h3>\n\n\n\n<p>Evolve Plate Loaded Ultra Series \u00e4r sinnebilden f\u00f6r kvalitet och erbjuder f\u00f6rstklassig kvalitet till b\u00e4sta m\u00f6jliga pris. F\u00f6rb\u00e4ttra din styrketr\u00e4ning med utrustning som kombinerar lyx, prestanda och prisv\u00e4rdhet. Utforska det kompletta sortimentet idag och upplev fitness som aldrig f\u00f6rr.<\/p>\n\n\n\n<section class=\"wp-block-group alignfull black-content has-white-color has-darkgray-background-color has-text-color has-background is-layout-constrained wp-block-group-is-layout-constrained\" style=\"padding-top:var(--wp--preset--spacing--section-bottom);padding-bottom:var(--wp--preset--spacing--section-bottom)\">\n<div class=\"wp-block-columns alignwide mobile-reverse is-layout-flex wp-container-core-columns-is-layout-ca64bf2d wp-block-columns-is-layout-flex\" style=\"margin-bottom:var(--wp--preset--spacing--side-padding)\">\n<div class=\"wp-block-column is-vertically-aligned-center is-layout-flow wp-block-column-is-layout-flow\">\n<figure class=\"wp-block-image alignleft size-full is-resized is-style-rounded\"><img loading=\"lazy\" decoding=\"async\" width=\"810\" height=\"810\" src=\"https:\/\/store.evolve-fitness.eu\/wp-content\/uploads\/2024\/05\/Dizainas-be-pavadinimo-73.png\" alt=\"\" class=\"wp-image-62699\" style=\"aspect-ratio:1.1333333333333333;object-fit:cover;width:900px;height:auto\" srcset=\"https:\/\/store.evolve-fitness.eu\/wp-content\/uploads\/2024\/05\/Dizainas-be-pavadinimo-73.png 810w, https:\/\/store.evolve-fitness.eu\/wp-content\/uploads\/2024\/05\/Dizainas-be-pavadinimo-73-300x300.png 300w, https:\/\/store.evolve-fitness.eu\/wp-content\/uploads\/2024\/05\/Dizainas-be-pavadinimo-73-150x150.png 150w, https:\/\/store.evolve-fitness.eu\/wp-content\/uploads\/2024\/05\/Dizainas-be-pavadinimo-73-768x768.png 768w, https:\/\/store.evolve-fitness.eu\/wp-content\/uploads\/2024\/05\/Dizainas-be-pavadinimo-73-600x600.png 600w, https:\/\/store.evolve-fitness.eu\/wp-content\/uploads\/2024\/05\/Dizainas-be-pavadinimo-73-100x100.png 100w\" sizes=\"auto, (max-width: 810px) 100vw, 810px\" \/><\/figure>\n<\/div>\n\n\n\n<div class=\"wp-block-column is-vertically-aligned-center is-layout-flow wp-block-column-is-layout-flow\">\n<h3 class=\"wp-block-heading\" style=\"margin-bottom:var(--wp--preset--spacing--h-3-bottom)\"><strong><strong><strong><strong>Justerbar sittposition<\/strong><\/strong><\/strong><\/strong><\/h3>\n\n\n\n<p><strong><strong>Enkel anpassning i livfullt gult<\/strong><\/strong><\/p>\n\n\n\n<p style=\"margin-bottom:var(--wp--preset--spacing--tb-section-padding)\">V\u00e5ra maskiner har en <strong>justerbar sittposition<\/strong> med justeringsrattar och handtag i ljust, l\u00e4tt\u00f6versk\u00e5dligt gult. Den anv\u00e4ndarv\u00e4nliga designen g\u00f6r det enkelt att anpassa tr\u00e4ningen s\u00e5 att den passar dina \u00f6nskem\u00e5l.<\/p>\n\n\n\n<h3 class=\"wp-block-heading\" style=\"margin-bottom:var(--wp--preset--spacing--h-3-bottom)\"><strong><strong><strong><strong><strong><strong><strong><strong>Kompromissl\u00f6s h\u00e5llbarhet<\/strong><\/strong><\/strong><\/strong><\/strong><\/strong><\/strong><\/strong><\/h3>\n\n\n\n<p><strong><em><strong><strong><strong><strong><strong>Bultar och muttrar i rostfritt st\u00e5l<\/strong><\/strong><\/strong><\/strong><\/strong><\/em><\/strong><\/p>\n\n\n\n<p>Varje detalj \u00e4r viktig i Ultra-serien. D\u00e4rf\u00f6r \u00e4r alla bultar och muttrar tillverkade av <strong>rostfritt st\u00e5l<\/strong> f\u00f6r att garantera kompromissl\u00f6s h\u00e5llbarhet och l\u00e5ng livsl\u00e4ngd.<\/p>\n<\/div>\n<\/div>\n\n\n\n<div class=\"wp-block-columns alignwide mobile-reverse is-layout-flex wp-container-core-columns-is-layout-ca64bf2d wp-block-columns-is-layout-flex\" style=\"margin-bottom:var(--wp--preset--spacing--side-padding)\">\n<div class=\"wp-block-column is-vertically-aligned-center is-layout-flow wp-block-column-is-layout-flow\">\n<h3 class=\"wp-block-heading\"><strong>HALKFRIA HANDTAG<\/strong><\/h3>\n\n\n\n<p><strong><em><strong>S\u00e4kert grepp f\u00f6r trygghet och f\u00f6rtroende<\/strong><\/em><\/strong><\/p>\n\n\n\n<p style=\"margin-bottom:var(--wp--preset--spacing--tb-section-padding)\">Prioritera s\u00e4kerhet och f\u00f6rtroende med v\u00e5ra <strong>halkfria handtag<\/strong>. De ger ett s\u00e4kert grepp och minskar risken f\u00f6r olyckor under tr\u00e4ningspasset.<\/p>\n\n\n\n<h3 class=\"wp-block-heading\" style=\"margin-bottom:var(--wp--preset--spacing--h-3-bottom)\"><strong><strong><strong><strong><strong><strong><strong>Slitstarka golvskydd<\/strong><\/strong><\/strong><\/strong><\/strong><\/strong><\/strong><\/h3>\n\n\n\n<p><strong><em><strong><strong><strong><strong>Bevara golvet i ditt gym<\/strong><\/strong><\/strong><\/strong><\/em><\/strong><\/p>\n\n\n\n<p style=\"margin-bottom:var(--wp--preset--spacing--tb-section-padding)\">V\u00e5r utrustning \u00e4r utrustad med <strong>slitstarka golvskydd<\/strong> som skyddar ditt gym mot skador och repor, \u00e4ven under intensiva tr\u00e4ningspass.<\/p>\n<\/div>\n\n\n\n<div class=\"wp-block-column is-vertically-aligned-center is-layout-flow wp-block-column-is-layout-flow\">\n<figure class=\"wp-block-image size-full is-resized is-style-rounded\"><img loading=\"lazy\" decoding=\"async\" width=\"810\" height=\"810\" src=\"https:\/\/store.evolve-fitness.eu\/wp-content\/uploads\/2024\/05\/Dizainas-be-pavadinimo-74.png\" alt=\"\" class=\"wp-image-62724\" style=\"aspect-ratio:0.7496757457846952;object-fit:cover;width:654px;height:auto\" srcset=\"https:\/\/store.evolve-fitness.eu\/wp-content\/uploads\/2024\/05\/Dizainas-be-pavadinimo-74.png 810w, https:\/\/store.evolve-fitness.eu\/wp-content\/uploads\/2024\/05\/Dizainas-be-pavadinimo-74-300x300.png 300w, https:\/\/store.evolve-fitness.eu\/wp-content\/uploads\/2024\/05\/Dizainas-be-pavadinimo-74-150x150.png 150w, https:\/\/store.evolve-fitness.eu\/wp-content\/uploads\/2024\/05\/Dizainas-be-pavadinimo-74-768x768.png 768w, https:\/\/store.evolve-fitness.eu\/wp-content\/uploads\/2024\/05\/Dizainas-be-pavadinimo-74-600x600.png 600w, https:\/\/store.evolve-fitness.eu\/wp-content\/uploads\/2024\/05\/Dizainas-be-pavadinimo-74-100x100.png 100w\" sizes=\"auto, (max-width: 810px) 100vw, 810px\" \/><\/figure>\n<\/div>\n<\/div>\n\n\n\n<div class=\"wp-block-columns alignwide mobile-reverse is-layout-flex wp-container-core-columns-is-layout-ca64bf2d wp-block-columns-is-layout-flex\" style=\"margin-bottom:var(--wp--preset--spacing--side-padding)\">\n<div class=\"wp-block-column is-vertically-aligned-center is-layout-flow wp-block-column-is-layout-flow\">\n<figure class=\"wp-block-image size-full is-resized is-style-rounded\"><img loading=\"lazy\" decoding=\"async\" width=\"810\" height=\"810\" src=\"https:\/\/store.evolve-fitness.eu\/wp-content\/uploads\/2024\/05\/Dizainas-be-pavadinimo-75.png\" alt=\"\" class=\"wp-image-62749\" style=\"aspect-ratio:1.1333333333333333;object-fit:cover;width:860px;height:auto\" srcset=\"https:\/\/store.evolve-fitness.eu\/wp-content\/uploads\/2024\/05\/Dizainas-be-pavadinimo-75.png 810w, https:\/\/store.evolve-fitness.eu\/wp-content\/uploads\/2024\/05\/Dizainas-be-pavadinimo-75-300x300.png 300w, https:\/\/store.evolve-fitness.eu\/wp-content\/uploads\/2024\/05\/Dizainas-be-pavadinimo-75-150x150.png 150w, https:\/\/store.evolve-fitness.eu\/wp-content\/uploads\/2024\/05\/Dizainas-be-pavadinimo-75-768x768.png 768w, https:\/\/store.evolve-fitness.eu\/wp-content\/uploads\/2024\/05\/Dizainas-be-pavadinimo-75-600x600.png 600w, https:\/\/store.evolve-fitness.eu\/wp-content\/uploads\/2024\/05\/Dizainas-be-pavadinimo-75-100x100.png 100w\" sizes=\"auto, (max-width: 810px) 100vw, 810px\" \/><\/figure>\n<\/div>\n\n\n\n<div class=\"wp-block-column is-vertically-aligned-center is-layout-flow wp-block-column-is-layout-flow\">\n<h3 class=\"wp-block-heading\" style=\"margin-bottom:var(--wp--preset--spacing--h-3-bottom)\"><strong><strong><strong><strong><strong><strong><strong><strong>Varaktig prestanda<\/strong><\/strong><\/strong><\/strong><\/strong><\/strong><\/strong><\/strong><\/h3>\n\n\n\n<p><strong><em><strong><strong><strong><strong><strong>Premiumkvalitet, kraftigt PU-l\u00e4der<\/strong><\/strong><\/strong><\/strong><\/strong><\/em><\/strong><\/p>\n\n\n\n<p style=\"margin-bottom:var(--wp--preset--spacing--tb-section-padding)\">Upplev enast\u00e5ende komfort och prestanda med v\u00e5r <strong>kraftiga PU-l\u00e4derkl\u00e4dsel av premiumkvalitet<\/strong>. Den kombinerar h\u00e5llbarhet med visuell attraktionskraft och erbjuder det b\u00e4sta inom tr\u00e4ningslyx.<\/p>\n\n\n\n<h3 class=\"wp-block-heading\" style=\"margin-bottom:var(--wp--preset--spacing--h-3-bottom)\"><strong><strong><strong><strong><strong><strong><strong><strong><strong>Varaktig finish<\/strong><\/strong><\/strong><\/strong><\/strong><\/strong><\/strong><\/strong><\/strong><\/h3>\n\n\n\n<p><strong><em><strong><strong><strong><strong><strong><strong>Elektrostatisk sprutningsteknik f\u00f6r h\u00e4rdplastpulver<\/strong><\/strong><\/strong><\/strong><\/strong><\/strong><\/em><\/strong><\/p>\n\n\n\n<p>V\u00e5ra maskiner har <strong>elektrostatisk sprutteknik med h\u00e4rdplastpulver<\/strong> som s\u00e4kerst\u00e4ller en h\u00e5llbar finish. Denna avancerade bel\u00e4ggning bibeh\u00e5ller utrustningens visuella utseende \u00f6ver tid.<\/p>\n<\/div>\n<\/div>\n<\/section>\n<\/section>\n\n<p><\/p>\n","protected":false},"excerpt":{"rendered":"<p>Evolve UL-250 Plate Loaded Abdominal Crunch \u00e4r en h\u00e5llbar och effektiv maskin av kommersiell kvalitet f\u00f6r magtr\u00e4ning. Med en solid st\u00e5lram, halkfria handtag, justerbar sittvinkel och kompatibilitet med 50-51 mm olympiska vikter \u00e4r den perfekt f\u00f6r professionella gym och seri\u00f6sa hemanv\u00e4ndare. Dess premiumkl\u00e4dsel i PU-l\u00e4der, golvskydd och maxlastkapacitet p\u00e5 200 kg g\u00f6r den till ett bekv\u00e4mt och l\u00e5ngvarigt val. Dessutom har den 2 \u00e5rs garanti, vilket garanterar tillf\u00f6rlitlighet i din tr\u00e4ningsrutin.  <\/p>\n","protected":false},"featured_media":61228,"template":"","meta":{"_acf_changed":false,"inline_featured_image":false},"product_cat":[550,773,774],"product_tag":[],"class_list":{"0":"post-56388","1":"product","2":"type-product","3":"status-publish","4":"has-post-thumbnail","6":"product_cat-startsida","7":"product_cat-platbelastade-maskiner","8":"product_cat-ultra-series-platbelastad","10":"first","11":"instock","12":"shipping-taxable","13":"purchasable","14":"product-type-simple"},"acf":[],"_links":{"self":[{"href":"https:\/\/store.evolve-fitness.eu\/sv\/wp-json\/wp\/v2\/product\/56388","targetHints":{"allow":["GET"]}}],"collection":[{"href":"https:\/\/store.evolve-fitness.eu\/sv\/wp-json\/wp\/v2\/product"}],"about":[{"href":"https:\/\/store.evolve-fitness.eu\/sv\/wp-json\/wp\/v2\/types\/product"}],"wp:featuredmedia":[{"embeddable":true,"href":"https:\/\/store.evolve-fitness.eu\/sv\/wp-json\/wp\/v2\/media\/61228"}],"wp:attachment":[{"href":"https:\/\/store.evolve-fitness.eu\/sv\/wp-json\/wp\/v2\/media?parent=56388"}],"wp:term":[{"taxonomy":"product_cat","embeddable":true,"href":"https:\/\/store.evolve-fitness.eu\/sv\/wp-json\/wp\/v2\/product_cat?post=56388"},{"taxonomy":"product_tag","embeddable":true,"href":"https:\/\/store.evolve-fitness.eu\/sv\/wp-json\/wp\/v2\/product_tag?post=56388"}],"curies":[{"name":"wp","href":"https:\/\/api.w.org\/{rel}","templated":true}]}}