{"id":55931,"date":"2024-01-29T11:02:31","date_gmt":"2024-01-29T11:02:31","guid":{"rendered":"https:\/\/store.evolve-fitness.eu\/product\/evolve-squat-block\/"},"modified":"2026-04-29T12:01:15","modified_gmt":"2026-04-29T12:01:15","slug":"evolve-squat-block","status":"publish","type":"product","link":"https:\/\/store.evolve-fitness.eu\/sv\/produkt\/evolve-squat-block\/","title":{"rendered":"Evolve Squat Block"},"content":{"rendered":"\n<section class=\"wp-block-group alignfull black-content has-white-color has-darkgray-background-color has-text-color has-background is-layout-constrained wp-block-group-is-layout-constrained\" style=\"padding-top:var(--wp--preset--spacing--section-bottom);padding-bottom:var(--wp--preset--spacing--section-bottom)\">\n<div class=\"wp-block-columns alignwide mobile-reverse is-layout-flex wp-container-core-columns-is-layout-ca64bf2d wp-block-columns-is-layout-flex\" style=\"margin-bottom:var(--wp--preset--spacing--side-padding)\">\n<div class=\"wp-block-column is-vertically-aligned-center is-layout-flow wp-block-column-is-layout-flow\">\n<h3 class=\"wp-block-heading\" style=\"margin-bottom:var(--wp--preset--spacing--h-3-bottom)\"><strong>Evolve Squat Block<\/strong><\/h3>\n\n\n\n<p><strong><em>F\u00f6rb\u00e4ttra din tr\u00e4ning p\u00e5 bendagen<\/em><\/strong><\/p>\n\n\n\n<p style=\"margin-bottom:var(--wp--preset--spacing--tb-section-padding)\">Evolve Squat Block \u00e4r ett m\u00e5ngsidigt verktyg som \u00e4r utformat f\u00f6r att f\u00f6rb\u00e4ttra dina ben\u00f6vningar. Den \u00e4r idealisk f\u00f6r kn\u00e4b\u00f6j, vadlyft och utfall och erbjuder en stabil plattform som f\u00f6rb\u00e4ttrar din form och minskar risken f\u00f6r skador. Kn\u00e4b\u00f6j med blocket kan hj\u00e4lpa till att rikta in dig p\u00e5 quadriceps och s\u00e4tesmusklerna mer effektivt, medan kalvh\u00f6jningar fokuserar p\u00e5 underbenen f\u00f6r b\u00e4ttre muskeldefinition. Utfall som utf\u00f6rs p\u00e5 blocket kan \u00f6ka balans och styrka.<\/p>\n<\/div>\n\n\n\n<div class=\"wp-block-column is-vertically-aligned-center is-layout-flow wp-block-column-is-layout-flow\">\n<figure class=\"wp-block-video\"><video autoplay=\"\" controls=\"\" loop=\"\" muted=\"\" src=\"https:\/\/evolve-fitness.eu\/wp-content\/uploads\/2024\/07\/EV-AC-WO-SQB.mp4\"><\/video><\/figure>\n<\/div>\n<\/div>\n<\/section>\n","protected":false},"excerpt":{"rendered":"<p>F\u00f6rb\u00e4ttra dina ben\u00f6vningar med Evolve Squat Block, ett m\u00e5ngsidigt och viktigt tillskott till ditt hemmagym. Squatblocket \u00e4r konstruerat f\u00f6r h\u00e5llbarhet och stabilitet och ger en s\u00e4ker plattform f\u00f6r att utf\u00f6ra squats och olika ben\u00f6vningar. Den justerbara h\u00f6jden g\u00f6r att den kan anpassas till olika konditionsniv\u00e5er och tr\u00e4ningspreferenser. Den kompakta och robusta designen g\u00f6r den l\u00e4tt att integrera i din tr\u00e4ningsrutin, fr\u00e4mjar korrekt form och maximerar effektiviteten i din bentr\u00e4ning. F\u00f6rb\u00e4ttra din styrka i underkroppen och uppn\u00e5 dina tr\u00e4ningsm\u00e5l med Evolve Squat Block, ett kompakt kraftpaket f\u00f6r tr\u00e4ningsentusiaster i hemmet.<\/p>\n","protected":false},"featured_media":55933,"template":"","meta":{"_acf_changed":false,"inline_featured_image":false},"product_cat":[2408,623,625],"product_tag":[],"class_list":{"0":"post-55931","1":"product","2":"type-product","3":"status-publish","4":"has-post-thumbnail","6":"product_cat-hyrox-redskap","7":"product_cat-korsvis-funktionell","8":"product_cat-funktionell-utrustning","10":"first","11":"instock","12":"shipping-taxable","13":"purchasable","14":"product-type-simple"},"acf":[],"_links":{"self":[{"href":"https:\/\/store.evolve-fitness.eu\/sv\/wp-json\/wp\/v2\/product\/55931","targetHints":{"allow":["GET"]}}],"collection":[{"href":"https:\/\/store.evolve-fitness.eu\/sv\/wp-json\/wp\/v2\/product"}],"about":[{"href":"https:\/\/store.evolve-fitness.eu\/sv\/wp-json\/wp\/v2\/types\/product"}],"wp:featuredmedia":[{"embeddable":true,"href":"https:\/\/store.evolve-fitness.eu\/sv\/wp-json\/wp\/v2\/media\/55933"}],"wp:attachment":[{"href":"https:\/\/store.evolve-fitness.eu\/sv\/wp-json\/wp\/v2\/media?parent=55931"}],"wp:term":[{"taxonomy":"product_cat","embeddable":true,"href":"https:\/\/store.evolve-fitness.eu\/sv\/wp-json\/wp\/v2\/product_cat?post=55931"},{"taxonomy":"product_tag","embeddable":true,"href":"https:\/\/store.evolve-fitness.eu\/sv\/wp-json\/wp\/v2\/product_tag?post=55931"}],"curies":[{"name":"wp","href":"https:\/\/api.w.org\/{rel}","templated":true}]}}