{"id":55870,"date":"2024-01-29T12:53:48","date_gmt":"2024-01-29T12:53:48","guid":{"rendered":"https:\/\/store.evolve-fitness.eu\/product\/evolve-ultra-series-platta-v-squat\/"},"modified":"2024-05-27T08:29:21","modified_gmt":"2024-05-27T08:29:21","slug":"evolve-ultra-series-platta-v-squat","status":"publish","type":"product","link":"https:\/\/store.evolve-fitness.eu\/sv\/produkt\/evolve-ultra-series-platta-v-squat\/","title":{"rendered":"Evolve Ultra Series Platta V-Squat"},"content":{"rendered":"\n<p><\/p>\n\n<section class=\"wp-block-group alignfull black-content has-white-color has-darkgray-background-color has-text-color has-background is-layout-constrained wp-block-group-is-layout-constrained\" style=\"padding-top:var(--wp--preset--spacing--section-bottom);padding-bottom:var(--wp--preset--spacing--section-bottom)\">\n<h3 class=\"wp-block-heading has-text-align-center\" style=\"padding-top:var(--wp--preset--spacing--section-title-bottom);padding-bottom:var(--wp--preset--spacing--section-title-bottom)\"><strong><strong><strong>EVOLVE PL\u00c5TBELASTAD ULTRASERIE<\/strong><\/strong><\/strong><\/h3>\n\n\n\n<section class=\"wp-block-group alignfull black-content has-white-color has-darkgray-background-color has-text-color has-background is-layout-constrained wp-block-group-is-layout-constrained\" style=\"margin-bottom:0;padding-top:var(--wp--preset--spacing--tb-padding);padding-bottom:var(--wp--preset--spacing--tb-padding)\">\n<div class=\"wp-block-columns alignwide mobile-reverse is-layout-flex wp-container-core-columns-is-layout-035fa626 wp-block-columns-is-layout-flex\" style=\"margin-bottom:var(--wp--preset--spacing--side-padding);padding-top:var(--wp--preset--spacing--tb-padding);padding-bottom:var(--wp--preset--spacing--tb-padding)\">\n<div class=\"wp-block-column is-vertically-aligned-center is-layout-flow wp-block-column-is-layout-flow\">\n<figure class=\"wp-block-image size-full is-resized is-style-rounded\"><img loading=\"lazy\" decoding=\"async\" width=\"810\" height=\"810\" src=\"https:\/\/store.evolve-fitness.eu\/wp-content\/uploads\/2024\/05\/Dizainas-be-pavadinimo-96.png\" alt=\"\" class=\"wp-image-63207\" style=\"aspect-ratio:1.1333333333333333;object-fit:cover;width:860px;height:auto\" srcset=\"https:\/\/store.evolve-fitness.eu\/wp-content\/uploads\/2024\/05\/Dizainas-be-pavadinimo-96.png 810w, https:\/\/store.evolve-fitness.eu\/wp-content\/uploads\/2024\/05\/Dizainas-be-pavadinimo-96-300x300.png 300w, https:\/\/store.evolve-fitness.eu\/wp-content\/uploads\/2024\/05\/Dizainas-be-pavadinimo-96-150x150.png 150w, https:\/\/store.evolve-fitness.eu\/wp-content\/uploads\/2024\/05\/Dizainas-be-pavadinimo-96-768x768.png 768w, https:\/\/store.evolve-fitness.eu\/wp-content\/uploads\/2024\/05\/Dizainas-be-pavadinimo-96-600x600.png 600w, https:\/\/store.evolve-fitness.eu\/wp-content\/uploads\/2024\/05\/Dizainas-be-pavadinimo-96-100x100.png 100w\" sizes=\"auto, (max-width: 810px) 100vw, 810px\" \/><\/figure>\n<\/div>\n\n\n\n<div class=\"wp-block-column is-vertically-aligned-center is-layout-flow wp-block-column-is-layout-flow\">\n<h3 class=\"wp-block-heading\" style=\"margin-bottom:var(--wp--preset--spacing--h-3-bottom)\"><strong><strong><strong><strong><strong>Organiserad och effektiv<\/strong><\/strong><\/strong><\/strong><\/strong><\/h3>\n\n\n\n<p><strong><em><strong><strong><strong><strong><strong><strong><strong><strong>Pinnar f\u00f6r f\u00f6rvaring av viktskivor<\/strong><\/strong><\/strong><\/strong><\/strong><\/strong><\/strong><\/strong><\/em><\/strong><\/p>\n\n\n\n<p style=\"margin-bottom:var(--wp--preset--spacing--tb-section-padding)\">H\u00e5ll dig organiserad och effektiv med <strong>Pegs f\u00f6r f\u00f6rvaring av viktskivor<\/strong>. H\u00e5ll dina tallrikar inom r\u00e4ckh\u00e5ll och effektivisera dina tr\u00e4ningspass.<\/p>\n\n\n\n<h3 class=\"wp-block-heading\" style=\"margin-bottom:var(--wp--preset--spacing--h-3-bottom)\"><strong><strong><strong><strong><strong><strong><strong><strong>Kompromissl\u00f6s h\u00e5llbarhet<\/strong><\/strong><\/strong><\/strong><\/strong><\/strong><\/strong><\/strong><\/h3>\n\n\n\n<p><strong><em><strong><strong><strong><strong><strong>Bultar och muttrar i rostfritt st\u00e5l<\/strong><\/strong><\/strong><\/strong><\/strong><\/em><\/strong><\/p>\n\n\n\n<p style=\"margin-bottom:var(--wp--preset--spacing--tb-section-padding)\">Varje detalj \u00e4r viktig i Ultra-serien. D\u00e4rf\u00f6r \u00e4r alla bultar och muttrar tillverkade av <strong>rostfritt st\u00e5l<\/strong> f\u00f6r att garantera kompromissl\u00f6s h\u00e5llbarhet och l\u00e5ng livsl\u00e4ngd.<\/p>\n<\/div>\n<\/div>\n\n\n\n<div class=\"wp-block-columns alignwide mobile-reverse is-layout-flex wp-container-core-columns-is-layout-7a02faa9 wp-block-columns-is-layout-flex\" style=\"margin-bottom:var(--wp--preset--spacing--tb-section-padding)\">\n<div class=\"wp-block-column is-vertically-aligned-center is-layout-flow wp-block-column-is-layout-flow\">\n<h3 class=\"wp-block-heading\" style=\"margin-bottom:var(--wp--preset--spacing--h-3-bottom)\"><strong><strong><strong><strong><strong><strong><strong><strong>Varaktig prestanda<\/strong><\/strong><\/strong><\/strong><\/strong><\/strong><\/strong><\/strong><\/h3>\n\n\n\n<p><strong><em><strong><strong><strong><strong><strong>Premiumkvalitet, kraftigt PU-l\u00e4der<\/strong><\/strong><\/strong><\/strong><\/strong><\/em><\/strong><\/p>\n\n\n\n<p style=\"margin-bottom:var(--wp--preset--spacing--tb-section-padding)\">Upplev enast\u00e5ende komfort och prestanda med v\u00e5r <strong>kraftiga PU-l\u00e4derkl\u00e4dsel av premiumkvalitet<\/strong>. Den kombinerar h\u00e5llbarhet med visuell attraktionskraft och erbjuder det b\u00e4sta inom tr\u00e4ningslyx.<\/p>\n\n\n\n<h3 class=\"wp-block-heading\"><strong>HALKFRIA HANDTAG<\/strong><\/h3>\n\n\n\n<p><strong><em><strong>S\u00e4kert grepp f\u00f6r trygghet och f\u00f6rtroende<\/strong><\/em><\/strong><\/p>\n\n\n\n<p>Prioritera s\u00e4kerhet och f\u00f6rtroende med v\u00e5ra <strong>halkfria handtag<\/strong>. De ger ett s\u00e4kert grepp och minskar risken f\u00f6r olyckor under tr\u00e4ningspasset.<\/p>\n<\/div>\n\n\n\n<div class=\"wp-block-column is-vertically-aligned-center is-layout-flow wp-block-column-is-layout-flow\">\n<figure class=\"wp-block-image size-full is-resized is-style-rounded\"><img loading=\"lazy\" decoding=\"async\" width=\"1080\" height=\"1080\" src=\"https:\/\/store.evolve-fitness.eu\/wp-content\/uploads\/2024\/05\/Dizainas-be-pavadinimo-97.png\" alt=\"\" class=\"wp-image-63232\" style=\"aspect-ratio:1.1333333333333333;object-fit:cover;width:739px;height:auto\" srcset=\"https:\/\/store.evolve-fitness.eu\/wp-content\/uploads\/2024\/05\/Dizainas-be-pavadinimo-97.png 1080w, https:\/\/store.evolve-fitness.eu\/wp-content\/uploads\/2024\/05\/Dizainas-be-pavadinimo-97-300x300.png 300w, https:\/\/store.evolve-fitness.eu\/wp-content\/uploads\/2024\/05\/Dizainas-be-pavadinimo-97-1024x1024.png 1024w, https:\/\/store.evolve-fitness.eu\/wp-content\/uploads\/2024\/05\/Dizainas-be-pavadinimo-97-150x150.png 150w, https:\/\/store.evolve-fitness.eu\/wp-content\/uploads\/2024\/05\/Dizainas-be-pavadinimo-97-768x768.png 768w, https:\/\/store.evolve-fitness.eu\/wp-content\/uploads\/2024\/05\/Dizainas-be-pavadinimo-97-600x600.png 600w, https:\/\/store.evolve-fitness.eu\/wp-content\/uploads\/2024\/05\/Dizainas-be-pavadinimo-97-100x100.png 100w\" sizes=\"auto, (max-width: 1080px) 100vw, 1080px\" \/><\/figure>\n<\/div>\n<\/div>\n\n\n\n<div class=\"wp-block-columns alignwide mobile-reverse is-layout-flex wp-container-core-columns-is-layout-7a02faa9 wp-block-columns-is-layout-flex\" style=\"margin-bottom:var(--wp--preset--spacing--tb-section-padding)\">\n<div class=\"wp-block-column is-vertically-aligned-center is-layout-flow wp-block-column-is-layout-flow\">\n<figure class=\"wp-block-image alignleft size-full is-resized is-style-rounded\"><img decoding=\"async\" src=\"https:\/\/evolve-fitness.eu\/wp-content\/uploads\/2023\/11\/EV-PL-UL-380-Recovered-edited-1.png\" alt=\"\" class=\"wp-image-6156\" style=\"aspect-ratio:1.1333333333333333;object-fit:cover;width:665px;height:auto\"\/><\/figure>\n<\/div>\n\n\n\n<div class=\"wp-block-column is-vertically-aligned-center is-layout-flow wp-block-column-is-layout-flow\">\n<h3 class=\"wp-block-heading\" style=\"margin-bottom:var(--wp--preset--spacing--h-3-bottom)\"><strong><strong><strong><strong><strong><strong><strong>Slitstarka golvskydd<\/strong><\/strong><\/strong><\/strong><\/strong><\/strong><\/strong><\/h3>\n\n\n\n<p><strong><em><strong><strong><strong><strong>Bevara golvet i ditt gym<\/strong><\/strong><\/strong><\/strong><\/em><\/strong><\/p>\n\n\n\n<p style=\"margin-bottom:var(--wp--preset--spacing--tb-section-padding)\">V\u00e5r utrustning \u00e4r utrustad med <strong>slitstarka golvskydd<\/strong> som skyddar ditt gym mot skador och repor, \u00e4ven under intensiva tr\u00e4ningspass.<\/p>\n\n\n\n<h3 class=\"wp-block-heading\" style=\"margin-bottom:var(--wp--preset--spacing--h-3-bottom)\"><strong><strong><strong><strong><strong><strong><strong><strong><strong>Varaktig finish<\/strong><\/strong><\/strong><\/strong><\/strong><\/strong><\/strong><\/strong><\/strong><\/h3>\n\n\n\n<p><strong><em><strong><strong><strong><strong><strong><strong>Elektrostatisk sprutningsteknik f\u00f6r h\u00e4rdplastpulver<\/strong><\/strong><\/strong><\/strong><\/strong><\/strong><\/em><\/strong><\/p>\n\n\n\n<p>V\u00e5ra maskiner har <strong>elektrostatisk sprutteknik med h\u00e4rdplastpulver<\/strong> som s\u00e4kerst\u00e4ller en h\u00e5llbar finish. Denna avancerade bel\u00e4ggning bibeh\u00e5ller utrustningens visuella utseende \u00f6ver tid.<\/p>\n<\/div>\n<\/div>\n\n\n\n<div class=\"wp-block-columns alignwide mobile-reverse is-layout-flex wp-container-core-columns-is-layout-ca64bf2d wp-block-columns-is-layout-flex\" style=\"margin-bottom:var(--wp--preset--spacing--side-padding)\">\n<div class=\"wp-block-column is-vertically-aligned-center is-layout-flow wp-block-column-is-layout-flow\"><\/div>\n<\/div>\n<\/section>\n<\/section>\n","protected":false},"excerpt":{"rendered":"<p>Upplev det ultimata inom styrketr\u00e4ning med Evolve Ultra Series Plate V-Squat, UL-380, en f\u00f6rstklassig tr\u00e4ningsutrustning som \u00e4r utformad f\u00f6r b\u00e5de h\u00e5llbarhet och prestanda. Maskinen har organiserade f\u00f6rvaringsf\u00e4sten f\u00f6r viktplattor, vilket ger en str\u00f6mlinjeformad tr\u00e4ningsupplevelse. Bultar och muttrar i rostfritt st\u00e5l ger kompromissl\u00f6s h\u00e5llbarhet, medan den kraftiga PU-l\u00e4derkl\u00e4dseln kombinerar komfort med ett lyxigt utseende. S\u00e4kerheten \u00e4r av yttersta vikt, med halkfria handtag som ger ett s\u00e4kert grepp f\u00f6r att \u00f6ka sj\u00e4lvf\u00f6rtroendet under tr\u00e4ningen. Skydda ditt gymgolv med de medf\u00f6ljande slitstarka golvskydden och njut av den h\u00e5llbara finishen p\u00e5 v\u00e5r utrustning, tack vare den elektrostatiska spruttekniken med h\u00e4rdplastpulver. UL-380, som v\u00e4ger 206 kg, har 2 \u00e5rs garanti och tekniska funktioner som justerbara sittpositioner, vilket g\u00f6r den till ett perfekt val f\u00f6r en f\u00f6rstklassig tr\u00e4ningsupplevelse. L\u00e4gg till denna robusta och effektiva maskin till ditt gym idag och f\u00f6rb\u00e4ttra ditt tr\u00e4ningsprogram.<\/p>\n","protected":false},"featured_media":61556,"template":"","meta":{"_acf_changed":false,"inline_featured_image":false},"product_cat":[550,773,774],"product_tag":[],"class_list":{"0":"post-55870","1":"product","2":"type-product","3":"status-publish","4":"has-post-thumbnail","6":"product_cat-startsida","7":"product_cat-platbelastade-maskiner","8":"product_cat-ultra-series-platbelastad","10":"first","11":"instock","12":"shipping-taxable","13":"purchasable","14":"product-type-simple"},"acf":[],"_links":{"self":[{"href":"https:\/\/store.evolve-fitness.eu\/sv\/wp-json\/wp\/v2\/product\/55870","targetHints":{"allow":["GET"]}}],"collection":[{"href":"https:\/\/store.evolve-fitness.eu\/sv\/wp-json\/wp\/v2\/product"}],"about":[{"href":"https:\/\/store.evolve-fitness.eu\/sv\/wp-json\/wp\/v2\/types\/product"}],"wp:featuredmedia":[{"embeddable":true,"href":"https:\/\/store.evolve-fitness.eu\/sv\/wp-json\/wp\/v2\/media\/61556"}],"wp:attachment":[{"href":"https:\/\/store.evolve-fitness.eu\/sv\/wp-json\/wp\/v2\/media?parent=55870"}],"wp:term":[{"taxonomy":"product_cat","embeddable":true,"href":"https:\/\/store.evolve-fitness.eu\/sv\/wp-json\/wp\/v2\/product_cat?post=55870"},{"taxonomy":"product_tag","embeddable":true,"href":"https:\/\/store.evolve-fitness.eu\/sv\/wp-json\/wp\/v2\/product_tag?post=55870"}],"curies":[{"name":"wp","href":"https:\/\/api.w.org\/{rel}","templated":true}]}}