{"id":55767,"date":"2024-01-26T14:20:10","date_gmt":"2024-01-26T14:20:10","guid":{"rendered":"https:\/\/store.evolve-fitness.eu\/product\/evolve-band-krokfaste\/"},"modified":"2024-08-06T12:59:53","modified_gmt":"2024-08-06T12:59:53","slug":"evolve-band-krokfaste","status":"publish","type":"product","link":"https:\/\/store.evolve-fitness.eu\/sv\/produkt\/evolve-band-krokfaste\/","title":{"rendered":"Evolve Band Krokf\u00e4ste"},"content":{"rendered":"","protected":false},"excerpt":{"rendered":"<p>F\u00f6rb\u00e4ttra din motst\u00e5ndstr\u00e4ning med &#8221;Evolve Bands Hook Attachment&#8221; &#8211; ett viktigt verktyg som \u00f6kar m\u00e5ngsidigheten i dina tr\u00e4ningspass.<br \/>\nKrokf\u00e4stet \u00e4r utformat f\u00f6r s\u00f6ml\u00f6s integration med Evolve-systemet och ger en s\u00e4ker f\u00f6rankringspunkt f\u00f6r motst\u00e5ndsband, vilket ger en ny dimension till din tr\u00e4ningsrutin.<br \/>\nOavsett om du siktar p\u00e5 styrka, flexibilitet eller rehabilitering erbjuder det h\u00e4r tillbeh\u00f6ret en dynamisk och anpassningsbar l\u00f6sning.<br \/>\nEvolve Bands hook Attachment \u00e4r byggt f\u00f6r h\u00e5llbarhet och kompatibilitet och \u00e4r ett p\u00e5litligt och effektivt s\u00e4tt att berika din tr\u00e4ningsresa.<br \/>\nFrig\u00f6r den fulla potentialen i dina tr\u00e4ningspass och upplev olika tr\u00e4ningsm\u00f6jligheter med detta viktiga tillbeh\u00f6r, vilket g\u00f6r varje session till en givande och effektfull tr\u00e4ningsupplevelse.      <\/p>\n","protected":false},"featured_media":55773,"template":"","meta":{"_acf_changed":false,"inline_featured_image":false},"product_cat":[550,623,642,646],"product_tag":[],"class_list":{"0":"post-55767","1":"product","2":"type-product","3":"status-publish","4":"has-post-thumbnail","6":"product_cat-startsida","7":"product_cat-korsvis-funktionell","8":"product_cat-komponenter-till-riggen","9":"product_cat-tillbehor","11":"first","12":"instock","13":"shipping-taxable","14":"purchasable","15":"product-type-simple"},"acf":[],"_links":{"self":[{"href":"https:\/\/store.evolve-fitness.eu\/sv\/wp-json\/wp\/v2\/product\/55767","targetHints":{"allow":["GET"]}}],"collection":[{"href":"https:\/\/store.evolve-fitness.eu\/sv\/wp-json\/wp\/v2\/product"}],"about":[{"href":"https:\/\/store.evolve-fitness.eu\/sv\/wp-json\/wp\/v2\/types\/product"}],"wp:featuredmedia":[{"embeddable":true,"href":"https:\/\/store.evolve-fitness.eu\/sv\/wp-json\/wp\/v2\/media\/55773"}],"wp:attachment":[{"href":"https:\/\/store.evolve-fitness.eu\/sv\/wp-json\/wp\/v2\/media?parent=55767"}],"wp:term":[{"taxonomy":"product_cat","embeddable":true,"href":"https:\/\/store.evolve-fitness.eu\/sv\/wp-json\/wp\/v2\/product_cat?post=55767"},{"taxonomy":"product_tag","embeddable":true,"href":"https:\/\/store.evolve-fitness.eu\/sv\/wp-json\/wp\/v2\/product_tag?post=55767"}],"curies":[{"name":"wp","href":"https:\/\/api.w.org\/{rel}","templated":true}]}}