{"id":55495,"date":"2024-01-26T14:10:01","date_gmt":"2024-01-26T14:10:01","guid":{"rendered":"https:\/\/store.evolve-fitness.eu\/product\/evolve-hallare-for-kettlebell-och-medicinboll\/"},"modified":"2024-08-06T13:02:34","modified_gmt":"2024-08-06T13:02:34","slug":"evolve-hallare-for-kettlebell-och-medicinboll","status":"publish","type":"product","link":"https:\/\/store.evolve-fitness.eu\/sv\/produkt\/evolve-hallare-for-kettlebell-och-medicinboll\/","title":{"rendered":"Evolve h\u00e5llare f\u00f6r kettlebell och medicinboll"},"content":{"rendered":"","protected":false},"excerpt":{"rendered":"<p>Organisera ditt gymutrymme p\u00e5 ett effektivt s\u00e4tt med Evolve Kettlebell and Medicine Ball Holder.<br \/>\nDen h\u00e4r robusta f\u00f6rvaringsl\u00f6sningen h\u00e5ller ditt tr\u00e4ningsomr\u00e5de fritt fr\u00e5n r\u00f6ran och dina kettlebells och medicinbollar l\u00e4tt\u00e5tkomliga.<br \/>\nH\u00e5llaren \u00e4r utformad med h\u00e5llbarhet i \u00e5tanke och \u00e4r ett snyggt tillskott till din gyminstallation.<br \/>\nDen utrymmesbesparande designen g\u00f6r att du kan optimera din tr\u00e4ningsmilj\u00f6 och fr\u00e4mja ett str\u00f6mlinjeformat och effektivt tr\u00e4ningsutrymme.<br \/>\nF\u00f6rb\u00e4ttra din tr\u00e4ningsrutin med Evolve Kettlebell and Medicine Ball Holder, ett m\u00e5ste-ha-tillbeh\u00f6r f\u00f6r ett v\u00e4lorganiserat och funktionellt gym.      <\/p>\n","protected":false},"featured_media":55507,"template":"","meta":{"_acf_changed":false,"inline_featured_image":false},"product_cat":[550,623,642,646],"product_tag":[],"class_list":{"0":"post-55495","1":"product","2":"type-product","3":"status-publish","4":"has-post-thumbnail","6":"product_cat-startsida","7":"product_cat-korsvis-funktionell","8":"product_cat-komponenter-till-riggen","9":"product_cat-tillbehor","11":"first","12":"instock","13":"shipping-taxable","14":"purchasable","15":"product-type-simple"},"acf":[],"_links":{"self":[{"href":"https:\/\/store.evolve-fitness.eu\/sv\/wp-json\/wp\/v2\/product\/55495","targetHints":{"allow":["GET"]}}],"collection":[{"href":"https:\/\/store.evolve-fitness.eu\/sv\/wp-json\/wp\/v2\/product"}],"about":[{"href":"https:\/\/store.evolve-fitness.eu\/sv\/wp-json\/wp\/v2\/types\/product"}],"wp:featuredmedia":[{"embeddable":true,"href":"https:\/\/store.evolve-fitness.eu\/sv\/wp-json\/wp\/v2\/media\/55507"}],"wp:attachment":[{"href":"https:\/\/store.evolve-fitness.eu\/sv\/wp-json\/wp\/v2\/media?parent=55495"}],"wp:term":[{"taxonomy":"product_cat","embeddable":true,"href":"https:\/\/store.evolve-fitness.eu\/sv\/wp-json\/wp\/v2\/product_cat?post=55495"},{"taxonomy":"product_tag","embeddable":true,"href":"https:\/\/store.evolve-fitness.eu\/sv\/wp-json\/wp\/v2\/product_tag?post=55495"}],"curies":[{"name":"wp","href":"https:\/\/api.w.org\/{rel}","templated":true}]}}