{"id":55075,"date":"2024-01-25T14:27:31","date_gmt":"2024-01-25T14:27:31","guid":{"rendered":"https:\/\/store.evolve-fitness.eu\/product\/evolve-pro-funktionella-balten\/"},"modified":"2026-04-16T12:01:09","modified_gmt":"2026-04-16T12:01:09","slug":"evolve-pro-funktionella-balten","status":"publish","type":"product","link":"https:\/\/store.evolve-fitness.eu\/sv\/produkt\/evolve-pro-funktionella-balten\/","title":{"rendered":"Evolve Pro funktionella b\u00e4lten"},"content":{"rendered":"\n<section class=\"wp-block-group alignfull black-content has-white-color has-darkgray-background-color has-text-color has-background is-layout-constrained wp-block-group-is-layout-constrained\" style=\"padding-top:var(--wp--preset--spacing--section-bottom);padding-bottom:var(--wp--preset--spacing--section-bottom)\">\n<div class=\"wp-block-columns alignwide mobile-reverse is-layout-flex wp-container-core-columns-is-layout-ca64bf2d wp-block-columns-is-layout-flex\" style=\"margin-bottom:var(--wp--preset--spacing--side-padding)\">\n<div class=\"wp-block-column is-vertically-aligned-center is-layout-flow wp-block-column-is-layout-flow\">\n<h3 class=\"wp-block-heading\" style=\"margin-bottom:var(--wp--preset--spacing--h-3-bottom)\">funktion s\u00e4rskilda egenskaper<\/h3>\n\n\n\n<p><strong><em>som f\u00f6rb\u00e4ttrar riggarnas funktionalitet i fitness trainingts<\/em><\/strong><\/p>\n\n\n\n<p style=\"margin-bottom:var(--wp--preset--spacing--tb-section-padding)\">Dessa inkluderar slitstarka material f\u00f6r l\u00e5ng livsl\u00e4ngd, justerbar storlek f\u00f6r bekv\u00e4m passform och ergonomisk design f\u00f6r att st\u00f6dja en rad olika r\u00f6relser. Funktionsb\u00e4lten \u00e4r avsedda f\u00f6r \u00f6vningar som involverar kroppsvikt. Dessa b\u00e4lten anv\u00e4nds f\u00f6r att ge motst\u00e5nd eller st\u00f6d under olika \u00f6vningar som pull-ups, dips och muscle-ups. De hj\u00e4lper till att f\u00f6rb\u00e4ttra styrka och uth\u00e5llighet genom att ge extra viktmotst\u00e5nd, vilket \u00f6kar intensiteten i tr\u00e4ningen. Dessa b\u00e4lten \u00e4r idealiska f\u00f6r dig som vill utveckla dina tr\u00e4ningsrutiner med kroppsvikt.<\/p>\n<\/div>\n\n\n\n<div class=\"wp-block-column is-vertically-aligned-center is-layout-flow wp-block-column-is-layout-flow\">\n<figure class=\"wp-block-image size-large\"><img decoding=\"async\" src=\"https:\/\/evolve-fitness.eu\/wp-content\/uploads\/2023\/12\/A7_08160-2-683x1024.jpg\" alt=\"\" class=\"wp-image-9141\"\/><\/figure>\n<\/div>\n<\/div>\n\n\n\n<div class=\"wp-block-columns alignwide is-layout-flex wp-container-core-columns-is-layout-c45ee707 wp-block-columns-is-layout-flex\" style=\"margin-bottom:var(--wp--preset--spacing--side-padding);padding-top:var(--wp--preset--spacing--side-padding)\">\n<div class=\"wp-block-column is-vertically-aligned-center is-layout-flow wp-block-column-is-layout-flow\">\n<figure class=\"wp-block-image size-large\"><img decoding=\"async\" src=\"https:\/\/evolve-fitness.eu\/wp-content\/uploads\/2023\/11\/A7_08076-1024x683.jpg\" alt=\"\" class=\"wp-image-9123\"\/><\/figure>\n<\/div>\n\n\n\n<div class=\"wp-block-column is-vertically-aligned-center is-layout-flow wp-block-column-is-layout-flow\">\n<h3 class=\"wp-block-heading\" style=\"margin-bottom:var(--wp--preset--spacing--h-3-bottom)\"><strong><strong><strong>Konstruerad f\u00f6r att vara kompatibel med Evolve-riggar<\/strong><\/strong><\/strong><\/h3>\n\n\n\n<p><strong><em>M\u00f6jligg\u00f6r ett brett utbud av \u00f6vningar f\u00f6r grupptr\u00e4ning eller individuella sessioner<\/em><\/strong><\/p>\n\n\n\n<p style=\"margin-bottom:var(--wp--preset--spacing--tb-section-padding)\">Long Attachment \u00e4r ett perfekt komplement f\u00f6r funktionell tr\u00e4ning och CrossFit. Detta anv\u00e4ndarv\u00e4nliga f\u00e4ste g\u00f6r din rigg mer m\u00e5ngsidig och g\u00f6r det m\u00f6jligt att montera olika tillbeh\u00f6r. Det \u00e4r ett viktigt verktyg f\u00f6r att h\u00f6ja din fitnessrutin och ge nya dimensioner i tr\u00e4ningen.<\/p>\n<\/div>\n<\/div>\n\n\n\n<div class=\"wp-block-columns alignwide is-layout-flex wp-container-core-columns-is-layout-c45ee707 wp-block-columns-is-layout-flex\" style=\"margin-bottom:var(--wp--preset--spacing--side-padding);padding-top:var(--wp--preset--spacing--side-padding)\">\n<div class=\"wp-block-column is-vertically-aligned-center is-layout-flow wp-block-column-is-layout-flow\">\n<h3 class=\"wp-block-heading\" style=\"margin-bottom:var(--wp--preset--spacing--h-3-bottom)\">konstruerad med h\u00e5llbarhet i \u00e5tanke<\/h3>\n\n\n\n<p><strong><em>H\u00f6gkvalitativa material som t\u00e5l tuffa tr\u00e4ningspass<\/em><\/strong><\/p>\n\n\n\n<p style=\"margin-bottom:var(--wp--preset--spacing--tb-section-padding)\">Konstruktionen \u00e4r inriktad p\u00e5 att t\u00e5la p\u00e5frestningar fr\u00e5n frekvent och intensiv anv\u00e4ndning, vilket g\u00f6r dem till ett p\u00e5litligt val f\u00f6r b\u00e5de professionella idrottare och fitnessentusiaster.<\/p>\n<\/div>\n\n\n\n<div class=\"wp-block-column is-vertically-aligned-center is-layout-flow wp-block-column-is-layout-flow\">\n<figure class=\"wp-block-image size-large\"><img decoding=\"async\" src=\"https:\/\/evolve-fitness.eu\/wp-content\/uploads\/2023\/12\/A7_08161-1024x683.jpg\" alt=\"\" class=\"wp-image-9144\"\/><\/figure>\n<\/div>\n<\/div>\n<\/section>\n\n<section class=\"wp-block-group alignfull has-lightgray-background-color has-background is-layout-constrained wp-block-group-is-layout-constrained\">\n<div class=\"wp-block-columns alignwide is-layout-flex wp-container-core-columns-is-layout-2edb0647 wp-block-columns-is-layout-flex\" style=\"margin-top:0;margin-bottom:0\">\n<div class=\"wp-block-column is-layout-flow wp-block-column-is-layout-flow\" style=\"flex-basis:33.33%\"><\/div>\n\n\n\n<div class=\"wp-block-column is-layout-flow wp-block-column-is-layout-flow\" style=\"flex-basis:66.66%\"><\/div>\n<\/div>\n<\/section>\n","protected":false},"excerpt":{"rendered":"<p>Tr\u00e4na var som helst, n\u00e4r som helst med de snygga och m\u00e5ngsidiga Evolve-funktionsbanden. Tillverkad av slitstarkt tyg med halkfria, elastiska gummibelagda handtag och justerbara \u00f6glor f\u00f6r benen, dessa egenskaper garanterar l\u00e5ng livsl\u00e4ngd och komfort under tr\u00e4ningspasset. Med speciella f\u00e4sten kan dessa band h\u00e4ngas p\u00e5 en balk, v\u00e4ggf\u00e4ste eller d\u00f6rr. Den praktiska, b\u00e4rbara designen inkluderar en v\u00e4ska som rymmer hela setet. Evolve TRX trainer \u00e4r ett m\u00e5ngsidigt alternativ som passar b\u00e5de hemma och p\u00e5 gymmet. Den enkla men eleganta designen m\u00f6jligg\u00f6r muskeltr\u00e4ning f\u00f6r hela kroppen. Evolve TRX-banden \u00e4r tillverkade av h\u00f6gkvalitativa material, l\u00e4tta att underh\u00e5lla och reng\u00f6ra och ger tillf\u00f6rlitlig prestanda \u00e4ven i professionella sportklubbar.<\/p>\n","protected":false},"featured_media":55079,"template":"","meta":{"_acf_changed":false,"inline_featured_image":false},"product_cat":[2408,623,625],"product_tag":[],"class_list":{"0":"post-55075","1":"product","2":"type-product","3":"status-publish","4":"has-post-thumbnail","6":"product_cat-hyrox-redskap","7":"product_cat-korsvis-funktionell","8":"product_cat-funktionell-utrustning","10":"first","11":"outofstock","12":"shipping-taxable","13":"purchasable","14":"product-type-simple"},"acf":[],"_links":{"self":[{"href":"https:\/\/store.evolve-fitness.eu\/sv\/wp-json\/wp\/v2\/product\/55075","targetHints":{"allow":["GET"]}}],"collection":[{"href":"https:\/\/store.evolve-fitness.eu\/sv\/wp-json\/wp\/v2\/product"}],"about":[{"href":"https:\/\/store.evolve-fitness.eu\/sv\/wp-json\/wp\/v2\/types\/product"}],"wp:featuredmedia":[{"embeddable":true,"href":"https:\/\/store.evolve-fitness.eu\/sv\/wp-json\/wp\/v2\/media\/55079"}],"wp:attachment":[{"href":"https:\/\/store.evolve-fitness.eu\/sv\/wp-json\/wp\/v2\/media?parent=55075"}],"wp:term":[{"taxonomy":"product_cat","embeddable":true,"href":"https:\/\/store.evolve-fitness.eu\/sv\/wp-json\/wp\/v2\/product_cat?post=55075"},{"taxonomy":"product_tag","embeddable":true,"href":"https:\/\/store.evolve-fitness.eu\/sv\/wp-json\/wp\/v2\/product_tag?post=55075"}],"curies":[{"name":"wp","href":"https:\/\/api.w.org\/{rel}","templated":true}]}}