{"id":54419,"date":"2024-01-25T07:35:51","date_gmt":"2024-01-25T07:35:51","guid":{"rendered":"https:\/\/store.evolve-fitness.eu\/product\/evolve-chrome-hantlar-set-2-x-1-10-kg\/"},"modified":"2026-04-29T12:01:04","modified_gmt":"2026-04-29T12:01:04","slug":"evolve-chrome-hantlar-set-2-x-1-10-kg","status":"publish","type":"product","link":"https:\/\/store.evolve-fitness.eu\/sv\/produkt\/evolve-chrome-hantlar-set-2-x-1-10-kg\/","title":{"rendered":"Evolve Chrome Hantlar Set 2 x 1-10 kg"},"content":{"rendered":"\n<section class=\"wp-block-group alignfull black-content has-white-color has-darkgray-background-color has-text-color has-background is-layout-constrained wp-block-group-is-layout-constrained\" style=\"padding-top:var(--wp--preset--spacing--section-bottom);padding-bottom:var(--wp--preset--spacing--section-bottom)\">\n<div class=\"wp-block-columns alignwide mobile-reverse is-layout-flex wp-container-core-columns-is-layout-ca64bf2d wp-block-columns-is-layout-flex\" style=\"margin-bottom:var(--wp--preset--spacing--side-padding)\">\n<div class=\"wp-block-column is-vertically-aligned-center is-layout-flow wp-block-column-is-layout-flow\">\n<h3 class=\"wp-block-heading\" style=\"margin-bottom:var(--wp--preset--spacing--h-3-bottom)\"><strong>F\u00d6RKROMAD YTA<\/strong><\/h3>\n\n\n\n<p><em><strong>Slitstark och elegant<\/strong><\/em><\/p>\n\n\n\n<p style=\"margin-bottom:var(--wp--preset--spacing--tb-section-padding)\">F\u00f6rb\u00e4ttra ditt gyms estetik med v\u00e5r h\u00e5llbara och eleganta utrustning med kromad yta. V\u00e5r reflekterande kromade bel\u00e4ggning \u00e4r utformad f\u00f6r att uppfylla de dubbla kraven p\u00e5 stil och livsl\u00e4ngd och ger inte bara ditt gym en modern touch utan s\u00e4kerst\u00e4ller ocks\u00e5 optimalt skydd mot rost och milj\u00f6skador. V\u00e5ra produkter, som \u00e4r idealiska f\u00f6r hemmabruk och yrkesmilj\u00f6er, beh\u00e5ller sitt ursprungliga utseende och motst\u00e5r flisor, sprickor och skalning, s\u00e5 att din investering ser ny ut i m\u00e5nga \u00e5r fram\u00f6ver. F\u00f6rh\u00f6j din tr\u00e4ningsupplevelse med ett gym som lyser lika mycket som din tr\u00e4ningsresa.<\/p>\n<\/div>\n\n\n\n<div class=\"wp-block-column is-vertically-aligned-center is-layout-flow wp-block-column-is-layout-flow\">\n<figure class=\"wp-block-image alignright size-large is-resized is-style-rounded\"><img decoding=\"async\" src=\"https:\/\/evolve-fitness.eu\/wp-content\/uploads\/2023\/11\/Chrome-Dumbbells-1024x1024.png\" alt=\"\" class=\"wp-image-4885\" style=\"object-fit:cover;width:680px;height:600px\"\/><\/figure>\n<\/div>\n<\/div>\n\n\n\n<div class=\"wp-block-columns alignwide is-layout-flex wp-container-core-columns-is-layout-c45ee707 wp-block-columns-is-layout-flex\" style=\"margin-bottom:var(--wp--preset--spacing--side-padding);padding-top:var(--wp--preset--spacing--side-padding)\">\n<div class=\"wp-block-column is-vertically-aligned-center is-layout-flow wp-block-column-is-layout-flow\">\n<figure class=\"wp-block-image size-full is-resized\"><img decoding=\"async\" src=\"https:\/\/evolve-fitness.eu\/wp-content\/uploads\/2023\/11\/Chrome-Dumbbells-whole-2.png\" alt=\"\" class=\"wp-image-4893\" style=\"object-fit:cover;width:680px;height:600px\"\/><\/figure>\n<\/div>\n\n\n\n<div class=\"wp-block-column is-vertically-aligned-center is-layout-constrained wp-block-column-is-layout-constrained\">\n<h3 class=\"wp-block-heading\" style=\"margin-bottom:var(--wp--preset--spacing--h-3-bottom)\">EXCEPTIONELL H\u00c5LLBARHET<\/h3>\n\n\n\n<p><strong><em><strong><em>Pro-Grade kromade hantlar<\/em><\/strong><\/em><\/strong><\/p>\n\n\n\n<p style=\"margin-bottom:var(--wp--preset--spacing--tb-section-padding)\">Uppt\u00e4ck o\u00f6vertr\u00e4ffad styrka och motst\u00e5ndskraft med Evolve kromade hantlar, tillverkade av en robust metallegering f\u00f6r den ultimata h\u00e5llbarheten. Deras motst\u00e5ndskraft mot slitage, korrosion och deformation g\u00f6r dem till en smart investering f\u00f6r h\u00e5rt trafikerade tr\u00e4ningsmilj\u00f6er. Dessa hantlar \u00e4r precisionstillverkade f\u00f6r att s\u00e4kerst\u00e4lla balans och m\u00e5ttnoggrannhet och \u00e4r perfekta f\u00f6r milit\u00e4rbaser, hotellgym, vandrarhem, rehabiliteringscenter och hemtr\u00e4ningsentusiaster som kr\u00e4ver utrustning av professionell kvalitet. V\u00e4lj Evolve f\u00f6r gymutrustning som klarar testet av tid och prestanda.<\/p>\n<\/div>\n<\/div>\n\n\n\n<div class=\"wp-block-columns alignwide is-layout-flex wp-container-core-columns-is-layout-c45ee707 wp-block-columns-is-layout-flex\" style=\"margin-bottom:var(--wp--preset--spacing--side-padding);padding-top:var(--wp--preset--spacing--side-padding)\">\n<div class=\"wp-block-column is-vertically-aligned-center is-layout-flow wp-block-column-is-layout-flow\">\n<h3 class=\"wp-block-heading\" style=\"margin-bottom:var(--wp--preset--spacing--h-3-bottom)\">LOGOTYP OCH VIKTANGIVELSE<\/h3>\n\n\n\n<p><strong><em>D\u00e4r h\u00e5llbarhet m\u00f6ter design<\/em><\/strong><\/p>\n\n\n\n<p>F\u00f6rh\u00f6j ditt varum\u00e4rkes estetik med v\u00e5r permanenta gravyrtj\u00e4nst f\u00f6r logotyp och viktangivelse. Med v\u00e5r exakta gravyrteknik trycks ditt varum\u00e4rkes logotyp tillsammans med viktm\u00e5tt direkt p\u00e5 produkterna, vilket garanterar en snygg finish utan fula splitter. Denna tidl\u00f6sa metod framh\u00e4ver inte bara din produkts sofistikerade utseende utan utlovar ocks\u00e5 en design som f\u00f6rblir intakt och beh\u00e5ller ett nytt utseende i m\u00e5nga \u00e5r fram\u00f6ver. V\u00e5r gravyrtj\u00e4nst \u00e4r idealisk f\u00f6r tr\u00e4ningsutrustning, kommersiella vikter och skr\u00e4ddarsydda f\u00f6rem\u00e5l och ger professionell kvalitet med en elegant k\u00e4nsla som motst\u00e5r blekning och slitage.<\/p>\n<\/div>\n\n\n\n<div class=\"wp-block-column is-vertically-aligned-center is-layout-flow wp-block-column-is-layout-flow\">\n<div class=\"wp-block-columns is-layout-flex wp-container-core-columns-is-layout-9d6595d7 wp-block-columns-is-layout-flex\">\n<div class=\"wp-block-column is-layout-flow wp-block-column-is-layout-flow\">\n<figure class=\"wp-block-image size-full is-style-rounded\"><img decoding=\"async\" src=\"https:\/\/evolve-fitness.eu\/wp-content\/uploads\/2023\/11\/Chrome-Dumbbells-2.png\" alt=\"\" class=\"wp-image-4897\"\/><\/figure>\n<\/div>\n<\/div>\n<\/div>\n<\/div>\n\n\n\n<div class=\"wp-block-columns alignwide is-layout-flex wp-container-core-columns-is-layout-c45ee707 wp-block-columns-is-layout-flex\" style=\"margin-bottom:var(--wp--preset--spacing--side-padding);padding-top:var(--wp--preset--spacing--side-padding)\">\n<div class=\"wp-block-column is-vertically-aligned-center is-layout-flow wp-block-column-is-layout-flow\">\n<div class=\"wp-block-columns is-layout-flex wp-container-core-columns-is-layout-9d6595d7 wp-block-columns-is-layout-flex\">\n<div class=\"wp-block-column is-layout-flow wp-block-column-is-layout-flow\">\n<figure class=\"wp-block-image size-full is-resized is-style-rounded\"><img decoding=\"async\" src=\"https:\/\/evolve-fitness.eu\/wp-content\/uploads\/2023\/11\/Evolve-CHROME-DUMBBELL-SETS-1.png\" alt=\"\" class=\"wp-image-4926\" style=\"object-fit:cover;width:680px;height:600px\"\/><\/figure>\n<\/div>\n<\/div>\n<\/div>\n\n\n\n<div class=\"wp-block-column is-vertically-aligned-center is-layout-flow wp-block-column-is-layout-flow\">\n<h3 class=\"wp-block-heading\" style=\"margin-bottom:var(--wp--preset--spacing--h-3-bottom)\">H\u00e5rdf\u00f6rkromade r\u00e4fflade handtag<\/h3>\n\n\n\n<p><strong><em><strong><em>Ett grepp som h\u00e5ller i l\u00e4ngden<\/em><\/strong><\/em><\/strong><\/p>\n\n\n\n<p style=\"margin-bottom:var(--wp--preset--spacing--tb-section-padding)\">F\u00f6rh\u00f6j din tr\u00e4ning med v\u00e5ra premiumhantlar, som \u00e4r konstruerade med ergonomiskt b\u00f6jda handtag som passar naturligt i din hand och ger ett bekv\u00e4mt grepp f\u00f6r en m\u00e4ngd olika \u00f6vningar.\nDet expertdesignade r\u00e4fflade m\u00f6nstret garanterar ett s\u00e4kert grepp, vilket minskar risken f\u00f6r glidning och f\u00f6rb\u00e4ttrar s\u00e4kerheten under dina tr\u00e4ningspass.\nDessa hantlar \u00e4r idealiska f\u00f6r b\u00e5de nyb\u00f6rjare och erfarna idrottare och ger maximal komfort och skydd, s\u00e5 att du kan fokusera p\u00e5 att uppn\u00e5 optimal prestanda f\u00f6r varje rep. Oavsett om du tar dig igenom ett tr\u00e4ningspass hemma eller t\u00e4njer p\u00e5 gr\u00e4nserna i ett professionellt gym \u00e4r v\u00e5ra hantlar det perfekta komplementet till alla tr\u00e4ningsrutiner.  <\/p>\n<\/div>\n<\/div>\n\n\n\n<div class=\"wp-block-columns alignwide is-layout-flex wp-container-core-columns-is-layout-c45ee707 wp-block-columns-is-layout-flex\" style=\"margin-bottom:var(--wp--preset--spacing--side-padding);padding-top:var(--wp--preset--spacing--side-padding)\">\n<div class=\"wp-block-column is-vertically-aligned-center is-layout-flow wp-block-column-is-layout-flow\">\n<h3 class=\"wp-block-heading\" style=\"margin-bottom:var(--wp--preset--spacing--h-3-bottom)\">F\u00f6rkromade handtag<\/h3>\n\n\n\n<p><strong><em>En perfekt storlek<\/em><\/strong><\/p>\n\n\n\n<p style=\"margin-bottom:var(--wp--preset--spacing--tb-section-padding)\">Evolve hantelhandtag i krom har en l\u00e4ngd p\u00e5 120 mm, och tjockleken p\u00e5 den bredaste delen \u00e4r 32 mm, med ett r\u00e4fflat m\u00f6nster. Hela hanteln \u00e4r belagd med ett gl\u00e4nsande, h\u00e5llbart och slitstarkt kromskikt med en tjocklek p\u00e5 50 mikrometer (\u00b5m).<\/p>\n<\/div>\n\n\n\n<div class=\"wp-block-column is-vertically-aligned-center is-layout-flow wp-block-column-is-layout-flow\">\n<div class=\"wp-block-columns is-layout-flex wp-container-core-columns-is-layout-9d6595d7 wp-block-columns-is-layout-flex\">\n<div class=\"wp-block-column is-layout-flow wp-block-column-is-layout-flow\">\n<figure class=\"wp-block-image size-full is-resized is-style-rounded\"><img decoding=\"async\" src=\"https:\/\/evolve-fitness.eu\/wp-content\/uploads\/2023\/11\/Evolve-CHROME-DUMBBELL-SETS-handle-mesurments.png\" alt=\"\" class=\"wp-image-4931\" style=\"object-fit:cover;width:680px;height:600px\"\/><\/figure>\n<\/div>\n<\/div>\n<\/div>\n<\/div>\n<\/section>\n","protected":false},"excerpt":{"rendered":"<p>Maximera din tr\u00e4ningseffektivitet med Evolve Evolve Chrome Dumbbells Set, perfekt f\u00f6r anv\u00e4ndare som vill ha utrustning av professionell kvalitet.<br \/>\nMed en gl\u00e4nsande kromfinish som motst\u00e5r rost och ett viktintervall p\u00e5 2 x 1-10 kg \u00e4r dessa hantlar perfekta f\u00f6r stegvis tr\u00e4ning och en m\u00e4ngd olika \u00f6vningar.<br \/>\nDe ergonomiska, r\u00e4fflade handtagen ger ett fast grepp, och precisionsgravyren av logotypen och viktklasserna bidrar till den eleganta, moderna designen.<br \/>\nDessa hantlar \u00e4r l\u00e4mpliga f\u00f6r b\u00e5de hemmagym och kommersiella gym och garanterar att de klarar tidens och anv\u00e4ndningens test.   <\/p>\n","protected":false},"featured_media":95024,"template":"","meta":{"_acf_changed":false,"inline_featured_image":false},"product_cat":[550,1001,1306],"product_tag":[],"class_list":{"0":"post-54419","1":"product","2":"type-product","3":"status-publish","4":"has-post-thumbnail","6":"product_cat-startsida","7":"product_cat-fria-vikter","8":"product_cat-hantlar","10":"first","11":"outofstock","12":"shipping-taxable","13":"purchasable","14":"product-type-simple"},"acf":[],"_links":{"self":[{"href":"https:\/\/store.evolve-fitness.eu\/sv\/wp-json\/wp\/v2\/product\/54419","targetHints":{"allow":["GET"]}}],"collection":[{"href":"https:\/\/store.evolve-fitness.eu\/sv\/wp-json\/wp\/v2\/product"}],"about":[{"href":"https:\/\/store.evolve-fitness.eu\/sv\/wp-json\/wp\/v2\/types\/product"}],"wp:featuredmedia":[{"embeddable":true,"href":"https:\/\/store.evolve-fitness.eu\/sv\/wp-json\/wp\/v2\/media\/95024"}],"wp:attachment":[{"href":"https:\/\/store.evolve-fitness.eu\/sv\/wp-json\/wp\/v2\/media?parent=54419"}],"wp:term":[{"taxonomy":"product_cat","embeddable":true,"href":"https:\/\/store.evolve-fitness.eu\/sv\/wp-json\/wp\/v2\/product_cat?post=54419"},{"taxonomy":"product_tag","embeddable":true,"href":"https:\/\/store.evolve-fitness.eu\/sv\/wp-json\/wp\/v2\/product_tag?post=54419"}],"curies":[{"name":"wp","href":"https:\/\/api.w.org\/{rel}","templated":true}]}}