{"id":54168,"date":"2024-01-26T14:10:01","date_gmt":"2024-01-26T14:10:01","guid":{"rendered":"https:\/\/store.evolve-fitness.eu\/product\/evolve-logoplat-i-rostfritt-stal\/"},"modified":"2024-01-26T14:10:01","modified_gmt":"2024-01-26T14:10:01","slug":"evolve-logoplat-i-rostfritt-stal","status":"publish","type":"product","link":"https:\/\/store.evolve-fitness.eu\/sv\/produkt\/evolve-logoplat-i-rostfritt-stal\/","title":{"rendered":"Evolve Logopl\u00e5t i rostfritt st\u00e5l"},"content":{"rendered":"","protected":false},"excerpt":{"rendered":"<p>F\u00f6rh\u00f6j det estetiska intrycket av ditt gym med Evolves logotypplatta i rostfritt st\u00e5l, som f\u00e4sts s\u00f6ml\u00f6st p\u00e5 riggen. Den h\u00e4r logoplattan \u00e4r tillverkad f\u00f6r h\u00e5llbarhet och stil och ger en sofistikerad touch till din tr\u00e4ningsmilj\u00f6. Konstruktionen i rostfritt st\u00e5l garanterar l\u00e5ng livsl\u00e4ngd och ett elegant, modernt utseende, vilket g\u00f6r den till ett framtr\u00e4dande inslag i alla gymmilj\u00f6er. Visa upp ditt engagemang f\u00f6r kvalitet och innovation med Evolve Logo Plate i rostfritt st\u00e5l, en statement-pj\u00e4s som sm\u00e4lter in s\u00f6ml\u00f6st i din rigg.<\/p>\n","protected":false},"featured_media":54169,"template":"","meta":{"_acf_changed":false,"inline_featured_image":false},"product_cat":[550,623,642,646],"product_tag":[],"class_list":{"0":"post-54168","1":"product","2":"type-product","3":"status-publish","4":"has-post-thumbnail","6":"product_cat-startsida","7":"product_cat-korsvis-funktionell","8":"product_cat-komponenter-till-riggen","9":"product_cat-tillbehor","11":"first","12":"instock","13":"shipping-taxable","14":"purchasable","15":"product-type-simple"},"acf":[],"_links":{"self":[{"href":"https:\/\/store.evolve-fitness.eu\/sv\/wp-json\/wp\/v2\/product\/54168","targetHints":{"allow":["GET"]}}],"collection":[{"href":"https:\/\/store.evolve-fitness.eu\/sv\/wp-json\/wp\/v2\/product"}],"about":[{"href":"https:\/\/store.evolve-fitness.eu\/sv\/wp-json\/wp\/v2\/types\/product"}],"wp:featuredmedia":[{"embeddable":true,"href":"https:\/\/store.evolve-fitness.eu\/sv\/wp-json\/wp\/v2\/media\/54169"}],"wp:attachment":[{"href":"https:\/\/store.evolve-fitness.eu\/sv\/wp-json\/wp\/v2\/media?parent=54168"}],"wp:term":[{"taxonomy":"product_cat","embeddable":true,"href":"https:\/\/store.evolve-fitness.eu\/sv\/wp-json\/wp\/v2\/product_cat?post=54168"},{"taxonomy":"product_tag","embeddable":true,"href":"https:\/\/store.evolve-fitness.eu\/sv\/wp-json\/wp\/v2\/product_tag?post=54168"}],"curies":[{"name":"wp","href":"https:\/\/api.w.org\/{rel}","templated":true}]}}