{"id":54156,"date":"2024-01-25T13:09:16","date_gmt":"2024-01-25T13:09:16","guid":{"rendered":"https:\/\/store.evolve-fitness.eu\/product\/evolve-bar-pad\/"},"modified":"2024-07-16T11:13:15","modified_gmt":"2024-07-16T11:13:15","slug":"evolve-bar-pad","status":"publish","type":"product","link":"https:\/\/store.evolve-fitness.eu\/sv\/produkt\/evolve-bar-pad\/","title":{"rendered":"Evolve Bar Pad"},"content":{"rendered":"","protected":false},"excerpt":{"rendered":"<p>Evolve Bar Pad f\u00f6r\u00e4ndrar spelreglerna f\u00f6r fitnessentusiaster som vill ha \u00f6verl\u00e4gsen komfort och skydd under sina tr\u00e4ningspass. Denna h\u00f6gkvalitativa skivst\u00e5ngskudde \u00e4r utformad f\u00f6r att passa standard- och olympiska skivst\u00e4nger och ger maximal d\u00e4mpning f\u00f6r nacke och axlar, vilket minskar risken f\u00f6r skador och obehag under kn\u00e4b\u00f6j och utfallssteg. Evolve Bar Pad \u00e4r tillverkad av skum med h\u00f6g densitet och en halkfri yta som garanterar stabilitet och h\u00e5llbarhet och f\u00f6rb\u00e4ttrar din tyngdlyftningsupplevelse. Den l\u00e4ttanv\u00e4nda designen med en s\u00e4ker kardborrekn\u00e4ppning g\u00f6r den till ett m\u00e5ste f\u00f6r b\u00e5de nyb\u00f6rjare och erfarna idrottare. Lyft dina gympass med Evolve Bar Pad, den ultimata l\u00f6sningen f\u00f6r en s\u00e4krare och bekv\u00e4mare styrketr\u00e4ning. Denna bar pad \u00e4r perfekt f\u00f6r dig som prioriterar s\u00e4kerhet och komfort i din tr\u00e4ningsrutin och \u00e4r ett viktigt tillskott till din tr\u00e4ningsutrustning.<\/p>\n","protected":false},"featured_media":92721,"template":"","meta":{"_acf_changed":false,"inline_featured_image":false},"product_cat":[550,1001,1040],"product_tag":[],"class_list":{"0":"post-54156","1":"product","2":"type-product","3":"status-publish","4":"has-post-thumbnail","6":"product_cat-startsida","7":"product_cat-fria-vikter","8":"product_cat-barer-och-tillbehor","10":"first","11":"outofstock","12":"sale","13":"shipping-taxable","14":"purchasable","15":"product-type-simple"},"acf":[],"_links":{"self":[{"href":"https:\/\/store.evolve-fitness.eu\/sv\/wp-json\/wp\/v2\/product\/54156","targetHints":{"allow":["GET"]}}],"collection":[{"href":"https:\/\/store.evolve-fitness.eu\/sv\/wp-json\/wp\/v2\/product"}],"about":[{"href":"https:\/\/store.evolve-fitness.eu\/sv\/wp-json\/wp\/v2\/types\/product"}],"wp:featuredmedia":[{"embeddable":true,"href":"https:\/\/store.evolve-fitness.eu\/sv\/wp-json\/wp\/v2\/media\/92721"}],"wp:attachment":[{"href":"https:\/\/store.evolve-fitness.eu\/sv\/wp-json\/wp\/v2\/media?parent=54156"}],"wp:term":[{"taxonomy":"product_cat","embeddable":true,"href":"https:\/\/store.evolve-fitness.eu\/sv\/wp-json\/wp\/v2\/product_cat?post=54156"},{"taxonomy":"product_tag","embeddable":true,"href":"https:\/\/store.evolve-fitness.eu\/sv\/wp-json\/wp\/v2\/product_tag?post=54156"}],"curies":[{"name":"wp","href":"https:\/\/api.w.org\/{rel}","templated":true}]}}