{"id":54071,"date":"2024-01-25T14:04:02","date_gmt":"2024-01-25T14:04:02","guid":{"rendered":"https:\/\/store.evolve-fitness.eu\/product\/evolve-home-upphangningsbalten\/"},"modified":"2025-03-26T14:57:09","modified_gmt":"2025-03-26T14:57:09","slug":"evolve-home-upphangningsbalten","status":"publish","type":"product","link":"https:\/\/store.evolve-fitness.eu\/sv\/produkt\/evolve-home-upphangningsbalten\/","title":{"rendered":"Evolve Home Upph\u00e4ngningsb\u00e4lten"},"content":{"rendered":"\n<section class=\"wp-block-group alignfull has-lightgray-background-color has-background is-layout-constrained wp-block-group-is-layout-constrained\">\n<div class=\"wp-block-columns alignwide is-layout-flex wp-container-core-columns-is-layout-2edb0647 wp-block-columns-is-layout-flex\" style=\"margin-top:0;margin-bottom:0\">\n<div class=\"wp-block-column is-layout-flow wp-block-column-is-layout-flow\" style=\"flex-basis:33.33%\"><\/div>\n\n\n\n<div class=\"wp-block-column is-layout-flow wp-block-column-is-layout-flow\" style=\"flex-basis:66.66%\"><\/div>\n<\/div>\n<\/section>\n","protected":false},"excerpt":{"rendered":"<p>Tr\u00e4na var som helst, n\u00e4r som helst med snygga och m\u00e5ngsidiga Evolve funktionella remmar. Tillverkad av slitstarkt tyg med halkfria men \u00e4nd\u00e5 elastiska handtag av belagt gummi och justerbara \u00f6glor f\u00f6r benen, dessa egenskaper garanterar l\u00e5ng livsl\u00e4ngd och komfort under tr\u00e4ningspasset. Med speciella f\u00e4sten kan dessa band h\u00e4ngas p\u00e5 en balk, v\u00e4ggf\u00e4ste eller d\u00f6rr. Den praktiska, b\u00e4rbara designen inkluderar en v\u00e4ska som rymmer hela setet. Evolve TRX Trainer \u00e4r ett hemtrevligt alternativ med en enkel men elegant design som m\u00f6jligg\u00f6r muskeltr\u00e4ning f\u00f6r hela kroppen. Evolve TRX-banden \u00e4r tillverkade av h\u00f6gkvalitativa material som g\u00f6r dem enkla att underh\u00e5lla och reng\u00f6ra.<\/p>\n","protected":false},"featured_media":54072,"template":"","meta":{"_acf_changed":false,"inline_featured_image":false},"product_cat":[2408,623,625],"product_tag":[],"class_list":{"0":"post-54071","1":"product","2":"type-product","3":"status-publish","4":"has-post-thumbnail","6":"product_cat-hyrox-redskap","7":"product_cat-korsvis-funktionell","8":"product_cat-funktionell-utrustning","10":"first","11":"instock","12":"shipping-taxable","13":"purchasable","14":"product-type-simple"},"acf":[],"_links":{"self":[{"href":"https:\/\/store.evolve-fitness.eu\/sv\/wp-json\/wp\/v2\/product\/54071","targetHints":{"allow":["GET"]}}],"collection":[{"href":"https:\/\/store.evolve-fitness.eu\/sv\/wp-json\/wp\/v2\/product"}],"about":[{"href":"https:\/\/store.evolve-fitness.eu\/sv\/wp-json\/wp\/v2\/types\/product"}],"wp:featuredmedia":[{"embeddable":true,"href":"https:\/\/store.evolve-fitness.eu\/sv\/wp-json\/wp\/v2\/media\/54072"}],"wp:attachment":[{"href":"https:\/\/store.evolve-fitness.eu\/sv\/wp-json\/wp\/v2\/media?parent=54071"}],"wp:term":[{"taxonomy":"product_cat","embeddable":true,"href":"https:\/\/store.evolve-fitness.eu\/sv\/wp-json\/wp\/v2\/product_cat?post=54071"},{"taxonomy":"product_tag","embeddable":true,"href":"https:\/\/store.evolve-fitness.eu\/sv\/wp-json\/wp\/v2\/product_tag?post=54071"}],"curies":[{"name":"wp","href":"https:\/\/api.w.org\/{rel}","templated":true}]}}