{"id":54042,"date":"2024-01-24T15:24:06","date_gmt":"2024-01-24T15:24:06","guid":{"rendered":"https:\/\/store.evolve-fitness.eu\/product\/evolve-econ-series-olympisk-flatbank\/"},"modified":"2025-12-11T13:20:48","modified_gmt":"2025-12-11T13:20:48","slug":"evolve-econ-series-olympisk-flatbank","status":"publish","type":"product","link":"https:\/\/store.evolve-fitness.eu\/sv\/produkt\/evolve-econ-series-olympisk-flatbank\/","title":{"rendered":"Evolve Econ Series Olympisk flatb\u00e4nk"},"content":{"rendered":"\n<section class=\"wp-block-group alignfull black-content has-white-color has-darkgray-background-color has-text-color has-background is-layout-constrained wp-block-group-is-layout-constrained\" style=\"padding-top:var(--wp--preset--spacing--section-bottom);padding-bottom:var(--wp--preset--spacing--section-bottom)\">\n<h3 class=\"wp-block-heading has-text-align-center\" style=\"margin-bottom:var(--wp--preset--spacing--tb-section-padding)\"><strong>\n  <strong>\n    <strong>EVOLV <\/strong>\n  <\/strong>\n<\/strong>B\u00e4nkar i serien Econ<\/h3>\n\n\n\n<div class=\"wp-block-columns alignwide mobile-reverse is-layout-flex wp-container-core-columns-is-layout-ca64bf2d wp-block-columns-is-layout-flex\" style=\"margin-bottom:var(--wp--preset--spacing--side-padding)\">\n<div class=\"wp-block-column is-vertically-aligned-center is-layout-flow wp-block-column-is-layout-flow\">\n<h3 class=\"wp-block-heading\" style=\"margin-bottom:var(--wp--preset--spacing--h-3-bottom)\"><strong><strong><strong><strong><strong><strong>H\u00f6g kvalitet<\/strong><\/strong><\/strong><\/strong><\/strong><\/strong><\/h3>\n\n\n\n<p><strong><em><strong><strong><strong><strong>H\u00e5llbar konstruktion<\/strong><\/strong><\/strong><\/strong><\/em><\/strong><\/p>\n\n\n\n<p style=\"margin-bottom:var(--wp--preset--spacing--tb-padding)\">V\u00e5ra tr\u00e4ningsb\u00e4nkar \u00e4r byggda f\u00f6r att h\u00e5lla l\u00e4nge, med en solid metallram tillverkad av svetsade cirkul\u00e4ra r\u00f6r. Den avancerade elektrostatiska spruttekniken med h\u00e4rdplaster ger inte bara ytan ett elegant utseende utan ger ocks\u00e5 ett utm\u00e4rkt rostskydd. Oavsett om du tr\u00e4nar hemma eller p\u00e5 ett professionellt gym \u00e4r v\u00e5ra Evolve-b\u00e4nkar utformade f\u00f6r att uppfylla dina behov. De \u00e4r ocks\u00e5 perfekta f\u00f6r kommersiella fitnessanl\u00e4ggningar p\u00e5 milit\u00e4rbaser, hotell, vandrarhem och rehabiliteringscenter.<\/p>\n\n\n\n<h3 class=\"wp-block-heading\" style=\"margin-bottom:var(--wp--preset--spacing--h-3-bottom)\"><strong><strong><strong><strong><strong><strong><strong><strong>Exceptionell funktionalitet<\/strong><\/strong><\/strong><\/strong><\/strong><\/strong><\/strong><\/strong><\/h3>\n\n\n\n<p><strong><em><strong><strong><strong><strong><strong>PVC-\u00f6verdrag<\/strong><\/strong><\/strong><\/strong><\/strong><\/em><\/strong><\/p>\n\n\n\n<p>V\u00e5ra b\u00e4nkar \u00e4r inte bara h\u00e5llbara utan ocks\u00e5 utformade f\u00f6r maximal funktionalitet. Mjuka PVC-\u00f6verdrag p\u00e5 f\u00f6tterna skyddar dina golv och s\u00e4kerst\u00e4ller stabilitet \u00e4ven under de mest intensiva tr\u00e4ningspassen. Evolve Utility Bench erbjuder en stabil plattform f\u00f6r tr\u00e4ning av hela kroppen. Den mjuka och bekv\u00e4ma kl\u00e4dseln \u00e4r fylld med t\u00e4tt, l\u00e5ngvarigt skum som inte tappar formen. Dessutom \u00e4r den kl\u00e4dd med slitstarkt PU-l\u00e4der av h\u00f6gsta kvalitet f\u00f6r extra h\u00e5llbarhet.<\/p>\n<\/div>\n\n\n\n<div class=\"wp-block-column is-vertically-aligned-center is-layout-flow wp-block-column-is-layout-flow\">\n<figure class=\"wp-block-image size-full is-style-rounded\"><img loading=\"lazy\" decoding=\"async\" width=\"810\" height=\"810\" src=\"https:\/\/store.evolve-fitness.eu\/wp-content\/uploads\/2024\/06\/Dizainas-be-pavadinimo-2-5.png\" alt=\"\" class=\"wp-image-78321\" style=\"object-fit:cover\" srcset=\"https:\/\/store.evolve-fitness.eu\/wp-content\/uploads\/2024\/06\/Dizainas-be-pavadinimo-2-5.png 810w, https:\/\/store.evolve-fitness.eu\/wp-content\/uploads\/2024\/06\/Dizainas-be-pavadinimo-2-5-300x300.png 300w, https:\/\/store.evolve-fitness.eu\/wp-content\/uploads\/2024\/06\/Dizainas-be-pavadinimo-2-5-150x150.png 150w, https:\/\/store.evolve-fitness.eu\/wp-content\/uploads\/2024\/06\/Dizainas-be-pavadinimo-2-5-768x768.png 768w, https:\/\/store.evolve-fitness.eu\/wp-content\/uploads\/2024\/06\/Dizainas-be-pavadinimo-2-5-600x600.png 600w, https:\/\/store.evolve-fitness.eu\/wp-content\/uploads\/2024\/06\/Dizainas-be-pavadinimo-2-5-100x100.png 100w\" sizes=\"auto, (max-width: 810px) 100vw, 810px\" \/><\/figure>\n<\/div>\n<\/div>\n<\/section>\n","protected":false},"excerpt":{"rendered":"<p>Evolve Econ Series EC-509 Olympic Flat Bench \u00e4r ett h\u00e5llbart och funktionellt val f\u00f6r kommersiella tr\u00e4ningsmilj\u00f6er. Med en solid metallram och rostbest\u00e4ndig pulverlackering \u00e4r den byggd f\u00f6r att t\u00e5la intensiv tr\u00e4ning. B\u00e4nken har 2 par st\u00e5ngh\u00e5llare, 6 integrerade st\u00e4nger f\u00f6r viktskivor och mjuka PVC-kl\u00e4dda f\u00f6tter f\u00f6r stabilitet. Den ergonomiska utformningen och den bekv\u00e4ma kl\u00e4dseln g\u00f6r den l\u00e4mplig f\u00f6r anv\u00e4ndare i alla storlekar.<\/p>\n","protected":false},"featured_media":149914,"template":"","meta":{"_acf_changed":false,"inline_featured_image":false},"product_cat":[550,1270,1271],"product_tag":[],"class_list":{"0":"post-54042","1":"product","2":"type-product","3":"status-publish","4":"has-post-thumbnail","6":"product_cat-startsida","7":"product_cat-bankar","8":"product_cat-bankar-i-econ-series","10":"first","11":"instock","12":"shipping-taxable","13":"purchasable","14":"product-type-simple"},"acf":[],"_links":{"self":[{"href":"https:\/\/store.evolve-fitness.eu\/sv\/wp-json\/wp\/v2\/product\/54042","targetHints":{"allow":["GET"]}}],"collection":[{"href":"https:\/\/store.evolve-fitness.eu\/sv\/wp-json\/wp\/v2\/product"}],"about":[{"href":"https:\/\/store.evolve-fitness.eu\/sv\/wp-json\/wp\/v2\/types\/product"}],"wp:featuredmedia":[{"embeddable":true,"href":"https:\/\/store.evolve-fitness.eu\/sv\/wp-json\/wp\/v2\/media\/149914"}],"wp:attachment":[{"href":"https:\/\/store.evolve-fitness.eu\/sv\/wp-json\/wp\/v2\/media?parent=54042"}],"wp:term":[{"taxonomy":"product_cat","embeddable":true,"href":"https:\/\/store.evolve-fitness.eu\/sv\/wp-json\/wp\/v2\/product_cat?post=54042"},{"taxonomy":"product_tag","embeddable":true,"href":"https:\/\/store.evolve-fitness.eu\/sv\/wp-json\/wp\/v2\/product_tag?post=54042"}],"curies":[{"name":"wp","href":"https:\/\/api.w.org\/{rel}","templated":true}]}}