{"id":53576,"date":"2024-01-24T12:22:35","date_gmt":"2024-01-24T12:22:35","guid":{"rendered":"https:\/\/store.evolve-fitness.eu\/product\/evolve-prime-series-doppstation\/"},"modified":"2026-01-28T11:59:13","modified_gmt":"2026-01-28T11:59:13","slug":"evolve-prime-series-doppstation","status":"publish","type":"product","link":"https:\/\/store.evolve-fitness.eu\/sv\/produkt\/evolve-prime-series-doppstation\/","title":{"rendered":"Evolve Prime Series doppstation"},"content":{"rendered":"\n<section class=\"wp-block-group alignfull black-content has-white-color has-darkgray-background-color has-text-color has-background is-layout-constrained wp-block-group-is-layout-constrained\" style=\"padding-top:var(--wp--preset--spacing--section-bottom);padding-bottom:var(--wp--preset--spacing--section-bottom)\">\n<div class=\"wp-block-columns alignwide mobile-reverse is-layout-flex wp-container-core-columns-is-layout-ca64bf2d wp-block-columns-is-layout-flex\" style=\"margin-bottom:var(--wp--preset--spacing--side-padding)\">\n<div class=\"wp-block-column is-vertically-aligned-center is-layout-flow wp-block-column-is-layout-flow\">\n<h3 class=\"wp-block-heading\" style=\"margin-bottom:var(--wp--preset--spacing--h-3-bottom)\">R<strong>\n  <strong>\n    <strong>\n      <strong>\n        <strong>\n          <strong>\n            <strong>obust design, exceptionella resultat<\/strong>\n          <\/strong>\n        <\/strong>\n      <\/strong>\n    <\/strong>\n  <\/strong>\n<\/strong><\/h3>\n\n\n\n<p>Solid och s\u00e4ker<\/p>\n\n\n\n<p style=\"margin-bottom:var(--wp--preset--spacing--tb-section-padding)\">Evolve Dip Station \u00e4r tillverkad av kraftigt st\u00e5l och ger o\u00f6vertr\u00e4ffad stabilitet och s\u00e4kerhet. Tr\u00e4na med tillf\u00f6rsikt i vetskap om att din utrustning \u00e4r lika stark som din ambition.<\/p>\n<\/div>\n\n\n\n<div class=\"wp-block-column is-vertically-aligned-center is-layout-flow wp-block-column-is-layout-flow\">\n<figure class=\"wp-block-image size-large\"><img decoding=\"async\" src=\"https:\/\/evolve-fitness.eu\/wp-content\/uploads\/2023\/12\/A7_06383-1-683x1024.jpg\" alt=\"\" class=\"wp-image-8351\"\/><\/figure>\n<\/div>\n<\/div>\n\n\n\n<div class=\"wp-block-columns alignwide is-layout-flex wp-container-core-columns-is-layout-c45ee707 wp-block-columns-is-layout-flex\" style=\"margin-bottom:var(--wp--preset--spacing--side-padding);padding-top:var(--wp--preset--spacing--side-padding)\">\n<div class=\"wp-block-column is-vertically-aligned-center is-layout-flow wp-block-column-is-layout-flow\">\n<figure class=\"wp-block-image size-large\"><img decoding=\"async\" src=\"https:\/\/evolve-fitness.eu\/wp-content\/uploads\/2023\/12\/A7_06387-1024x683.jpg\" alt=\"\" class=\"wp-image-8353\"\/><\/figure>\n<\/div>\n\n\n\n<div class=\"wp-block-column is-vertically-aligned-center is-layout-flow wp-block-column-is-layout-flow\">\n<h3 class=\"wp-block-heading\" style=\"margin-bottom:var(--wp--preset--spacing--h-3-bottom)\"><strong>Ergonomisk och bekv\u00e4m<\/strong><\/h3>\n\n\n\n<p style=\"margin-bottom:var(--wp--preset--spacing--tb-section-padding)\">Med ergonomiskt utformade handtag ger stationen ett bekv\u00e4mt grepp, vilket minskar belastningen p\u00e5 h\u00e4nder och handleder under intensiva tr\u00e4ningspass. Perfekt f\u00f6r en m\u00e4ngd olika \u00f6vningar, inklusive tricep dips, body rows och benh\u00f6jningar, \u00e4r denna station perfekt f\u00f6r att rikta in sig p\u00e5 flera muskelgrupper.<\/p>\n<\/div>\n<\/div>\n\n\n\n<div class=\"wp-block-columns alignwide is-layout-flex wp-container-core-columns-is-layout-c45ee707 wp-block-columns-is-layout-flex\" style=\"margin-bottom:var(--wp--preset--spacing--side-padding);padding-top:var(--wp--preset--spacing--side-padding)\">\n<div class=\"wp-block-column is-vertically-aligned-center is-layout-flow wp-block-column-is-layout-flow\">\n<h3 class=\"wp-block-heading\" style=\"margin-bottom:var(--wp--preset--spacing--h-3-bottom)\"><strong><strong><strong><strong><strong><strong><strong><strong>Kompakt och utrymmeseffektiv<\/strong><\/strong><\/strong><\/strong><\/strong><\/strong><\/strong><\/strong><\/h3>\n\n\n\n<p><strong><em>Utformad f\u00f6r att smidigt passa in i alla hemmagym eller professionella tr\u00e4ningslokaler<\/em><\/strong><\/p>\n\n\n\n<p style=\"margin-bottom:var(--wp--preset--spacing--tb-section-padding)\">Den robusta konstruktionen och de h\u00f6gkvalitativa materialen garanterar att denna dipstation klarar den h\u00e5rda dagliga anv\u00e4ndningen, vilket g\u00f6r den till en h\u00e5llbar investering i din tr\u00e4ningsresa. Steppa upp din tr\u00e4ning med Evolve Dip Station. Oavsett om du vill bygga muskler, \u00f6ka uth\u00e5lligheten eller bara variera din tr\u00e4ning \u00e4r denna dipstation din perfekta partner.<\/p>\n<\/div>\n\n\n\n<div class=\"wp-block-column is-vertically-aligned-center is-layout-flow wp-block-column-is-layout-flow\">\n<figure class=\"wp-block-image size-large\"><img decoding=\"async\" src=\"https:\/\/evolve-fitness.eu\/wp-content\/uploads\/2023\/12\/A7_06401-1024x683.jpg\" alt=\"\" class=\"wp-image-8355\"\/><\/figure>\n<\/div>\n<\/div>\n<\/section>\n","protected":false},"excerpt":{"rendered":"<p>Evolve Prime Series Dip Station, ett toppmodernt tr\u00e4ningsredskap som \u00e4r utformat f\u00f6r att forma och st\u00e4rka din \u00f6verkropp som aldrig f\u00f6rr. Denna dipstation \u00e4r ett m\u00e5ste f\u00f6r fitnessentusiaster och idrottare som vill kunna tr\u00e4na med tillf\u00f6rsikt och veta att din utrustning \u00e4r lika stark som din ambition.<\/p>\n","protected":false},"featured_media":53588,"template":"","meta":{"_acf_changed":false,"inline_featured_image":false},"product_cat":[550,1270,1283],"product_tag":[],"class_list":{"0":"post-53576","1":"product","2":"type-product","3":"status-publish","4":"has-post-thumbnail","6":"product_cat-startsida","7":"product_cat-bankar","8":"product_cat-prime-series-bankar","10":"first","11":"outofstock","12":"shipping-taxable","13":"purchasable","14":"product-type-simple"},"acf":[],"_links":{"self":[{"href":"https:\/\/store.evolve-fitness.eu\/sv\/wp-json\/wp\/v2\/product\/53576","targetHints":{"allow":["GET"]}}],"collection":[{"href":"https:\/\/store.evolve-fitness.eu\/sv\/wp-json\/wp\/v2\/product"}],"about":[{"href":"https:\/\/store.evolve-fitness.eu\/sv\/wp-json\/wp\/v2\/types\/product"}],"wp:featuredmedia":[{"embeddable":true,"href":"https:\/\/store.evolve-fitness.eu\/sv\/wp-json\/wp\/v2\/media\/53588"}],"wp:attachment":[{"href":"https:\/\/store.evolve-fitness.eu\/sv\/wp-json\/wp\/v2\/media?parent=53576"}],"wp:term":[{"taxonomy":"product_cat","embeddable":true,"href":"https:\/\/store.evolve-fitness.eu\/sv\/wp-json\/wp\/v2\/product_cat?post=53576"},{"taxonomy":"product_tag","embeddable":true,"href":"https:\/\/store.evolve-fitness.eu\/sv\/wp-json\/wp\/v2\/product_tag?post=53576"}],"curies":[{"name":"wp","href":"https:\/\/api.w.org\/{rel}","templated":true}]}}