{"id":53503,"date":"2024-01-24T11:48:33","date_gmt":"2024-01-24T11:48:33","guid":{"rendered":"https:\/\/store.evolve-fitness.eu\/product\/evolve-prime-series-dip-pull-up-station\/"},"modified":"2025-03-26T14:41:29","modified_gmt":"2025-03-26T14:41:29","slug":"evolve-prime-series-dip-pull-up-station","status":"publish","type":"product","link":"https:\/\/store.evolve-fitness.eu\/sv\/produkt\/evolve-prime-series-dip-pull-up-station\/","title":{"rendered":"Evolve Prime Series Dip &amp; Pull Up Station"},"content":{"rendered":"\n<section class=\"wp-block-group alignfull black-content has-white-color has-darkgray-background-color has-text-color has-background is-layout-constrained wp-block-group-is-layout-constrained\" style=\"padding-top:var(--wp--preset--spacing--section-bottom);padding-bottom:var(--wp--preset--spacing--section-bottom)\">\n<div class=\"wp-block-columns alignwide is-layout-flex wp-container-core-columns-is-layout-c45ee707 wp-block-columns-is-layout-flex\" style=\"margin-bottom:var(--wp--preset--spacing--side-padding);padding-top:var(--wp--preset--spacing--side-padding)\">\n<div class=\"wp-block-column is-vertically-aligned-center is-layout-flow wp-block-column-is-layout-flow\">\n<figure class=\"wp-block-image size-large\"><img decoding=\"async\" src=\"https:\/\/evolve-fitness.eu\/wp-content\/uploads\/2023\/12\/A7_06437-1024x683.jpg\" alt=\"EV-BN-PR-228\" class=\"wp-image-8599\"\/><\/figure>\n<\/div>\n\n\n\n<div class=\"wp-block-column is-vertically-aligned-center is-layout-constrained wp-block-column-is-layout-constrained\">\n<h3 class=\"wp-block-heading\" style=\"margin-bottom:var(--wp--preset--spacing--h-3-bottom)\"><strong><strong>K\u00e4rnf\u00f6rst\u00e4rkning Fokus<\/strong><\/strong> <\/h3>\n\n\n\n<p><\/p>\n\n\n\n<p style=\"margin-bottom:var(--wp--preset--spacing--tb-section-padding)\">Utformad speciellt f\u00f6r sit-up-\u00f6vningar, med inriktning p\u00e5 de centrala muskelgrupperna. Det hj\u00e4lper till att utveckla magstyrka och uth\u00e5llighet, vilket \u00e4r avg\u00f6rande f\u00f6r den allm\u00e4nna konditionen.<\/p>\n<\/div>\n<\/div>\n\n\n\n<div class=\"wp-block-columns alignwide is-layout-flex wp-container-core-columns-is-layout-c45ee707 wp-block-columns-is-layout-flex\" style=\"margin-bottom:var(--wp--preset--spacing--side-padding);padding-top:var(--wp--preset--spacing--side-padding)\">\n<div class=\"wp-block-column is-vertically-aligned-center is-layout-flow wp-block-column-is-layout-flow\">\n<h3 class=\"wp-block-heading\" style=\"margin-bottom:var(--wp--preset--spacing--h-3-bottom)\"><strong><strong>Justerbara funktioner<\/strong><\/strong><\/h3>\n\n\n\n<p><strong><em><strong><strong>f\u00f6r m\u00e5ngsidighet<\/strong><\/strong><\/em><\/strong><\/p>\n\n\n\n<p>Denna b\u00e4nk passar olika kroppsstorlekar och tr\u00e4ningsintensiteter tack vare de justerbara lutningsniv\u00e5erna. Denna anpassningsf\u00f6rm\u00e5ga \u00f6kar dess anv\u00e4ndbarhet f\u00f6r ett brett spektrum av anv\u00e4ndare.<\/p>\n<\/div>\n\n\n\n<div class=\"wp-block-column is-vertically-aligned-center is-layout-flow wp-block-column-is-layout-flow\">\n<div class=\"wp-block-columns is-layout-flex wp-container-core-columns-is-layout-9d6595d7 wp-block-columns-is-layout-flex\">\n<div class=\"wp-block-column is-layout-flow wp-block-column-is-layout-flow\">\n<figure class=\"wp-block-image size-large\"><img decoding=\"async\" src=\"https:\/\/evolve-fitness.eu\/wp-content\/uploads\/2023\/12\/A7_06425-1-683x1024.jpg\" alt=\"EV-BN-PR-228\" class=\"wp-image-8621\"\/><\/figure>\n<\/div>\n<\/div>\n<\/div>\n<\/div>\n\n\n\n<div class=\"wp-block-columns alignwide is-layout-flex wp-container-core-columns-is-layout-c45ee707 wp-block-columns-is-layout-flex\" style=\"margin-bottom:var(--wp--preset--spacing--side-padding);padding-top:var(--wp--preset--spacing--side-padding)\">\n<div class=\"wp-block-column is-vertically-aligned-center is-layout-flow wp-block-column-is-layout-flow\">\n<figure class=\"wp-block-image size-large\"><img decoding=\"async\" src=\"https:\/\/evolve-fitness.eu\/wp-content\/uploads\/2023\/12\/A7_06439-1024x683.jpg\" alt=\"EV-BN-PR-228\" class=\"wp-image-8605\"\/><\/figure>\n<\/div>\n\n\n\n<div class=\"wp-block-column is-vertically-aligned-center is-layout-flow wp-block-column-is-layout-flow\">\n<h3 class=\"wp-block-heading\" style=\"margin-bottom:var(--wp--preset--spacing--h-3-bottom)\"><strong><strong><strong>Robust och s\u00e4ker konstruktion<\/strong><\/strong><\/strong><\/h3>\n\n\n\n<p><\/p>\n\n\n\n<p>B\u00e4nken \u00e4r konstruerad f\u00f6r att t\u00e5la h\u00e5rd anv\u00e4ndning och garanterar s\u00e4kerhet och stabilitet under tr\u00e4ningen, vilket g\u00f6r den l\u00e4mplig f\u00f6r b\u00e5de gym och hemmilj\u00f6er.<\/p>\n<\/div>\n<\/div>\n\n\n\n<div class=\"wp-block-columns alignwide is-layout-flex wp-container-core-columns-is-layout-c45ee707 wp-block-columns-is-layout-flex\" style=\"margin-bottom:var(--wp--preset--spacing--side-padding);padding-top:var(--wp--preset--spacing--side-padding)\">\n<div class=\"wp-block-column is-vertically-aligned-center is-layout-flow wp-block-column-is-layout-flow\">\n<h3 class=\"wp-block-heading\" style=\"margin-bottom:var(--wp--preset--spacing--h-3-bottom)\"><strong><strong>Bekv\u00e4m och ergonomisk<\/strong><\/strong><\/h3>\n\n\n\n<p><\/p>\n\n\n\n<p>Evolve lutningsb\u00e4nk ger anv\u00e4ndaren h\u00f6g komfort med stoppning och ergonomisk design som st\u00f6djer korrekt tr\u00e4ningsform och minskar risken f\u00f6r skador.<\/p>\n<\/div>\n\n\n\n<div class=\"wp-block-column is-vertically-aligned-center is-layout-flow wp-block-column-is-layout-flow\">\n<div class=\"wp-block-columns is-layout-flex wp-container-core-columns-is-layout-9d6595d7 wp-block-columns-is-layout-flex\">\n<div class=\"wp-block-column is-layout-flow wp-block-column-is-layout-flow\">\n<figure class=\"wp-block-image size-large\"><img decoding=\"async\" src=\"https:\/\/evolve-fitness.eu\/wp-content\/uploads\/2023\/12\/A7_06448-683x1024.jpg\" alt=\"EV-BN-PR-228\" class=\"wp-image-8603\"\/><\/figure>\n<\/div>\n<\/div>\n<\/div>\n<\/div>\n<\/section>\n","protected":false},"excerpt":{"rendered":"<p>Maximera dina tr\u00e4ningspass f\u00f6r \u00f6verkroppen med Evolve Prime Series Dip &amp; Pull Up Station, en m\u00e5ngsidig och robust tr\u00e4ningsutrustning som \u00e4r utformad f\u00f6r dem som vill bygga styrka och muskler i armar, axlar, br\u00f6st och rygg. Denna multifunktionella station g\u00f6r det m\u00f6jligt f\u00f6r anv\u00e4ndare att utf\u00f6ra ett brett utbud av \u00f6vningar, inklusive dips, pull-ups, chin-ups och benh\u00f6jningar, vilket ger en fullst\u00e4ndig \u00f6verkroppstr\u00e4ning i en kompakt enhet. Evolve Prime Series Dip &amp; Pull Up Station \u00e4r idealisk f\u00f6r b\u00e5de hemmagym och kommersiella gym och \u00e4r konstruerad med kraftiga material som garanterar stabilitet och h\u00e5llbarhet, \u00e4ven vid intensiv anv\u00e4ndning. Den ergonomiska designen passar anv\u00e4ndare med olika l\u00e4ngd och konditionsniv\u00e5, vilket g\u00f6r den till ett l\u00e4mpligt val f\u00f6r b\u00e5de nyb\u00f6rjare och erfarna idrottare. Stationens eleganta och moderna utseende kompletterar alla tr\u00e4ningsmilj\u00f6er samtidigt som det \u00e4r ett effektivt s\u00e4tt att f\u00f6rb\u00e4ttra din styrketr\u00e4ningsrutin. Investera i Evolve Prime Series Dip &amp; Pull Up Station och ta ett steg mot utrustning som kombinerar h\u00f6g funktionalitet med h\u00e5llbar stil.<\/p>\n","protected":false},"featured_media":53510,"template":"","meta":{"_acf_changed":false,"inline_featured_image":false},"product_cat":[550,1270,1283],"product_tag":[],"class_list":{"0":"post-53503","1":"product","2":"type-product","3":"status-publish","4":"has-post-thumbnail","6":"product_cat-startsida","7":"product_cat-bankar","8":"product_cat-prime-series-bankar","10":"first","11":"outofstock","12":"shipping-taxable","13":"purchasable","14":"product-type-simple"},"acf":[],"_links":{"self":[{"href":"https:\/\/store.evolve-fitness.eu\/sv\/wp-json\/wp\/v2\/product\/53503","targetHints":{"allow":["GET"]}}],"collection":[{"href":"https:\/\/store.evolve-fitness.eu\/sv\/wp-json\/wp\/v2\/product"}],"about":[{"href":"https:\/\/store.evolve-fitness.eu\/sv\/wp-json\/wp\/v2\/types\/product"}],"wp:featuredmedia":[{"embeddable":true,"href":"https:\/\/store.evolve-fitness.eu\/sv\/wp-json\/wp\/v2\/media\/53510"}],"wp:attachment":[{"href":"https:\/\/store.evolve-fitness.eu\/sv\/wp-json\/wp\/v2\/media?parent=53503"}],"wp:term":[{"taxonomy":"product_cat","embeddable":true,"href":"https:\/\/store.evolve-fitness.eu\/sv\/wp-json\/wp\/v2\/product_cat?post=53503"},{"taxonomy":"product_tag","embeddable":true,"href":"https:\/\/store.evolve-fitness.eu\/sv\/wp-json\/wp\/v2\/product_tag?post=53503"}],"curies":[{"name":"wp","href":"https:\/\/api.w.org\/{rel}","templated":true}]}}