{"id":53140,"date":"2024-01-25T09:35:23","date_gmt":"2024-01-25T09:35:23","guid":{"rendered":"https:\/\/store.evolve-fitness.eu\/product\/evolve-ultra-series-justerbar-vikthantel-3-32-kg\/"},"modified":"2026-04-18T12:00:30","modified_gmt":"2026-04-18T12:00:30","slug":"evolve-ultra-series-justerbar-vikthantel-3-32-kg","status":"publish","type":"product","link":"https:\/\/store.evolve-fitness.eu\/sv\/produkt\/evolve-ultra-series-justerbar-vikthantel-3-32-kg\/","title":{"rendered":"Evolve Ultra Series justerbar vikthantel (4-23,5 \/ 32,5 \/ 41,5 kg)"},"content":{"rendered":"\n<section class=\"wp-block-group alignfull black-content has-white-color has-darkgray-background-color has-text-color has-background is-layout-constrained wp-block-group-is-layout-constrained\" style=\"padding-top:var(--wp--preset--spacing--section-bottom);padding-bottom:var(--wp--preset--spacing--section-bottom)\">\n<div class=\"wp-block-columns alignwide is-layout-flex wp-container-core-columns-is-layout-c45ee707 wp-block-columns-is-layout-flex\" style=\"margin-bottom:var(--wp--preset--spacing--side-padding);padding-top:var(--wp--preset--spacing--side-padding)\">\n<div class=\"wp-block-column is-vertically-aligned-center is-layout-flow wp-block-column-is-layout-flow\">\n<figure class=\"wp-block-image size-full is-resized is-style-rounded\"><a href=\"https:\/\/evolve-fitness.eu\/?attachment_id=195580\"><img decoding=\"async\" src=\"https:\/\/evolve-fitness.eu\/wp-content\/uploads\/2025\/04\/EV-DB-AD-415-18.jpg\" alt=\"\" class=\"wp-image-195580\" style=\"object-fit:cover;width:680px;height:600px\"\/><\/a><\/figure>\n<\/div>\n\n\n\n<div class=\"wp-block-column is-vertically-aligned-center is-layout-constrained wp-block-column-is-layout-constrained\">\n<h3 class=\"wp-block-heading\" style=\"margin-bottom:var(--wp--preset--spacing--h-3-bottom)\">Riktad muskelutveckling<\/h3>\n\n\n\n<p><strong><em><strong><em>Skulptera med exakthet<\/em><\/strong><\/em><\/strong><\/p>\n\n\n\n<p style=\"margin-bottom:var(--wp--preset--spacing--tb-section-padding)\">Dessa hantlar i krom m\u00f6jligg\u00f6r exakt motst\u00e5ndstr\u00e4ning f\u00f6r armar, axlar, br\u00f6st och k\u00e4rnmuskler. De \u00e4r idealiska f\u00f6r b\u00e5de isolerade och sammansatta \u00f6vningar och l\u00e4mpar sig f\u00f6r progressiv muskelutveckling p\u00e5 alla tr\u00e4ningsniv\u00e5er. <\/p>\n\n\n\n<p><strong><em><strong>Konstruerad f\u00f6r varje repetition<\/strong><\/em><\/strong><\/p>\n\n\n\n<p>De r\u00e4fflade kromhandtagen ger ett s\u00e4kert, halkfritt grepp som f\u00f6rb\u00e4ttrar anv\u00e4ndarkontrollen och s\u00e4kerheten vid h\u00f6ga repetitioner. Den solida st\u00e5lkonstruktionen garanterar l\u00e5ngvarig slitstyrka, \u00e4ven vid frekvent anv\u00e4ndning. <\/p>\n<\/div>\n<\/div>\n\n\n\n<div class=\"wp-block-columns alignwide is-layout-flex wp-container-core-columns-is-layout-c45ee707 wp-block-columns-is-layout-flex\" style=\"margin-bottom:var(--wp--preset--spacing--side-padding);padding-top:var(--wp--preset--spacing--side-padding)\">\n<div class=\"wp-block-column is-vertically-aligned-center is-layout-flow wp-block-column-is-layout-flow\">\n<h3 class=\"wp-block-heading\" style=\"margin-bottom:var(--wp--preset--spacing--h-3-bottom)\">Ergonomisk och adaptiv design<\/h3>\n\n\n\n<p><strong><em><strong>ERefined f\u00f6r att passa varje hand<\/strong><\/em><\/strong><\/p>\n\n\n\n<p>Varje hantel \u00e4r utformad med optimal balans och j\u00e4mn diameter, vilket ger en enhetlig k\u00e4nsla under lyften. Den polerade kromfinishen f\u00f6rb\u00e4ttrar inte bara h\u00e5llbarheten utan motst\u00e5r \u00e4ven korrosion och skador fr\u00e5n regelbunden hantering. <\/p>\n<\/div>\n\n\n\n<div class=\"wp-block-column is-vertically-aligned-center is-layout-flow wp-block-column-is-layout-flow\">\n<figure class=\"wp-block-image size-large is-style-rounded\"><a href=\"https:\/\/evolve-fitness.eu\/?attachment_id=195605\"><img decoding=\"async\" src=\"https:\/\/evolve-fitness.eu\/wp-content\/uploads\/2025\/04\/EV-DB-AD-415-13-1024x683.jpg\" alt=\"\" class=\"wp-image-195605\"\/><\/a><\/figure>\n<\/div>\n<\/div>\n\n\n\n<div class=\"wp-block-columns alignwide is-layout-flex wp-container-core-columns-is-layout-c45ee707 wp-block-columns-is-layout-flex\" style=\"margin-bottom:var(--wp--preset--spacing--side-padding);padding-top:var(--wp--preset--spacing--side-padding)\">\n<div class=\"wp-block-column is-vertically-aligned-center is-layout-flow wp-block-column-is-layout-flow\">\n<div class=\"wp-block-columns is-layout-flex wp-container-core-columns-is-layout-9d6595d7 wp-block-columns-is-layout-flex\">\n<div class=\"wp-block-column is-layout-flow wp-block-column-is-layout-flow\">\n<figure class=\"wp-block-image size-large is-style-rounded\"><a href=\"https:\/\/evolve-fitness.eu\/?attachment_id=195631\"><img decoding=\"async\" src=\"https:\/\/evolve-fitness.eu\/wp-content\/uploads\/2025\/04\/EV-DB-AD-415-17-1024x683.jpg\" alt=\"\" class=\"wp-image-195631\"\/><\/a><\/figure>\n<\/div>\n<\/div>\n<\/div>\n\n\n\n<div class=\"wp-block-column is-vertically-aligned-center is-layout-flow wp-block-column-is-layout-flow\">\n<h3 class=\"wp-block-heading\" style=\"margin-bottom:var(--wp--preset--spacing--h-3-bottom)\">Styrketr\u00e4ningens framtid<\/h3>\n\n\n\n<p><em><strong>Elegans m\u00f6ter prestanda<\/strong><\/em><\/p>\n\n\n\n<p>Evolves hantlar i krom \u00e4r ett f\u00f6rstklassigt tillskott till alla styrketr\u00e4ningsuppst\u00e4llningar. Med sin tidl\u00f6sa design och professionella konstruktion st\u00f6der de fokuserade tr\u00e4ningspass och h\u00f6jer utseendet och funktionaliteten i alla tr\u00e4ningsmilj\u00f6er. <\/p>\n<\/div>\n<\/div>\n\n\n\n<div class=\"wp-block-columns alignwide is-layout-flex wp-container-core-columns-is-layout-c45ee707 wp-block-columns-is-layout-flex\" style=\"margin-bottom:var(--wp--preset--spacing--side-padding);padding-top:var(--wp--preset--spacing--side-padding)\">\n<div class=\"wp-block-column is-vertically-aligned-center is-layout-flow wp-block-column-is-layout-flow\">\n<h3 class=\"wp-block-heading\" style=\"margin-bottom:var(--wp--preset--spacing--h-3-bottom)\">M\u00e5ngsidigt viktintervall<\/h3>\n\n\n\n<p><strong><em><strong>Flera steg f\u00f6r progressiv tr\u00e4ning<\/strong><\/em><\/strong><\/p>\n\n\n\n<p>Varje justerbar hantel \u00e4r konstruerad med en exakt intern mekanism som m\u00f6jligg\u00f6r s\u00f6ml\u00f6st val av vikt. 23,5 kg-modellen ers\u00e4tter 13 individuella vikter, 32,5 kg-modellen ers\u00e4tter 19 och 41,5 kg-versionen ers\u00e4tter 25 individuella vikter &#8211; vilket ger ett brett utbud av alternativ f\u00f6r att st\u00f6dja gradvis styrkeutveckling och tillgodose anv\u00e4ndare p\u00e5 alla fitnessniv\u00e5er. <\/p>\n<\/div>\n\n\n\n<div class=\"wp-block-column is-vertically-aligned-center is-layout-flow wp-block-column-is-layout-flow\">\n<figure class=\"wp-block-image size-full is-style-rounded\"><img decoding=\"async\" src=\"https:\/\/evolve-fitness.eu\/wp-content\/uploads\/2025\/04\/Compare.jpg\" alt=\"\" class=\"wp-image-196316\"\/><\/figure>\n<\/div>\n<\/div>\n\n\n\n<div class=\"wp-block-columns alignwide is-layout-flex wp-container-core-columns-is-layout-c45ee707 wp-block-columns-is-layout-flex\" style=\"margin-bottom:var(--wp--preset--spacing--side-padding);padding-top:var(--wp--preset--spacing--side-padding)\">\n<div class=\"wp-block-column is-vertically-aligned-center is-layout-flow wp-block-column-is-layout-flow\">\n<figure class=\"wp-block-gallery has-nested-images columns-default is-cropped wp-block-gallery-1 is-layout-flex wp-block-gallery-is-layout-flex\">\n<figure data-wp-context=\"{&quot;imageId&quot;:&quot;69f2e3351eba8&quot;}\" data-wp-interactive=\"core\/image\" data-wp-key=\"69f2e3351eba8\" class=\"wp-block-image size-large is-style-rounded wp-lightbox-container\"><img decoding=\"async\" data-wp-class--hide=\"state.isContentHidden\" data-wp-class--show=\"state.isContentVisible\" data-wp-init=\"callbacks.setButtonStyles\" data-wp-on--click=\"actions.showLightbox\" data-wp-on--load=\"callbacks.setButtonStyles\" data-wp-on-window--resize=\"callbacks.setButtonStyles\" data-id=\"196038\" src=\"https:\/\/evolve-fitness.eu\/wp-content\/uploads\/2025\/04\/EV-RS-DR-03-3-1024x683.jpg\" alt=\"\" class=\"wp-image-196038\"\/><button\n\t\t\tclass=\"lightbox-trigger\"\n\t\t\ttype=\"button\"\n\t\t\taria-haspopup=\"dialog\"\n\t\t\taria-label=\"F\u00f6rstora\"\n\t\t\tdata-wp-init=\"callbacks.initTriggerButton\"\n\t\t\tdata-wp-on--click=\"actions.showLightbox\"\n\t\t\tdata-wp-style--right=\"state.imageButtonRight\"\n\t\t\tdata-wp-style--top=\"state.imageButtonTop\"\n\t\t>\n\t\t\t<svg xmlns=\"http:\/\/www.w3.org\/2000\/svg\" width=\"12\" height=\"12\" fill=\"none\" viewBox=\"0 0 12 12\">\n\t\t\t\t<path fill=\"#fff\" d=\"M2 0a2 2 0 0 0-2 2v2h1.5V2a.5.5 0 0 1 .5-.5h2V0H2Zm2 10.5H2a.5.5 0 0 1-.5-.5V8H0v2a2 2 0 0 0 2 2h2v-1.5ZM8 12v-1.5h2a.5.5 0 0 0 .5-.5V8H12v2a2 2 0 0 1-2 2H8Zm2-12a2 2 0 0 1 2 2v2h-1.5V2a.5.5 0 0 0-.5-.5H8V0h2Z\" \/>\n\t\t\t<\/svg>\n\t\t<\/button><\/figure>\n\n\n\n<figure data-wp-context=\"{&quot;imageId&quot;:&quot;69f2e3351f28c&quot;}\" data-wp-interactive=\"core\/image\" data-wp-key=\"69f2e3351f28c\" class=\"wp-block-image size-large is-style-rounded wp-lightbox-container\"><img decoding=\"async\" data-wp-class--hide=\"state.isContentHidden\" data-wp-class--show=\"state.isContentVisible\" data-wp-init=\"callbacks.setButtonStyles\" data-wp-on--click=\"actions.showLightbox\" data-wp-on--load=\"callbacks.setButtonStyles\" data-wp-on-window--resize=\"callbacks.setButtonStyles\" data-id=\"196063\" src=\"https:\/\/evolve-fitness.eu\/wp-content\/uploads\/2025\/04\/EV-RS-DR-03-10-1024x683.jpg\" alt=\"\" class=\"wp-image-196063\"\/><button\n\t\t\tclass=\"lightbox-trigger\"\n\t\t\ttype=\"button\"\n\t\t\taria-haspopup=\"dialog\"\n\t\t\taria-label=\"F\u00f6rstora\"\n\t\t\tdata-wp-init=\"callbacks.initTriggerButton\"\n\t\t\tdata-wp-on--click=\"actions.showLightbox\"\n\t\t\tdata-wp-style--right=\"state.imageButtonRight\"\n\t\t\tdata-wp-style--top=\"state.imageButtonTop\"\n\t\t>\n\t\t\t<svg xmlns=\"http:\/\/www.w3.org\/2000\/svg\" width=\"12\" height=\"12\" fill=\"none\" viewBox=\"0 0 12 12\">\n\t\t\t\t<path fill=\"#fff\" d=\"M2 0a2 2 0 0 0-2 2v2h1.5V2a.5.5 0 0 1 .5-.5h2V0H2Zm2 10.5H2a.5.5 0 0 1-.5-.5V8H0v2a2 2 0 0 0 2 2h2v-1.5ZM8 12v-1.5h2a.5.5 0 0 0 .5-.5V8H12v2a2 2 0 0 1-2 2H8Zm2-12a2 2 0 0 1 2 2v2h-1.5V2a.5.5 0 0 0-.5-.5H8V0h2Z\" \/>\n\t\t\t<\/svg>\n\t\t<\/button><\/figure>\n\n\n\n<figure data-wp-context=\"{&quot;imageId&quot;:&quot;69f2e3351f8ac&quot;}\" data-wp-interactive=\"core\/image\" data-wp-key=\"69f2e3351f8ac\" class=\"wp-block-image size-large is-style-rounded wp-lightbox-container\"><img decoding=\"async\" data-wp-class--hide=\"state.isContentHidden\" data-wp-class--show=\"state.isContentVisible\" data-wp-init=\"callbacks.setButtonStyles\" data-wp-on--click=\"actions.showLightbox\" data-wp-on--load=\"callbacks.setButtonStyles\" data-wp-on-window--resize=\"callbacks.setButtonStyles\" data-id=\"196088\" src=\"https:\/\/evolve-fitness.eu\/wp-content\/uploads\/2025\/04\/EV-RS-DR-03-13-1024x683.jpg\" alt=\"\" class=\"wp-image-196088\"\/><button\n\t\t\tclass=\"lightbox-trigger\"\n\t\t\ttype=\"button\"\n\t\t\taria-haspopup=\"dialog\"\n\t\t\taria-label=\"F\u00f6rstora\"\n\t\t\tdata-wp-init=\"callbacks.initTriggerButton\"\n\t\t\tdata-wp-on--click=\"actions.showLightbox\"\n\t\t\tdata-wp-style--right=\"state.imageButtonRight\"\n\t\t\tdata-wp-style--top=\"state.imageButtonTop\"\n\t\t>\n\t\t\t<svg xmlns=\"http:\/\/www.w3.org\/2000\/svg\" width=\"12\" height=\"12\" fill=\"none\" viewBox=\"0 0 12 12\">\n\t\t\t\t<path fill=\"#fff\" d=\"M2 0a2 2 0 0 0-2 2v2h1.5V2a.5.5 0 0 1 .5-.5h2V0H2Zm2 10.5H2a.5.5 0 0 1-.5-.5V8H0v2a2 2 0 0 0 2 2h2v-1.5ZM8 12v-1.5h2a.5.5 0 0 0 .5-.5V8H12v2a2 2 0 0 1-2 2H8Zm2-12a2 2 0 0 1 2 2v2h-1.5V2a.5.5 0 0 0-.5-.5H8V0h2Z\" \/>\n\t\t\t<\/svg>\n\t\t<\/button><\/figure>\n\n\n\n<figure class=\"wp-block-image size-large\"><img decoding=\"async\" data-id=\"196113\" src=\"https:\/\/evolve-fitness.eu\/wp-content\/uploads\/2025\/04\/EV-RS-DR-03-PNG-1-1024x1024.png\" alt=\"\" class=\"wp-image-196113\"\/><\/figure>\n<\/figure>\n<\/div>\n\n\n\n<div class=\"wp-block-column is-vertically-aligned-center is-layout-flow wp-block-column-is-layout-flow\">\n<h3 class=\"wp-block-heading\" style=\"margin-bottom:var(--wp--preset--spacing--h-3-bottom)\">Hantelstativ som tillval<\/h3>\n\n\n\n<p><strong><em><strong>H\u00f6j din hantelupps\u00e4ttning<\/strong><\/em><\/strong><\/p>\n\n\n\n<p>Det valfria metallhantelst\u00e4llet f\u00f6r Evolve Ultra Series justerbara vikthantlar \u00e4r utformat f\u00f6r att f\u00f6rb\u00e4ttra b\u00e5de funktionalitet och estetik i ditt tr\u00e4ningsutrymme. Det \u00e4r tillverkat av h\u00e5llbar metall och ger en stabil och s\u00e4ker plattform f\u00f6r dina justerbara hantlar, vilket s\u00e4kerst\u00e4ller att de f\u00f6rvaras s\u00e4kert och \u00e4r l\u00e4ttillg\u00e4ngliga. Stativets ergonomiska design fr\u00e4mjar korrekt lyftst\u00e4llning, vilket minskar belastningen under tr\u00e4ningspasset. Dess kompakta fotavtryck hj\u00e4lper till att uppr\u00e4tth\u00e5lla en organiserad och r\u00f6rig milj\u00f6, vilket g\u00f6r det till ett idealiskt tillskott f\u00f6r b\u00e5de hemmagym och professionella fitnesscenter.   <\/p>\n<\/div>\n<\/div>\n<\/section>\n","protected":false},"excerpt":{"rendered":"<p>Evolve Ultra Series Chrome Dumbbells med justerbar vikt erbjuder en f\u00f6rstklassig blandning av h\u00e5llbarhet och funktionalitet. De \u00e4r utformade f\u00f6r att uppfylla kraven i olika tr\u00e4ningsutrymmen och har en polerad yta och ergonomiskt grepp, vilket g\u00f6r dem till ett p\u00e5litligt och elegant tillskott till alla moderna tr\u00e4ningsmilj\u00f6er. <\/p>\n","protected":false},"featured_media":148447,"template":"","meta":{"_acf_changed":false,"inline_featured_image":false},"product_cat":[550,1001,1306],"product_tag":[],"class_list":{"0":"post-53140","1":"product","2":"type-product","3":"status-publish","4":"has-post-thumbnail","6":"product_cat-startsida","7":"product_cat-fria-vikter","8":"product_cat-hantlar","10":"first","11":"outofstock","12":"sale","13":"shipping-taxable","14":"purchasable","15":"product-type-variable"},"acf":[],"_links":{"self":[{"href":"https:\/\/store.evolve-fitness.eu\/sv\/wp-json\/wp\/v2\/product\/53140","targetHints":{"allow":["GET"]}}],"collection":[{"href":"https:\/\/store.evolve-fitness.eu\/sv\/wp-json\/wp\/v2\/product"}],"about":[{"href":"https:\/\/store.evolve-fitness.eu\/sv\/wp-json\/wp\/v2\/types\/product"}],"wp:featuredmedia":[{"embeddable":true,"href":"https:\/\/store.evolve-fitness.eu\/sv\/wp-json\/wp\/v2\/media\/148447"}],"wp:attachment":[{"href":"https:\/\/store.evolve-fitness.eu\/sv\/wp-json\/wp\/v2\/media?parent=53140"}],"wp:term":[{"taxonomy":"product_cat","embeddable":true,"href":"https:\/\/store.evolve-fitness.eu\/sv\/wp-json\/wp\/v2\/product_cat?post=53140"},{"taxonomy":"product_tag","embeddable":true,"href":"https:\/\/store.evolve-fitness.eu\/sv\/wp-json\/wp\/v2\/product_tag?post=53140"}],"curies":[{"name":"wp","href":"https:\/\/api.w.org\/{rel}","templated":true}]}}