{"id":52609,"date":"2024-01-25T09:12:14","date_gmt":"2024-01-25T09:12:14","guid":{"rendered":"https:\/\/store.evolve-fitness.eu\/product\/evolve-medicinboll-1-5-kg\/"},"modified":"2025-12-03T13:35:28","modified_gmt":"2025-12-03T13:35:28","slug":"evolve-medicinboll-1-5-kg","status":"publish","type":"product","link":"https:\/\/store.evolve-fitness.eu\/sv\/produkt\/evolve-medicinboll-1-5-kg\/","title":{"rendered":"Evolve medicinboll 1 &#8211; 5 kg"},"content":{"rendered":"\n<section class=\"wp-block-group alignfull black-content has-white-color has-darkgray-background-color has-text-color has-background is-layout-constrained wp-block-group-is-layout-constrained\" style=\"padding-top:var(--wp--preset--spacing--section-bottom);padding-bottom:var(--wp--preset--spacing--section-bottom)\">\n<section class=\"wp-block-group alignfull black-content has-white-color has-darkgray-background-color has-text-color has-background is-layout-constrained wp-block-group-is-layout-constrained\" style=\"margin-bottom:0;padding-top:var(--wp--preset--spacing--tb-padding);padding-bottom:var(--wp--preset--spacing--tb-padding)\">\n<div class=\"wp-block-columns alignwide mobile-reverse is-layout-flex wp-container-core-columns-is-layout-7a02faa9 wp-block-columns-is-layout-flex\" style=\"margin-bottom:var(--wp--preset--spacing--tb-section-padding)\">\n<div class=\"wp-block-column is-vertically-aligned-center is-layout-flow wp-block-column-is-layout-flow\">\n<h3 class=\"wp-block-heading\" style=\"margin-bottom:var(--wp--preset--spacing--h-3-bottom)\"><strong><strong><strong><strong><strong><strong><strong><strong><strong><strong><strong><strong><strong><strong><strong>tillg\u00e4nglig i vikter<\/strong><\/strong><\/strong><\/strong><\/strong><\/strong><\/strong><\/strong><\/strong><\/strong><\/strong><\/strong><\/strong><\/strong><\/strong> <strong><strong><strong><strong><strong><strong><strong><strong><strong><strong><strong><strong><strong><strong><strong>fr\u00e5n 1 kg till 5 kg<\/strong><\/strong><\/strong><\/strong><\/strong><\/strong><\/strong><\/strong><\/strong><\/strong><\/strong><\/strong><\/strong><\/strong><\/strong><\/h3>\n\n\n\n<p><strong><em>Utformad f\u00f6r m\u00e5ngsidig och funktionell tr\u00e4ning<\/em><\/strong><\/p>\n\n\n\n<p style=\"margin-bottom:var(--wp--preset--spacing--tb-section-padding)\">Den \u00e4r utformad f\u00f6r att t\u00e5la intensiva sessioner och ger ett bekv\u00e4mt grepp f\u00f6r olika \u00f6vningar. Denna medicinboll \u00e4r en del av Evolves h\u00e5llbara multifunktionella utrustning, som syftar till att f\u00f6rb\u00e4ttra styrka och koordination, perfekt f\u00f6r att h\u00f6ja alla tr\u00e4ningsprogram. Det \u00e4r en integrerad del av ett v\u00e4lutrustat tr\u00e4ningsutrymme, med fokus p\u00e5 anv\u00e4ndarcentrerad design f\u00f6r effektiv och s\u00e4ker tr\u00e4ning.<\/p>\n<\/div>\n\n\n\n<div class=\"wp-block-column is-vertically-aligned-center is-layout-flow wp-block-column-is-layout-flow\">\n<figure class=\"wp-block-video\"><video height=\"1920\" style=\"aspect-ratio: 2560 \/ 1920;\" width=\"2560\" autoplay=\"\" controls=\"\" loop=\"\" muted=\"\" src=\"https:\/\/evolve-fitness.eu\/wp-content\/uploads\/2024\/01\/Evolve-Medicine-Ball-1-5-kg.mp4\"><\/video><\/figure>\n<\/div>\n<\/div>\n\n\n\n<div class=\"wp-block-columns alignwide mobile-reverse is-layout-flex wp-container-core-columns-is-layout-7a02faa9 wp-block-columns-is-layout-flex\" style=\"margin-bottom:var(--wp--preset--spacing--tb-section-padding)\">\n<div class=\"wp-block-column is-vertically-aligned-center is-layout-flow wp-block-column-is-layout-flow\">\n<figure class=\"wp-block-image size-large\"><img decoding=\"async\" src=\"https:\/\/evolve-fitness.eu\/wp-content\/uploads\/2024\/01\/Evolve-Medicine-Ball-1-kg-1-683x1024.jpg\" alt=\"EV-BL-MB\" class=\"wp-image-9759\"\/><\/figure>\n<\/div>\n\n\n\n<div class=\"wp-block-column is-vertically-aligned-center is-layout-flow wp-block-column-is-layout-flow\">\n<h3 class=\"wp-block-heading\" style=\"margin-bottom:var(--wp--preset--spacing--h-3-bottom)\"><strong><strong><strong><strong><strong>Tillverkad av h\u00f6gkvalitativa, h\u00e5llbara material<\/strong><\/strong><\/strong><\/strong><\/strong><\/h3>\n\n\n\n<p><strong><em>Byggd f\u00f6r att t\u00e5la h\u00e5rda p\u00e5frestningar under intensiva tr\u00e4ningspass<\/em><\/strong><\/p>\n\n\n\n<p style=\"margin-bottom:var(--wp--preset--spacing--tb-section-padding)\">Dess f\u00f6rdelar inkluderar f\u00f6rb\u00e4ttrad styrka, koordination och flexibilitet. Den \u00e4r tillr\u00e4ckligt m\u00e5ngsidig f\u00f6r att kunna anv\u00e4ndas i en m\u00e4ngd olika \u00f6vningar, vilket g\u00f6r den till ett v\u00e4rdefullt verktyg f\u00f6r b\u00e5de hemmatr\u00e4ning och gymtr\u00e4ning.<\/p>\n<\/div>\n<\/div>\n\n\n\n<div class=\"wp-block-columns alignwide mobile-reverse is-layout-flex wp-container-core-columns-is-layout-035fa626 wp-block-columns-is-layout-flex\" style=\"margin-bottom:var(--wp--preset--spacing--side-padding);padding-top:var(--wp--preset--spacing--tb-padding);padding-bottom:var(--wp--preset--spacing--tb-padding)\">\n<div class=\"wp-block-column is-vertically-aligned-center is-layout-flow wp-block-column-is-layout-flow\">\n<h3 class=\"wp-block-heading\" style=\"margin-bottom:var(--wp--preset--spacing--h-3-bottom)\"><strong><strong><strong><strong><strong><strong><strong><strong>avg\u00f6rande produkt f\u00f6r att f\u00f6rb\u00e4ttra balans och koordination<\/strong><\/strong><\/strong><\/strong><\/strong><\/strong><\/strong><\/strong><\/h3>\n\n\n\n<p><strong><em>Idealisk f\u00f6r rehabilitering och sporttr\u00e4ning<\/em><\/strong><\/p>\n\n\n\n<p style=\"margin-bottom:var(--wp--preset--spacing--tb-section-padding)\">Evolve medicinboll \u00e4r ett effektivt verktyg f\u00f6r att f\u00f6rb\u00e4ttra proprioception, vilket \u00e4r kroppens f\u00f6rm\u00e5ga att uppfatta sin egen position i rummet. Det \u00e4r s\u00e4rskilt f\u00f6rdelaktigt f\u00f6r idrottare och personer som \u00e5terh\u00e4mtar sig fr\u00e5n skador, eftersom det hj\u00e4lper dem att \u00e5terf\u00e5 styrka och stabilitet.<\/p>\n<\/div>\n\n\n\n<div class=\"wp-block-column is-vertically-aligned-center is-layout-flow wp-block-column-is-layout-flow\">\n<figure class=\"wp-block-image size-large\"><img decoding=\"async\" src=\"https:\/\/evolve-fitness.eu\/wp-content\/uploads\/2024\/01\/Evolve-Medicine-Ball-3-kg-1-1024x683.jpg\" alt=\"EV-BL-MB\" class=\"wp-image-9761\"\/><\/figure>\n<\/div>\n<\/div>\n\n\n\n<div class=\"wp-block-columns alignwide mobile-reverse is-layout-flex wp-container-core-columns-is-layout-7a02faa9 wp-block-columns-is-layout-flex\" style=\"margin-bottom:var(--wp--preset--spacing--tb-section-padding)\">\n<div class=\"wp-block-column is-vertically-aligned-center is-layout-flow wp-block-column-is-layout-flow\">\n<figure class=\"wp-block-video\"><video autoplay=\"\" controls=\"\" loop=\"\" muted=\"\" src=\"https:\/\/evolve-fitness.eu\/wp-content\/uploads\/2023\/12\/2-12.mp4\"><\/video><\/figure>\n<\/div>\n\n\n\n<div class=\"wp-block-column is-vertically-aligned-center is-layout-flow wp-block-column-is-layout-flow\">\n<h3 class=\"wp-block-heading\" style=\"margin-bottom:var(--wp--preset--spacing--h-3-bottom)\"><strong><strong><strong><strong><strong><strong>Paket med utrustning<\/strong><\/strong><\/strong><\/strong><\/strong><\/strong><\/h3>\n\n\n\n<p style=\"margin-bottom:var(--wp--preset--spacing--tb-section-padding)\">Utforska v\u00e5ra omfattande utrustningspaket som f\u00f6renklar processen med att skapa ditt eget gym. Med allt du beh\u00f6ver f\u00f6r cross training eller funktionell tr\u00e4ning har det aldrig varit enklare att uppn\u00e5 dina tr\u00e4ningsm\u00e5l.<\/p>\n<\/div>\n<\/div>\n\n\n\n<p class=\"has-text-align-center\"><strong>F\u00f6rnya din tr\u00e4ningslokal och n\u00e5 en ny niv\u00e5 av kondition med v\u00e5r robusta och anv\u00e4ndarv\u00e4nliga multifunktionella utrustning.<\/strong><\/p>\n<\/section>\n<\/section>\n\n<section class=\"wp-block-group alignfull has-lightgray-background-color has-background is-layout-constrained wp-block-group-is-layout-constrained\">\n<div class=\"wp-block-columns alignwide is-layout-flex wp-container-core-columns-is-layout-2edb0647 wp-block-columns-is-layout-flex\" style=\"margin-top:0;margin-bottom:0\">\n<div class=\"wp-block-column is-layout-flow wp-block-column-is-layout-flow\" style=\"flex-basis:33.33%\"><\/div>\n\n\n\n<div class=\"wp-block-column is-layout-flow wp-block-column-is-layout-flow\" style=\"flex-basis:66.66%\"><\/div>\n<\/div>\n<\/section>\n","protected":false},"excerpt":{"rendered":"<p>Vi introducerar Evolve Medicine Ball-serien, som finns i vikter fr\u00e5n 1 kg till 5 kg. Dessa medicinbollar \u00e4r utformade f\u00f6r m\u00e5ngsidighet och funktionalitet och \u00e4r viktiga f\u00f6r att l\u00e4gga till dynamiskt motst\u00e5nd i din tr\u00e4ning. Varje boll \u00e4r tillverkad med precision och h\u00e5llbarhet, ger ett bekv\u00e4mt grepp och \u00e4r l\u00e4mplig f\u00f6r en m\u00e4ngd olika \u00f6vningar f\u00f6r att f\u00f6rb\u00e4ttra styrka och koordination. F\u00f6rb\u00e4ttra ditt tr\u00e4ningsprogram med Evolve medicinbollar, en helt\u00e4ckande l\u00f6sning f\u00f6r effektiv och engagerande helkroppstr\u00e4ning. V\u00e4lj \u00f6nskad vikt och ta din tr\u00e4ning till n\u00e4sta niv\u00e5.<\/p>\n","protected":false},"featured_media":52643,"template":"","meta":{"_acf_changed":false,"inline_featured_image":false},"product_cat":[623,625],"product_tag":[],"class_list":{"0":"post-52609","1":"product","2":"type-product","3":"status-publish","4":"has-post-thumbnail","6":"product_cat-korsvis-funktionell","7":"product_cat-funktionell-utrustning","9":"first","10":"instock","11":"shipping-taxable","12":"purchasable","13":"product-type-variable"},"acf":[],"_links":{"self":[{"href":"https:\/\/store.evolve-fitness.eu\/sv\/wp-json\/wp\/v2\/product\/52609","targetHints":{"allow":["GET"]}}],"collection":[{"href":"https:\/\/store.evolve-fitness.eu\/sv\/wp-json\/wp\/v2\/product"}],"about":[{"href":"https:\/\/store.evolve-fitness.eu\/sv\/wp-json\/wp\/v2\/types\/product"}],"wp:featuredmedia":[{"embeddable":true,"href":"https:\/\/store.evolve-fitness.eu\/sv\/wp-json\/wp\/v2\/media\/52643"}],"wp:attachment":[{"href":"https:\/\/store.evolve-fitness.eu\/sv\/wp-json\/wp\/v2\/media?parent=52609"}],"wp:term":[{"taxonomy":"product_cat","embeddable":true,"href":"https:\/\/store.evolve-fitness.eu\/sv\/wp-json\/wp\/v2\/product_cat?post=52609"},{"taxonomy":"product_tag","embeddable":true,"href":"https:\/\/store.evolve-fitness.eu\/sv\/wp-json\/wp\/v2\/product_tag?post=52609"}],"curies":[{"name":"wp","href":"https:\/\/api.w.org\/{rel}","templated":true}]}}