{"id":51759,"date":"2024-01-23T12:59:22","date_gmt":"2024-01-23T12:59:22","guid":{"rendered":"https:\/\/store.evolve-fitness.eu\/product\/evolve-cpu-uretan-raka-fasta-skivstanger\/"},"modified":"2026-04-21T13:58:39","modified_gmt":"2026-04-21T13:58:39","slug":"evolve-cpu-uretan-raka-fasta-skivstanger","status":"publish","type":"product","link":"https:\/\/store.evolve-fitness.eu\/sv\/produkt\/evolve-cpu-uretan-raka-fasta-skivstanger\/","title":{"rendered":"Evolve CPU Uretan raka fasta skivst\u00e4nger"},"content":{"rendered":"\n<section class=\"wp-block-group alignfull black-content has-white-color has-darkgray-background-color has-text-color has-background is-layout-constrained wp-block-group-is-layout-constrained\" style=\"padding-top:var(--wp--preset--spacing--section-bottom);padding-bottom:var(--wp--preset--spacing--section-bottom)\">\n<div class=\"wp-block-columns alignwide mobile-reverse is-layout-flex wp-container-core-columns-is-layout-ca64bf2d wp-block-columns-is-layout-flex\" style=\"margin-bottom:var(--wp--preset--spacing--side-padding)\">\n<div class=\"wp-block-column is-vertically-aligned-center is-layout-flow wp-block-column-is-layout-flow\">\n<h3 class=\"wp-block-heading\" style=\"margin-bottom:var(--wp--preset--spacing--h-3-bottom)\"><strong>Byggd f\u00f6r att h\u00e5lla<\/strong><\/h3>\n\n\n\n<p><em><strong>O\u00f6vertr\u00e4ffad h\u00e5llbarhet f\u00f6r uretan<\/strong><\/em><\/p>\n\n\n\n<p style=\"margin-bottom:var(--wp--preset--spacing--tb-section-padding)\">Upplev den o\u00f6vertr\u00e4ffade h\u00e5llbarheten hos Evolves uretanbel\u00e4ggning, som \u00e4r motst\u00e5ndskraftig mot st\u00f6tar, flisor och v\u00e4der och vind. V\u00e5ra skivst\u00e4nger beh\u00e5ller sitt f\u00f6rstklassiga utseende och k\u00e4nsla utan o\u00f6nskade lukter eller nedbrytning som \u00e4r vanligt med motsvarigheter i gummi. Uretanskyddet skyddar inte bara skivst\u00e5ngen utan \u00e4ven din tr\u00e4ningsyta.<\/p>\n<\/div>\n\n\n\n<div class=\"wp-block-column is-vertically-aligned-center is-layout-flow wp-block-column-is-layout-flow\">\n<figure class=\"wp-block-image alignright size-full is-resized is-style-rounded\"><img decoding=\"async\" src=\"https:\/\/evolve-fitness.eu\/wp-content\/uploads\/2023\/11\/Evolve-Urethane-Fixed-Weight-Barbells-2.png\" alt=\"\" class=\"wp-image-5363\" style=\"object-fit:cover;width:680px;height:600px\"\/><\/figure>\n<\/div>\n<\/div>\n\n\n\n<div class=\"wp-block-columns alignwide is-layout-flex wp-container-core-columns-is-layout-c45ee707 wp-block-columns-is-layout-flex\" style=\"margin-bottom:var(--wp--preset--spacing--side-padding);padding-top:var(--wp--preset--spacing--side-padding)\">\n<div class=\"wp-block-column is-vertically-aligned-center is-layout-flow wp-block-column-is-layout-flow\">\n<figure class=\"wp-block-image size-full is-resized is-style-rounded\"><img decoding=\"async\" src=\"https:\/\/evolve-fitness.eu\/wp-content\/uploads\/2023\/11\/Evolve-Urethane-Fixed-Weight-Barbells.png\" alt=\"\" class=\"wp-image-5361\" style=\"object-fit:cover;width:680px;height:600px\"\/><\/figure>\n<\/div>\n\n\n\n<div class=\"wp-block-column is-vertically-aligned-center is-layout-flow wp-block-column-is-layout-flow\">\n<h3 class=\"wp-block-heading\" style=\"margin-bottom:var(--wp--preset--spacing--h-3-bottom)\">Kundanpassning m\u00f6ter kvalitet<\/h3>\n\n\n\n<p><strong><em><strong><em><strong><em>Skr\u00e4ddarsydd f\u00f6r ditt varum\u00e4rke<\/em><\/strong><\/em><\/strong><\/em><\/strong><\/p>\n\n\n\n<p style=\"margin-bottom:var(--wp--preset--spacing--tb-section-padding)\">F\u00f6rb\u00e4ttra din tr\u00e4ningslokal med skivst\u00e4nger som \u00e5terspeglar ditt varum\u00e4rkes etos. Med anpassningsbar f\u00e4rginfusion och laserskurna logotyper \u00e4r Evolve skivst\u00e4nger mer \u00e4n bara utrustning &#8211; de \u00e4r ett uttryck f\u00f6r kvalitet och engagemang f\u00f6r dina kunders tr\u00e4ningsm\u00e5l.<\/p>\n<\/div>\n<\/div>\n\n\n\n<div class=\"wp-block-columns alignwide are-vertically-aligned-center mobile-reverse is-layout-flex wp-container-core-columns-is-layout-e8158c2f wp-block-columns-is-layout-flex\" style=\"padding-top:var(--wp--preset--spacing--side-padding)\">\n<div class=\"wp-block-column is-vertically-aligned-center is-layout-flow wp-block-column-is-layout-flow\">\n<h3 class=\"wp-block-heading\" style=\"margin-bottom:var(--wp--preset--spacing--h-3-bottom)\"><strong>Precisionsteknik<\/strong><\/h3>\n\n\n\n<p><strong><em><strong><em>F\u00f6r yrkesm\u00e4ssiga standarder<\/em><\/strong><\/em><\/strong><\/p>\n\n\n\n<p style=\"margin-bottom:var(--wp--preset--spacing--tb-section-padding)\">V\u00e5ra skivst\u00e4nger har en solid konstruktion av metalllegering, precisionskonstruerad f\u00f6r att klara kraven i alla tr\u00e4ningsmilj\u00f6er. Fr\u00e5n milit\u00e4rbaser till avancerade gym, Evolve skivst\u00e4nger ger den balans och dimensionella noggrannhet som kr\u00e4vs f\u00f6r toppklassiga fitnessanl\u00e4ggningar.<\/p>\n<\/div>\n\n\n\n<div class=\"wp-block-column is-vertically-aligned-center is-layout-flow wp-block-column-is-layout-flow\">\n<figure class=\"wp-block-image alignright size-full is-resized is-style-rounded\"><img decoding=\"async\" src=\"https:\/\/evolve-fitness.eu\/wp-content\/uploads\/2023\/11\/Evolve-Urethane-Fixed-Weight-Barbells-3.png\" alt=\"\" class=\"wp-image-5365\" style=\"object-fit:cover;width:680px;height:600px\"\/><\/figure>\n<\/div>\n<\/div>\n\n\n\n<div class=\"wp-block-columns alignwide are-vertically-aligned-center mobile-reverse is-layout-flex wp-container-core-columns-is-layout-e8158c2f wp-block-columns-is-layout-flex\" style=\"padding-top:var(--wp--preset--spacing--side-padding)\">\n<div class=\"wp-block-column is-vertically-aligned-center is-layout-flow wp-block-column-is-layout-flow\">\n<figure class=\"wp-block-image alignright size-full is-resized is-style-rounded\"><img decoding=\"async\" src=\"https:\/\/evolve-fitness.eu\/wp-content\/uploads\/2023\/11\/Evolve-Urethane-Fixed-Weight-Barbells-4.png\" alt=\"\" class=\"wp-image-5367\" style=\"object-fit:cover;width:680px;height:600px\"\/><\/figure>\n<\/div>\n\n\n\n<div class=\"wp-block-column is-vertically-aligned-center is-layout-flow wp-block-column-is-layout-flow\">\n<h3 class=\"wp-block-heading\" style=\"margin-bottom:var(--wp--preset--spacing--h-3-bottom)\"><strong>Klarhet i varje lyft<\/strong><\/h3>\n\n\n\n<p><strong><em><strong><em>Lasersk\u00e4rning Vikt Indikationer<\/em><\/strong><\/em><\/strong><\/p>\n\n\n\n<p style=\"margin-bottom:var(--wp--preset--spacing--tb-section-padding)\">S\u00e4g adj\u00f6 till gissningar med tydligt definierade, laserskurna viktsiffror och logotyper som st\u00e5r sig \u00f6ver tid. Uretaninfusionen garanterar synlighet och ett professionellt utseende under m\u00e5nga \u00e5r fram\u00f6ver, s\u00e5 att din investering inte bara \u00e4r smart utan ocks\u00e5 snygg.<\/p>\n<\/div>\n<\/div>\n<\/section>\n","protected":false},"excerpt":{"rendered":"<p>Maximera din styrketr\u00e4ning med de eleganta Evolve Urethane Fixed Weight Barbells, som str\u00e4cker sig fr\u00e5n 10 till 55 kg f\u00f6r att passa alla fitnessniv\u00e5er.<br \/>\nDen fasta viktkonstruktionen g\u00f6r det enkelt att snabbt \u00e4ndra motst\u00e5nd under tr\u00e4ningspasset.<br \/>\nDessa skivst\u00e4nger \u00e4r tillverkade av slitstark uretan, har laseretsade detaljer och en inf\u00e4lld logotyp och \u00e4r byggda f\u00f6r l\u00e5ng livsl\u00e4ngd och utformade f\u00f6r att h\u00f6ja utseendet p\u00e5 alla gym.<br \/>\nEvolve skivst\u00e4nger \u00e4r perfekta f\u00f6r enkla, effektiva tr\u00e4ningsprogram och \u00e4r det b\u00e4sta valet f\u00f6r p\u00e5litlig och elegant tyngdlyftningsutrustning.   <\/p>\n","protected":false},"featured_media":51781,"template":"","meta":{"_acf_changed":false,"inline_featured_image":false},"product_cat":[550,1001,1345],"product_tag":[],"class_list":{"0":"post-51759","1":"product","2":"type-product","3":"status-publish","4":"has-post-thumbnail","6":"product_cat-startsida","7":"product_cat-fria-vikter","8":"product_cat-hantlar-med-fast-vikt","10":"first","11":"outofstock","12":"shipping-taxable","13":"purchasable","14":"product-type-simple"},"acf":[],"_links":{"self":[{"href":"https:\/\/store.evolve-fitness.eu\/sv\/wp-json\/wp\/v2\/product\/51759","targetHints":{"allow":["GET"]}}],"collection":[{"href":"https:\/\/store.evolve-fitness.eu\/sv\/wp-json\/wp\/v2\/product"}],"about":[{"href":"https:\/\/store.evolve-fitness.eu\/sv\/wp-json\/wp\/v2\/types\/product"}],"wp:featuredmedia":[{"embeddable":true,"href":"https:\/\/store.evolve-fitness.eu\/sv\/wp-json\/wp\/v2\/media\/51781"}],"wp:attachment":[{"href":"https:\/\/store.evolve-fitness.eu\/sv\/wp-json\/wp\/v2\/media?parent=51759"}],"wp:term":[{"taxonomy":"product_cat","embeddable":true,"href":"https:\/\/store.evolve-fitness.eu\/sv\/wp-json\/wp\/v2\/product_cat?post=51759"},{"taxonomy":"product_tag","embeddable":true,"href":"https:\/\/store.evolve-fitness.eu\/sv\/wp-json\/wp\/v2\/product_tag?post=51759"}],"curies":[{"name":"wp","href":"https:\/\/api.w.org\/{rel}","templated":true}]}}