{"id":51493,"date":"2024-01-19T08:20:17","date_gmt":"2024-01-19T08:20:17","guid":{"rendered":"https:\/\/store.evolve-fitness.eu\/product\/evolve-cpu-urethane-curl-fast-skivstang\/"},"modified":"2026-04-22T12:00:56","modified_gmt":"2026-04-22T12:00:56","slug":"evolve-cpu-urethane-curl-fast-skivstang","status":"publish","type":"product","link":"https:\/\/store.evolve-fitness.eu\/sv\/produkt\/evolve-cpu-urethane-curl-fast-skivstang\/","title":{"rendered":"Evolve CPU Urethane Curl Fast skivst\u00e5ng"},"content":{"rendered":"\n<section class=\"wp-block-group alignfull black-content has-white-color has-darkgray-background-color has-text-color has-background is-layout-constrained wp-block-group-is-layout-constrained\" style=\"padding-top:var(--wp--preset--spacing--section-bottom);padding-bottom:var(--wp--preset--spacing--section-bottom)\">\n<div class=\"wp-block-columns alignwide is-layout-flex wp-container-core-columns-is-layout-c45ee707 wp-block-columns-is-layout-flex\" style=\"margin-bottom:var(--wp--preset--spacing--side-padding);padding-top:var(--wp--preset--spacing--side-padding)\">\n<div class=\"wp-block-column is-vertically-aligned-center is-layout-flow wp-block-column-is-layout-flow\">\n<h3 class=\"wp-block-heading\" style=\"margin-bottom:var(--wp--preset--spacing--h-3-bottom)\">Lyft ditt gym med Evolve<\/h3>\n\n\n\n<p><em><strong>H\u00e5llbar prestanda och anpassning f\u00f6r gym\u00e4gare<\/strong><\/em><\/p>\n\n\n\n<p style=\"margin-bottom:var(--wp--preset--spacing--tb-section-padding)\">Sl\u00e4pp loss en ny niv\u00e5 av h\u00e5llbarhet och m\u00e5ngsidighet med Evolve Urethane Straight eller Curled Fixed Weight Barbell Set. Detta set \u00e4r utformat f\u00f6r att uppfylla kraven fr\u00e5n kommersiella gym och tr\u00e4ningsentusiaster i hemmet, och omdefinierar uth\u00e5llighet med f\u00f6rstklassigt uretanmaterial. Du beh\u00f6ver inte oroa dig f\u00f6r slitage, flisor eller flagor eftersom dessa skivst\u00e4nger beh\u00e5ller sitt oklanderliga utseende \u00f6ver tid, vilket \u00e4r en kostnadseffektiv l\u00f6sning som g\u00f6r att du slipper byta ut dem ofta.<\/p>\n<\/div>\n\n\n\n<div class=\"wp-block-column is-vertically-aligned-center is-layout-flow wp-block-column-is-layout-flow\">\n<div class=\"wp-block-columns is-layout-flex wp-container-core-columns-is-layout-9d6595d7 wp-block-columns-is-layout-flex\">\n<div class=\"wp-block-column is-layout-flow wp-block-column-is-layout-flow\">\n<figure class=\"wp-block-video\"><video autoplay=\"\" controls=\"\" loop=\"\" muted=\"\" src=\"https:\/\/evolve-fitness.eu\/wp-content\/uploads\/2023\/12\/2-5.mp4\"><\/video><\/figure>\n<\/div>\n<\/div>\n<\/div>\n<\/div>\n\n\n\n<div class=\"wp-block-columns alignwide is-layout-flex wp-container-core-columns-is-layout-c45ee707 wp-block-columns-is-layout-flex\" style=\"margin-bottom:var(--wp--preset--spacing--side-padding);padding-top:var(--wp--preset--spacing--side-padding)\">\n<div class=\"wp-block-column is-vertically-aligned-center is-layout-flow wp-block-column-is-layout-flow\">\n<figure class=\"wp-block-image alignright size-large is-style-rounded\"><img decoding=\"async\" src=\"https:\/\/evolve-fitness.eu\/wp-content\/uploads\/2023\/08\/Dizainas-be-pavadinimo-1024x481.png\" alt=\"\" class=\"wp-image-988\"\/><\/figure>\n<\/div>\n\n\n\n<div class=\"wp-block-column is-vertically-aligned-center is-layout-constrained wp-block-column-is-layout-constrained\">\n<h3 class=\"wp-block-heading\" style=\"margin-bottom:var(--wp--preset--spacing--h-3-bottom)\">Anpassningsbar och stilren<\/h3>\n\n\n\n<p><strong><em><strong><em>F\u00f6rb\u00e4ttra ditt gyms varum\u00e4rke<\/em><\/strong><\/em><\/strong><\/p>\n\n\n\n<p style=\"margin-bottom:var(--wp--preset--spacing--tb-section-padding)\">F\u00f6rutom sin exceptionella h\u00e5llbarhet erbjuder Evolve Urethane Straight eller Curled Fixed Weight Barbells m\u00f6jligheter till personalisering, s\u00e5 att du kan h\u00f6ja ditt gyms unika varum\u00e4rke och visuella effekt. Inf\u00f6rliva ditt gyms logotyp och v\u00e4lj anpassade f\u00e4rger, s\u00e5 att ditt gym sticker ut och g\u00f6r ett best\u00e5ende intryck p\u00e5 dina medlemmar.<\/p>\n<\/div>\n<\/div>\n\n\n\n<div class=\"wp-block-columns alignwide is-layout-flex wp-container-core-columns-is-layout-c45ee707 wp-block-columns-is-layout-flex\" style=\"margin-bottom:var(--wp--preset--spacing--side-padding);padding-top:var(--wp--preset--spacing--side-padding)\">\n<div class=\"wp-block-column is-vertically-aligned-center is-layout-flow wp-block-column-is-layout-flow\">\n<h3 class=\"wp-block-heading\" style=\"margin-bottom:var(--wp--preset--spacing--h-3-bottom)\">Laserskurna och Urethane-infunderade logotyper<\/h3>\n\n\n\n<p><strong><em>H\u00f6j estetiken utan att kompromissa med prestandan<\/em><\/strong><\/p>\n\n\n\n<p style=\"margin-bottom:var(--wp--preset--spacing--tb-section-padding)\">Evolve Urethane Straight eller Curled Fixed Weight Barbells \u00e4r utsmyckade med laserskurna logotyper och h\u00e5llbara viktangivelser med uretan och kombinerar s\u00f6ml\u00f6st estetiskt tilltal med praktiskt anv\u00e4ndande. Med dessa tydliga markeringar kan du enkelt v\u00e4xla mellan olika vikter under tr\u00e4ningspasset, vilket ger en s\u00f6ml\u00f6s och effektiv tr\u00e4ningsupplevelse f\u00f6r dina uppskattade gymmedlemmar.<\/p>\n<\/div>\n\n\n\n<div class=\"wp-block-column is-vertically-aligned-center is-layout-flow wp-block-column-is-layout-flow\">\n<div class=\"wp-block-columns is-layout-flex wp-container-core-columns-is-layout-9d6595d7 wp-block-columns-is-layout-flex\">\n<div class=\"wp-block-column is-layout-flow wp-block-column-is-layout-flow\">\n<figure class=\"wp-block-image size-full is-style-rounded\"><img decoding=\"async\" src=\"https:\/\/evolve-fitness.eu\/wp-content\/uploads\/2023\/08\/TPU-fixed-barbells-edited.jpg\" alt=\"\" class=\"wp-image-1010\"\/><\/figure>\n<\/div>\n<\/div>\n<\/div>\n<\/div>\n\n\n\n<div class=\"wp-block-columns alignwide is-layout-flex wp-container-core-columns-is-layout-c45ee707 wp-block-columns-is-layout-flex\" style=\"margin-bottom:var(--wp--preset--spacing--side-padding);padding-top:var(--wp--preset--spacing--side-padding)\">\n<div class=\"wp-block-column is-vertically-aligned-center is-layout-flow wp-block-column-is-layout-flow\">\n<figure class=\"wp-block-image size-full is-style-rounded\"><img loading=\"lazy\" decoding=\"async\" width=\"680\" height=\"600\" src=\"https:\/\/store.evolve-fitness.eu\/wp-content\/uploads\/2024\/01\/Evolve-Urethane-Fixed-Weight-Barbells-grip.png\" alt=\"\" class=\"wp-image-4992\" srcset=\"https:\/\/store.evolve-fitness.eu\/wp-content\/uploads\/2024\/01\/Evolve-Urethane-Fixed-Weight-Barbells-grip.png 680w, https:\/\/store.evolve-fitness.eu\/wp-content\/uploads\/2024\/01\/Evolve-Urethane-Fixed-Weight-Barbells-grip-300x265.png 300w, https:\/\/store.evolve-fitness.eu\/wp-content\/uploads\/2024\/01\/Evolve-Urethane-Fixed-Weight-Barbells-grip-600x529.png 600w\" sizes=\"auto, (max-width: 680px) 100vw, 680px\" \/><\/figure>\n<\/div>\n\n\n\n<div class=\"wp-block-column is-vertically-aligned-center is-layout-flow wp-block-column-is-layout-flow\">\n<h3 class=\"wp-block-heading\" style=\"margin-bottom:var(--wp--preset--spacing--h-3-bottom)\">H\u00e5rdf\u00f6rkromade r\u00e4fflade handtag<\/h3>\n\n\n\n<p><strong><em>Ett grepp som h\u00e5ller i l\u00e4ngden<\/em><\/strong><\/p>\n\n\n\n<p>Upplev o\u00f6vertr\u00e4ffat grepp och prestanda med Evolve Urethane Fixed Weight Barbells. Dessa skivst\u00e4nger har h\u00e5rdf\u00f6rkromade r\u00e4fflade handtag och ger ett orubbligt grepp \u00e4ven under de mest kr\u00e4vande \u00f6vningarna. Den r\u00e4fflade designen ger ett stadigt grepp och kompletteras med f\u00f6rkromning som inte bara f\u00f6rb\u00e4ttrar greppet utan ocks\u00e5 ger en elegant touch av h\u00e5llbarhet.<\/p>\n<\/div>\n<\/div>\n\n\n\n<div class=\"wp-block-columns alignwide is-layout-flex wp-container-core-columns-is-layout-c45ee707 wp-block-columns-is-layout-flex\" style=\"margin-bottom:var(--wp--preset--spacing--side-padding);padding-top:var(--wp--preset--spacing--side-padding)\">\n<div class=\"wp-block-column is-vertically-aligned-center is-layout-flow wp-block-column-is-layout-flow\">\n<h3 class=\"wp-block-heading\" style=\"margin-bottom:var(--wp--preset--spacing--h-3-bottom)\">Precisionstillverkad<\/h3>\n\n\n\n<p><strong><em>Konsekvent excellens<\/em><\/strong><\/p>\n\n\n\n<p style=\"margin-bottom:var(--wp--preset--spacing--tb-section-padding)\">Ta del av f\u00f6rs\u00e4kran om konsekvent kvalitet med precisionstillverkade Evolve Urethane Fixed Weight Barbells. Tack vare den noggranna konstruktionen ger dessa skivst\u00e4nger en enhetlig vikt och orubblig prestanda, vilket \u00f6vertr\u00e4ffar standardalternativ som kan uppvisa viktavvikelser.<\/p>\n\n\n\n<h3 class=\"wp-block-heading\" style=\"margin-bottom:var(--wp--preset--spacing--h-3-bottom)\">S\u00e4kerhet och tillf\u00f6rlitlighet<\/h3>\n\n\n\n<p><strong><em>En konsekvent tr\u00e4ningsupplevelse<\/em><\/strong><\/p>\n\n\n\n<p>S\u00e4kerhet och tillf\u00f6rlitlighet \u00e4r av st\u00f6rsta vikt, och Evolve Urethane Straight eller Curled Fixed Weight Barbell Set uppr\u00e4tth\u00e5ller detta \u00e5tagande. Dessa skivst\u00e4nger best\u00e5r av h\u00f6gkvalitativt, giftfritt och luktfritt uretanmaterial och skapar en s\u00e4ker och h\u00e4lsomedveten tr\u00e4ningsmilj\u00f6. Den robusta konstruktionen minimerar risken f\u00f6r brott eller skav, vilket minskar risken f\u00f6r skador under intensiva tr\u00e4ningspass.<\/p>\n<\/div>\n\n\n\n<div class=\"wp-block-column is-vertically-aligned-center is-layout-flow wp-block-column-is-layout-flow\">\n<div class=\"wp-block-columns is-layout-flex wp-container-core-columns-is-layout-9d6595d7 wp-block-columns-is-layout-flex\">\n<div class=\"wp-block-column is-layout-flow wp-block-column-is-layout-flow\">\n<figure class=\"wp-block-image size-full is-style-rounded\"><img decoding=\"async\" src=\"https:\/\/evolve-fitness.eu\/wp-content\/uploads\/2023\/08\/Fixed-barbells-3.jpg\" alt=\"\" class=\"wp-image-992\"\/><\/figure>\n<\/div>\n<\/div>\n<\/div>\n<\/div>\n<\/section>\n","protected":false},"excerpt":{"rendered":"<p>H\u00f6j kvaliteten p\u00e5 ditt gym med den h\u00e5llbara och m\u00e5ngsidiga Evolve Urethane Straight eller Curled Fixed Weight Barbell Set. Dessa skivst\u00e4nger \u00e4r tillverkade av f\u00f6rstklassigt uretanmaterial och \u00e4r utformade f\u00f6r att t\u00e5la slitage och bibeh\u00e5lla sitt utseende. Du kan anpassa ditt gyms identitet med din logotyp och dina f\u00e4rger, s\u00e5 att ditt gym sticker ut. S\u00e4kerheten har h\u00f6gsta prioritet eftersom skivst\u00e4ngerna \u00e4r tillverkade av s\u00e4kert, luktfritt uretan. Setet finns i olika viktalternativ fr\u00e5n 10 kg till 55 kg, f\u00f6r att passa olika konditionsniv\u00e5er. Du kan lita p\u00e5 deras konsekventa vikt och prestanda, och de tydliga logotyperna ger en touch av stil. Uppgradera ditt gym med den p\u00e5litliga Evolve Urethane Straight eller Curled Fixed Weight Barbell Set, som visar upp kvalitet och personlig excellens.      <\/p>\n","protected":false},"featured_media":95300,"template":"","meta":{"_acf_changed":false,"inline_featured_image":false},"product_cat":[550,1001,1345],"product_tag":[],"class_list":{"0":"post-51493","1":"product","2":"type-product","3":"status-publish","4":"has-post-thumbnail","6":"product_cat-startsida","7":"product_cat-fria-vikter","8":"product_cat-hantlar-med-fast-vikt","10":"first","11":"instock","12":"shipping-taxable","13":"purchasable","14":"product-type-simple"},"acf":[],"_links":{"self":[{"href":"https:\/\/store.evolve-fitness.eu\/sv\/wp-json\/wp\/v2\/product\/51493","targetHints":{"allow":["GET"]}}],"collection":[{"href":"https:\/\/store.evolve-fitness.eu\/sv\/wp-json\/wp\/v2\/product"}],"about":[{"href":"https:\/\/store.evolve-fitness.eu\/sv\/wp-json\/wp\/v2\/types\/product"}],"wp:featuredmedia":[{"embeddable":true,"href":"https:\/\/store.evolve-fitness.eu\/sv\/wp-json\/wp\/v2\/media\/95300"}],"wp:attachment":[{"href":"https:\/\/store.evolve-fitness.eu\/sv\/wp-json\/wp\/v2\/media?parent=51493"}],"wp:term":[{"taxonomy":"product_cat","embeddable":true,"href":"https:\/\/store.evolve-fitness.eu\/sv\/wp-json\/wp\/v2\/product_cat?post=51493"},{"taxonomy":"product_tag","embeddable":true,"href":"https:\/\/store.evolve-fitness.eu\/sv\/wp-json\/wp\/v2\/product_tag?post=51493"}],"curies":[{"name":"wp","href":"https:\/\/api.w.org\/{rel}","templated":true}]}}