{"id":51420,"date":"2024-01-30T15:30:56","date_gmt":"2024-01-30T15:30:56","guid":{"rendered":"https:\/\/store.evolve-fitness.eu\/product\/evolve-ultra-series-plattbelastad-axelpress\/"},"modified":"2024-12-02T15:07:51","modified_gmt":"2024-12-02T15:07:51","slug":"evolve-ultra-series-plattbelastad-axelpress","status":"publish","type":"product","link":"https:\/\/store.evolve-fitness.eu\/sv\/produkt\/evolve-ultra-series-plattbelastad-axelpress\/","title":{"rendered":"Evolve Ultra Series plattbelastad axelpress"},"content":{"rendered":"\n<section class=\"wp-block-group alignfull black-content has-white-color has-darkgray-background-color has-text-color has-background is-layout-constrained wp-block-group-is-layout-constrained\" style=\"padding-top:var(--wp--preset--spacing--section-bottom);padding-bottom:var(--wp--preset--spacing--section-bottom)\">\n<section class=\"wp-block-group alignfull black-content has-white-color has-darkgray-background-color has-text-color has-background is-layout-constrained wp-block-group-is-layout-constrained\" style=\"padding-top:var(--wp--preset--spacing--section-bottom);padding-bottom:var(--wp--preset--spacing--section-bottom)\">\n<div class=\"wp-block-columns alignwide mobile-reverse is-layout-flex wp-container-core-columns-is-layout-ca64bf2d wp-block-columns-is-layout-flex\" style=\"margin-bottom:var(--wp--preset--spacing--side-padding)\">\n<div class=\"wp-block-column is-vertically-aligned-center is-layout-flow wp-block-column-is-layout-flow\">\n<h3 class=\"wp-block-heading\" style=\"margin-bottom:var(--wp--preset--spacing--h-3-bottom)\"><strong><strong><strong><strong><strong><strong>Riktad muskelp\u00e5verkan<\/strong><\/strong><\/strong><\/strong><\/strong><\/strong><\/h3>\n\n\n\n<p><strong><em><strong><strong><strong><strong>Muskelgrupper som ber\u00f6rs<\/strong><\/strong><\/strong><\/strong><\/em><\/strong><\/p>\n\n\n\n<p style=\"margin-bottom:var(--wp--preset--spacing--tb-section-padding)\">Evolve Ultra Series Plate Loaded Shoulder Press \u00e4r utformad f\u00f6r att fr\u00e4mst rikta in sig p\u00e5 deltoidmusklerna, och engagerar b\u00e5de de fr\u00e4mre och laterala deltoidhuvudena tillsammans med triceps.<\/p>\n\n\n\n<p><strong><em><strong><strong><strong><strong><strong><strong>Effektiv aktivering av axlarna<\/strong><\/strong><\/strong><\/strong><\/strong><\/strong><\/em><\/strong><\/p>\n\n\n\n<p>Med sin specialiserade design s\u00e4kerst\u00e4ller denna maskin fokuserad aktivering av axelmusklerna, vilket underl\u00e4ttar omfattande axelutveckling och styrka.<\/p>\n<\/div>\n\n\n\n<div class=\"wp-block-column is-vertically-aligned-center is-layout-flow wp-block-column-is-layout-flow\">\n<figure class=\"wp-block-video\"><video autoplay=\"\" controls=\"\" loop=\"\" muted=\"\" src=\"https:\/\/evolve-fitness.eu\/wp-content\/uploads\/2024\/03\/EV-PL-UL-030-Evolve-Ultra-Series-Plate-Loaded-Shoulder-Press.mp4\"><\/video><\/figure>\n<\/div>\n<\/div>\n\n\n\n<div class=\"wp-block-columns alignwide mobile-reverse is-layout-flex wp-container-core-columns-is-layout-ca64bf2d wp-block-columns-is-layout-flex\" style=\"margin-bottom:var(--wp--preset--spacing--side-padding)\">\n<div class=\"wp-block-column is-vertically-aligned-center is-layout-flow wp-block-column-is-layout-flow\">\n<figure class=\"wp-block-video\"><video autoplay=\"\" controls=\"\" loop=\"\" muted=\"\" src=\"https:\/\/evolve-fitness.eu\/wp-content\/uploads\/2023\/12\/2-9.mp4\"><\/video><\/figure>\n<\/div>\n\n\n\n<div class=\"wp-block-column is-vertically-aligned-center is-layout-flow wp-block-column-is-layout-flow\">\n<h3 class=\"wp-block-heading\" style=\"margin-bottom:var(--wp--preset--spacing--h-3-bottom)\"><strong><strong><strong><strong><strong>Justerbart motst\u00e5nd<\/strong><\/strong><\/strong><\/strong><\/strong><\/h3>\n\n\n\n<p><strong><strong><strong><em>Anpassningsbar tr\u00e4ningsintensitet<\/em><\/strong><\/strong><\/strong><\/p>\n\n\n\n<p style=\"margin-bottom:var(--wp--preset--spacing--tb-section-padding)\">Anv\u00e4ndarna kan enkelt justera motst\u00e5ndsniv\u00e5erna genom att l\u00e4gga till eller ta bort viktplattor, vilket m\u00f6jligg\u00f6r personliga tr\u00e4ningspass anpassade till individuella konditionsniv\u00e5er och tr\u00e4ningsm\u00e5l. Oavsett om anv\u00e4ndaren str\u00e4var efter muskeluth\u00e5llighet, hypertrofi eller \u00f6kad styrka, m\u00f6jligg\u00f6r det justerbara motst\u00e5ndet progressiv tr\u00e4ning f\u00f6r att m\u00f6ta f\u00f6r\u00e4nderliga fitnessbehov.<\/p>\n<\/div>\n<\/div>\n\n\n\n<div class=\"wp-block-columns alignwide mobile-reverse is-layout-flex wp-container-core-columns-is-layout-ca64bf2d wp-block-columns-is-layout-flex\" style=\"margin-bottom:var(--wp--preset--spacing--side-padding)\">\n<div class=\"wp-block-column is-vertically-aligned-center is-layout-flow wp-block-column-is-layout-flow\">\n<h3 class=\"wp-block-heading\"><strong><strong><strong><strong><strong><strong><strong><strong><strong><strong>H\u00e5llbarhet och stabilitet<\/strong><\/strong><\/strong><\/strong><\/strong><\/strong><\/strong><\/strong><\/strong><\/strong><\/h3>\n\n\n\n<p><strong><em><strong><strong><strong><strong><strong><strong><strong>H\u00f6gkvalitativ konstruktion<\/strong><\/strong><\/strong><\/strong><\/strong><\/strong><\/strong><\/em><\/strong><\/p>\n\n\n\n<p>Evolve Ultra Series Plate Loaded Shoulder Press \u00e4r tillverkad av slitstarka material och precisionsteknik och garanterar l\u00e5ng livsl\u00e4ngd och tillf\u00f6rlitlighet, l\u00e4mplig f\u00f6r b\u00e5de hemmabruk och kommersiella gymmilj\u00f6er. Den robusta ramen ger stabilitet och s\u00e4kerhet under rigor\u00f6sa tr\u00e4ningspass, s\u00e5 att anv\u00e4ndarna kan utf\u00f6ra axel\u00f6vningar med tillf\u00f6rsikt och utan kompromisser.<\/p>\n\n\n\n<p><\/p>\n\n\n\n<h3 class=\"wp-block-heading\"><strong><strong><strong><strong><strong><strong><strong><strong><strong><strong>Kompakt fotavtryck<\/strong><\/strong><\/strong><\/strong><\/strong><\/strong><\/strong><\/strong><\/strong><\/strong><\/h3>\n\n\n\n<p><strong><em><strong><strong><strong><strong><strong><strong><strong>Optimerat utnyttjande av utrymmen<\/strong><\/strong><\/strong><\/strong><\/strong><\/strong><\/strong><\/em><\/strong><\/p>\n\n\n\n<p>Trots sin funktionalitet har axelpressen ett kompakt format, vilket g\u00f6r den l\u00e4mplig f\u00f6r personer med begr\u00e4nsat tr\u00e4ningsutrymme. Den str\u00f6mlinjeformade designen maximerar utrymmeseffektiviteten utan att g\u00f6ra avkall p\u00e5 funktionaliteten, vilket s\u00e4kerst\u00e4ller en optimerad tr\u00e4ningsyta f\u00f6r effektiva axeltr\u00e4ningspass.<\/p>\n<\/div>\n\n\n\n<div class=\"wp-block-column is-vertically-aligned-center is-layout-flow wp-block-column-is-layout-flow\">\n<figure class=\"wp-block-image size-large\"><img decoding=\"async\" src=\"https:\/\/evolve-fitness.eu\/wp-content\/uploads\/2023\/09\/A7_08634-683x1024.jpg\" alt=\"EV-PL-UL-030\" class=\"wp-image-166561\"\/><\/figure>\n<\/div>\n<\/div>\n\n\n\n<div class=\"wp-block-columns alignwide mobile-reverse is-layout-flex wp-container-core-columns-is-layout-ca64bf2d wp-block-columns-is-layout-flex\" style=\"margin-bottom:var(--wp--preset--spacing--side-padding)\">\n<div class=\"wp-block-column is-vertically-aligned-center is-layout-flow wp-block-column-is-layout-flow\">\n<figure class=\"wp-block-video\"><video autoplay=\"\" controls=\"\" loop=\"\" muted=\"\" src=\"https:\/\/evolve-fitness.eu\/wp-content\/uploads\/2023\/12\/1-15.mp4\"><\/video><\/figure>\n<\/div>\n\n\n\n<div class=\"wp-block-column is-vertically-aligned-center is-layout-flow wp-block-column-is-layout-flow\">\n<h3 class=\"wp-block-heading\" style=\"margin-bottom:var(--wp--preset--spacing--h-3-bottom)\"><strong><strong><strong><strong><strong>Bekv\u00e4m design<\/strong><\/strong><\/strong><\/strong><\/strong><\/h3>\n\n\n\n<p><strong><em><strong><strong><strong><strong><strong><strong><strong><strong>Justerbar sits och ryggst\u00f6d<\/strong><\/strong><\/strong><\/strong><\/strong><\/strong><\/strong><\/strong><\/em><\/strong><\/p>\n\n\n\n<p style=\"margin-bottom:var(--wp--preset--spacing--tb-section-padding)\">Axelpressen \u00e4r konstruerad f\u00f6r att vara bekv\u00e4m f\u00f6r anv\u00e4ndaren och har ergonomiska dynor och handtag som fr\u00e4mjar korrekt kroppsinriktning och st\u00f6d under hela tr\u00e4ningspasset. Det justerbara s\u00e4tet och ryggst\u00f6det ger \u00f6kad komfort och individuell anpassning, vilket minskar risken f\u00f6r \u00f6veranstr\u00e4ngning eller obehag vid axel\u00f6vningar.<\/p>\n<\/div>\n<\/div>\n<\/section>\n<\/section>\n","protected":false},"excerpt":{"rendered":"<p>F\u00f6rh\u00f6j ditt gyms axeltr\u00e4ning med Evolve Ultra Series Plate Loaded Shoulder Press UL-030. Maskinen \u00e4r konstruerad f\u00f6r kommersiella milj\u00f6er och \u00e4r h\u00e5llbar med sin solida st\u00e5lram och rostbest\u00e4ndiga teknik. Den har halkfria handtag, unilateral armr\u00f6relse och anpassningsbara f\u00e4rger f\u00f6r att matcha ditt gyms varum\u00e4rke. Med en maxlast p\u00e5 300 kg och 2 \u00e5rs garanti \u00e4r det ett s\u00e4kert och robust val. Uppgradera axeltr\u00e4ningen i ditt gym med denna h\u00f6gkvalitativa axelpressmaskin.<\/p>\n","protected":false},"featured_media":61645,"template":"","meta":{"_acf_changed":false,"inline_featured_image":false},"product_cat":[550,773,774],"product_tag":[],"class_list":{"0":"post-51420","1":"product","2":"type-product","3":"status-publish","4":"has-post-thumbnail","6":"product_cat-startsida","7":"product_cat-platbelastade-maskiner","8":"product_cat-ultra-series-platbelastad","10":"first","11":"instock","12":"shipping-taxable","13":"purchasable","14":"product-type-simple"},"acf":[],"_links":{"self":[{"href":"https:\/\/store.evolve-fitness.eu\/sv\/wp-json\/wp\/v2\/product\/51420","targetHints":{"allow":["GET"]}}],"collection":[{"href":"https:\/\/store.evolve-fitness.eu\/sv\/wp-json\/wp\/v2\/product"}],"about":[{"href":"https:\/\/store.evolve-fitness.eu\/sv\/wp-json\/wp\/v2\/types\/product"}],"wp:featuredmedia":[{"embeddable":true,"href":"https:\/\/store.evolve-fitness.eu\/sv\/wp-json\/wp\/v2\/media\/61645"}],"wp:attachment":[{"href":"https:\/\/store.evolve-fitness.eu\/sv\/wp-json\/wp\/v2\/media?parent=51420"}],"wp:term":[{"taxonomy":"product_cat","embeddable":true,"href":"https:\/\/store.evolve-fitness.eu\/sv\/wp-json\/wp\/v2\/product_cat?post=51420"},{"taxonomy":"product_tag","embeddable":true,"href":"https:\/\/store.evolve-fitness.eu\/sv\/wp-json\/wp\/v2\/product_tag?post=51420"}],"curies":[{"name":"wp","href":"https:\/\/api.w.org\/{rel}","templated":true}]}}