{"id":51000,"date":"2024-01-25T07:37:36","date_gmt":"2024-01-25T07:37:36","guid":{"rendered":"https:\/\/store.evolve-fitness.eu\/product\/evolve-prime-series-olympisk-axelpressbank\/"},"modified":"2025-03-27T07:04:54","modified_gmt":"2025-03-27T07:04:54","slug":"evolve-prime-series-olympisk-axelpressbank","status":"publish","type":"product","link":"https:\/\/store.evolve-fitness.eu\/sv\/produkt\/evolve-prime-series-olympisk-axelpressbank\/","title":{"rendered":"Evolve Prime Series Olympisk axelpressb\u00e4nk"},"content":{"rendered":"\n<section class=\"wp-block-group alignfull black-content has-white-color has-darkgray-background-color has-text-color has-background is-layout-constrained wp-block-group-is-layout-constrained\" style=\"padding-top:var(--wp--preset--spacing--section-bottom);padding-bottom:var(--wp--preset--spacing--section-bottom)\">\n<div class=\"wp-block-columns alignwide mobile-reverse is-layout-flex wp-container-core-columns-is-layout-ca64bf2d wp-block-columns-is-layout-flex\" style=\"margin-bottom:var(--wp--preset--spacing--side-padding)\">\n<div class=\"wp-block-column is-vertically-aligned-center is-layout-flow wp-block-column-is-layout-flow\">\n<h3 class=\"wp-block-heading\" style=\"margin-bottom:var(--wp--preset--spacing--h-3-bottom)\"><strong><strong><strong><strong><strong><strong><strong><strong>Styrka, precision och komfort<\/strong><\/strong><\/strong><\/strong><\/strong><\/strong><\/strong><\/strong><\/h3>\n\n\n\n<p><strong><em><strong><em><strong><strong><strong><strong><strong>N\u00e4sta niv\u00e5 av b\u00e4nkpress med <strong>Evolve Olympic Incline Bench<\/strong><\/strong><\/strong><\/strong><\/strong><\/strong><\/em><\/strong><\/em><\/strong><\/p>\n\n\n\n<p style=\"margin-bottom:var(--wp--preset--spacing--tb-section-padding)\">Denna b\u00e4nk \u00e4r utformad f\u00f6r dem som menar allvar med sitt lyftande och \u00e4r inte bara en del av utrustningen &#8211; den \u00e4r h\u00f6rnstenen i ditt styrketr\u00e4ningsprogram. Upplev den perfekta vinkeln f\u00f6r maximalt muskelarbete. Evolve Olympic Incline Bench \u00e4r konstruerad f\u00f6r att rikta in sig p\u00e5 \u00f6vre br\u00f6stkorgen och axlarna mer effektivt, vilket ger dig b\u00e4sta m\u00f6jliga resultat fr\u00e5n din lutande presstr\u00e4ning.<\/p>\n<\/div>\n\n\n\n<div class=\"wp-block-column is-vertically-aligned-center is-layout-flow wp-block-column-is-layout-flow\">\n<figure class=\"wp-block-video\"><video height=\"600\" style=\"aspect-ratio: 680 \/ 600;\" width=\"680\" autoplay=\"\" controls=\"\" loop=\"\" muted=\"\" src=\"https:\/\/evolve-fitness.eu\/wp-content\/uploads\/2023\/12\/1-26.mp4\"><\/video><\/figure>\n<\/div>\n<\/div>\n\n\n\n<div class=\"wp-block-columns alignwide is-layout-flex wp-container-core-columns-is-layout-c45ee707 wp-block-columns-is-layout-flex\" style=\"margin-bottom:var(--wp--preset--spacing--side-padding);padding-top:var(--wp--preset--spacing--side-padding)\">\n<div class=\"wp-block-column is-vertically-aligned-center is-layout-flow wp-block-column-is-layout-flow\">\n<figure class=\"wp-block-image size-large\"><img decoding=\"async\" src=\"https:\/\/evolve-fitness.eu\/wp-content\/uploads\/2023\/12\/A7_06741-683x1024.jpg\" alt=\"\" class=\"wp-image-8422\"\/><\/figure>\n<\/div>\n\n\n\n<div class=\"wp-block-column is-vertically-aligned-center is-layout-flow wp-block-column-is-layout-flow\">\n<h3 class=\"wp-block-heading\" style=\"margin-bottom:var(--wp--preset--spacing--h-3-bottom)\"><strong><strong>\u00d6verl\u00e4gsen komfort och st\u00f6d<\/strong><\/strong><\/h3>\n\n\n\n<p><strong><em>Fokusera p\u00e5 dina lyft<\/em><\/strong><\/p>\n\n\n\n<p style=\"margin-bottom:var(--wp--preset--spacing--tb-section-padding)\">V\u00e5r b\u00e4nk har en skumvaddering med h\u00f6g densitet som ger o\u00f6vertr\u00e4ffad komfort samtidigt som den s\u00e4kerst\u00e4ller korrekt st\u00f6d och anpassning. Det inneb\u00e4r l\u00e4ngre och effektivare tr\u00e4ningspass utan on\u00f6dig belastning.<\/p>\n<\/div>\n<\/div>\n\n\n\n<div class=\"wp-block-columns alignwide is-layout-flex wp-container-core-columns-is-layout-c45ee707 wp-block-columns-is-layout-flex\" style=\"margin-bottom:var(--wp--preset--spacing--side-padding);padding-top:var(--wp--preset--spacing--side-padding)\">\n<div class=\"wp-block-column is-vertically-aligned-center is-layout-flow wp-block-column-is-layout-flow\">\n<h3 class=\"wp-block-heading\" style=\"margin-bottom:var(--wp--preset--spacing--h-3-bottom)\"><strong><strong><strong><strong><strong><strong><strong><strong><strong>H\u00e5llbar och robust konstruktion<\/strong><\/strong><\/strong><\/strong><\/strong><\/strong><\/strong><\/strong><\/strong><\/h3>\n\n\n\n<p><strong><em>L\u00e5ngsiktig tillf\u00f6rlitlighet<\/em><\/strong><\/p>\n\n\n\n<p style=\"margin-bottom:var(--wp--preset--spacing--tb-section-padding)\">Evolve Olympic Incline Bench \u00e4r byggd f\u00f6r att h\u00e5lla l\u00e4nge och har en kraftig st\u00e5lram. Den exceptionella h\u00e5llbarheten klarar p\u00e5frestningarna vid intensiv daglig anv\u00e4ndning, vilket g\u00f6r den till ett p\u00e5litligt val f\u00f6r b\u00e5de kommersiella gym och tr\u00e4ningslokaler i hemmet.<\/p>\n<\/div>\n\n\n\n<div class=\"wp-block-column is-vertically-aligned-center is-layout-flow wp-block-column-is-layout-flow\">\n<figure class=\"wp-block-image size-large\"><img decoding=\"async\" src=\"https:\/\/evolve-fitness.eu\/wp-content\/uploads\/2023\/12\/A7_06747-683x1024.jpg\" alt=\"\" class=\"wp-image-8424\"\/><\/figure>\n<\/div>\n<\/div>\n<\/section>\n","protected":false},"excerpt":{"rendered":"<p>F\u00f6rb\u00e4ttra din axeltr\u00e4ning med Evolve Prime Series Olympic Shoulder Press Bench, en f\u00f6rstklassig utrustning som \u00e4r utformad f\u00f6r dem som verkligen vill f\u00f6rb\u00e4ttra sin \u00f6verkroppsstyrka. Denna b\u00e4nk \u00e4r utformad f\u00f6r axelmusklerna och ger en perfekt plattform f\u00f6r axelpress i olympisk stil och andra relaterade \u00f6vningar. Den robusta och stabila konstruktionen garanterar maximal s\u00e4kerhet och effektivitet under tr\u00e4ningspasset. Den justerbara sitsen och ergonomiska konstruktionen passar anv\u00e4ndare i alla storlekar, vilket g\u00f6r den till ett perfekt val f\u00f6r b\u00e5de nyb\u00f6rjare och professionella idrottare. Den eleganta och h\u00e5llbara konstruktionen klarar inte bara intensiva tr\u00e4ningspass utan ger ocks\u00e5 en professionell touch till alla typer av gym, oavsett om det \u00e4r ett hemmagym eller ett kommersiellt fitnesscenter. Evolve Prime Series Olympic Shoulder Press Bench \u00e4r inte bara en del av utrustningen; det \u00e4r ett \u00e5tagande att uppn\u00e5 topprestanda och axelstyrka. Upplev kombinationen av f\u00f6rstklassig kvalitet och exceptionell design med Evolve, och ta din axeltr\u00e4ning till nya h\u00f6jder.<\/p>\n","protected":false},"featured_media":51001,"template":"","meta":{"_acf_changed":false,"inline_featured_image":false},"product_cat":[550,1270,1283],"product_tag":[],"class_list":{"0":"post-51000","1":"product","2":"type-product","3":"status-publish","4":"has-post-thumbnail","6":"product_cat-startsida","7":"product_cat-bankar","8":"product_cat-prime-series-bankar","10":"first","11":"outofstock","12":"shipping-taxable","13":"purchasable","14":"product-type-simple"},"acf":[],"_links":{"self":[{"href":"https:\/\/store.evolve-fitness.eu\/sv\/wp-json\/wp\/v2\/product\/51000","targetHints":{"allow":["GET"]}}],"collection":[{"href":"https:\/\/store.evolve-fitness.eu\/sv\/wp-json\/wp\/v2\/product"}],"about":[{"href":"https:\/\/store.evolve-fitness.eu\/sv\/wp-json\/wp\/v2\/types\/product"}],"wp:featuredmedia":[{"embeddable":true,"href":"https:\/\/store.evolve-fitness.eu\/sv\/wp-json\/wp\/v2\/media\/51001"}],"wp:attachment":[{"href":"https:\/\/store.evolve-fitness.eu\/sv\/wp-json\/wp\/v2\/media?parent=51000"}],"wp:term":[{"taxonomy":"product_cat","embeddable":true,"href":"https:\/\/store.evolve-fitness.eu\/sv\/wp-json\/wp\/v2\/product_cat?post=51000"},{"taxonomy":"product_tag","embeddable":true,"href":"https:\/\/store.evolve-fitness.eu\/sv\/wp-json\/wp\/v2\/product_tag?post=51000"}],"curies":[{"name":"wp","href":"https:\/\/api.w.org\/{rel}","templated":true}]}}