{"id":50898,"date":"2024-01-25T13:50:43","date_gmt":"2024-01-25T13:50:43","guid":{"rendered":"https:\/\/store.evolve-fitness.eu\/product\/evolve-skivstang-jack\/"},"modified":"2024-07-16T11:32:13","modified_gmt":"2024-07-16T11:32:13","slug":"evolve-skivstang-jack","status":"publish","type":"product","link":"https:\/\/store.evolve-fitness.eu\/sv\/produkt\/evolve-skivstang-jack\/","title":{"rendered":"Evolve skivst\u00e5ng Jack"},"content":{"rendered":"","protected":false},"excerpt":{"rendered":"<p>Evolve skivst\u00e5ngslyftare \u00e4r en specialiserad tr\u00e4ningsutrustning. Den \u00e4r utformad f\u00f6r att underl\u00e4tta lyft och \u00e4ndring av vikter p\u00e5 skivst\u00e4nger, vilket \u00f6kar effektiviteten och s\u00e4kerheten vid tyngdlyftningspass.<\/p>\n","protected":false},"featured_media":92900,"template":"","meta":{"_acf_changed":false,"inline_featured_image":false},"product_cat":[550,1001,1040],"product_tag":[],"class_list":{"0":"post-50898","1":"product","2":"type-product","3":"status-publish","4":"has-post-thumbnail","6":"product_cat-startsida","7":"product_cat-fria-vikter","8":"product_cat-barer-och-tillbehor","10":"first","11":"outofstock","12":"shipping-taxable","13":"purchasable","14":"product-type-simple"},"acf":[],"_links":{"self":[{"href":"https:\/\/store.evolve-fitness.eu\/sv\/wp-json\/wp\/v2\/product\/50898","targetHints":{"allow":["GET"]}}],"collection":[{"href":"https:\/\/store.evolve-fitness.eu\/sv\/wp-json\/wp\/v2\/product"}],"about":[{"href":"https:\/\/store.evolve-fitness.eu\/sv\/wp-json\/wp\/v2\/types\/product"}],"wp:featuredmedia":[{"embeddable":true,"href":"https:\/\/store.evolve-fitness.eu\/sv\/wp-json\/wp\/v2\/media\/92900"}],"wp:attachment":[{"href":"https:\/\/store.evolve-fitness.eu\/sv\/wp-json\/wp\/v2\/media?parent=50898"}],"wp:term":[{"taxonomy":"product_cat","embeddable":true,"href":"https:\/\/store.evolve-fitness.eu\/sv\/wp-json\/wp\/v2\/product_cat?post=50898"},{"taxonomy":"product_tag","embeddable":true,"href":"https:\/\/store.evolve-fitness.eu\/sv\/wp-json\/wp\/v2\/product_tag?post=50898"}],"curies":[{"name":"wp","href":"https:\/\/api.w.org\/{rel}","templated":true}]}}