{"id":49315,"date":"2024-01-18T09:23:12","date_gmt":"2024-01-18T09:23:12","guid":{"rendered":"https:\/\/store.evolve-fitness.eu\/product\/evolve-kettlebells-i-gjutjarn\/"},"modified":"2026-04-24T12:01:23","modified_gmt":"2026-04-24T12:01:23","slug":"evolve-kettlebells-i-gjutjarn","status":"publish","type":"product","link":"https:\/\/store.evolve-fitness.eu\/sv\/produkt\/evolve-kettlebells-i-gjutjarn\/","title":{"rendered":"Evolve Kettlebells i gjutj\u00e4rn"},"content":{"rendered":"\n<section class=\"wp-block-group alignfull black-content has-white-color has-darkgray-background-color has-text-color has-background is-layout-constrained wp-block-group-is-layout-constrained\" style=\"padding-top:var(--wp--preset--spacing--section-bottom);padding-bottom:var(--wp--preset--spacing--section-bottom)\">\n<div class=\"wp-block-columns alignwide mobile-reverse is-layout-flex wp-container-core-columns-is-layout-ca64bf2d wp-block-columns-is-layout-flex\" style=\"margin-bottom:var(--wp--preset--spacing--side-padding)\">\n<div class=\"wp-block-column is-vertically-aligned-center is-layout-flow wp-block-column-is-layout-flow\">\n<h3 class=\"wp-block-heading\" style=\"margin-bottom:var(--wp--preset--spacing--h-3-bottom)\"><strong>Exceptionell h\u00e5llbarhet<\/strong><\/h3>\n\n\n\n<p><strong><em><strong><em><strong><em>Byggd f\u00f6r att h\u00e5lla<\/em><\/strong><\/em><\/strong><\/em><\/strong><\/p>\n\n\n\n<p>Evolve kettlebells \u00e4r tillverkade av en t\u00e5lig j\u00e4rnlegering, vilket garanterar exceptionell h\u00e5llbarhet och motst\u00e5ndskraft mot deformation. Den gjutningsteknik i ett stycke som anv\u00e4nds vid tillverkningen garanterar inte bara balansprecision och en robust struktur utan ocks\u00e5 l\u00e5ng livsl\u00e4ngd. Dessa kettlebells \u00e4r motst\u00e5ndskraftiga mot slitage, vilket g\u00f6r dem l\u00e4mpliga f\u00f6r tung anv\u00e4ndning i professionella gym, milit\u00e4rbaser, rehabiliteringscenter och hemmagym.<\/p>\n<\/div>\n\n\n\n<div class=\"wp-block-column is-vertically-aligned-center is-layout-flow wp-block-column-is-layout-flow\">\n<figure class=\"wp-block-video\"><video height=\"954\" style=\"aspect-ratio: 2000 \/ 954;\" width=\"2000\" autoplay=\"\" controls=\"\" loop=\"\" muted=\"\" src=\"https:\/\/evolve-fitness.eu\/wp-content\/uploads\/2023\/11\/EVOLVE-CAST-IRON-KETTLEBELLS.mp4\"><\/video><\/figure>\n<\/div>\n<\/div>\n\n\n\n<div class=\"wp-block-columns alignwide is-layout-flex wp-container-core-columns-is-layout-c45ee707 wp-block-columns-is-layout-flex\" style=\"margin-bottom:var(--wp--preset--spacing--side-padding);padding-top:var(--wp--preset--spacing--side-padding)\">\n<div class=\"wp-block-column is-vertically-aligned-center is-layout-flow wp-block-column-is-layout-flow\">\n<figure class=\"wp-block-image size-full is-resized is-style-rounded\"><img decoding=\"async\" src=\"https:\/\/evolve-fitness.eu\/wp-content\/uploads\/2023\/11\/EVOLVE-CAST-IRON-KETTLEBELLS.png\" alt=\"\" class=\"wp-image-5735\" style=\"object-fit:cover;width:680px;height:600px\"\/><\/figure>\n<\/div>\n\n\n\n<div class=\"wp-block-column is-vertically-aligned-center is-layout-flow wp-block-column-is-layout-flow\">\n<h3 class=\"wp-block-heading\" style=\"margin-bottom:var(--wp--preset--spacing--h-3-bottom)\"><strong><strong>Funktionalitet<\/strong><\/strong><\/h3>\n\n\n\n<p><strong><em>Utformad f\u00f6r prestanda<\/em><\/strong><\/p>\n\n\n\n<p>Varje Evolve kettlebell har ett mjukt b\u00f6jt, halkfritt texturerat handtag som ger ett starkt och stabilt grepp. Denna design \u00e4r avg\u00f6rande f\u00f6r \u00f6vningar som kr\u00e4ver skarpa, pl\u00f6tsliga r\u00f6relser, vilket g\u00f6r dem idealiska f\u00f6r individuell tr\u00e4ning, grupptr\u00e4ning, funktionell tr\u00e4ning eller CrossFit-tr\u00e4ning. Den grova ytan p\u00e5 handtagen g\u00f6r att magnesium fastnar bra, vilket ger ett s\u00e4kert grepp \u00e4ven under de mest intensiva tr\u00e4ningspassen.<\/p>\n<\/div>\n<\/div>\n\n\n\n<div class=\"wp-block-columns alignwide are-vertically-aligned-center mobile-reverse is-layout-flex wp-container-core-columns-is-layout-e8158c2f wp-block-columns-is-layout-flex\" style=\"padding-top:var(--wp--preset--spacing--side-padding)\">\n<div class=\"wp-block-column is-vertically-aligned-center is-layout-flow wp-block-column-is-layout-flow\">\n<h3 class=\"wp-block-heading\" style=\"margin-bottom:var(--wp--preset--spacing--h-3-bottom)\"><strong><strong><strong>Ett utm\u00e4rkt val  <\/strong><\/strong><\/strong><\/h3>\n\n\n\n<p><strong><em><strong><em><strong><strong><strong><strong>F\u00f6r olika utbildningsbehov<\/strong><\/strong><\/strong><\/strong><\/em><\/strong><\/em><\/strong><\/p>\n\n\n\n<p>Evolve kettlebells handlar inte bara om styrka, de handlar om m\u00e5ngsidighet. Dessa kettlebells finns med vikter fr\u00e5n 4 kg till 32 kg och passar f\u00f6r olika konditionsniv\u00e5er och tr\u00e4ningsformer. Den platta basen p\u00e5 varje kettlebell ger maximal stabilitet, f\u00f6rhindrar vinglande och g\u00f6r dem s\u00e4kra f\u00f6r en m\u00e4ngd olika \u00f6vningar.<\/p>\n<\/div>\n\n\n\n<div class=\"wp-block-column is-vertically-aligned-center is-layout-flow wp-block-column-is-layout-flow\">\n<figure class=\"wp-block-image alignright size-full is-resized is-style-rounded\"><img decoding=\"async\" src=\"https:\/\/evolve-fitness.eu\/wp-content\/uploads\/2023\/11\/EVOLVE-CAST-IRON-KETTLEBELLS-2.png\" alt=\"\" class=\"wp-image-5731\" style=\"object-fit:cover;width:680px;height:600px\"\/><\/figure>\n<\/div>\n<\/div>\n\n\n\n<div class=\"wp-block-columns alignwide are-vertically-aligned-center mobile-reverse is-layout-flex wp-container-core-columns-is-layout-e8158c2f wp-block-columns-is-layout-flex\" style=\"padding-top:var(--wp--preset--spacing--side-padding)\">\n<div class=\"wp-block-column is-vertically-aligned-center is-layout-flow wp-block-column-is-layout-flow\">\n<figure class=\"wp-block-image alignright size-full is-resized is-style-rounded\"><img decoding=\"async\" src=\"https:\/\/evolve-fitness.eu\/wp-content\/uploads\/2023\/11\/EVOLVE-CAST-IRON-KETTLEBELLS-3.png\" alt=\"\" class=\"wp-image-5733\" style=\"object-fit:cover;width:680px;height:600px\"\/><\/figure>\n<\/div>\n\n\n\n<div class=\"wp-block-column is-vertically-aligned-center is-layout-flow wp-block-column-is-layout-flow\">\n<h3 class=\"wp-block-heading\" style=\"margin-bottom:var(--wp--preset--spacing--h-3-bottom)\"><strong><strong><strong>L\u00e4tt att f\u00f6r\u00e4ndra Motst\u00e5nd<\/strong><\/strong><\/strong><\/h3>\n\n\n\n<p><strong><em><strong><em><strong><strong><strong><strong>F\u00e4rgkodad bekv\u00e4mlighet<\/strong><\/strong><\/strong><\/strong><\/em><\/strong><\/em><\/strong><\/p>\n\n\n\n<p>F\u00f6r att \u00f6ka anv\u00e4ndarv\u00e4nligheten har Evolve kettlebells f\u00e4rgkodade handtag, s\u00e5 att anv\u00e4ndarna enkelt kan identifiera olika vikter med en blick. Denna funktion \u00e4r s\u00e4rskilt anv\u00e4ndbar i snabba tr\u00e4ningsmilj\u00f6er d\u00e4r snabba viktf\u00f6r\u00e4ndringar \u00e4r vanliga.<\/p>\n<\/div>\n<\/div>\n\n\n\n<p class=\"has-text-align-center has-medium-font-size\"><strong>Evolve Cast Iron Kettlebells \u00e4r sinnebilden av kvalitet och funktionalitet. Oavsett om du \u00e4r fitnessentusiast, professionell idrottare eller gym\u00e4gare \u00e4r dessa kettlebells ett utm\u00e4rkt val f\u00f6r att tillgodose ett brett spektrum av tr\u00e4ningsbehov, och kombinerar h\u00e5llbarhet, funktionalitet och anv\u00e4ndarv\u00e4nlighet i ett enast\u00e5ende tr\u00e4ningsredskap.<\/strong><\/p>\n<\/section>\n","protected":false},"excerpt":{"rendered":"<p>Sl\u00e4pp loss din fitnesspotential med Evolve Cast Iron Kettlebells<br \/>\nI den dynamiska fitnessv\u00e4rlden utm\u00e4rker sig Evolve Cast Iron Kettlebells som en symbol f\u00f6r h\u00e5llbarhet, funktionalitet och stil, skr\u00e4ddarsydd f\u00f6r att m\u00f6ta fitnessentusiasternas olika behov. Oavsett om du utrustar ett professionellt gym, skapar ett tr\u00e4ningsrum hemma eller fyller p\u00e5 en kommersiell tr\u00e4ningsanl\u00e4ggning, \u00e4r Evolves sortiment av kettlebells utformat f\u00f6r att h\u00f6ja din tr\u00e4ningsupplevelse.<\/p>\n","protected":false},"featured_media":95351,"template":"","meta":{"_acf_changed":false,"inline_featured_image":false},"product_cat":[2408,1001,1097],"product_tag":[],"class_list":{"0":"post-49315","1":"product","2":"type-product","3":"status-publish","4":"has-post-thumbnail","6":"product_cat-hyrox-redskap","7":"product_cat-fria-vikter","8":"product_cat-kettlebells-sv","10":"first","11":"instock","12":"shipping-taxable","13":"purchasable","14":"product-type-variable"},"acf":[],"_links":{"self":[{"href":"https:\/\/store.evolve-fitness.eu\/sv\/wp-json\/wp\/v2\/product\/49315","targetHints":{"allow":["GET"]}}],"collection":[{"href":"https:\/\/store.evolve-fitness.eu\/sv\/wp-json\/wp\/v2\/product"}],"about":[{"href":"https:\/\/store.evolve-fitness.eu\/sv\/wp-json\/wp\/v2\/types\/product"}],"wp:featuredmedia":[{"embeddable":true,"href":"https:\/\/store.evolve-fitness.eu\/sv\/wp-json\/wp\/v2\/media\/95351"}],"wp:attachment":[{"href":"https:\/\/store.evolve-fitness.eu\/sv\/wp-json\/wp\/v2\/media?parent=49315"}],"wp:term":[{"taxonomy":"product_cat","embeddable":true,"href":"https:\/\/store.evolve-fitness.eu\/sv\/wp-json\/wp\/v2\/product_cat?post=49315"},{"taxonomy":"product_tag","embeddable":true,"href":"https:\/\/store.evolve-fitness.eu\/sv\/wp-json\/wp\/v2\/product_tag?post=49315"}],"curies":[{"name":"wp","href":"https:\/\/api.w.org\/{rel}","templated":true}]}}