{"id":48866,"date":"2024-01-18T08:17:49","date_gmt":"2024-01-18T08:17:49","guid":{"rendered":"https:\/\/store.evolve-fitness.eu\/product\/evolve-ultra-series-selectorized-lag-rad\/"},"modified":"2024-06-05T12:42:14","modified_gmt":"2024-06-05T12:42:14","slug":"evolve-ultra-series-selectorized-lag-rad","status":"publish","type":"product","link":"https:\/\/store.evolve-fitness.eu\/sv\/produkt\/evolve-ultra-series-selectorized-lag-rad\/","title":{"rendered":"Evolve Ultra Series Selectorized L\u00e5g rad"},"content":{"rendered":"\n<section class=\"wp-block-group alignfull black-content has-white-color has-darkgray-background-color has-text-color has-background is-layout-constrained wp-block-group-is-layout-constrained\" style=\"padding-top:var(--wp--preset--spacing--section-bottom);padding-bottom:var(--wp--preset--spacing--section-bottom)\">\n<div class=\"wp-block-columns alignwide mobile-reverse is-layout-flex wp-container-core-columns-is-layout-ca64bf2d wp-block-columns-is-layout-flex\" style=\"margin-bottom:var(--wp--preset--spacing--side-padding)\">\n<div class=\"wp-block-column is-vertically-aligned-center is-layout-flow wp-block-column-is-layout-flow\">\n<h3 class=\"wp-block-heading\">V\u00e4lkommen till Ultra-serien<\/h3>\n\n\n\n<p><strong><em>L\u00e4r k\u00e4nna v\u00e5r utrustning i Ultra-serien med toppmodern 3D 360-visning<\/em><\/strong><\/p>\n\n\n\n<p>Evolve Ultra Series Selectorized Low Row, en del av Evolve Ultra Series, \u00e4r byggd f\u00f6r b\u00e5de komfort och prestanda. Maskinen \u00e4r konstruerad f\u00f6r m\u00e5ngsidig tr\u00e4ning, ergonomiskt st\u00f6d och justeringsm\u00f6jligheter f\u00f6r olika anv\u00e4ndarstorlekar. Designen \u00e4r estetiskt tilltalande med en h\u00e5llbar, pulverlackerad yta, och anv\u00e4ndningen av h\u00f6gkvalitativa kablar s\u00e4kerst\u00e4ller smidig drift.<\/p>\n<\/div>\n\n\n\n<div class=\"wp-block-column is-vertically-aligned-center is-layout-flow wp-block-column-is-layout-flow\">\n<figure class=\"wp-block-video\"><video autoplay=\"\" controls=\"\" loop=\"\" muted=\"\" src=\"https:\/\/evolve-fitness.eu\/wp-content\/uploads\/2023\/08\/Low-Row-Evolve-Ultra-Series-Selectorized.mp4\"><\/video><\/figure>\n<\/div>\n<\/div>\n\n\n\n<div class=\"wp-block-columns alignwide are-vertically-aligned-center mobile-reverse is-layout-flex wp-container-core-columns-is-layout-e8158c2f wp-block-columns-is-layout-flex\" style=\"padding-top:var(--wp--preset--spacing--side-padding)\">\n<div class=\"wp-block-column is-vertically-aligned-center is-layout-flow wp-block-column-is-layout-flow\">\n<figure class=\"wp-block-video\"><video autoplay=\"\" controls=\"\" loop=\"\" muted=\"\" src=\"https:\/\/evolve-fitness.eu\/wp-content\/uploads\/2023\/08\/Evolve-Ultra-Series-Selectorized-Low-Row-Ul-050.mp4\"><\/video><\/figure>\n<\/div>\n\n\n\n<div class=\"wp-block-column is-vertically-aligned-center is-layout-flow wp-block-column-is-layout-flow\">\n<h3 class=\"wp-block-heading\" style=\"margin-bottom:var(--wp--preset--spacing--h-3-bottom)\"><strong>Muskler<\/strong><\/h3>\n\n\n\n<p><strong><em>\u00d6verl\u00e4gsen kvalitet<\/em><\/strong><\/p>\n\n\n\n<p>Evolve Ultra Series Selectorized Shoulder Press \u00e4r ett starkt rekommenderat alternativ f\u00f6r personer som vill f\u00f6rb\u00e4ttra sin ryggstyrka och muskeldefinition. Denna maskin \u00e4r utformad f\u00f6r att rikta in sig p\u00e5 och st\u00e4rka musklerna i ryggen p\u00e5 ett effektivt s\u00e4tt. Evolve Ultra-seriens l\u00e5ga roddmaskin riktar sig fr\u00e4mst till och m\u00f6jligg\u00f6r tr\u00e4ning av f\u00f6ljande muskelgrupper:<br\/><br\/><strong>Latissimus Dorsi (Lats)<\/strong>: Latissimus dorsi-musklerna \u00e4r de st\u00f6rsta musklerna i ryggen och \u00e4r starkt involverade i roddr\u00f6relser. De ansvarar f\u00f6r r\u00f6relsen n\u00e4r du drar handtaget mot nedre delen av br\u00f6stkorgen;  <strong>Rombos<\/strong>: De stora och sm\u00e5 romboidmusklerna, som sitter mellan axelbladen, aktiveras f\u00f6r att dra tillbaka och stabilisera skulderbladet (scapula) under roddr\u00f6relsen;  <strong>Biceps Brachii (biceps)<\/strong>: Dina biceps \u00e4r involverade i att b\u00f6ja armb\u00e5gen n\u00e4r du drar handtaget mot din torso;  <strong>Bakre deltamusklerna<\/strong>: De bakre deltoidmusklerna, som ligger p\u00e5 baksidan av axlarna, engageras n\u00e4r du pressar ihop axelbladen i slutet av roddr\u00f6relsen;  <strong>Nedre delen av trapezius<\/strong>: De nedre trapeziusmusklerna \u00e4r involverade i den ned\u00e5tg\u00e5ende fasen av roddr\u00f6relsen och hj\u00e4lper till med scapular depression;  <strong>Muskler i underarmen<\/strong>: Underarmens b\u00f6jmuskler aktiveras n\u00e4r du greppar och h\u00e5ller i V-Bar-handtaget;  <strong>Sekund\u00e4ra muskler<\/strong>: Olika stabiliserande muskler \u00e4r ocks\u00e5 involverade f\u00f6r att st\u00f6dja din h\u00e5llning och uppr\u00e4tth\u00e5lla balansen under \u00f6vningen.<\/p>\n<\/div>\n<\/div>\n\n\n\n<div class=\"wp-block-columns alignwide mobile-reverse is-layout-flex wp-container-core-columns-is-layout-ca64bf2d wp-block-columns-is-layout-flex\" style=\"margin-bottom:var(--wp--preset--spacing--side-padding)\">\n<div class=\"wp-block-column is-vertically-aligned-center is-layout-flow wp-block-column-is-layout-flow\">\n<h3 class=\"wp-block-heading\" style=\"margin-bottom:var(--wp--preset--spacing--h-3-bottom)\">Justerbar h\u00f6jd p\u00e5 handtagen<\/h3>\n\n\n\n<p><em><strong>Utformad f\u00f6r omfattande ryggtr\u00e4ning<\/strong><\/em><\/p>\n\n\n\n<p style=\"margin-bottom:var(--wp--preset--spacing--tb-section-padding)\">Evolve Ultra Series Low Row-maskin \u00e4r en m\u00e5ngsidig tr\u00e4ningsutrustning som \u00e4r utformad f\u00f6r omfattande ryggtr\u00e4ning. Med m\u00f6jligheten att v\u00e4xla mellan olika dragtr\u00e4ningshandtag g\u00f6r denna maskin det m\u00f6jligt f\u00f6r anv\u00e4ndare att variera sina tr\u00e4ningsrutiner och effektivt rikta in sig p\u00e5 ett brett spektrum av muskelgrupper. En utm\u00e4rkande egenskap hos denna maskin \u00e4r den justerbara handtagsh\u00f6jden, som erbjuder 10 olika l\u00e4gen.<br\/><br\/>Denna anpassningsf\u00f6rm\u00e5ga g\u00f6r det m\u00f6jligt f\u00f6r anv\u00e4ndare att utf\u00f6ra back rows i olika vinklar, tillgodose dina specifika tr\u00e4ningsm\u00e5l och rikta in sig p\u00e5 olika delar av ryggen. Oavsett om man fokuserar p\u00e5 \u00f6vre eller nedre delen av ryggen eller vill variera sin tr\u00e4ning, ger denna maskin den flexibilitet som beh\u00f6vs f\u00f6r en v\u00e4l avrundad tr\u00e4ningsrutin.  <br\/><br\/>Den l\u00e4gsta remskiveinst\u00e4llningen \u00e4r l\u00e4mplig f\u00f6r \u00f6vningar som fokuserar p\u00e5 den \u00f6vre delen av ryggen, s\u00e4rskilt trapezius- och rhomboidmusklerna, vilket bidrar till att st\u00e4rka och utveckla dessa muskelgrupper. Omv\u00e4nt \u00e4r den h\u00f6gsta remskiveinst\u00e4llningen idealisk f\u00f6r \u00f6vningar som inneb\u00e4r att man drar ett rep mot den bakre delen av deltamuskeln. Denna specifika tr\u00e4ningsmetod hj\u00e4lper till att f\u00f6rb\u00e4ttra styrkan och definitionen av deltamusklerna. Justeringssystemet \u00e4r utrustat med ett ljusgult h\u00f6jd\u00e4ndringsstift. Denna stift \u00e4r v\u00e4l synlig och enkel att anv\u00e4nda, vilket s\u00e4kerst\u00e4ller att anv\u00e4ndarna snabbt och exakt kan v\u00e4lja \u00f6nskad handtagsh\u00f6jd<\/p>\n<\/div>\n\n\n\n<div class=\"wp-block-column is-vertically-aligned-center is-layout-flow wp-block-column-is-layout-flow\">\n<figure class=\"wp-block-video\"><video autoplay=\"\" controls=\"\" loop=\"\" muted=\"\" src=\"https:\/\/evolve-fitness.eu\/wp-content\/uploads\/2023\/08\/Evolve-UL-050-Adjustable-height-of-handles.mp4\"><\/video><\/figure>\n<\/div>\n<\/div>\n\n\n\n<div class=\"wp-block-columns alignwide is-layout-flex wp-container-core-columns-is-layout-c45ee707 wp-block-columns-is-layout-flex\" style=\"margin-bottom:var(--wp--preset--spacing--side-padding);padding-top:var(--wp--preset--spacing--side-padding)\">\n<div class=\"wp-block-column is-vertically-aligned-center is-layout-flow wp-block-column-is-layout-flow\">\n<figure class=\"wp-block-video\"><video autoplay=\"\" controls=\"\" loop=\"\" muted=\"\" src=\"https:\/\/evolve-fitness.eu\/wp-content\/uploads\/2023\/08\/Evolve-UL-050-Moulded-Seats-Precise-Seat-Adjustments.mp4\"><\/video><\/figure>\n<\/div>\n\n\n\n<div class=\"wp-block-column is-vertically-aligned-center is-layout-flow wp-block-column-is-layout-flow\">\n<h3 class=\"wp-block-heading\" style=\"margin-bottom:var(--wp--preset--spacing--h-3-bottom)\">Formpressade s\u00e4ten och exakta s\u00e4tesjusteringar<\/h3>\n\n\n\n<p><strong><em>Kl\u00e4dsel med dubbla s\u00f6mmar<\/em><\/strong><\/p>\n\n\n\n<p style=\"margin-bottom:var(--wp--preset--spacing--tb-section-padding)\">Evolve Ultra Series Selectorized Low Row polyuretansits, konstruerad med gjuten design och dubbelsydd kl\u00e4dsel, ger exceptionell h\u00e5llbarhet och komfort. De \u00e4r utformade f\u00f6r att ge ergonomiskt st\u00f6d. Dessutom \u00e4r dynor f\u00f6r styrmaskiner av PU ett utm\u00e4rkt val tack vare sin h\u00e5llbarhet, komfort, enkla underh\u00e5ll och \u00f6vergripande kostnadseffektivitet. De klarar de krav som st\u00e4lls vid styrketr\u00e4ning och ger samtidigt en bekv\u00e4m och hygienisk tr\u00e4ningsyta.<\/p>\n<\/div>\n<\/div>\n\n\n\n<div class=\"wp-block-columns alignwide are-vertically-aligned-center mobile-reverse is-layout-flex wp-container-core-columns-is-layout-e8158c2f wp-block-columns-is-layout-flex\" style=\"padding-top:var(--wp--preset--spacing--side-padding)\">\n<div class=\"wp-block-column is-vertically-aligned-center is-layout-flow wp-block-column-is-layout-flow\">\n<h3 class=\"wp-block-heading\" style=\"margin-bottom:var(--wp--preset--spacing--h-3-bottom)\"><strong>Fotst\u00f6d i rostfritt st\u00e5l<\/strong><\/h3>\n\n\n\n<p><strong><em>Fotst\u00f6d i rostfritt st\u00e5l<\/em><\/strong><\/p>\n\n\n\n<p style=\"margin-bottom:var(--wp--preset--spacing--tb-section-padding)\">Evolve Ultra Series Low Row-maskinen har ett fotst\u00f6d i rostfritt st\u00e5l som h\u00f6jer b\u00e5de s\u00e4kerheten och stabiliteten under tr\u00e4ningspasset. Detta fotst\u00f6d ger en stabil plattform, vilket \u00e4r viktigt f\u00f6r att bibeh\u00e5lla r\u00e4tt form och minska risken f\u00f6r skador. Den halkfria ytan f\u00f6rhindrar oavsiktliga glidningar och s\u00e4kerst\u00e4ller en fokuserad och s\u00e4ker tr\u00e4ningsupplevelse. Ut\u00f6ver funktionaliteten f\u00f6rh\u00f6jer fotst\u00f6det i rostfritt st\u00e5l maskinens \u00f6vergripande utseende. Det skinande rostfria st\u00e5let ser inte bara attraktivt ut utan ger ocks\u00e5 utrustningen en modern touch, vilket g\u00f6r den till ett visuellt tilltalande tillskott till alla gym eller tr\u00e4ningsanl\u00e4ggningar.<\/p>\n<\/div>\n\n\n\n<div class=\"wp-block-column is-vertically-aligned-center is-layout-flow wp-block-column-is-layout-flow\">\n<figure class=\"wp-block-video\"><video autoplay=\"\" controls=\"\" loop=\"\" muted=\"\" src=\"https:\/\/evolve-fitness.eu\/wp-content\/uploads\/2023\/08\/Evolve-UL-050-Stainless-steel-foot-support.mp4\"><\/video><\/figure>\n<\/div>\n<\/div>\n\n\n\n<div class=\"wp-block-columns alignwide are-vertically-aligned-center mobile-reverse is-layout-flex wp-container-core-columns-is-layout-e8158c2f wp-block-columns-is-layout-flex\" style=\"padding-top:var(--wp--preset--spacing--side-padding)\">\n<div class=\"wp-block-column is-vertically-aligned-center is-layout-flow wp-block-column-is-layout-flow\">\n<figure class=\"wp-block-video\"><video autoplay=\"\" controls=\"\" loop=\"\" muted=\"\" src=\"https:\/\/evolve-fitness.eu\/wp-content\/uploads\/2023\/08\/Evolve-UL-050-Handles-holder.mp4\"><\/video><\/figure>\n<\/div>\n\n\n\n<div class=\"wp-block-column is-vertically-aligned-center is-layout-flow wp-block-column-is-layout-flow\">\n<h3 class=\"wp-block-heading\" style=\"margin-bottom:var(--wp--preset--spacing--h-3-bottom)\"><strong>Handtag h\u00e5llare<\/strong><\/h3>\n\n\n\n<p><strong><em>Bekv\u00e4m och organiserad l\u00f6sning<\/em><\/strong><\/p>\n\n\n\n<p style=\"margin-bottom:var(--wp--preset--spacing--tb-section-padding)\">Evolve Ultra Series Low Row-maskinen \u00e4r utrustad med en 4-positioners f\u00f6rvaringskrok f\u00f6r tr\u00e4ningstillbeh\u00f6r, vilket ger en bekv\u00e4m och organiserad l\u00f6sning f\u00f6r f\u00f6rvaring av tr\u00e4ningshandtag och tillbeh\u00f6r. Denna funktion ger snabb och enkel \u00e5tkomst till olika handtag under tr\u00e4ningspasset. Den organiserade f\u00f6rvaringen spelar ocks\u00e5 en avg\u00f6rande roll f\u00f6r att h\u00e5lla tr\u00e4ningsomr\u00e5det rent och st\u00f6kfritt. Det f\u00f6rhindrar att handtagen hamnar fel och bidrar till en s\u00e4ker och visuellt tilltalande tr\u00e4ningsmilj\u00f6.<\/p>\n<\/div>\n<\/div>\n\n\n\n<div class=\"wp-block-columns alignwide are-vertically-aligned-center mobile-reverse is-layout-flex wp-container-core-columns-is-layout-e8158c2f wp-block-columns-is-layout-flex\" style=\"padding-top:var(--wp--preset--spacing--side-padding)\">\n<div class=\"wp-block-column is-vertically-aligned-center is-layout-flow wp-block-column-is-layout-flow\">\n<h3 class=\"wp-block-heading\" style=\"margin-bottom:var(--wp--preset--spacing--h-3-bottom)\"><strong>Platta f\u00f6r toppvikt<\/strong><\/h3>\n\n\n\n<p><strong><em>Utmana dig sj\u00e4lv<\/em><\/strong><\/p>\n\n\n\n<p>Evolve Ultra Series Selectorized Shoulder Press har tv\u00e5 extra viktplattor p\u00e5 2,5 kg som har dubbla funktioner f\u00f6r att f\u00f6rb\u00e4ttra tr\u00e4ningsmaskinens prestanda. F\u00f6r det f\u00f6rsta ut\u00f6kar den det maximala motst\u00e5ndet som maskinen kan ge, s\u00e5 att anv\u00e4ndarna kan utmana sig sj\u00e4lva \u00e4nnu mer i sina tr\u00e4ningspass.<br\/>Dessa extra viktplattor ger dessutom en unik f\u00f6rdel genom att de g\u00f6r det m\u00f6jligt f\u00f6r anv\u00e4ndaren att g\u00f6ra mindre, mer exakta \u00f6kningar i sina motst\u00e5ndsjusteringar, med varje platta som ger en \u00f6kning p\u00e5 2,5 kg. Denna precision i valet av motst\u00e5nd g\u00f6r det m\u00f6jligt f\u00f6r individer att finjustera sina tr\u00e4ningspass f\u00f6r att m\u00f6ta deras specifika behov och m\u00e5l, vilket s\u00e4kerst\u00e4ller att varje tr\u00e4ningspass \u00e4r skr\u00e4ddarsytt f\u00f6r att optimera resultaten.<\/p>\n<\/div>\n\n\n\n<div class=\"wp-block-column is-vertically-aligned-center is-layout-flow wp-block-column-is-layout-flow\">\n<figure class=\"wp-block-image size-full\"><img decoding=\"async\" src=\"https:\/\/evolve-fitness.eu\/wp-content\/uploads\/2024\/01\/plate.webp\" alt=\"\" class=\"wp-image-9942\"\/><\/figure>\n<\/div>\n<\/div>\n\n\n\n<div class=\"wp-block-columns alignwide are-vertically-aligned-center mobile-reverse is-layout-flex wp-container-core-columns-is-layout-e8158c2f wp-block-columns-is-layout-flex\" style=\"padding-top:var(--wp--preset--spacing--side-padding)\">\n<div class=\"wp-block-column is-vertically-aligned-center is-layout-flow wp-block-column-is-layout-flow\">\n<figure class=\"wp-block-video\"><video height=\"493\" style=\"aspect-ratio: 922 \/ 493;\" width=\"922\" autoplay=\"\" controls=\"\" loop=\"\" muted=\"\" src=\"https:\/\/evolve-fitness.eu\/wp-content\/uploads\/2023\/08\/Evolve-UL-050-Weight-Stack.mp4\"><\/video><\/figure>\n<\/div>\n\n\n\n<div class=\"wp-block-column is-vertically-aligned-center is-layout-flow wp-block-column-is-layout-flow\">\n<h3 class=\"wp-block-heading\" style=\"margin-bottom:var(--wp--preset--spacing--h-3-bottom)\"><strong>Vikt Stack<\/strong><\/h3>\n\n\n\n<p><strong><em>Mer utmanande tr\u00e4ningspass<\/em><\/strong><\/p>\n\n\n\n<p>Evolve Ultra Series Selectorized Shoulder Press-maskin \u00e4r utrustad med en 110 kg motst\u00e5ndsniv\u00e5, men du har ocks\u00e5 m\u00f6jlighet att anpassa och l\u00e4gga till den till 122,5 kg f\u00f6r en \u00e4nnu mer utmanande tr\u00e4ningsupplevelse. Den har en helt inkapslad viktstack som garanterar s\u00e4kerheten f\u00f6r dina \u00f6vningar.<\/p>\n\n\n\n<p><strong><em>\u00d6vningar klisterm\u00e4rke v\u00e5rt visuella hj\u00e4lpmedel<\/em><\/strong><\/p>\n\n\n\n<p>Evolve Ultra-seriens maskiner har informativa dekaler som fungerar som visuellt st\u00f6d och g\u00f6r det l\u00e4ttare f\u00f6r dig att navigera bland maskinens funktioner, vilket i slut\u00e4ndan f\u00f6rb\u00e4ttrar din tr\u00e4ningsupplevelse. Dessutom ger den v\u00e4rdefulla insikter i de olika muskelgrupper som effektivt kan tr\u00e4nas p\u00e5 maskinen, vilket g\u00f6r att du kan f\u00e5 ut det mesta av din tr\u00e4ningsrutin genom att rikta in dig p\u00e5 specifika intresseomr\u00e5den<\/p>\n<\/div>\n<\/div>\n\n\n\n<div class=\"wp-block-columns alignwide are-vertically-aligned-center mobile-reverse is-layout-flex wp-container-core-columns-is-layout-e8158c2f wp-block-columns-is-layout-flex\" style=\"padding-top:var(--wp--preset--spacing--side-padding)\">\n<div class=\"wp-block-column is-vertically-aligned-center is-layout-flow wp-block-column-is-layout-flow\">\n<h3 class=\"wp-block-heading\" style=\"margin-bottom:var(--wp--preset--spacing--h-3-bottom)\"><strong>Kabel<\/strong><\/h3>\n\n\n\n<p><strong><em>\u00d6verl\u00e4gsen kvalitet<\/em><\/strong><\/p>\n\n\n\n<p>Evolve Ultra Series-maskinerna anv\u00e4nder kablar av h\u00f6gsta kvalitet, det finns sex huvudstr\u00e4ngar och varje str\u00e4ng best\u00e5r av 19 tr\u00e5dar som tvinnats ihop, polyamid 12 (PA12) och en diameter p\u00e5 5 mm. Dessa kablar \u00e4r konstruerade f\u00f6r styrka och h\u00e5llbarhet, med en brottkraft p\u00e5 9000 kN, vilket g\u00f6r dem till det f\u00f6redragna valet f\u00f6r applikationer d\u00e4r exceptionell tillf\u00f6rlitlighet, h\u00e5llbarhet och prestanda beh\u00f6vs.N\u00e4r du \u00f6verg\u00e5r fr\u00e5n en \u00f6vning till en annan, vare sig det \u00e4r bicepscurls, br\u00f6stpressar, lat pulldowns eller n\u00e5gon annan styrkebyggande aktivitet, s\u00e4kerst\u00e4ller Evolve Ultra-seriens exceptionella prestanda att dina r\u00f6relser \u00e4r mjuka och motst\u00e5ndet \u00e4r konsekvent, vilket fr\u00e4mjar en tr\u00e4ning som \u00e4r b\u00e5de effektiv och njutbar<\/p>\n<\/div>\n\n\n\n<div class=\"wp-block-column is-vertically-aligned-center is-layout-flow wp-block-column-is-layout-flow\">\n<figure class=\"wp-block-video\"><video height=\"600\" style=\"aspect-ratio: 680 \/ 600;\" width=\"680\" autoplay=\"\" controls=\"\" loop=\"\" muted=\"\" src=\"https:\/\/evolve-fitness.eu\/wp-content\/uploads\/2023\/10\/Evolve-cable.mp4\"><\/video><\/figure>\n<\/div>\n<\/div>\n\n\n\n<div class=\"wp-block-columns alignwide are-vertically-aligned-center mobile-reverse is-layout-flex wp-container-core-columns-is-layout-e8158c2f wp-block-columns-is-layout-flex\" style=\"padding-top:var(--wp--preset--spacing--side-padding)\">\n<div class=\"wp-block-column is-vertically-aligned-center is-layout-flow wp-block-column-is-layout-flow\">\n<figure class=\"wp-block-video\"><video height=\"1920\" style=\"aspect-ratio: 1920 \/ 1920;\" width=\"1920\" autoplay=\"\" controls=\"\" loop=\"\" muted=\"\" src=\"https:\/\/evolve-fitness.eu\/wp-content\/uploads\/2023\/10\/Evolve-Double-powder-coated-Frame.mp4\"><\/video><\/figure>\n<\/div>\n\n\n\n<div class=\"wp-block-column is-vertically-aligned-center is-layout-flow wp-block-column-is-layout-flow\">\n<h3 class=\"wp-block-heading\" style=\"margin-bottom:var(--wp--preset--spacing--h-3-bottom)\"><strong>Dubbel pulverlackering<\/strong><\/h3>\n\n\n\n<p><strong><em>Elektrostatisk pulverlackering<\/em><\/strong><\/p>\n\n\n\n<p>Evolve Ultra Series styrkemaskiner med en elektrostatiskt pulverlackerad p\u00e4rlsvart matt ram exemplifierar b\u00e5de form och funktion. Dess estetiska tilltal f\u00f6rst\u00e4rks av den svarta, matta ytan, medan dess praktiska egenskaper, inklusive friktionsmotst\u00e5nd, korrosionsskydd och rept\u00e5lighet, s\u00e4kerst\u00e4ller att den blir en p\u00e5litlig och l\u00e5ngvarig tr\u00e4ningskamrat.<\/p>\n<\/div>\n<\/div>\n<\/section>\n","protected":false},"excerpt":{"rendered":"<p>Upplev o\u00f6vertr\u00e4ffad m\u00e5ngsidighet och komfort med Evolve Ultra Series Selectorized Low Row (UL-050). F\u00f6rh\u00f6j din tr\u00e4ningsrutin n\u00e4r du g\u00f6r dynamiska \u00f6vningar med oberoende armr\u00f6relser, vilket fr\u00e4mjar symmetrisk muskelutveckling. Det helt t\u00e4ckta h\u00f6ljet f\u00f6r viktstapeln garanterar s\u00e4kerheten samtidigt som det ger din tr\u00e4ningslokal en stilfull touch. Med sin eleganta mattlackering, optimala handtag och anv\u00e4ndarv\u00e4nliga design med enhandsjustering av sitsen ger den h\u00e4r maskinen en smidig och effektiv tr\u00e4ningsupplevelse. Utforska UL-050 f\u00f6r att ta din tr\u00e4ningsresa till nya h\u00f6jder.<\/p>\n","protected":false},"featured_media":75804,"template":"","meta":{"_acf_changed":false,"inline_featured_image":false},"product_cat":[1149,1292],"product_tag":[],"class_list":{"0":"post-48866","1":"product","2":"type-product","3":"status-publish","4":"has-post-thumbnail","6":"product_cat-selectoriserade-maskiner","7":"product_cat-ultra-series-selectorized-maskiner","9":"first","10":"instock","11":"sale","12":"shipping-taxable","13":"purchasable","14":"product-type-simple"},"acf":[],"_links":{"self":[{"href":"https:\/\/store.evolve-fitness.eu\/sv\/wp-json\/wp\/v2\/product\/48866","targetHints":{"allow":["GET"]}}],"collection":[{"href":"https:\/\/store.evolve-fitness.eu\/sv\/wp-json\/wp\/v2\/product"}],"about":[{"href":"https:\/\/store.evolve-fitness.eu\/sv\/wp-json\/wp\/v2\/types\/product"}],"wp:featuredmedia":[{"embeddable":true,"href":"https:\/\/store.evolve-fitness.eu\/sv\/wp-json\/wp\/v2\/media\/75804"}],"wp:attachment":[{"href":"https:\/\/store.evolve-fitness.eu\/sv\/wp-json\/wp\/v2\/media?parent=48866"}],"wp:term":[{"taxonomy":"product_cat","embeddable":true,"href":"https:\/\/store.evolve-fitness.eu\/sv\/wp-json\/wp\/v2\/product_cat?post=48866"},{"taxonomy":"product_tag","embeddable":true,"href":"https:\/\/store.evolve-fitness.eu\/sv\/wp-json\/wp\/v2\/product_tag?post=48866"}],"curies":[{"name":"wp","href":"https:\/\/api.w.org\/{rel}","templated":true}]}}