{"id":48776,"date":"2024-01-18T08:39:39","date_gmt":"2024-01-18T08:39:39","guid":{"rendered":"https:\/\/store.evolve-fitness.eu\/product\/evolve-ultra-series-selectorized-pec-fly-rear-delt\/"},"modified":"2024-06-05T12:44:05","modified_gmt":"2024-06-05T12:44:05","slug":"evolve-ultra-series-selectorized-pec-fly-rear-delt","status":"publish","type":"product","link":"https:\/\/store.evolve-fitness.eu\/sv\/produkt\/evolve-ultra-series-selectorized-pec-fly-rear-delt\/","title":{"rendered":"Evolve Ultra Series Selectorized pec Fly\/ Rear Delt"},"content":{"rendered":"\n<section class=\"wp-block-group alignfull black-content has-white-color has-darkgray-background-color has-text-color has-background is-layout-constrained wp-block-group-is-layout-constrained\" style=\"padding-top:var(--wp--preset--spacing--section-bottom);padding-bottom:var(--wp--preset--spacing--section-bottom)\">\n<section class=\"wp-block-group alignfull black-content has-white-color has-darkgray-background-color has-text-color has-background is-layout-constrained wp-block-group-is-layout-constrained\" style=\"padding-top:var(--wp--preset--spacing--section-bottom);padding-bottom:var(--wp--preset--spacing--section-bottom)\">\n<div class=\"wp-block-columns alignwide mobile-reverse is-layout-flex wp-container-core-columns-is-layout-ca64bf2d wp-block-columns-is-layout-flex\" style=\"margin-bottom:var(--wp--preset--spacing--side-padding)\">\n<div class=\"wp-block-column is-vertically-aligned-center is-layout-flow wp-block-column-is-layout-flow\">\n<h3 class=\"wp-block-heading\" style=\"margin-bottom:var(--wp--preset--spacing--h-3-bottom)\">V\u00e4lkommen till Ultra-serien<\/h3>\n\n\n\n<p><strong><em>L\u00e4r k\u00e4nna v\u00e5r utrustning i Ultra-serien med toppmodern 3D 360-visning<\/em><\/strong><\/p>\n\n\n\n<p>Evolve Ultra Series Selectorized pec Fly\/ Rear Delt, en del av Evolve Ultra Series, \u00e4r byggd f\u00f6r b\u00e5de komfort och prestanda. Maskinen \u00e4r konstruerad f\u00f6r m\u00e5ngsidig tr\u00e4ning, ergonomiskt st\u00f6d och justeringsm\u00f6jligheter f\u00f6r olika anv\u00e4ndarstorlekar. Designen \u00e4r estetiskt tilltalande med en h\u00e5llbar, pulverlackerad yta, och anv\u00e4ndningen av h\u00f6gkvalitativa kablar s\u00e4kerst\u00e4ller smidig drift.<\/p>\n<\/div>\n\n\n\n<div class=\"wp-block-column is-vertically-aligned-center is-layout-flow wp-block-column-is-layout-flow\">\n<figure class=\"wp-block-video\"><video autoplay=\"\" controls=\"\" loop=\"\" muted=\"\" src=\"https:\/\/evolve-fitness.eu\/wp-content\/uploads\/2023\/08\/Evolve-Ultra-Series-Selectorized-pec-Fly-Rear-Delt.mp4\"><\/video><\/figure>\n<\/div>\n<\/div>\n\n\n\n<div class=\"wp-block-columns alignwide mobile-reverse is-layout-flex wp-container-core-columns-is-layout-ca64bf2d wp-block-columns-is-layout-flex\" style=\"margin-bottom:var(--wp--preset--spacing--side-padding)\">\n<div class=\"wp-block-column is-vertically-aligned-center is-layout-flow wp-block-column-is-layout-flow\">\n<figure class=\"wp-block-video\"><video autoplay=\"\" controls=\"\" loop=\"\" muted=\"\" src=\"https:\/\/evolve-fitness.eu\/wp-content\/uploads\/2023\/08\/Evolve-Ultra-Series-Selectorized-pec-Fly-Rear-Delt-Ul-030-1.mp4\"><\/video><\/figure>\n<\/div>\n\n\n\n<div class=\"wp-block-column is-vertically-aligned-center is-layout-flow wp-block-column-is-layout-flow\">\n<h3 class=\"wp-block-heading\" style=\"margin-bottom:var(--wp--preset--spacing--h-3-bottom)\">Muskler<\/h3>\n\n\n\n<p><strong><em>Med maskinen kan du tr\u00e4na flera muskelgrupper<\/em><\/strong><\/p>\n\n\n\n<p><strong>Br\u00f6stmuskler (br\u00f6stkorg)<\/strong>: N\u00e4r du f\u00f6r samman handtagen framf\u00f6r br\u00f6stkorgen arbetar du fr\u00e4mst med br\u00f6stmusklerna (pectoralis major). Denna \u00f6vning hj\u00e4lper till att utveckla och st\u00e4rka br\u00f6stkorgen;  <strong>Deltoideus anterior (fr\u00e4mre axeln)<\/strong>: Pec fly-r\u00f6relsen engagerar de fr\u00e4mre axelmusklerna, vilket bidrar till den \u00f6vergripande axelutvecklingen;  <strong>Bakre deltamuskeln (bakre axeln)<\/strong>: N\u00e4r du utf\u00f6r rear deltoid fly genom att r\u00f6ra armarna bak\u00e5t riktar du in dig p\u00e5 de bakre deltoidmusklerna, som \u00e4r musklerna p\u00e5 baksidan av axlarna. Detta bidrar till att f\u00f6rb\u00e4ttra axelstyrkan och h\u00e5llningen;  <strong>Serratus anterior<\/strong>: Serratus anterior, som ligger p\u00e5 sidan av br\u00f6stkorgen, spelar en roll f\u00f6r att stabilisera axelbladen under pec fly-\u00f6vningen;  <strong>Triceps Brachii<\/strong>: Triceps-musklerna p\u00e5 baksidan av \u00f6verarmen engageras under press- eller kl\u00e4mr\u00f6relsen i pec fly.<\/p>\n<\/div>\n<\/div>\n\n\n\n<div class=\"wp-block-columns alignwide mobile-reverse is-layout-flex wp-container-core-columns-is-layout-ca64bf2d wp-block-columns-is-layout-flex\" style=\"margin-bottom:var(--wp--preset--spacing--side-padding)\">\n<div class=\"wp-block-column is-vertically-aligned-center is-layout-flow wp-block-column-is-layout-flow\">\n<h3 class=\"wp-block-heading\" style=\"margin-bottom:var(--wp--preset--spacing--h-3-bottom)\">Dubbel funktion<\/h3>\n\n\n\n<p><em>\n  <strong>Utan anstr\u00e4ngning<\/strong>\n<\/em> <strong>\n  <em>utbildning<\/em>\n<\/strong><\/p>\n\n\n\n<p style=\"margin-bottom:var(--wp--preset--spacing--tb-section-padding)\">Evolve Ultra Series Selectorized Pec Fly \/ Rear Delt \u00e4r en m\u00e5ngsidig tr\u00e4ningsutrustning som tj\u00e4nar ett dubbelt syfte och tillgodoser b\u00e5de pectoral och deltoid tr\u00e4ningsrutiner. Med sin eleganta och moderna design \u00e4r den ett tilltalande val f\u00f6r personer med olika niv\u00e5er av tr\u00e4ningserfarenhet och f\u00f6rm\u00e5gor. En av de utm\u00e4rkande egenskaperna \u00e4r att det finns sex justerbara l\u00e4gen p\u00e5 varje hand, vilket avsev\u00e4rt f\u00f6rb\u00e4ttrar dess funktionalitet. Denna flexibilitet g\u00f6r det m\u00f6jligt f\u00f6r anv\u00e4ndare att enkelt v\u00e4xla mellan \u00f6vningar som riktar sig mot br\u00f6stmusklerna och s\u00e5dana som fokuserar p\u00e5 deltamusklerna<\/p>\n<\/div>\n\n\n\n<div class=\"wp-block-column is-vertically-aligned-center is-layout-flow wp-block-column-is-layout-flow\">\n<figure class=\"wp-block-video\"><video height=\"2560\" style=\"aspect-ratio: 1213 \/ 2560;\" width=\"1213\" autoplay=\"\" controls=\"\" loop=\"\" muted=\"\" src=\"https:\/\/evolve-fitness.eu\/wp-content\/uploads\/2023\/08\/EV-SC-UL-030-dual-function.mp4\"><\/video><\/figure>\n<\/div>\n<\/div>\n\n\n\n<div class=\"wp-block-columns alignwide mobile-reverse is-layout-flex wp-container-core-columns-is-layout-ca64bf2d wp-block-columns-is-layout-flex\" style=\"margin-bottom:var(--wp--preset--spacing--side-padding)\">\n<div class=\"wp-block-column is-vertically-aligned-center is-layout-flow wp-block-column-is-layout-flow\">\n<figure class=\"wp-block-image size-large\"><img decoding=\"async\" src=\"https:\/\/evolve-fitness.eu\/wp-content\/uploads\/2023\/08\/A7_08491-683x1024.jpg\" alt=\"\" class=\"wp-image-9102\"\/><\/figure>\n<\/div>\n\n\n\n<div class=\"wp-block-column is-vertically-aligned-center is-layout-flow wp-block-column-is-layout-flow\">\n<h3 class=\"wp-block-heading\" style=\"margin-bottom:var(--wp--preset--spacing--h-3-bottom)\">Handtag med flera grepp<\/h3>\n\n\n\n<p><strong><em>Ut\u00f6kar dina tr\u00e4ningsm\u00f6jligheter<\/em><\/strong><\/p>\n\n\n\n<p style=\"margin-bottom:var(--wp--preset--spacing--tb-section-padding)\">Flergreppshandtagen p\u00e5 Evolve Ultra Series Selectorized Pec Fly \/ Rear Delt ut\u00f6kar dina tr\u00e4ningsm\u00f6jligheter avsev\u00e4rt. Den horisontella delen av handtaget \u00e4r utformad f\u00f6r att f\u00f6rhindra att armb\u00e5gen vrids in\u00e5t, vilket hj\u00e4lper till att bibeh\u00e5lla samma h\u00f6jd f\u00f6r armb\u00e5ge och axel. Detta minskar belastningen p\u00e5 musklerna i nedre delen av ryggen och fokuserar mer p\u00e5 att stimulera triceps p\u00e5 baksidan av armen. Den nedre delen av handtaget, som l\u00f6per vertikalt, \u00e4r utformad f\u00f6r att f\u00f6rhindra att armb\u00e5gen vrids ut\u00e5t n\u00e4r du g\u00f6r \u00f6vningar som involverar br\u00f6stet. Den stabiliserar ocks\u00e5 skulderbladen, f\u00f6rhindrar att axelleden \u00f6veranstr\u00e4ngs vid specifika r\u00f6relser och f\u00f6rb\u00e4ttrar stimuleringen av br\u00f6stmusklerna.<\/p>\n<\/div>\n<\/div>\n\n\n\n<div class=\"wp-block-columns alignwide mobile-reverse is-layout-flex wp-container-core-columns-is-layout-ca64bf2d wp-block-columns-is-layout-flex\" style=\"margin-bottom:var(--wp--preset--spacing--side-padding)\">\n<div class=\"wp-block-column is-vertically-aligned-center is-layout-flow wp-block-column-is-layout-flow\">\n<h3 class=\"wp-block-heading\" style=\"margin-bottom:var(--wp--preset--spacing--h-3-bottom)\">Formpressade s\u00e4ten och exakta s\u00e4tesjusteringar<\/h3>\n\n\n\n<p><strong><em>Ergonomiskt st\u00f6d<\/em><\/strong><\/p>\n\n\n\n<p style=\"margin-bottom:var(--wp--preset--spacing--tb-section-padding)\">Evolve Ultra-seriens polyuretansitsar, konstruerade med gjuten design och dubbelsydd kl\u00e4dsel, ger exceptionell h\u00e5llbarhet och komfort. De \u00e4r utformade f\u00f6r att ge ergonomiskt st\u00f6d f\u00f6r ryggraden och kan anpassas till anv\u00e4ndare av olika storlek. Dessutom \u00e4r dynor f\u00f6r styrmaskiner av PU ett utm\u00e4rkt val tack vare sin h\u00e5llbarhet, komfort, enkla underh\u00e5ll och \u00f6vergripande kostnadseffektivitet. De klarar de krav som st\u00e4lls vid styrketr\u00e4ning och ger samtidigt en bekv\u00e4m och hygienisk tr\u00e4ningsyta. Eftersom s\u00e4tet st\u00f6ds av en hydraulst\u00e5ng \u00e4r det enkelt att justera s\u00e4tesh\u00f6jden med bara en hand. S\u00e4tet har 18 inst\u00e4llningsl\u00e4gen;<\/p>\n<\/div>\n\n\n\n<div class=\"wp-block-column is-vertically-aligned-center is-layout-flow wp-block-column-is-layout-flow\">\n<figure class=\"wp-block-video\"><video height=\"1200\" style=\"aspect-ratio: 1200 \/ 1200;\" width=\"1200\" autoplay=\"\" controls=\"\" loop=\"\" muted=\"\" src=\"https:\/\/evolve-fitness.eu\/wp-content\/uploads\/2023\/08\/Evolve-UL-030-Moulded-Seats-Precise-Seat-Adjustments.mp4\"><\/video><\/figure>\n<\/div>\n<\/div>\n\n\n\n<div class=\"wp-block-columns alignwide mobile-reverse is-layout-flex wp-container-core-columns-is-layout-ca64bf2d wp-block-columns-is-layout-flex\" style=\"margin-bottom:var(--wp--preset--spacing--side-padding)\">\n<div class=\"wp-block-column is-vertically-aligned-center is-layout-flow wp-block-column-is-layout-flow\">\n<figure class=\"wp-block-video\"><video height=\"1213\" style=\"aspect-ratio: 2560 \/ 1213;\" width=\"2560\" autoplay=\"\" controls=\"\" loop=\"\" muted=\"\" src=\"https:\/\/evolve-fitness.eu\/wp-content\/uploads\/2023\/08\/EV-SC-UL-030-Adjustable-Back-and-Chest-Rest-1.mp4\"><\/video><\/figure>\n<\/div>\n\n\n\n<div class=\"wp-block-column is-vertically-aligned-center is-layout-flow wp-block-column-is-layout-flow\">\n<h3 class=\"wp-block-heading\" style=\"margin-bottom:var(--wp--preset--spacing--h-3-bottom)\">Justerbart rygg- och br\u00f6stst\u00f6d<\/h3>\n\n\n\n<p><strong><em>Hitta den perfekta positionen<\/em><\/strong><\/p>\n\n\n\n<p style=\"margin-bottom:var(--wp--preset--spacing--tb-section-padding)\">Evolve Ultra Series Selectorized Pec Fly \/ Rear Delt-maskin \u00e4r utformad f\u00f6r en bekv\u00e4m och mycket effektiv tr\u00e4ningsupplevelse. Den har 6 olika justeringsm\u00f6jligheter f\u00f6r ryggst\u00f6d och br\u00f6stst\u00f6d, s\u00e5 att du kan anpassa maskinen efter din kropps proportioner och preferenser. Denna niv\u00e5 av justerbarhet s\u00e4kerst\u00e4ller att du kan hitta den perfekta positionen f\u00f6r att arbeta med dina br\u00f6st- och bakre deltoidmuskler med maximal komfort och effektivitet.<\/p>\n<\/div>\n<\/div>\n\n\n\n<div class=\"wp-block-columns alignwide mobile-reverse is-layout-flex wp-container-core-columns-is-layout-ca64bf2d wp-block-columns-is-layout-flex\" style=\"margin-bottom:var(--wp--preset--spacing--side-padding)\">\n<div class=\"wp-block-column is-vertically-aligned-center is-layout-flow wp-block-column-is-layout-flow\">\n<h3 class=\"wp-block-heading\" style=\"margin-bottom:var(--wp--preset--spacing--h-3-bottom)\">F\u00f6rvaring av tillbeh\u00f6r<\/h3>\n\n\n\n<p><strong><em>S\u00e4ker och l\u00e4ttillg\u00e4nglig<\/em><\/strong><\/p>\n\n\n\n<p>Medan du tr\u00e4nar kan du bekv\u00e4mt f\u00f6rvara din vattenflaska, telefon och personliga tillh\u00f6righeter i Evolve Ultra-seriens maskiner som har avsedda h\u00e5llare f\u00f6r din bekv\u00e4mlighet. De specialdesignade facken \u00e4r till f\u00f6r att du ska ha en s\u00e4ker och l\u00e4ttillg\u00e4nglig plats f\u00f6r dina tillh\u00f6righeter under tr\u00e4ningspassen<\/p>\n\n\n\n<p><strong><em>\u00d6vningsdekal &#8211; din visuella hj\u00e4lp<\/em><\/strong><\/p>\n\n\n\n<p>Evolve Ultra-seriens maskiner har informativa dekaler som fungerar som visuellt st\u00f6d och g\u00f6r det l\u00e4ttare f\u00f6r dig att navigera bland maskinens funktioner, vilket i slut\u00e4ndan f\u00f6rb\u00e4ttrar din tr\u00e4ningsupplevelse. Dessutom ger den v\u00e4rdefulla insikter i de olika muskelgrupper som effektivt kan tr\u00e4nas p\u00e5 maskinen, vilket g\u00f6r att du kan f\u00e5 ut det mesta av din tr\u00e4ningsrutin genom att rikta in dig p\u00e5 specifika intresseomr\u00e5den<\/p>\n<\/div>\n\n\n\n<div class=\"wp-block-column is-vertically-aligned-center is-layout-flow wp-block-column-is-layout-flow\">\n<figure class=\"wp-block-video\"><video height=\"1213\" style=\"aspect-ratio: 2560 \/ 1213;\" width=\"2560\" autoplay=\"\" controls=\"\" loop=\"\" muted=\"\" src=\"https:\/\/evolve-fitness.eu\/wp-content\/uploads\/2023\/08\/EV-SC-UL-030-storage.mp4\"><\/video><\/figure>\n<\/div>\n<\/div>\n\n\n\n<div class=\"wp-block-columns alignwide mobile-reverse is-layout-flex wp-container-core-columns-is-layout-ca64bf2d wp-block-columns-is-layout-flex\" style=\"margin-bottom:var(--wp--preset--spacing--side-padding)\">\n<div class=\"wp-block-column is-vertically-aligned-center is-layout-flow wp-block-column-is-layout-flow\">\n<figure class=\"wp-block-image size-full\"><img decoding=\"async\" src=\"https:\/\/evolve-fitness.eu\/wp-content\/uploads\/2024\/01\/plate.webp\" alt=\"\" class=\"wp-image-9942\"\/><\/figure>\n<\/div>\n\n\n\n<div class=\"wp-block-column is-vertically-aligned-center is-layout-flow wp-block-column-is-layout-flow\">\n<h3 class=\"wp-block-heading\" style=\"margin-bottom:var(--wp--preset--spacing--h-3-bottom)\">Platta f\u00f6r toppvikt<\/h3>\n\n\n\n<p><strong><em>Utmana dig sj\u00e4lv \u00e4nnu mer<\/em><\/strong><\/p>\n\n\n\n<p>Evolve Ultra Series Selectorized Pec Fly \/ Rear Delt har tv\u00e5 extra 2,5 kg toppviktsplattor som tj\u00e4nar ett dubbelt syfte f\u00f6r att f\u00f6rb\u00e4ttra tr\u00e4ningsmaskinens prestanda. F\u00f6r det f\u00f6rsta ut\u00f6kar den det maximala motst\u00e5ndet som maskinen kan ge, s\u00e5 att anv\u00e4ndarna kan utmana sig sj\u00e4lva \u00e4nnu mer i sina tr\u00e4ningspass.<br\/>Dessa extra viktplattor ger dessutom en unik f\u00f6rdel genom att de g\u00f6r det m\u00f6jligt f\u00f6r anv\u00e4ndaren att g\u00f6ra mindre, mer exakta \u00f6kningar i sina motst\u00e5ndsjusteringar, med varje platta som ger en \u00f6kning p\u00e5 2,5 kg. Denna precision i valet av motst\u00e5nd g\u00f6r det m\u00f6jligt f\u00f6r individer att finjustera sina tr\u00e4ningspass f\u00f6r att m\u00f6ta deras specifika behov och m\u00e5l, vilket s\u00e4kerst\u00e4ller att varje tr\u00e4ningspass \u00e4r skr\u00e4ddarsytt f\u00f6r att optimera resultaten.<\/p>\n<\/div>\n<\/div>\n\n\n\n<div class=\"wp-block-columns alignwide mobile-reverse is-layout-flex wp-container-core-columns-is-layout-ca64bf2d wp-block-columns-is-layout-flex\" style=\"margin-bottom:var(--wp--preset--spacing--side-padding)\">\n<div class=\"wp-block-column is-vertically-aligned-center is-layout-flow wp-block-column-is-layout-flow\">\n<h3 class=\"wp-block-heading\" style=\"margin-bottom:var(--wp--preset--spacing--h-3-bottom)\">Oberoende armr\u00f6relser<\/h3>\n\n\n\n<p><strong><em>Flexibilitet i utbildningen<\/em><\/strong><\/p>\n\n\n\n<p style=\"margin-bottom:var(--wp--preset--spacing--tb-section-padding)\">Evolve Ultra-seriens styrkeutrustning erbjuder flexibiliteten att tr\u00e4na varje arm oberoende av varandra, vilket tillgodoser individuella behov. Denna unika funktion g\u00f6r att du kan bibeh\u00e5lla ett balanserat tr\u00e4ningspass, \u00e4ven om en arm \u00e4r svagare eller skadad. Oberoende r\u00f6relse fr\u00e4mjar utvecklingen av balanserad styrka och m\u00f6jligg\u00f6r olika tr\u00e4ningsalternativ<\/p>\n<\/div>\n\n\n\n<div class=\"wp-block-column is-vertically-aligned-center is-layout-flow wp-block-column-is-layout-flow\">\n<figure class=\"wp-block-image size-large\"><img decoding=\"async\" src=\"https:\/\/evolve-fitness.eu\/wp-content\/uploads\/2023\/08\/EV-SC-UL-030-Moulded-Seats-Precise-Seat-Adjustments-1024x576.jpg\" alt=\"EV-SC-UL-030\" class=\"wp-image-9960\"\/><\/figure>\n<\/div>\n<\/div>\n\n\n\n<div class=\"wp-block-columns alignwide mobile-reverse is-layout-flex wp-container-core-columns-is-layout-ca64bf2d wp-block-columns-is-layout-flex\" style=\"margin-bottom:var(--wp--preset--spacing--side-padding)\">\n<div class=\"wp-block-column is-vertically-aligned-center is-layout-flow wp-block-column-is-layout-flow\">\n<figure class=\"wp-block-video\"><video height=\"1920\" style=\"aspect-ratio: 1920 \/ 1920;\" width=\"1920\" autoplay=\"\" controls=\"\" loop=\"\" muted=\"\" src=\"https:\/\/evolve-fitness.eu\/wp-content\/uploads\/2023\/10\/Evolve-Double-powder-coated-Frame.mp4\"><\/video><\/figure>\n<\/div>\n\n\n\n<div class=\"wp-block-column is-vertically-aligned-center is-layout-flow wp-block-column-is-layout-flow\">\n<h3 class=\"wp-block-heading\" style=\"margin-bottom:var(--wp--preset--spacing--h-3-bottom)\">Dubbel pulverlackerad ram<\/h3>\n\n\n\n<p><strong><em>Elektrostatiskt pulverlackerad p\u00e4rlemor<\/em><\/strong><\/p>\n\n\n\n<p>Evolve Ultra Series styrkemaskiner med en elektrostatiskt pulverlackerad p\u00e4rlsvart matt ram exemplifierar b\u00e5de form och funktion. Dess estetiska tilltal f\u00f6rst\u00e4rks av den svarta, matta ytan, medan dess praktiska egenskaper, inklusive friktionsmotst\u00e5nd, korrosionsskydd och rept\u00e5lighet, s\u00e4kerst\u00e4ller att den blir en p\u00e5litlig och l\u00e5ngvarig tr\u00e4ningskamrat.<\/p>\n<\/div>\n<\/div>\n\n\n\n<div class=\"wp-block-columns alignwide mobile-reverse is-layout-flex wp-container-core-columns-is-layout-ca64bf2d wp-block-columns-is-layout-flex\" style=\"margin-bottom:var(--wp--preset--spacing--side-padding)\">\n<div class=\"wp-block-column is-vertically-aligned-center is-layout-flow wp-block-column-is-layout-flow\">\n<h3 class=\"wp-block-heading\" style=\"margin-bottom:var(--wp--preset--spacing--h-3-bottom)\">Vikt Stack<\/h3>\n\n\n\n<p><strong><em>Mer utmanande tr\u00e4ningspass<\/em><\/strong><\/p>\n\n\n\n<p>Evolve Ultra Series Selectorized Pec Fly \/ Rear Delt-maskin \u00e4r utrustad med en 110 kg motst\u00e5ndsniv\u00e5, men du har ocks\u00e5 m\u00f6jlighet att anpassa och l\u00e4gga till den till 122,5 kg f\u00f6r en \u00e4nnu mer utmanande tr\u00e4ningsupplevelse. Den har en helt inkapslad viktstack som garanterar s\u00e4kerheten f\u00f6r dina \u00f6vningar.<\/p>\n\n\n\n<p><strong><em>Kraftigt gummi<\/em><\/strong><\/p>\n\n\n\n<p>De robusta gummif\u00f6tterna p\u00e5 Evolve Ultra Series fungerar som skyddande sk\u00f6ldar f\u00f6r att f\u00f6rhindra eventuella skador p\u00e5 dina golv. Dessa kraftiga gummif\u00f6tter \u00e4r utformade f\u00f6r att skydda dina golvytor fr\u00e5n skador som kan uppst\u00e5 under anv\u00e4ndning. Dessutom ger gummif\u00f6tterna inte bara skydd utan bidrar ocks\u00e5 till stabiliteten.<\/p>\n<\/div>\n\n\n\n<div class=\"wp-block-column is-vertically-aligned-center is-layout-flow wp-block-column-is-layout-flow\">\n<figure class=\"wp-block-image size-full\"><img decoding=\"async\" src=\"https:\/\/evolve-fitness.eu\/wp-content\/uploads\/2024\/01\/stack.webp\" alt=\"\" class=\"wp-image-9940\"\/><\/figure>\n<\/div>\n<\/div>\n\n\n\n<div class=\"wp-block-columns alignwide mobile-reverse is-layout-flex wp-container-core-columns-is-layout-ca64bf2d wp-block-columns-is-layout-flex\" style=\"margin-bottom:var(--wp--preset--spacing--side-padding)\">\n<div class=\"wp-block-column is-vertically-aligned-center is-layout-flow wp-block-column-is-layout-flow\">\n<figure class=\"wp-block-image size-large\"><img decoding=\"async\" src=\"https:\/\/evolve-fitness.eu\/wp-content\/uploads\/2023\/08\/A7_08481-1024x683.jpg\" alt=\"\" class=\"wp-image-9109\"\/><\/figure>\n<\/div>\n\n\n\n<div class=\"wp-block-column is-vertically-aligned-center is-layout-flow wp-block-column-is-layout-flow\">\n<h3 class=\"wp-block-heading\" style=\"margin-bottom:var(--wp--preset--spacing--h-3-bottom)\">Kabel<\/h3>\n\n\n\n<p><strong><em>\u00d6verl\u00e4gsen kvalitet<\/em><\/strong><\/p>\n\n\n\n<p>Evolve Ultra Series-maskinerna anv\u00e4nder kablar av h\u00f6gsta kvalitet, det finns sex huvudstr\u00e4ngar och varje str\u00e4ng best\u00e5r av 19 tr\u00e5dar som tvinnats ihop, polyamid 12 (PA12) och en diameter p\u00e5 5 mm. Dessa kablar \u00e4r konstruerade f\u00f6r styrka och h\u00e5llbarhet, med en brottkraft p\u00e5 9000 kN, vilket g\u00f6r dem till det f\u00f6redragna valet f\u00f6r applikationer d\u00e4r exceptionell tillf\u00f6rlitlighet, h\u00e5llbarhet och prestanda beh\u00f6vs.N\u00e4r du \u00f6verg\u00e5r fr\u00e5n en \u00f6vning till en annan, vare sig det \u00e4r bicepscurls, br\u00f6stpressar, lat pulldowns eller n\u00e5gon annan styrkebyggande aktivitet, s\u00e4kerst\u00e4ller Evolve Ultra-seriens exceptionella prestanda att dina r\u00f6relser \u00e4r mjuka och motst\u00e5ndet \u00e4r konsekvent, vilket fr\u00e4mjar en tr\u00e4ning som \u00e4r b\u00e5de effektiv och njutbar<\/p>\n<\/div>\n<\/div>\n<\/section>\n<\/section>\n","protected":false},"excerpt":{"rendered":"<p>Upplev m\u00e5linriktad och effektiv tr\u00e4ning av \u00f6verkroppen med Evolve Ultra Series Selectorized Pec Fly \/ Rear Delt, Ul-030-maskinen. F\u00f6rb\u00e4ttra din tr\u00e4ningsrutin med denna m\u00e5ngsidiga utrustning med oberoende armr\u00f6relser f\u00f6r \u00f6verl\u00e4gsen engagemang och symmetri. Den helt t\u00e4ckta Weight Stack Shroud garanterar s\u00e4kerhet utan att kompromissa med stilen, medan enhandsjusteringen av s\u00e4tet f\u00f6rb\u00e4ttrar anv\u00e4ndarkomforten. Den h\u00e4r maskinen har optimala handtag och en elegant Unique Matte Paint Finish och kombinerar komfort, estetik och h\u00e5llbarhet. F\u00f6rvandla ditt gym med detta innovativa tillskott som prioriterar komfort, s\u00e4kerhet och resultat.<\/p>\n","protected":false},"featured_media":75754,"template":"","meta":{"_acf_changed":false,"inline_featured_image":false},"product_cat":[550,1149,1292],"product_tag":[],"class_list":{"0":"post-48776","1":"product","2":"type-product","3":"status-publish","4":"has-post-thumbnail","6":"product_cat-startsida","7":"product_cat-selectoriserade-maskiner","8":"product_cat-ultra-series-selectorized-maskiner","10":"first","11":"outofstock","12":"shipping-taxable","13":"purchasable","14":"product-type-simple"},"acf":[],"_links":{"self":[{"href":"https:\/\/store.evolve-fitness.eu\/sv\/wp-json\/wp\/v2\/product\/48776","targetHints":{"allow":["GET"]}}],"collection":[{"href":"https:\/\/store.evolve-fitness.eu\/sv\/wp-json\/wp\/v2\/product"}],"about":[{"href":"https:\/\/store.evolve-fitness.eu\/sv\/wp-json\/wp\/v2\/types\/product"}],"wp:featuredmedia":[{"embeddable":true,"href":"https:\/\/store.evolve-fitness.eu\/sv\/wp-json\/wp\/v2\/media\/75754"}],"wp:attachment":[{"href":"https:\/\/store.evolve-fitness.eu\/sv\/wp-json\/wp\/v2\/media?parent=48776"}],"wp:term":[{"taxonomy":"product_cat","embeddable":true,"href":"https:\/\/store.evolve-fitness.eu\/sv\/wp-json\/wp\/v2\/product_cat?post=48776"},{"taxonomy":"product_tag","embeddable":true,"href":"https:\/\/store.evolve-fitness.eu\/sv\/wp-json\/wp\/v2\/product_tag?post=48776"}],"curies":[{"name":"wp","href":"https:\/\/api.w.org\/{rel}","templated":true}]}}