{"id":48616,"date":"2024-01-18T08:26:02","date_gmt":"2024-01-18T08:26:02","guid":{"rendered":"https:\/\/store.evolve-fitness.eu\/product\/evolve-ultra-series-selectoriserad-axelpress\/"},"modified":"2024-06-05T12:43:13","modified_gmt":"2024-06-05T12:43:13","slug":"evolve-ultra-series-selectoriserad-axelpress","status":"publish","type":"product","link":"https:\/\/store.evolve-fitness.eu\/sv\/produkt\/evolve-ultra-series-selectoriserad-axelpress\/","title":{"rendered":"Evolve Ultra Series Selectoriserad axelpress"},"content":{"rendered":"\n<section class=\"wp-block-group alignfull black-content has-white-color has-darkgray-background-color has-text-color has-background is-layout-constrained wp-block-group-is-layout-constrained\" style=\"padding-top:var(--wp--preset--spacing--section-bottom);padding-bottom:var(--wp--preset--spacing--section-bottom)\">\n<div class=\"wp-block-columns alignwide mobile-reverse is-layout-flex wp-container-core-columns-is-layout-ca64bf2d wp-block-columns-is-layout-flex\" style=\"margin-bottom:var(--wp--preset--spacing--side-padding)\">\n<div class=\"wp-block-column is-vertically-aligned-center is-layout-flow wp-block-column-is-layout-flow\">\n<h3 class=\"wp-block-heading\">V\u00e4lkommen till Ultra-serien<\/h3>\n\n\n\n<p><strong><em>L\u00e4r k\u00e4nna v\u00e5r utrustning i Ultra-serien med toppmodern 3D 360-visning<\/em><\/strong><\/p>\n\n\n\n<p>Evolve Ultra Series Selectorized Shoulder Press, en del av Evolve Ultra Series, \u00e4r byggd f\u00f6r b\u00e5de komfort och prestanda. Maskinen \u00e4r konstruerad f\u00f6r m\u00e5ngsidig tr\u00e4ning, ergonomiskt st\u00f6d och justeringsm\u00f6jligheter f\u00f6r olika anv\u00e4ndarstorlekar. Designen \u00e4r estetiskt tilltalande med en h\u00e5llbar, pulverlackerad yta, och anv\u00e4ndningen av h\u00f6gkvalitativa kablar s\u00e4kerst\u00e4ller smidig drift.<\/p>\n<\/div>\n\n\n\n<div class=\"wp-block-column is-vertically-aligned-center is-layout-flow wp-block-column-is-layout-flow\">\n<figure class=\"wp-block-video\"><video autoplay=\"\" controls=\"\" loop=\"\" muted=\"\" src=\"https:\/\/evolve-fitness.eu\/wp-content\/uploads\/2023\/08\/Shoulder-Press-Evolve-Ultra-Series-Selectorized.mp4\"><\/video><\/figure>\n<\/div>\n<\/div>\n\n\n\n<div class=\"wp-block-columns alignwide are-vertically-aligned-center mobile-reverse is-layout-flex wp-container-core-columns-is-layout-e8158c2f wp-block-columns-is-layout-flex\" style=\"padding-top:var(--wp--preset--spacing--side-padding)\">\n<div class=\"wp-block-column is-vertically-aligned-center is-layout-flow wp-block-column-is-layout-flow\">\n<figure class=\"wp-block-video\"><video autoplay=\"\" controls=\"\" loop=\"\" muted=\"\" src=\"https:\/\/evolve-fitness.eu\/wp-content\/uploads\/2023\/08\/Evolve-Ultra-Series-Selectorized-Shoulder-Press-Ul-040.mp4\"><\/video><\/figure>\n<\/div>\n\n\n\n<div class=\"wp-block-column is-vertically-aligned-center is-layout-flow wp-block-column-is-layout-flow\">\n<h3 class=\"wp-block-heading\" style=\"margin-bottom:var(--wp--preset--spacing--h-3-bottom)\"><strong>Muskler<\/strong><\/h3>\n\n\n\n<p><strong><em><strong><em>\u00d6verl\u00e4gsen kvalitet<\/em><\/strong><\/em><\/strong><\/p>\n\n\n\n<p>Evolve Ultra Series Selectorized Shoulder Press \u00e4r ett utm\u00e4rkt val f\u00f6r att utveckla styrka och muskeldefinition i axlarna, med tonvikt p\u00e5 fr\u00e4mre deltoideus. Det kan vara ett v\u00e4rdefullt tillskott till en tr\u00e4ningsrutin f\u00f6r \u00f6verkroppen. Axelpressmaskinen riktar sig fr\u00e4mst till och m\u00f6jligg\u00f6r tr\u00e4ning av f\u00f6ljande muskelgrupper &#8211; <strong>Anterior Deltoid<\/strong>: Den fr\u00e4mre delen av deltoideus \u00e4r kraftigt engagerad under axelpress. Den ansvarar f\u00f6r att lyfta vikten \u00f6ver huvudet;  <strong>Deltoideus lateralis<\/strong>: Den mellersta delen av deltamuskeln \u00e4r ocks\u00e5 involverad och hj\u00e4lper till med abduktionen eller lyftandet av armarna \u00e5t sidorna;  <strong>Deltoideus bakre<\/strong>: Den bakre deltamuskeln engageras i mindre utstr\u00e4ckning, s\u00e4rskilt n\u00e4r du stabiliserar och kontrollerar vikten under \u00f6vningen;  <strong>Triceps Brachii (triceps)<\/strong>: Triceps engageras n\u00e4r du str\u00e4cker ut armarna och skjuter vikten \u00f6ver huvudet;  <strong>Trapezius (\u00f6vre delen av ryggen och nacken)<\/strong>: Trapezius-musklerna, s\u00e4rskilt de \u00f6vre trapsen, spelar en roll f\u00f6r att stabilisera axlarna och nacken under axelpressar.  <strong>Serratus anterior<\/strong>: Denna muskel hj\u00e4lper till att stabilisera skulderbladen under r\u00f6relsen.<\/p>\n<\/div>\n<\/div>\n\n\n\n<div class=\"wp-block-columns alignwide mobile-reverse is-layout-flex wp-container-core-columns-is-layout-ca64bf2d wp-block-columns-is-layout-flex\" style=\"margin-bottom:var(--wp--preset--spacing--side-padding)\">\n<div class=\"wp-block-column is-vertically-aligned-center is-layout-flow wp-block-column-is-layout-flow\">\n<h3 class=\"wp-block-heading\" style=\"margin-bottom:var(--wp--preset--spacing--h-3-bottom)\">Handtag med flera grepp<\/h3>\n\n\n\n<p><em><strong>Ut\u00f6kar dina tr\u00e4ningsm\u00f6jligheter<\/strong><\/em><\/p>\n\n\n\n<p style=\"margin-bottom:var(--wp--preset--spacing--tb-section-padding)\">Flergreppshandtagen p\u00e5 Evolve Ultra Series Selectorized Shoulder Press ut\u00f6kar dina tr\u00e4ningsm\u00f6jligheter avsev\u00e4rt. Styret \u00e4r utformat med en upp\u00e5triktad lutning f\u00f6r att f\u00f6rhindra att armb\u00e5gen roterar f\u00f6r l\u00e5ngt ut\u00e5t. Denna design f\u00f6ljer axelledens naturliga form, vilket minskar risken f\u00f6r on\u00f6dig belastning p\u00e5 axelns ligament. Den hj\u00e4lper ocks\u00e5 till att f\u00f6rebygga skador som orsakas av slag eller kompression vid axelns h\u00f6gsta punkt, samtidigt som den fr\u00e4mjar stimulering av tricepsmusklerna i vertikal, bakre riktning. Dessutom finns det en hammarformad blockposition som \u00e4r s\u00e4rskilt optimerad f\u00f6r att effektivt engagera och rikta in triceps under push\u00f6vningar.<\/p>\n<\/div>\n\n\n\n<div class=\"wp-block-column is-vertically-aligned-center is-layout-flow wp-block-column-is-layout-flow\">\n<figure class=\"wp-block-video\"><video autoplay=\"\" controls=\"\" loop=\"\" muted=\"\" src=\"https:\/\/evolve-fitness.eu\/wp-content\/uploads\/2023\/08\/UL-040-Multi-grip-Handles.mp4\"><\/video><\/figure>\n<\/div>\n<\/div>\n\n\n\n<div class=\"wp-block-columns alignwide is-layout-flex wp-container-core-columns-is-layout-c45ee707 wp-block-columns-is-layout-flex\" style=\"margin-bottom:var(--wp--preset--spacing--side-padding);padding-top:var(--wp--preset--spacing--side-padding)\">\n<div class=\"wp-block-column is-vertically-aligned-center is-layout-flow wp-block-column-is-layout-flow\">\n<figure class=\"wp-block-video\"><video autoplay=\"\" controls=\"\" loop=\"\" muted=\"\" src=\"https:\/\/evolve-fitness.eu\/wp-content\/uploads\/2023\/08\/UL-040-Moulded-Seats-Precise-Seat-Adjustments.mp4\"><\/video><\/figure>\n<\/div>\n\n\n\n<div class=\"wp-block-column is-vertically-aligned-center is-layout-flow wp-block-column-is-layout-flow\">\n<h3 class=\"wp-block-heading\" style=\"margin-bottom:var(--wp--preset--spacing--h-3-bottom)\">Formpressade s\u00e4ten och exakta s\u00e4tesjusteringar<\/h3>\n\n\n\n<p><strong><em>Kl\u00e4dsel med dubbla s\u00f6mmar<\/em><\/strong><\/p>\n\n\n\n<p style=\"margin-bottom:var(--wp--preset--spacing--tb-section-padding)\">Evolve Ultra-seriens polyuretansitsar, konstruerade med gjuten design och dubbelsydd kl\u00e4dsel, ger exceptionell h\u00e5llbarhet och komfort. De \u00e4r utformade f\u00f6r att ge ergonomiskt st\u00f6d f\u00f6r ryggraden och kan anpassas till anv\u00e4ndare av olika storlek. Dessutom \u00e4r dynor f\u00f6r styrmaskiner av PU ett utm\u00e4rkt val tack vare sin h\u00e5llbarhet, komfort, enkla underh\u00e5ll och \u00f6vergripande kostnadseffektivitet. De klarar de krav som st\u00e4lls vid styrketr\u00e4ning och ger samtidigt en bekv\u00e4m och hygienisk tr\u00e4ningsyta. Eftersom s\u00e4tet st\u00f6ds av en hydraulst\u00e5ng \u00e4r det enkelt att justera s\u00e4tesh\u00f6jden med bara en hand. S\u00e4tet har 18 inst\u00e4llningsl\u00e4gen.<\/p>\n<\/div>\n<\/div>\n\n\n\n<div class=\"wp-block-columns alignwide are-vertically-aligned-center mobile-reverse is-layout-flex wp-container-core-columns-is-layout-e8158c2f wp-block-columns-is-layout-flex\" style=\"padding-top:var(--wp--preset--spacing--side-padding)\">\n<div class=\"wp-block-column is-vertically-aligned-center is-layout-flow wp-block-column-is-layout-flow\">\n<h3 class=\"wp-block-heading\" style=\"margin-bottom:var(--wp--preset--spacing--h-3-bottom)\"><strong>Platta f\u00f6r toppvikt<\/strong><\/h3>\n\n\n\n<p><strong><em><strong><em>F\u00f6rl\u00e4nger det maximala motst\u00e5ndet<\/em><\/strong><\/em><\/strong><\/p>\n\n\n\n<p>Evolve Ultra Series Selectorized Shoulder Press har tv\u00e5 extra viktplattor p\u00e5 2,5 kg som har dubbla funktioner f\u00f6r att f\u00f6rb\u00e4ttra tr\u00e4ningsmaskinens prestanda. F\u00f6r det f\u00f6rsta ut\u00f6kar den det maximala motst\u00e5ndet som maskinen kan ge, s\u00e5 att anv\u00e4ndarna kan utmana sig sj\u00e4lva \u00e4nnu mer i sina tr\u00e4ningspass.<br\/>Dessa extra viktplattor ger dessutom en unik f\u00f6rdel genom att de g\u00f6r det m\u00f6jligt f\u00f6r anv\u00e4ndaren att g\u00f6ra mindre, mer exakta \u00f6kningar i sina motst\u00e5ndsjusteringar, med varje platta som ger en \u00f6kning p\u00e5 2,5 kg. Denna precision i valet av motst\u00e5nd g\u00f6r det m\u00f6jligt f\u00f6r individer att finjustera sina tr\u00e4ningspass f\u00f6r att m\u00f6ta deras specifika behov och m\u00e5l, vilket s\u00e4kerst\u00e4ller att varje tr\u00e4ningspass \u00e4r skr\u00e4ddarsytt f\u00f6r att optimera resultaten.<\/p>\n<\/div>\n\n\n\n<div class=\"wp-block-column is-vertically-aligned-center is-layout-flow wp-block-column-is-layout-flow\">\n<figure class=\"wp-block-image size-full\"><img decoding=\"async\" src=\"https:\/\/evolve-fitness.eu\/wp-content\/uploads\/2024\/01\/plate.webp\" alt=\"\" class=\"wp-image-9942\"\/><\/figure>\n<\/div>\n<\/div>\n\n\n\n<div class=\"wp-block-columns alignwide are-vertically-aligned-center mobile-reverse is-layout-flex wp-container-core-columns-is-layout-e8158c2f wp-block-columns-is-layout-flex\" style=\"padding-top:var(--wp--preset--spacing--side-padding)\">\n<div class=\"wp-block-column is-vertically-aligned-center is-layout-flow wp-block-column-is-layout-flow\">\n<div class=\"wp-block-columns alignwide are-vertically-aligned-center mobile-reverse is-layout-flex wp-container-core-columns-is-layout-e8158c2f wp-block-columns-is-layout-flex\" style=\"padding-top:var(--wp--preset--spacing--side-padding)\">\n<div class=\"wp-block-column is-vertically-aligned-center is-layout-flow wp-block-column-is-layout-flow\">\n<figure class=\"wp-block-video\"><video autoplay=\"\" controls=\"\" loop=\"\" muted=\"\" src=\"https:\/\/evolve-fitness.eu\/wp-content\/uploads\/2023\/08\/UL-040-Weight-Stack.mp4\"><\/video><\/figure>\n<\/div>\n\n\n\n<div class=\"wp-block-column is-vertically-aligned-center is-layout-flow wp-block-column-is-layout-flow\">\n<h3 class=\"wp-block-heading\" style=\"margin-bottom:var(--wp--preset--spacing--h-3-bottom)\"><strong>Vikt Stack<\/strong><\/h3>\n\n\n\n<p><strong><em><strong><em>Anpassa och l\u00e4gg till<\/em><\/strong><\/em><\/strong><\/p>\n\n\n\n<p>Evolve Ultra Series Selectorized Shoulder Press-maskin \u00e4r utrustad med en motst\u00e5ndsniv\u00e5 p\u00e5 85 kg, men du har ocks\u00e5 m\u00f6jlighet att anpassa och l\u00e4gga till den till 122,5 kg f\u00f6r en \u00e4nnu mer utmanande tr\u00e4ningsupplevelse. Den har en helt inkapslad viktstack som garanterar s\u00e4kerheten f\u00f6r dina \u00f6vningar.<\/p>\n<\/div>\n<\/div>\n<\/div>\n<\/div>\n\n\n\n<div class=\"wp-block-columns alignwide are-vertically-aligned-center mobile-reverse is-layout-flex wp-container-core-columns-is-layout-e8158c2f wp-block-columns-is-layout-flex\" style=\"padding-top:var(--wp--preset--spacing--side-padding)\">\n<div class=\"wp-block-column is-vertically-aligned-center is-layout-flow wp-block-column-is-layout-flow\">\n<h3 class=\"wp-block-heading\" style=\"margin-bottom:var(--wp--preset--spacing--h-3-bottom)\"><strong>Justerbar vinkel p\u00e5 ryggst\u00f6det<\/strong><\/h3>\n\n\n\n<p><strong><em><strong><em>Mycket effektiv tr\u00e4ningsupplevelse<\/em><\/strong><\/em><\/strong><\/p>\n\n\n\n<p style=\"margin-bottom:var(--wp--preset--spacing--tb-section-padding)\">Evolve Ultra Series Selectorized axelpressmaskin \u00e4r utformad f\u00f6r en bekv\u00e4m och mycket effektiv tr\u00e4ningsupplevelse. Den har 5 olika justeringsl\u00e4gen f\u00f6r ryggst\u00f6det, s\u00e5 att du kan anpassa maskinen till din kropps proportioner, vinkel och preferenser. Denna niv\u00e5 av justerbarhet s\u00e4kerst\u00e4ller att du kan hitta den perfekta positionen f\u00f6r att arbeta med dina axelmuskler med maximal komfort och effektivitet.<\/p>\n<\/div>\n\n\n\n<div class=\"wp-block-column is-vertically-aligned-center is-layout-flow wp-block-column-is-layout-flow\">\n<figure class=\"wp-block-video\"><video autoplay=\"\" controls=\"\" loop=\"\" muted=\"\" src=\"https:\/\/evolve-fitness.eu\/wp-content\/uploads\/2023\/08\/UL-040-Adjustable-Back-rest-angle.mp4\"><\/video><\/figure>\n<\/div>\n<\/div>\n\n\n\n<div class=\"wp-block-columns alignwide are-vertically-aligned-center mobile-reverse is-layout-flex wp-container-core-columns-is-layout-e8158c2f wp-block-columns-is-layout-flex\" style=\"padding-top:var(--wp--preset--spacing--side-padding)\">\n<div class=\"wp-block-column is-vertically-aligned-center is-layout-flow wp-block-column-is-layout-flow\">\n<figure class=\"wp-block-image size-large\"><img decoding=\"async\" src=\"https:\/\/evolve-fitness.eu\/wp-content\/uploads\/2024\/01\/EV-SC-UL-030-Shoulder-1024x576.jpg\" alt=\"\" class=\"wp-image-9966\"\/><\/figure>\n<\/div>\n\n\n\n<div class=\"wp-block-column is-vertically-aligned-center is-layout-flow wp-block-column-is-layout-flow\">\n<h3 class=\"wp-block-heading\" style=\"margin-bottom:var(--wp--preset--spacing--h-3-bottom)\"><strong>F\u00f6rvaring av tillbeh\u00f6r<\/strong><\/h3>\n\n\n\n<p><strong><em><strong><em>S\u00e4ker och l\u00e4ttillg\u00e4nglig<\/em><\/strong><\/em><\/strong><\/p>\n\n\n\n<p>Medan du tr\u00e4nar kan du bekv\u00e4mt f\u00f6rvara din vattenflaska, telefon och personliga tillh\u00f6righeter i Evolve Ultra-seriens maskiner som har avsedda h\u00e5llare f\u00f6r din bekv\u00e4mlighet. De specialdesignade facken \u00e4r till f\u00f6r att du ska ha en s\u00e4ker och l\u00e4ttillg\u00e4nglig plats f\u00f6r dina tillh\u00f6righeter under tr\u00e4ningspassen.<\/p>\n\n\n\n<p><strong>\n  <em>\n    <strong>\n      <em>\u00d6vning<\/em>\n    <\/strong>\n  <\/em>\n<\/strong> klisterm\u00e4rke <strong>\n  <em>\n    <strong>\n      <em>din visuella hj\u00e4lp<\/em>\n    <\/strong>\n  <\/em>\n<\/strong><\/p>\n\n\n\n<p>Evolve Ultra-seriens maskiner har informativa dekaler som fungerar som visuellt st\u00f6d och g\u00f6r det l\u00e4ttare f\u00f6r dig att navigera bland maskinens funktioner, vilket i slut\u00e4ndan f\u00f6rb\u00e4ttrar din tr\u00e4ningsupplevelse. Dessutom ger den v\u00e4rdefulla insikter i de olika muskelgrupper som effektivt kan tr\u00e4nas p\u00e5 maskinen, vilket g\u00f6r att du kan f\u00e5 ut det mesta av din tr\u00e4ningsrutin genom att rikta in dig p\u00e5 specifika intresseomr\u00e5den.<\/p>\n<\/div>\n<\/div>\n\n\n\n<div class=\"wp-block-columns alignwide are-vertically-aligned-center mobile-reverse is-layout-flex wp-container-core-columns-is-layout-e8158c2f wp-block-columns-is-layout-flex\" style=\"padding-top:var(--wp--preset--spacing--side-padding)\">\n<div class=\"wp-block-column is-vertically-aligned-center is-layout-flow wp-block-column-is-layout-flow\">\n<h3 class=\"wp-block-heading\" style=\"margin-bottom:var(--wp--preset--spacing--h-3-bottom)\"><strong>Kabel<\/strong><\/h3>\n\n\n\n<p><strong><em><strong><em>\u00d6verl\u00e4gsen kvalitet<\/em><\/strong><\/em><\/strong><\/p>\n\n\n\n<p>Evolve Ultra Series-maskinerna anv\u00e4nder kablar av h\u00f6gsta kvalitet, det finns sex huvudstr\u00e4ngar och varje str\u00e4ng best\u00e5r av 19 tr\u00e5dar som tvinnats ihop, polyamid 12 (PA12) och en diameter p\u00e5 5 mm. Dessa kablar \u00e4r konstruerade f\u00f6r styrka och h\u00e5llbarhet, med en brottkraft p\u00e5 9000 kN, vilket g\u00f6r dem till det f\u00f6redragna valet f\u00f6r applikationer d\u00e4r exceptionell tillf\u00f6rlitlighet, h\u00e5llbarhet och prestanda beh\u00f6vs.N\u00e4r du \u00f6verg\u00e5r fr\u00e5n en \u00f6vning till en annan, vare sig det \u00e4r bicepscurls, br\u00f6stpressar, lat pulldowns eller n\u00e5gon annan styrkebyggande aktivitet, s\u00e4kerst\u00e4ller Evolve Ultra-seriekablarnas exceptionella prestanda att dina r\u00f6relser \u00e4r mjuka och motst\u00e5ndet \u00e4r konsekvent, vilket fr\u00e4mjar en tr\u00e4ning som \u00e4r b\u00e5de effektiv och njutbar.<\/p>\n<\/div>\n\n\n\n<div class=\"wp-block-column is-vertically-aligned-center is-layout-flow wp-block-column-is-layout-flow\">\n<figure class=\"wp-block-video\"><video height=\"600\" style=\"aspect-ratio: 680 \/ 600;\" width=\"680\" autoplay=\"\" controls=\"\" loop=\"\" muted=\"\" src=\"https:\/\/evolve-fitness.eu\/wp-content\/uploads\/2023\/10\/Evolve-cable.mp4\"><\/video><\/figure>\n<\/div>\n<\/div>\n\n\n\n<div class=\"wp-block-columns alignwide are-vertically-aligned-center mobile-reverse is-layout-flex wp-container-core-columns-is-layout-e8158c2f wp-block-columns-is-layout-flex\" style=\"padding-top:var(--wp--preset--spacing--side-padding)\">\n<div class=\"wp-block-column is-vertically-aligned-center is-layout-flow wp-block-column-is-layout-flow\">\n<figure class=\"wp-block-video\"><video height=\"1920\" style=\"aspect-ratio: 1920 \/ 1920;\" width=\"1920\" autoplay=\"\" controls=\"\" loop=\"\" muted=\"\" src=\"https:\/\/evolve-fitness.eu\/wp-content\/uploads\/2023\/10\/Evolve-Double-powder-coated-Frame.mp4\"><\/video><\/figure>\n<\/div>\n\n\n\n<div class=\"wp-block-column is-vertically-aligned-center is-layout-flow wp-block-column-is-layout-flow\">\n<h3 class=\"wp-block-heading\" style=\"margin-bottom:var(--wp--preset--spacing--h-3-bottom)\"><strong>Dubbel pulverlackering<\/strong><\/h3>\n\n\n\n<p><strong><em><strong><em>Elektrostatisk pulverlackering<\/em><\/strong><\/em><\/strong><\/p>\n\n\n\n<p>Evolve Ultra Series styrkemaskiner med en elektrostatiskt pulverlackerad p\u00e4rlsvart matt ram exemplifierar b\u00e5de form och funktion. Dess estetiska tilltal f\u00f6rst\u00e4rks av den svarta, matta ytan, medan dess praktiska egenskaper, inklusive friktionsmotst\u00e5nd, korrosionsskydd och rept\u00e5lighet, s\u00e4kerst\u00e4ller att den blir en p\u00e5litlig och l\u00e5ngvarig tr\u00e4ningskamrat.<\/p>\n\n\n\n<p><strong><em>Kraftiga gjutna golvskydd av gummi<\/em><\/strong><\/p>\n\n\n\n<p>De robusta gummif\u00f6tterna p\u00e5 Evolve Ultra Series fungerar som skyddande sk\u00f6ldar f\u00f6r att f\u00f6rhindra eventuella skador p\u00e5 dina golv. Dessa kraftiga gummif\u00f6tter \u00e4r utformade f\u00f6r att skydda dina golvytor fr\u00e5n skador som kan uppst\u00e5 under anv\u00e4ndning. Dessutom ger gummif\u00f6tterna inte bara skydd utan bidrar ocks\u00e5 till stabiliteten.<\/p>\n<\/div>\n<\/div>\n<\/section>\n","protected":false},"excerpt":{"rendered":"<p>F\u00f6rh\u00f6j axeltr\u00e4ningen med Evolve Ultra Series Ul-040 Selectorized Shoulder Press. Upplev komfort och innovation med formpressade s\u00e4ten, oberoende armr\u00f6relser och enhandsjustering av s\u00e4tet. S\u00e4kerheten \u00e4r av yttersta vikt med den t\u00e4ckta Weight Stack Shroud, medan den mattlackerade ytan ger stil. F\u00f6rvandla ditt gym med denna exceptionella utrustning f\u00f6r ultimata vinster och attraktiva kunder.<\/p>\n","protected":false},"featured_media":128463,"template":"","meta":{"_acf_changed":false,"inline_featured_image":false},"product_cat":[1149,1292],"product_tag":[],"class_list":{"0":"post-48616","1":"product","2":"type-product","3":"status-publish","4":"has-post-thumbnail","6":"product_cat-selectoriserade-maskiner","7":"product_cat-ultra-series-selectorized-maskiner","9":"first","10":"instock","11":"shipping-taxable","12":"purchasable","13":"product-type-simple"},"acf":[],"_links":{"self":[{"href":"https:\/\/store.evolve-fitness.eu\/sv\/wp-json\/wp\/v2\/product\/48616","targetHints":{"allow":["GET"]}}],"collection":[{"href":"https:\/\/store.evolve-fitness.eu\/sv\/wp-json\/wp\/v2\/product"}],"about":[{"href":"https:\/\/store.evolve-fitness.eu\/sv\/wp-json\/wp\/v2\/types\/product"}],"wp:featuredmedia":[{"embeddable":true,"href":"https:\/\/store.evolve-fitness.eu\/sv\/wp-json\/wp\/v2\/media\/128463"}],"wp:attachment":[{"href":"https:\/\/store.evolve-fitness.eu\/sv\/wp-json\/wp\/v2\/media?parent=48616"}],"wp:term":[{"taxonomy":"product_cat","embeddable":true,"href":"https:\/\/store.evolve-fitness.eu\/sv\/wp-json\/wp\/v2\/product_cat?post=48616"},{"taxonomy":"product_tag","embeddable":true,"href":"https:\/\/store.evolve-fitness.eu\/sv\/wp-json\/wp\/v2\/product_tag?post=48616"}],"curies":[{"name":"wp","href":"https:\/\/api.w.org\/{rel}","templated":true}]}}