{"id":48063,"date":"2024-01-18T07:14:23","date_gmt":"2024-01-18T07:14:23","guid":{"rendered":"https:\/\/store.evolve-fitness.eu\/product\/evolve-ultra-series-selectoriserad-bencurl\/"},"modified":"2024-06-05T12:50:52","modified_gmt":"2024-06-05T12:50:52","slug":"evolve-ultra-series-selectoriserad-bencurl","status":"publish","type":"product","link":"https:\/\/store.evolve-fitness.eu\/sv\/produkt\/evolve-ultra-series-selectoriserad-bencurl\/","title":{"rendered":"Evolve Ultra Series Selectoriserad bencurl"},"content":{"rendered":"\n<section class=\"wp-block-group alignfull black-content has-white-color has-darkgray-background-color has-text-color has-background is-layout-constrained wp-block-group-is-layout-constrained\" style=\"padding-top:var(--wp--preset--spacing--section-bottom);padding-bottom:var(--wp--preset--spacing--section-bottom)\">\n<div class=\"wp-block-columns alignwide is-layout-flex wp-container-core-columns-is-layout-c45ee707 wp-block-columns-is-layout-flex\" style=\"margin-bottom:var(--wp--preset--spacing--side-padding);padding-top:var(--wp--preset--spacing--side-padding)\">\n<div class=\"wp-block-column is-vertically-aligned-center is-layout-flow wp-block-column-is-layout-flow\">\n<h3 class=\"wp-block-heading\">V\u00e4lkommen till Ultra-serien<\/h3>\n\n\n\n<p><strong><em>L\u00e4r k\u00e4nna v\u00e5r utrustning i Ultra-serien med toppmodern 3D 360-visning<\/em><\/strong><\/p>\n\n\n\n<p>Evolve Ultra Series Selectorized Chest Press, en del av Evolve Ultra Series, \u00e4r byggd f\u00f6r b\u00e5de komfort och prestanda. Maskinen \u00e4r konstruerad f\u00f6r m\u00e5ngsidig tr\u00e4ning, ergonomiskt st\u00f6d och justeringsm\u00f6jligheter f\u00f6r olika anv\u00e4ndarstorlekar. Designen \u00e4r estetiskt tilltalande med en h\u00e5llbar, pulverlackerad yta, och anv\u00e4ndningen av h\u00f6gkvalitativa kablar s\u00e4kerst\u00e4ller smidig drift.<\/p>\n<\/div>\n\n\n\n<div class=\"wp-block-column is-vertically-aligned-center is-layout-flow wp-block-column-is-layout-flow\">\n<figure class=\"wp-block-video\"><video autoplay=\"\" controls=\"\" loop=\"\" muted=\"\" src=\"https:\/\/evolve-fitness.eu\/wp-content\/uploads\/2023\/08\/Leg-Curl-Evolve-Ultra-Series-Selectorized.mp4\"><\/video><\/figure>\n<\/div>\n<\/div>\n\n\n\n<div class=\"wp-block-columns alignwide mobile-reverse is-layout-flex wp-container-core-columns-is-layout-ca64bf2d wp-block-columns-is-layout-flex\" style=\"margin-bottom:var(--wp--preset--spacing--side-padding)\">\n<div class=\"wp-block-column is-vertically-aligned-center is-layout-flow wp-block-column-is-layout-flow\">\n<figure class=\"wp-block-video\"><video height=\"1920\" style=\"aspect-ratio: 1920 \/ 1920;\" width=\"1920\" autoplay=\"\" controls=\"\" loop=\"\" muted=\"\" src=\"https:\/\/evolve-fitness.eu\/wp-content\/uploads\/2023\/08\/Evolve-Ultra-Series-Selectorized-Leg-Extension-Ul-140-2.mp4\"><\/video><\/figure>\n<\/div>\n\n\n\n<div class=\"wp-block-column is-vertically-aligned-center is-layout-flow wp-block-column-is-layout-flow\">\n<h3 class=\"wp-block-heading\" style=\"margin-bottom:var(--wp--preset--spacing--h-3-bottom)\">Muskler<\/h3>\n\n\n\n<p><\/p>\n\n\n\n<p>Evolve Ultra Series Lying Leg Curl Machine riktar sig fr\u00e4mst till och engagerar f\u00f6ljande muskler:<br\/><br\/><strong>Hamstrings<\/strong>: Hamstrings, som best\u00e5r av musklerna biceps femoris, semitendinosus och semimembranosus, \u00e4r de prim\u00e4ra musklerna som arbetar under bencurls. Denna \u00f6vning isolerar och st\u00e4rker effektivt hamstrings, s\u00e4rskilt musklerna p\u00e5 baksidan av l\u00e5ret; <strong>Vadmusklerna<\/strong>, inklusive gastrocnemius och soleus, engageras som stabilisatorer och sekund\u00e4ra muskler under benrullningsr\u00f6relsen, s\u00e4rskilt n\u00e4r man pekar t\u00e5rna under \u00f6vningen.<br\/><br\/>Medan maskinens prim\u00e4ra fokus ligger p\u00e5 hamstrings, engagerar den ocks\u00e5 indirekt vadmusklerna. Korrekt form och kontrollerade r\u00f6relser \u00e4r avg\u00f6rande f\u00f6r att maximera effekten av bencurls och minska risken f\u00f6r skador.<\/p>\n<\/div>\n<\/div>\n\n\n\n<div class=\"wp-block-columns alignwide is-layout-flex wp-container-core-columns-is-layout-c45ee707 wp-block-columns-is-layout-flex\" style=\"margin-bottom:var(--wp--preset--spacing--side-padding);padding-top:var(--wp--preset--spacing--side-padding)\">\n<div class=\"wp-block-column is-vertically-aligned-center is-layout-flow wp-block-column-is-layout-flow\">\n<h3 class=\"wp-block-heading\" style=\"margin-bottom:var(--wp--preset--spacing--h-3-bottom)\">Justerbar vinkel f\u00f6r startposition<\/h3>\n\n\n\n<p><strong><em>F\u00f6r olika h\u00f6jder och storlekar<\/em><\/strong><\/p>\n\n\n\n<p style=\"margin-bottom:var(--wp--preset--spacing--tb-section-padding)\">Den justerbara vinkeln p\u00e5 Evolve Ultra Series Lying Leg Curl startposition g\u00f6r det m\u00f6jligt f\u00f6r anv\u00e4ndare att skr\u00e4ddarsy sina bencurl\u00f6vningar efter deras individuella behov. Med sex olika positioner att v\u00e4lja mellan kan personer med olika kroppsstorlekar och flexibilitetsniv\u00e5er v\u00e4lja den inst\u00e4llning som b\u00e4st passar deras komfort och r\u00f6relseomf\u00e5ng. Denna funktion hj\u00e4lper anv\u00e4ndarna att uppn\u00e5 korrekt positionering och h\u00e5llning genom att anpassa sig till deras unika anatomiska egenskaper, vilket minskar risken f\u00f6r \u00f6verbelastning eller skador.<\/p>\n<\/div>\n\n\n\n<div class=\"wp-block-column is-vertically-aligned-center is-layout-flow wp-block-column-is-layout-flow\">\n<figure class=\"wp-block-video\"><video autoplay=\"\" controls=\"\" loop=\"\" muted=\"\" src=\"https:\/\/evolve-fitness.eu\/wp-content\/uploads\/2023\/08\/Adjustable-angle-of-starting-position-UL-150.mp4\"><\/video><\/figure>\n<\/div>\n<\/div>\n\n\n\n<div class=\"wp-block-columns alignwide mobile-reverse is-layout-flex wp-container-core-columns-is-layout-ca64bf2d wp-block-columns-is-layout-flex\" style=\"margin-bottom:var(--wp--preset--spacing--side-padding)\">\n<div class=\"wp-block-column is-vertically-aligned-center is-layout-flow wp-block-column-is-layout-flow\">\n<figure class=\"wp-block-video\"><video autoplay=\"\" controls=\"\" loop=\"\" muted=\"\" src=\"https:\/\/evolve-fitness.eu\/wp-content\/uploads\/2023\/08\/Evolve-UL-150-Anatomically-Contoured.mp4\"><\/video><\/figure>\n<\/div>\n\n\n\n<div class=\"wp-block-column is-vertically-aligned-center is-layout-flow wp-block-column-is-layout-flow\">\n<h3 class=\"wp-block-heading\" style=\"margin-bottom:var(--wp--preset--spacing--h-3-bottom)\">Anatomiskt formad<\/h3>\n\n\n\n<p><strong><em>  8 Inst\u00e4llningsl\u00e4gen<\/em><\/strong><\/p>\n\n\n\n<p style=\"margin-bottom:var(--wp--preset--spacing--tb-section-padding)\">Evolve Ultra Series Lying Leg Curl-maskin \u00e4r utformad med h\u00e4nsyn till kroppens naturliga form och kurvor, vilket s\u00e4kerst\u00e4ller att den sitter bekv\u00e4mt under anv\u00e4ndning. St\u00f6den \u00e4r utrustade med riklig stoppning, vilket \u00f6kar anv\u00e4ndarkomforten och minskar risken f\u00f6r obehag eller belastning under tr\u00e4ningen. Maskinen m\u00f6jligg\u00f6r ett naturligt r\u00f6relseomf\u00e5ng under \u00f6vningen, vilket s\u00e4kerst\u00e4ller att anv\u00e4ndarna kan utf\u00f6ra bencurls med r\u00f6relser som efterliknar kroppens naturliga biomekanik.<\/p>\n<\/div>\n<\/div>\n\n\n\n<div class=\"wp-block-columns alignwide is-layout-flex wp-container-core-columns-is-layout-c45ee707 wp-block-columns-is-layout-flex\" style=\"margin-bottom:var(--wp--preset--spacing--side-padding);padding-top:var(--wp--preset--spacing--side-padding)\">\n<div class=\"wp-block-column is-vertically-aligned-center is-layout-flow wp-block-column-is-layout-flow\">\n<h3 class=\"wp-block-heading\" style=\"margin-bottom:var(--wp--preset--spacing--h-3-bottom)\">Vikt Stack<\/h3>\n\n\n\n<p><strong><em>Anpassa och l\u00e4gg till<\/em><\/strong><\/p>\n\n\n\n<p style=\"margin-bottom:var(--wp--preset--spacing--tb-section-padding)\">Evolve Ultra Series Selectorized Leg Curl Machine med 2 x 2,5 kg viktplattor \u00e4r utrustad med en 110 kg viktstapel, men du har ocks\u00e5 m\u00f6jlighet att anpassa och l\u00e4gga till den till 122,5 kg f\u00f6r en \u00e4nnu mer utmanande tr\u00e4ningsupplevelse. Den har en helt inkapslad viktstack som garanterar s\u00e4kerheten f\u00f6r dina \u00f6vningar.<\/p>\n<\/div>\n\n\n\n<div class=\"wp-block-column is-vertically-aligned-center is-layout-flow wp-block-column-is-layout-flow\">\n<figure class=\"wp-block-image size-full\"><img decoding=\"async\" src=\"https:\/\/evolve-fitness.eu\/wp-content\/uploads\/2024\/01\/stack.webp\" alt=\"\" class=\"wp-image-9940\"\/><\/figure>\n<\/div>\n<\/div>\n\n\n\n<div class=\"wp-block-columns alignwide are-vertically-aligned-center mobile-reverse is-layout-flex wp-container-core-columns-is-layout-e8158c2f wp-block-columns-is-layout-flex\" style=\"padding-top:var(--wp--preset--spacing--side-padding)\">\n<div class=\"wp-block-column is-vertically-aligned-center is-layout-flow wp-block-column-is-layout-flow\">\n<figure class=\"wp-block-video\"><video autoplay=\"\" controls=\"\" loop=\"\" muted=\"\" src=\"https:\/\/evolve-fitness.eu\/wp-content\/uploads\/2023\/08\/Evolve-UL-150-Adjustable-ankle-support.mp4\"><\/video><\/figure>\n<\/div>\n\n\n\n<div class=\"wp-block-column is-vertically-aligned-center is-layout-flow wp-block-column-is-layout-flow\">\n<h3 class=\"wp-block-heading\" style=\"margin-bottom:var(--wp--preset--spacing--h-3-bottom)\"><strong>Justerbart fotledsst\u00f6d<\/strong><\/h3>\n\n\n\n<p><strong><em><strong><em>S\u00e4ker och effektiv<\/em><\/strong><\/em><\/strong><\/p>\n\n\n\n<p style=\"margin-bottom:var(--wp--preset--spacing--tb-section-padding)\">Det justerbara fotledsst\u00f6det erbjuder ett brett utbud av positioner, s\u00e5 att anv\u00e4ndare kan finjustera sina leg curl-\u00f6vningar baserat p\u00e5 deras individuella behov. Med sju olika inst\u00e4llningar kan personer med olika kroppsstorlekar och flexibilitetsniv\u00e5er v\u00e4lja den exakta vinkel som b\u00e4st passar deras komfort och r\u00f6relseomf\u00e5ng. Denna funktion fr\u00e4mjar inkludering, s\u00e5 att personer med olika kroppstyper, r\u00f6rlighetsniv\u00e5er och tr\u00e4ningsm\u00e5l kan dra nytta av maskinens bencurl\u00f6vningar.<\/p>\n<\/div>\n<\/div>\n\n\n\n<div class=\"wp-block-columns alignwide is-layout-flex wp-container-core-columns-is-layout-c45ee707 wp-block-columns-is-layout-flex\" style=\"margin-bottom:var(--wp--preset--spacing--side-padding);padding-top:var(--wp--preset--spacing--side-padding)\">\n<div class=\"wp-block-column is-vertically-aligned-center is-layout-flow wp-block-column-is-layout-flow\">\n<h3 class=\"wp-block-heading\" style=\"margin-bottom:var(--wp--preset--spacing--h-3-bottom)\">Dubbel pulverlackerad ram<\/h3>\n\n\n\n<p><strong><em>F\u00f6rebyggande av skador<\/em><\/strong><\/p>\n\n\n\n<p style=\"margin-bottom:var(--wp--preset--spacing--tb-section-padding)\">Evolve Ultra Series styrkemaskiner med en elektrostatiskt pulverlackerad p\u00e4rlsvart matt ram exemplifierar b\u00e5de form och funktion. Dess estetiska tilltal f\u00f6rst\u00e4rks av den svarta, matta ytan, medan dess praktiska egenskaper, inklusive friktionsmotst\u00e5nd, korrosionsskydd och rept\u00e5lighet, s\u00e4kerst\u00e4ller att den blir en p\u00e5litlig och l\u00e5ngvarig tr\u00e4ningskamrat.<\/p>\n<\/div>\n\n\n\n<div class=\"wp-block-column is-vertically-aligned-center is-layout-flow wp-block-column-is-layout-flow\">\n<figure class=\"wp-block-video\"><video height=\"1920\" style=\"aspect-ratio: 1920 \/ 1920;\" width=\"1920\" autoplay=\"\" controls=\"\" loop=\"\" muted=\"\" src=\"https:\/\/evolve-fitness.eu\/wp-content\/uploads\/2023\/10\/Evolve-Double-powder-coated-Frame.mp4\"><\/video><\/figure>\n<\/div>\n<\/div>\n\n\n\n<div class=\"wp-block-columns alignwide is-layout-flex wp-container-core-columns-is-layout-c45ee707 wp-block-columns-is-layout-flex\" style=\"margin-bottom:var(--wp--preset--spacing--side-padding);padding-top:var(--wp--preset--spacing--side-padding)\">\n<div class=\"wp-block-column is-vertically-aligned-center is-layout-flow wp-block-column-is-layout-flow\">\n<figure class=\"wp-block-image size-full\"><img decoding=\"async\" src=\"https:\/\/evolve-fitness.eu\/wp-content\/uploads\/2024\/01\/plate.webp\" alt=\"\" class=\"wp-image-9942\"\/><\/figure>\n<\/div>\n\n\n\n<div class=\"wp-block-column is-vertically-aligned-center is-layout-flow wp-block-column-is-layout-flow\">\n<h3 class=\"wp-block-heading\" style=\"margin-bottom:var(--wp--preset--spacing--h-3-bottom)\">Platta f\u00f6r toppvikt<\/h3>\n\n\n\n<p><strong><em>F\u00f6r b\u00e4ttre prestanda<\/em><\/strong> <\/p>\n\n\n\n<p style=\"margin-bottom:var(--wp--preset--spacing--tb-section-padding)\">Evolve Ultra Series Selectorized Leg Curl Machine har tv\u00e5 extra viktplattor p\u00e5 2,5 kg som har dubbla funktioner f\u00f6r att f\u00f6rb\u00e4ttra tr\u00e4ningsmaskinens prestanda. F\u00f6r det f\u00f6rsta ut\u00f6kar den det maximala motst\u00e5ndet som maskinen kan ge, s\u00e5 att anv\u00e4ndarna kan utmana sig sj\u00e4lva \u00e4nnu mer i sina tr\u00e4ningspass. Dessa extra viktplattor ger dessutom en unik f\u00f6rdel genom att de g\u00f6r det m\u00f6jligt f\u00f6r anv\u00e4ndaren att g\u00f6ra mindre, mer exakta \u00f6kningar i sina motst\u00e5ndsjusteringar, med varje platta som ger en \u00f6kning p\u00e5 2,5 kg. Denna precision i valet av motst\u00e5nd g\u00f6r det m\u00f6jligt f\u00f6r individer att finjustera sina tr\u00e4ningspass f\u00f6r att m\u00f6ta deras specifika behov och m\u00e5l, vilket s\u00e4kerst\u00e4ller att varje tr\u00e4ningspass \u00e4r skr\u00e4ddarsytt f\u00f6r att optimera resultaten.<\/p>\n<\/div>\n<\/div>\n\n\n\n<div class=\"wp-block-columns alignwide is-layout-flex wp-container-core-columns-is-layout-c45ee707 wp-block-columns-is-layout-flex\" style=\"margin-bottom:var(--wp--preset--spacing--side-padding);padding-top:var(--wp--preset--spacing--side-padding)\">\n<div class=\"wp-block-column is-vertically-aligned-center is-layout-flow wp-block-column-is-layout-flow\">\n<h3 class=\"wp-block-heading\" style=\"margin-bottom:var(--wp--preset--spacing--h-3-bottom)\">Kabel<\/h3>\n\n\n\n<p><strong><em>\u00d6verl\u00e4gsen kvalitet<\/em><\/strong><\/p>\n\n\n\n<p style=\"margin-bottom:var(--wp--preset--spacing--tb-section-padding)\">Evolve Ultra Series-maskinerna anv\u00e4nder kablar av h\u00f6gsta kvalitet, det finns sex huvudstr\u00e4ngar och varje str\u00e4ng best\u00e5r av 19 tr\u00e5dar som tvinnats ihop, polyamid 12 (PA12) och en diameter p\u00e5 5 mm. Dessa kablar \u00e4r konstruerade f\u00f6r styrka och h\u00e5llbarhet, med en brottkraft p\u00e5 9000 kN, vilket g\u00f6r dem till det f\u00f6redragna valet f\u00f6r applikationer d\u00e4r exceptionell tillf\u00f6rlitlighet, h\u00e5llbarhet och prestanda beh\u00f6vs.N\u00e4r du \u00f6verg\u00e5r fr\u00e5n en \u00f6vning till en annan, vare sig det \u00e4r bicepscurls, br\u00f6stpressar, lat pulldowns eller n\u00e5gon annan styrkebyggande aktivitet, s\u00e4kerst\u00e4ller Evolve Ultra-seriens exceptionella prestanda att dina r\u00f6relser \u00e4r mjuka och motst\u00e5ndet \u00e4r konsekvent, vilket fr\u00e4mjar en tr\u00e4ning som \u00e4r b\u00e5de effektiv och njutbar<\/p>\n<\/div>\n\n\n\n<div class=\"wp-block-column is-vertically-aligned-center is-layout-flow wp-block-column-is-layout-flow\">\n<figure class=\"wp-block-video\"><video height=\"600\" style=\"aspect-ratio: 680 \/ 600;\" width=\"680\" autoplay=\"\" controls=\"\" loop=\"\" muted=\"\" src=\"https:\/\/evolve-fitness.eu\/wp-content\/uploads\/2023\/10\/Evolve-cable.mp4\"><\/video><\/figure>\n<\/div>\n<\/div>\n<\/section>\n","protected":false},"excerpt":{"rendered":"<p>F\u00f6rh\u00f6j bentr\u00e4ningen med Evolve Ultra Series Selectorized Leg Curl, UL-150. Denna innovativa maskin erbjuder \u00f6verl\u00e4gsen komfort genom sitt gjutna s\u00e4te, s\u00f6ml\u00f6s s\u00e4kerhet med ett t\u00e4ckt skydd f\u00f6r viktstapeln och enkla justeringar med enhandsfunktion. Upplev framtidens fitness redan idag.<\/p>\n","protected":false},"featured_media":75930,"template":"","meta":{"_acf_changed":false,"inline_featured_image":false},"product_cat":[550,1149,1292],"product_tag":[],"class_list":{"0":"post-48063","1":"product","2":"type-product","3":"status-publish","4":"has-post-thumbnail","6":"product_cat-startsida","7":"product_cat-selectoriserade-maskiner","8":"product_cat-ultra-series-selectorized-maskiner","10":"first","11":"instock","12":"shipping-taxable","13":"purchasable","14":"product-type-simple"},"acf":[],"_links":{"self":[{"href":"https:\/\/store.evolve-fitness.eu\/sv\/wp-json\/wp\/v2\/product\/48063","targetHints":{"allow":["GET"]}}],"collection":[{"href":"https:\/\/store.evolve-fitness.eu\/sv\/wp-json\/wp\/v2\/product"}],"about":[{"href":"https:\/\/store.evolve-fitness.eu\/sv\/wp-json\/wp\/v2\/types\/product"}],"wp:featuredmedia":[{"embeddable":true,"href":"https:\/\/store.evolve-fitness.eu\/sv\/wp-json\/wp\/v2\/media\/75930"}],"wp:attachment":[{"href":"https:\/\/store.evolve-fitness.eu\/sv\/wp-json\/wp\/v2\/media?parent=48063"}],"wp:term":[{"taxonomy":"product_cat","embeddable":true,"href":"https:\/\/store.evolve-fitness.eu\/sv\/wp-json\/wp\/v2\/product_cat?post=48063"},{"taxonomy":"product_tag","embeddable":true,"href":"https:\/\/store.evolve-fitness.eu\/sv\/wp-json\/wp\/v2\/product_tag?post=48063"}],"curies":[{"name":"wp","href":"https:\/\/api.w.org\/{rel}","templated":true}]}}