{"id":48005,"date":"2024-01-18T07:38:06","date_gmt":"2024-01-18T07:38:06","guid":{"rendered":"https:\/\/store.evolve-fitness.eu\/product\/evolve-ultra-series-selectorized-lat-pulldown\/"},"modified":"2024-06-05T12:47:28","modified_gmt":"2024-06-05T12:47:28","slug":"evolve-ultra-series-selectorized-lat-pulldown","status":"publish","type":"product","link":"https:\/\/store.evolve-fitness.eu\/sv\/produkt\/evolve-ultra-series-selectorized-lat-pulldown\/","title":{"rendered":"Evolve Ultra Series Selectorized Lat Pulldown"},"content":{"rendered":"\n<section class=\"wp-block-group alignfull black-content has-white-color has-darkgray-background-color has-text-color has-background is-layout-constrained wp-block-group-is-layout-constrained\" style=\"padding-top:var(--wp--preset--spacing--section-bottom);padding-bottom:var(--wp--preset--spacing--section-bottom)\">\n<div class=\"wp-block-columns alignwide mobile-reverse is-layout-flex wp-container-core-columns-is-layout-ca64bf2d wp-block-columns-is-layout-flex\" style=\"margin-bottom:var(--wp--preset--spacing--side-padding)\">\n<div class=\"wp-block-column is-vertically-aligned-center is-layout-flow wp-block-column-is-layout-flow\">\n<h3 class=\"wp-block-heading\">V\u00e4lkommen till Ultra-serien<\/h3>\n\n\n\n<p><strong><em>L\u00e4r k\u00e4nna v\u00e5r utrustning i Ultra-serien med toppmodern 3D 360-visning<\/em><\/strong><\/p>\n\n\n\n<p>Evolve Ultra Series Selectorized Lat Pulldown, en del av Evolve Ultra Series, \u00e4r byggd f\u00f6r b\u00e5de komfort och prestanda. Maskinen \u00e4r konstruerad f\u00f6r m\u00e5ngsidig tr\u00e4ning, ergonomiskt st\u00f6d och justeringsm\u00f6jligheter f\u00f6r olika anv\u00e4ndarstorlekar. Designen \u00e4r estetiskt tilltalande med en h\u00e5llbar, pulverlackerad yta, och anv\u00e4ndningen av h\u00f6gkvalitativa kablar s\u00e4kerst\u00e4ller smidig drift.<\/p>\n<\/div>\n\n\n\n<div class=\"wp-block-column is-vertically-aligned-center is-layout-flow wp-block-column-is-layout-flow\">\n<figure class=\"wp-block-video\"><video height=\"1080\" style=\"aspect-ratio: 1920 \/ 1080;\" width=\"1920\" autoplay=\"\" controls=\"\" loop=\"\" muted=\"\" src=\"https:\/\/evolve-fitness.eu\/wp-content\/uploads\/2023\/08\/Lat-Pulldown-Evolve-Ultra-Series-Selectorized.mp4\"><\/video><\/figure>\n<\/div>\n<\/div>\n\n\n\n<div class=\"wp-block-columns alignwide is-layout-flex wp-container-core-columns-is-layout-c45ee707 wp-block-columns-is-layout-flex\" style=\"margin-bottom:var(--wp--preset--spacing--side-padding);padding-top:var(--wp--preset--spacing--side-padding)\">\n<div class=\"wp-block-column is-vertically-aligned-center is-layout-flow wp-block-column-is-layout-flow\">\n<figure class=\"wp-block-video\"><video height=\"600\" style=\"aspect-ratio: 680 \/ 600;\" width=\"680\" autoplay=\"\" controls=\"\" loop=\"\" muted=\"\" src=\"https:\/\/evolve-fitness.eu\/wp-content\/uploads\/2023\/08\/Evolve-Lat-Pulldown-Ul-110.mp4\"><\/video><\/figure>\n<\/div>\n\n\n\n<div class=\"wp-block-column is-vertically-aligned-center is-layout-flow wp-block-column-is-layout-flow\">\n<h3 class=\"wp-block-heading\" style=\"margin-bottom:var(--wp--preset--spacing--h-3-bottom)\">Muskler<\/h3>\n\n\n\n<p><em><strong>G\u00f6r det m\u00f6jligt att rikta in sig p\u00e5 m\u00e5nga olika muskelgrupper<\/strong><\/em><\/p>\n\n\n\n<p>Evolve Ultra Series Lat Pull-Down Machine, med sina olika utbytbara handtag, g\u00f6r att du kan rikta in dig p\u00e5 ett brett spektrum av muskelgrupper i din \u00f6verkropp. H\u00e4r \u00e4r de prim\u00e4ra musklerna som effektivt kan tr\u00e4nas med denna m\u00e5ngsidiga maskin:<br\/><br\/><strong>Latissimus Dorsi (Lats)<\/strong>: Det prim\u00e4ra m\u00e5let f\u00f6r neddragnings\u00f6vningar f\u00f6r lats. Det hj\u00e4lper till att utveckla en bred och V-formad rygg;  <strong>Biceps<\/strong>: Olika handtag, s\u00e4rskilt de med ett n\u00e4ra grepp, kan effektivt engagera och st\u00e4rka biceps;  <strong>Rhomboider och trapezius<\/strong>: B\u00e5de mellersta och nedre trapezius, samt rhomboidmusklerna, engageras under latsdragningar, vilket bidrar till b\u00e4ttre h\u00e5llning och en stark \u00f6vre rygg;  <strong>Deltamusklerna (axlarna)<\/strong>: Beroende p\u00e5 grepp och dragvinkel kan du arbeta med de fr\u00e4mre (fr\u00e4mre), laterala (sida) och bakre (bakre) deltoidmusklerna;  <strong>Brachialis<\/strong>: Brachialis-muskeln, som ligger under biceps, kan aktiveras med vissa handtagsf\u00e4sten;  <strong>Underarmar<\/strong>: Greppstyrkan och underarmsmusklerna aktiveras n\u00e4r du anv\u00e4nder handtag som kr\u00e4ver ett starkt grepp;  <strong>\u00d6vre delen av br\u00f6stkorgen (Sternal Pectoralis Major)<\/strong>: Genom att anv\u00e4nda specifika handtagsf\u00e4sten och utf\u00f6ra neddragningar till br\u00f6stet kan du aktivera de \u00f6vre br\u00f6stmusklerna;  <strong>Triceps<\/strong>: Handtag med ett n\u00e4ra grepp kan tr\u00e4na triceps, s\u00e4rskilt n\u00e4r du utf\u00f6r tricep pushdown-\u00f6vningar p\u00e5 samma maskin;  <strong>K\u00e4rnan (stabilisering)<\/strong>: K\u00e4rnmusklerna spelar en stabiliserande roll under neddragningsr\u00f6relser, vilket bidrar till b\u00e4ttre k\u00e4rnstyrka.<\/p>\n<\/div>\n<\/div>\n\n\n\n<div class=\"wp-block-columns alignwide is-layout-flex wp-container-core-columns-is-layout-c45ee707 wp-block-columns-is-layout-flex\" style=\"margin-bottom:var(--wp--preset--spacing--side-padding);padding-top:var(--wp--preset--spacing--side-padding)\">\n<div class=\"wp-block-column is-vertically-aligned-center is-layout-flow wp-block-column-is-layout-flow\">\n<h3 class=\"wp-block-heading\" style=\"margin-bottom:var(--wp--preset--spacing--h-3-bottom)\">Vikt Stack<\/h3>\n\n\n\n<p><strong><em>Anpassa och l\u00e4gg till<\/em><\/strong><\/p>\n\n\n\n<p style=\"margin-bottom:var(--wp--preset--spacing--tb-section-padding)\">Evolve Ultra Series Lat Pull-Down Machine med 2 x 2,5 kg viktskivor \u00e4r utrustad med en 110 kg viktstapel, men du har ocks\u00e5 m\u00f6jlighet att anpassa och l\u00e4gga till 122,5 kg f\u00f6r en \u00e4nnu mer utmanande tr\u00e4ningsupplevelse. Den har en helt inkapslad viktstack som garanterar s\u00e4kerheten f\u00f6r dina \u00f6vningar.<\/p>\n<\/div>\n\n\n\n<div class=\"wp-block-column is-vertically-aligned-center is-layout-flow wp-block-column-is-layout-flow\">\n<figure class=\"wp-block-image size-full\"><img decoding=\"async\" src=\"https:\/\/evolve-fitness.eu\/wp-content\/uploads\/2024\/01\/stack.webp\" alt=\"\" class=\"wp-image-9940\"\/><\/figure>\n<\/div>\n<\/div>\n\n\n\n<div class=\"wp-block-columns alignwide is-layout-flex wp-container-core-columns-is-layout-c45ee707 wp-block-columns-is-layout-flex\" style=\"margin-bottom:var(--wp--preset--spacing--side-padding);padding-top:var(--wp--preset--spacing--side-padding)\">\n<div class=\"wp-block-column is-vertically-aligned-center is-layout-flow wp-block-column-is-layout-flow\">\n<figure class=\"wp-block-video\"><video autoplay=\"\" controls=\"\" loop=\"\" muted=\"\" src=\"https:\/\/evolve-fitness.eu\/wp-content\/uploads\/2023\/08\/Evolve-UL-110-Adjustable-thight-support.mp4\"><\/video><\/figure>\n<\/div>\n\n\n\n<div class=\"wp-block-column is-vertically-aligned-center is-layout-flow wp-block-column-is-layout-flow\">\n<h3 class=\"wp-block-heading\" style=\"margin-bottom:var(--wp--preset--spacing--h-3-bottom)\">Justerbart st\u00f6d f\u00f6r h\u00f6ften<\/h3>\n\n\n\n<p><strong><em>F\u00f6r olika h\u00f6jder och storlekar<\/em><\/strong><\/p>\n\n\n\n<p style=\"margin-bottom:var(--wp--preset--spacing--tb-section-padding)\">Evolve Ultra Series Lat Pull-Down-maskinens justerbara l\u00e5rst\u00f6d \u00e4r en viktig funktion som passar personer med olika l\u00e4ngd och storlek. De fyra olika inst\u00e4llningsm\u00f6jligheterna s\u00e4kerst\u00e4ller att anv\u00e4ndaren kan hitta den mest l\u00e4mpliga positionen f\u00f6r sina l\u00e5r, oavsett kroppstyp. Denna justerbarhet s\u00e4kerst\u00e4ller korrekt kroppsinriktning, minskar risken f\u00f6r skador, f\u00f6rb\u00e4ttrar komforten och fr\u00e4mjar inkludering, vilket i slut\u00e4ndan g\u00f6r det m\u00f6jligt f\u00f6r anv\u00e4ndare att njuta av s\u00e4kra, effektiva och personliga tr\u00e4ningspass oavsett deras fysiska egenskaper.<\/p>\n<\/div>\n<\/div>\n\n\n\n<div class=\"wp-block-columns alignwide are-vertically-aligned-center mobile-reverse is-layout-flex wp-container-core-columns-is-layout-e8158c2f wp-block-columns-is-layout-flex\" style=\"padding-top:var(--wp--preset--spacing--side-padding)\">\n<div class=\"wp-block-column is-vertically-aligned-center is-layout-flow wp-block-column-is-layout-flow\">\n<h3 class=\"wp-block-heading\" style=\"margin-bottom:var(--wp--preset--spacing--h-3-bottom)\"><strong>Formpressade s\u00e4ten<\/strong><\/h3>\n\n\n\n<p><strong><em><strong><em>  Kl\u00e4dsel med dubbla s\u00f6mmar<\/em><\/strong><\/em><\/strong><\/p>\n\n\n\n<p style=\"margin-bottom:var(--wp--preset--spacing--tb-section-padding)\">Evolve Ultra-serien Lat Pull-Down-maskinens polyuretansitsar, konstruerade med formgjuten design och dubbelsydd kl\u00e4dsel, ger exceptionell h\u00e5llbarhet och komfort. De \u00e4r utformade f\u00f6r att ge ergonomiskt st\u00f6d. Dessutom \u00e4r dynor f\u00f6r styrmaskiner av PU ett utm\u00e4rkt val tack vare sin h\u00e5llbarhet, komfort, enkla underh\u00e5ll och \u00f6vergripande kostnadseffektivitet. De klarar de krav som st\u00e4lls vid styrketr\u00e4ning och ger samtidigt en bekv\u00e4m och hygienisk tr\u00e4ningsyta.<\/p>\n<\/div>\n\n\n\n<div class=\"wp-block-column is-vertically-aligned-center is-layout-flow wp-block-column-is-layout-flow\">\n<figure class=\"wp-block-video\"><video autoplay=\"\" controls=\"\" loop=\"\" muted=\"\" src=\"https:\/\/evolve-fitness.eu\/wp-content\/uploads\/2023\/08\/Evolve-UL-110-Moulded-Seats.mp4\"><\/video><\/figure>\n<\/div>\n<\/div>\n\n\n\n<div class=\"wp-block-columns alignwide is-layout-flex wp-container-core-columns-is-layout-c45ee707 wp-block-columns-is-layout-flex\" style=\"margin-bottom:var(--wp--preset--spacing--side-padding);padding-top:var(--wp--preset--spacing--side-padding)\">\n<div class=\"wp-block-column is-vertically-aligned-center is-layout-flow wp-block-column-is-layout-flow\">\n<figure class=\"wp-block-image size-full\"><img decoding=\"async\" src=\"https:\/\/evolve-fitness.eu\/wp-content\/uploads\/2024\/01\/plate.webp\" alt=\"\" class=\"wp-image-9942\"\/><\/figure>\n<\/div>\n\n\n\n<div class=\"wp-block-column is-vertically-aligned-center is-layout-flow wp-block-column-is-layout-flow\">\n<h3 class=\"wp-block-heading\" style=\"margin-bottom:var(--wp--preset--spacing--h-3-bottom)\">Platta f\u00f6r toppvikt<\/h3>\n\n\n\n<p><strong><em>F\u00f6r b\u00e4ttre prestanda<\/em><\/strong> <\/p>\n\n\n\n<p style=\"margin-bottom:var(--wp--preset--spacing--tb-section-padding)\">Evolve Ultra Series Lat Pull-Down Machine har tv\u00e5 extra viktplattor p\u00e5 2,5 kg som har dubbla funktioner f\u00f6r att f\u00f6rb\u00e4ttra tr\u00e4ningsmaskinens prestanda. F\u00f6r det f\u00f6rsta ut\u00f6kar den det maximala motst\u00e5ndet som maskinen kan ge, s\u00e5 att anv\u00e4ndarna kan utmana sig sj\u00e4lva \u00e4nnu mer i sina tr\u00e4ningspass. Dessa extra viktplattor ger dessutom en unik f\u00f6rdel genom att de g\u00f6r det m\u00f6jligt f\u00f6r anv\u00e4ndaren att g\u00f6ra mindre, mer exakta \u00f6kningar i sina motst\u00e5ndsjusteringar, med varje platta som ger en \u00f6kning p\u00e5 2,5 kg. Denna precision i valet av motst\u00e5nd g\u00f6r det m\u00f6jligt f\u00f6r individer att finjustera sina tr\u00e4ningspass f\u00f6r att m\u00f6ta deras specifika behov och m\u00e5l, vilket s\u00e4kerst\u00e4ller att varje tr\u00e4ningspass \u00e4r skr\u00e4ddarsytt f\u00f6r att optimera resultaten.<\/p>\n<\/div>\n<\/div>\n\n\n\n<div class=\"wp-block-columns alignwide is-layout-flex wp-container-core-columns-is-layout-c45ee707 wp-block-columns-is-layout-flex\" style=\"margin-bottom:var(--wp--preset--spacing--side-padding);padding-top:var(--wp--preset--spacing--side-padding)\">\n<div class=\"wp-block-column is-vertically-aligned-center is-layout-flow wp-block-column-is-layout-flow\">\n<h3 class=\"wp-block-heading\" style=\"margin-bottom:var(--wp--preset--spacing--h-3-bottom)\">Dubbel pulverlackerad ram<\/h3>\n\n\n\n<p><strong><em>F\u00f6rebyggande av skador<\/em><\/strong><\/p>\n\n\n\n<p style=\"margin-bottom:var(--wp--preset--spacing--tb-section-padding)\">Evolve Ultra Series styrkemaskiner med en elektrostatiskt pulverlackerad p\u00e4rlsvart matt ram exemplifierar b\u00e5de form och funktion. Dess estetiska tilltal f\u00f6rst\u00e4rks av den svarta, matta ytan, medan dess praktiska egenskaper, inklusive friktionsmotst\u00e5nd, korrosionsskydd och rept\u00e5lighet, s\u00e4kerst\u00e4ller att den blir en p\u00e5litlig och l\u00e5ngvarig tr\u00e4ningskamrat.<\/p>\n<\/div>\n\n\n\n<div class=\"wp-block-column is-vertically-aligned-center is-layout-flow wp-block-column-is-layout-flow\">\n<figure class=\"wp-block-video\"><video height=\"1920\" style=\"aspect-ratio: 1920 \/ 1920;\" width=\"1920\" autoplay=\"\" controls=\"\" loop=\"\" muted=\"\" src=\"https:\/\/evolve-fitness.eu\/wp-content\/uploads\/2023\/10\/Evolve-Double-powder-coated-Frame.mp4\"><\/video><\/figure>\n<\/div>\n<\/div>\n\n\n\n<div class=\"wp-block-columns alignwide is-layout-flex wp-container-core-columns-is-layout-c45ee707 wp-block-columns-is-layout-flex\" style=\"margin-bottom:var(--wp--preset--spacing--side-padding);padding-top:var(--wp--preset--spacing--side-padding)\">\n<div class=\"wp-block-column is-vertically-aligned-center is-layout-flow wp-block-column-is-layout-flow\">\n<figure class=\"wp-block-video\"><video height=\"600\" style=\"aspect-ratio: 680 \/ 600;\" width=\"680\" autoplay=\"\" controls=\"\" loop=\"\" muted=\"\" src=\"https:\/\/evolve-fitness.eu\/wp-content\/uploads\/2023\/10\/Evolve-cable.mp4\"><\/video><\/figure>\n<\/div>\n\n\n\n<div class=\"wp-block-column is-vertically-aligned-center is-layout-flow wp-block-column-is-layout-flow\">\n<h3 class=\"wp-block-heading\" style=\"margin-bottom:var(--wp--preset--spacing--h-3-bottom)\">Kabel<\/h3>\n\n\n\n<p><strong><em>\u00d6verl\u00e4gsen kvalitet<\/em><\/strong><\/p>\n\n\n\n<p style=\"margin-bottom:var(--wp--preset--spacing--tb-section-padding)\">Evolve Ultra Series-maskinerna anv\u00e4nder kablar av h\u00f6gsta kvalitet, det finns sex huvudstr\u00e4ngar och varje str\u00e4ng best\u00e5r av 19 tr\u00e5dar som tvinnats ihop, polyamid 12 (PA12) och en diameter p\u00e5 5 mm. Dessa kablar \u00e4r konstruerade f\u00f6r styrka och h\u00e5llbarhet, med en brottkraft p\u00e5 9000 kN, vilket g\u00f6r dem till det f\u00f6redragna valet f\u00f6r applikationer d\u00e4r exceptionell tillf\u00f6rlitlighet, h\u00e5llbarhet och prestanda beh\u00f6vs.N\u00e4r du \u00f6verg\u00e5r fr\u00e5n en \u00f6vning till en annan, vare sig det \u00e4r bicepscurls, br\u00f6stpressar, lat pulldowns eller n\u00e5gon annan styrkebyggande aktivitet, s\u00e4kerst\u00e4ller Evolve Ultra-seriens exceptionella prestanda att dina r\u00f6relser \u00e4r mjuka och motst\u00e5ndet \u00e4r konsekvent, vilket fr\u00e4mjar en tr\u00e4ning som \u00e4r b\u00e5de effektiv och njutbar<\/p>\n<\/div>\n<\/div>\n<\/section>\n","protected":false},"excerpt":{"rendered":"<p>F\u00f6rh\u00f6j tr\u00e4ningspassen med Evolve Ultra Series UL-110 Selectorized Lat Pulldown. Upplev o\u00f6vertr\u00e4ffad komfort med den formpressade sitsen, aktivera musklerna effektivt med oberoende armr\u00f6relser och garantera s\u00e4kerheten med det t\u00e4ckta viktstapelskyddet. Den eleganta mattlackerade ytan ger h\u00e5llbarhet och stil, medan enhandsjustering av s\u00e4tet effektiviserar bekv\u00e4mligheten. F\u00f6rvandla ditt gym med optimala handtag och omdefiniera fitness.<\/p>\n","protected":false},"featured_media":75880,"template":"","meta":{"_acf_changed":false,"inline_featured_image":false},"product_cat":[550,1149,1292],"product_tag":[],"class_list":{"0":"post-48005","1":"product","2":"type-product","3":"status-publish","4":"has-post-thumbnail","6":"product_cat-startsida","7":"product_cat-selectoriserade-maskiner","8":"product_cat-ultra-series-selectorized-maskiner","10":"first","11":"instock","12":"shipping-taxable","13":"purchasable","14":"product-type-simple"},"acf":[],"_links":{"self":[{"href":"https:\/\/store.evolve-fitness.eu\/sv\/wp-json\/wp\/v2\/product\/48005","targetHints":{"allow":["GET"]}}],"collection":[{"href":"https:\/\/store.evolve-fitness.eu\/sv\/wp-json\/wp\/v2\/product"}],"about":[{"href":"https:\/\/store.evolve-fitness.eu\/sv\/wp-json\/wp\/v2\/types\/product"}],"wp:featuredmedia":[{"embeddable":true,"href":"https:\/\/store.evolve-fitness.eu\/sv\/wp-json\/wp\/v2\/media\/75880"}],"wp:attachment":[{"href":"https:\/\/store.evolve-fitness.eu\/sv\/wp-json\/wp\/v2\/media?parent=48005"}],"wp:term":[{"taxonomy":"product_cat","embeddable":true,"href":"https:\/\/store.evolve-fitness.eu\/sv\/wp-json\/wp\/v2\/product_cat?post=48005"},{"taxonomy":"product_tag","embeddable":true,"href":"https:\/\/store.evolve-fitness.eu\/sv\/wp-json\/wp\/v2\/product_tag?post=48005"}],"curies":[{"name":"wp","href":"https:\/\/api.w.org\/{rel}","templated":true}]}}