{"id":47834,"date":"2024-01-18T07:23:22","date_gmt":"2024-01-18T07:23:22","guid":{"rendered":"https:\/\/store.evolve-fitness.eu\/product\/evolve-ultra-series-selectoriserad-benforlangning\/"},"modified":"2024-06-05T12:47:57","modified_gmt":"2024-06-05T12:47:57","slug":"evolve-ultra-series-selectoriserad-benforlangning","status":"publish","type":"product","link":"https:\/\/store.evolve-fitness.eu\/sv\/produkt\/evolve-ultra-series-selectoriserad-benforlangning\/","title":{"rendered":"Evolve Ultra Series Selectoriserad benf\u00f6rl\u00e4ngning"},"content":{"rendered":"\n<section class=\"wp-block-group alignfull black-content has-white-color has-darkgray-background-color has-text-color has-background is-layout-constrained wp-block-group-is-layout-constrained\" style=\"padding-top:var(--wp--preset--spacing--section-bottom);padding-bottom:var(--wp--preset--spacing--section-bottom)\">\n<div class=\"wp-block-columns alignwide is-layout-flex wp-container-core-columns-is-layout-c45ee707 wp-block-columns-is-layout-flex\" style=\"margin-bottom:var(--wp--preset--spacing--side-padding);padding-top:var(--wp--preset--spacing--side-padding)\">\n<div class=\"wp-block-column is-vertically-aligned-center is-layout-flow wp-block-column-is-layout-flow\">\n<h3 class=\"wp-block-heading\">V\u00e4lkommen till Ultra-serien<\/h3>\n\n\n\n<p><strong><em>L\u00e4r k\u00e4nna v\u00e5r utrustning i Ultra-serien med toppmodern 3D 360-visning<\/em><\/strong><\/p>\n\n\n\n<p>Evolve Ultra Series Selectorized Chest Press, en del av Evolve Ultra Series, \u00e4r byggd f\u00f6r b\u00e5de komfort och prestanda. Maskinen \u00e4r konstruerad f\u00f6r m\u00e5ngsidig tr\u00e4ning, ergonomiskt st\u00f6d och justeringsm\u00f6jligheter f\u00f6r olika anv\u00e4ndarstorlekar. Designen \u00e4r estetiskt tilltalande med en h\u00e5llbar, pulverlackerad yta, och anv\u00e4ndningen av h\u00f6gkvalitativa kablar s\u00e4kerst\u00e4ller smidig drift.<\/p>\n<\/div>\n\n\n\n<div class=\"wp-block-column is-vertically-aligned-center is-layout-flow wp-block-column-is-layout-flow\">\n<figure class=\"wp-block-video\"><video height=\"1899\" style=\"aspect-ratio: 1500 \/ 1899;\" width=\"1500\" autoplay=\"\" controls=\"\" loop=\"\" muted=\"\" src=\"https:\/\/evolve-fitness.eu\/wp-content\/uploads\/2023\/08\/Evolve-Ultra-Series-Selectorized-Leg-Extension.mp4\"><\/video><\/figure>\n<\/div>\n<\/div>\n\n\n\n<div class=\"wp-block-columns alignwide mobile-reverse is-layout-flex wp-container-core-columns-is-layout-ca64bf2d wp-block-columns-is-layout-flex\" style=\"margin-bottom:var(--wp--preset--spacing--side-padding)\">\n<div class=\"wp-block-column is-vertically-aligned-center is-layout-flow wp-block-column-is-layout-flow\">\n<figure class=\"wp-block-video\"><video height=\"1920\" style=\"aspect-ratio: 1920 \/ 1920;\" width=\"1920\" autoplay=\"\" controls=\"\" loop=\"\" muted=\"\" src=\"https:\/\/evolve-fitness.eu\/wp-content\/uploads\/2023\/08\/Evolve-Ultra-Series-Selectorized-Leg-Extension-Ul-140-2.mp4\"><\/video><\/figure>\n<\/div>\n\n\n\n<div class=\"wp-block-column is-vertically-aligned-center is-layout-flow wp-block-column-is-layout-flow\">\n<h3 class=\"wp-block-heading\" style=\"margin-bottom:var(--wp--preset--spacing--h-3-bottom)\">Muskler<\/h3>\n\n\n\n<p>Evolve Ultra Series Selectorized Leg Extension-maskinen riktar sig fr\u00e4mst till och engagerar f\u00f6ljande muskler:<br\/><br\/><strong>Quadriceps (fr\u00e4mre l\u00e5rmusklerna)<\/strong>: Quadriceps \u00e4r de prim\u00e4ra musklerna som arbetar under benf\u00f6rl\u00e4ngningar. Denna \u00f6vning isolerar och st\u00e4rker effektivt de fyra muskler som ing\u00e5r i quadricepsgruppen: vastus medialis, vastus lateralis, vastus intermedius och rectus femoris; <strong>Sartorius<\/strong>: Sartorius-muskeln, den l\u00e4ngsta muskeln i kroppen, engageras ocks\u00e5 under benf\u00f6rl\u00e4ngningar. Den l\u00f6per diagonalt \u00f6ver framsidan av l\u00e5ret och bidrar till h\u00f6ft- och kn\u00e4flexion; <strong>Tensor Fasciae Latae (T<\/strong>FL): TFL-muskeln, som l\u00f6per l\u00e4ngs den laterala (yttre) l\u00e5ret, bidrar till h\u00f6ftflexion och abduktion och spelar en st\u00f6djande roll vid benstr\u00e4ckare.<br\/><br\/>Medan benf\u00f6rl\u00e4ngningar fr\u00e4mst riktar sig mot dessa muskler, spelar andra sekund\u00e4ra stabiliserande muskler, s\u00e5som h\u00f6ftb\u00f6jare, k\u00e4rnmuskler och stabilisatorer runt kn\u00e4leden, ocks\u00e5 in f\u00f6r att ge st\u00f6d och uppr\u00e4tth\u00e5lla r\u00e4tt form under \u00f6vningen.<\/p>\n<\/div>\n<\/div>\n\n\n\n<div class=\"wp-block-columns alignwide is-layout-flex wp-container-core-columns-is-layout-c45ee707 wp-block-columns-is-layout-flex\" style=\"margin-bottom:var(--wp--preset--spacing--side-padding);padding-top:var(--wp--preset--spacing--side-padding)\">\n<div class=\"wp-block-column is-vertically-aligned-center is-layout-flow wp-block-column-is-layout-flow\">\n<h3 class=\"wp-block-heading\" style=\"margin-bottom:var(--wp--preset--spacing--h-3-bottom)\">Vikt Stack<\/h3>\n\n\n\n<p><strong><em>Anpassa och l\u00e4gg till<\/em><\/strong><\/p>\n\n\n\n<p style=\"margin-bottom:var(--wp--preset--spacing--tb-section-padding)\">Evolve Ultra Series Selectorized Leg Extension Machine med 2 x 2,5 kg viktplattor \u00e4r utrustad med en 110 kg viktstapel, men du har ocks\u00e5 m\u00f6jlighet att anpassa och l\u00e4gga till den till 122,5 kg f\u00f6r en \u00e4nnu mer utmanande tr\u00e4ningsupplevelse. Den har en helt inkapslad viktstack som garanterar s\u00e4kerheten f\u00f6r dina \u00f6vningar.<\/p>\n<\/div>\n\n\n\n<div class=\"wp-block-column is-vertically-aligned-center is-layout-flow wp-block-column-is-layout-flow\">\n<figure class=\"wp-block-image size-full\"><img decoding=\"async\" src=\"https:\/\/evolve-fitness.eu\/wp-content\/uploads\/2024\/01\/stack.webp\" alt=\"\" class=\"wp-image-9940\"\/><\/figure>\n<\/div>\n<\/div>\n\n\n\n<div class=\"wp-block-columns alignwide mobile-reverse is-layout-flex wp-container-core-columns-is-layout-ca64bf2d wp-block-columns-is-layout-flex\" style=\"margin-bottom:var(--wp--preset--spacing--side-padding)\">\n<div class=\"wp-block-column is-vertically-aligned-center is-layout-flow wp-block-column-is-layout-flow\">\n<figure class=\"wp-block-video\"><video autoplay=\"\" controls=\"\" loop=\"\" muted=\"\" src=\"https:\/\/evolve-fitness.eu\/wp-content\/uploads\/2023\/08\/Evolve-UL-140-Adjustable-back-rest.mp4\"><\/video><\/figure>\n<\/div>\n\n\n\n<div class=\"wp-block-column is-vertically-aligned-center is-layout-flow wp-block-column-is-layout-flow\">\n<h3 class=\"wp-block-heading\" style=\"margin-bottom:var(--wp--preset--spacing--h-3-bottom)\">Justerbart ryggst\u00f6d<\/h3>\n\n\n\n<p><strong><em>  8 Inst\u00e4llningsl\u00e4gen<\/em><\/strong><\/p>\n\n\n\n<p style=\"margin-bottom:var(--wp--preset--spacing--tb-section-padding)\">Evolve Ultra Series Selectorized Leg Extension-maskinens justerbara ryggst\u00f6d med 8 justeringspositioner g\u00f6r det m\u00f6jligt f\u00f6r anv\u00e4ndare att hitta den mest bekv\u00e4ma positionen f\u00f6r sin kropp. Denna anpassning \u00e4r s\u00e4rskilt f\u00f6rdelaktig f\u00f6r personer med olika l\u00e4ngd och kroppsproportioner. Det s\u00e4kerst\u00e4ller att anv\u00e4ndarna kan utf\u00f6ra benstr\u00e4ckare med r\u00e4tt h\u00e5llning och utan obehag, vilket minskar risken f\u00f6r belastning eller skada.<\/p>\n\n\n\n<p><strong><em><strong><em>  Kl\u00e4dsel med dubbla s\u00f6mmar<\/em><\/strong><\/em><\/strong><\/p>\n\n\n\n<p style=\"margin-bottom:var(--wp--preset--spacing--tb-section-padding)\">Evolve Ultra Series Selectorized Leg Extension-maskinens polyuretans\u00e4ten, konstruerade med formgjuten design och dubbelsydd kl\u00e4dsel, ger exceptionell h\u00e5llbarhet och komfort. De \u00e4r utformade f\u00f6r att ge ergonomiskt st\u00f6d. Dessutom \u00e4r dynor f\u00f6r styrmaskiner av PU ett utm\u00e4rkt val tack vare sin h\u00e5llbarhet, komfort, enkla underh\u00e5ll och \u00f6vergripande kostnadseffektivitet. De klarar de krav som st\u00e4lls vid styrketr\u00e4ning och ger samtidigt en bekv\u00e4m och hygienisk tr\u00e4ningsyta.<\/p>\n<\/div>\n<\/div>\n\n\n\n<div class=\"wp-block-columns alignwide is-layout-flex wp-container-core-columns-is-layout-c45ee707 wp-block-columns-is-layout-flex\" style=\"margin-bottom:var(--wp--preset--spacing--side-padding);padding-top:var(--wp--preset--spacing--side-padding)\">\n<div class=\"wp-block-column is-vertically-aligned-center is-layout-flow wp-block-column-is-layout-flow\">\n<h3 class=\"wp-block-heading\" style=\"margin-bottom:var(--wp--preset--spacing--h-3-bottom)\">Justerbar vinkel f\u00f6r startposition<\/h3>\n\n\n\n<p><strong><em>F\u00f6r olika h\u00f6jder och storlekar<\/em><\/strong><\/p>\n\n\n\n<p style=\"margin-bottom:var(--wp--preset--spacing--tb-section-padding)\">Den justerbara vinkeln p\u00e5 startpositionen p\u00e5 Evolve Ultra Series Selectorized Leg Extension-maskinen \u00e4r en v\u00e4rdefull funktion som avsev\u00e4rt f\u00f6rb\u00e4ttrar effektiviteten och m\u00e5ngsidigheten hos denna utrustning. Den justerbara vinkeln med 4 olika positioner g\u00f6r det m\u00f6jligt f\u00f6r anv\u00e4ndaren att st\u00e4lla in den startposition som passar den individuella flexibiliteten och r\u00f6relseomf\u00e5nget. Det inneb\u00e4r att personer med olika niv\u00e5er av flexibilitet eller r\u00f6rlighet kan skr\u00e4ddarsy maskinen efter sina specifika behov. Det \u00e4r s\u00e4rskilt anv\u00e4ndbart f\u00f6r att tillgodose anv\u00e4ndare med olika kroppsstorlekar och fysiska f\u00f6ruts\u00e4ttningar.<\/p>\n<\/div>\n\n\n\n<div class=\"wp-block-column is-vertically-aligned-center is-layout-flow wp-block-column-is-layout-flow\">\n<figure class=\"wp-block-video\"><video autoplay=\"\" controls=\"\" loop=\"\" muted=\"\" src=\"https:\/\/evolve-fitness.eu\/wp-content\/uploads\/2023\/08\/EV-SC-UL-140-Angle.mp4\"><\/video><\/figure>\n<\/div>\n<\/div>\n\n\n\n<div class=\"wp-block-columns alignwide are-vertically-aligned-center mobile-reverse is-layout-flex wp-container-core-columns-is-layout-e8158c2f wp-block-columns-is-layout-flex\" style=\"padding-top:var(--wp--preset--spacing--side-padding)\">\n<div class=\"wp-block-column is-vertically-aligned-center is-layout-flow wp-block-column-is-layout-flow\">\n<figure class=\"wp-block-video\"><video autoplay=\"\" controls=\"\" loop=\"\" muted=\"\" src=\"https:\/\/evolve-fitness.eu\/wp-content\/uploads\/2023\/08\/Evolve-UL-140-Adjustable-ankle-support.mp4\"><\/video><\/figure>\n<\/div>\n\n\n\n<div class=\"wp-block-column is-vertically-aligned-center is-layout-flow wp-block-column-is-layout-flow\">\n<h3 class=\"wp-block-heading\" style=\"margin-bottom:var(--wp--preset--spacing--h-3-bottom)\"><strong>Justerbart fotledsst\u00f6d<\/strong><\/h3>\n\n\n\n<p><strong><em><strong><em>S\u00e4ker och effektiv<\/em><\/strong><\/em><\/strong><\/p>\n\n\n\n<p style=\"margin-bottom:var(--wp--preset--spacing--tb-section-padding)\">Att bibeh\u00e5lla en korrekt kroppsinriktning \u00e4r avg\u00f6rande f\u00f6r s\u00e4kra och effektiva benstr\u00e4cknings\u00f6vningar. Det justerbara fotledsst\u00f6det med 7 olika inst\u00e4llningsl\u00e4gen fr\u00e4mjar korrekt positionering genom att s\u00e4kra fotlederna p\u00e5 ett s\u00e4tt som stabiliserar kn\u00e4n och h\u00f6fter. Detta minimerar risken f\u00f6r skador genom att f\u00f6rhindra onaturliga r\u00f6relser och s\u00e4kerst\u00e4lla att \u00f6vningen fr\u00e4mst riktar sig mot quadriceps (fr\u00e4mre l\u00e5rmusklerna).<\/p>\n<\/div>\n<\/div>\n\n\n\n<div class=\"wp-block-columns alignwide is-layout-flex wp-container-core-columns-is-layout-c45ee707 wp-block-columns-is-layout-flex\" style=\"margin-bottom:var(--wp--preset--spacing--side-padding);padding-top:var(--wp--preset--spacing--side-padding)\">\n<div class=\"wp-block-column is-vertically-aligned-center is-layout-flow wp-block-column-is-layout-flow\">\n<h3 class=\"wp-block-heading\" style=\"margin-bottom:var(--wp--preset--spacing--h-3-bottom)\">Dubbel pulverlackerad ram<\/h3>\n\n\n\n<p><strong><em>F\u00f6rebyggande av skador<\/em><\/strong><\/p>\n\n\n\n<p style=\"margin-bottom:var(--wp--preset--spacing--tb-section-padding)\">Evolve Ultra Series styrkemaskiner med en elektrostatiskt pulverlackerad p\u00e4rlsvart matt ram exemplifierar b\u00e5de form och funktion. Dess estetiska tilltal f\u00f6rst\u00e4rks av den svarta, matta ytan, medan dess praktiska egenskaper, inklusive friktionsmotst\u00e5nd, korrosionsskydd och rept\u00e5lighet, s\u00e4kerst\u00e4ller att den blir en p\u00e5litlig och l\u00e5ngvarig tr\u00e4ningskamrat.<\/p>\n<\/div>\n\n\n\n<div class=\"wp-block-column is-vertically-aligned-center is-layout-flow wp-block-column-is-layout-flow\">\n<figure class=\"wp-block-video\"><video height=\"1920\" style=\"aspect-ratio: 1920 \/ 1920;\" width=\"1920\" autoplay=\"\" controls=\"\" loop=\"\" muted=\"\" src=\"https:\/\/evolve-fitness.eu\/wp-content\/uploads\/2023\/10\/Evolve-Double-powder-coated-Frame.mp4\"><\/video><\/figure>\n<\/div>\n<\/div>\n\n\n\n<div class=\"wp-block-columns alignwide is-layout-flex wp-container-core-columns-is-layout-c45ee707 wp-block-columns-is-layout-flex\" style=\"margin-bottom:var(--wp--preset--spacing--side-padding);padding-top:var(--wp--preset--spacing--side-padding)\">\n<div class=\"wp-block-column is-vertically-aligned-center is-layout-flow wp-block-column-is-layout-flow\">\n<figure class=\"wp-block-video\"><video height=\"2560\" style=\"aspect-ratio: 1920 \/ 2560;\" width=\"1920\" autoplay=\"\" controls=\"\" loop=\"\" muted=\"\" src=\"https:\/\/evolve-fitness.eu\/wp-content\/uploads\/2023\/08\/EV-SC-UL-140-Storage-and-Stickers.mp4\"><\/video><\/figure>\n<\/div>\n\n\n\n<div class=\"wp-block-column is-vertically-aligned-center is-layout-flow wp-block-column-is-layout-flow\">\n<h3 class=\"wp-block-heading\" style=\"margin-bottom:var(--wp--preset--spacing--h-3-bottom)\">\u00d6vningar Klisterm\u00e4rke<\/h3>\n\n\n\n<p><strong><em>Perfekt f\u00f6r enklare navigering<\/em><\/strong><\/p>\n\n\n\n<p style=\"margin-bottom:var(--wp--preset--spacing--tb-section-padding)\">Evolve Ultra-seriens maskiner har informativa dekaler som fungerar som visuellt st\u00f6d och g\u00f6r det l\u00e4ttare f\u00f6r dig att navigera bland maskinens funktioner, vilket i slut\u00e4ndan f\u00f6rb\u00e4ttrar din tr\u00e4ningsupplevelse. Dessutom ger den v\u00e4rdefulla insikter i de olika muskelgrupper som effektivt kan tr\u00e4nas p\u00e5 maskinen, vilket g\u00f6r att du kan f\u00e5 ut det mesta av din tr\u00e4ningsrutin genom att rikta in dig p\u00e5 specifika intresseomr\u00e5den.<\/p>\n\n\n\n<p><strong><em>Bekv\u00e4m och praktisk f\u00f6rvaring av tillbeh\u00f6r<\/em><\/strong><\/p>\n\n\n\n<p style=\"margin-bottom:var(--wp--preset--spacing--tb-section-padding)\">Medan du tr\u00e4nar kan du bekv\u00e4mt f\u00f6rvara din vattenflaska, telefon och personliga tillh\u00f6righeter i Evolve Ultra-seriens maskiner som har avsedda h\u00e5llare f\u00f6r din bekv\u00e4mlighet. De specialdesignade facken \u00e4r till f\u00f6r att du ska ha en s\u00e4ker och l\u00e4ttillg\u00e4nglig plats f\u00f6r dina tillh\u00f6righeter under tr\u00e4ningspassen.<\/p>\n<\/div>\n<\/div>\n\n\n\n<div class=\"wp-block-columns alignwide is-layout-flex wp-container-core-columns-is-layout-c45ee707 wp-block-columns-is-layout-flex\" style=\"margin-bottom:var(--wp--preset--spacing--side-padding);padding-top:var(--wp--preset--spacing--side-padding)\">\n<div class=\"wp-block-column is-vertically-aligned-center is-layout-flow wp-block-column-is-layout-flow\">\n<h3 class=\"wp-block-heading\" style=\"margin-bottom:var(--wp--preset--spacing--h-3-bottom)\">Kabel<\/h3>\n\n\n\n<p><strong><em>\u00d6verl\u00e4gsen kvalitet<\/em><\/strong><\/p>\n\n\n\n<p style=\"margin-bottom:var(--wp--preset--spacing--tb-section-padding)\">Evolve Ultra Series-maskinerna anv\u00e4nder kablar av h\u00f6gsta kvalitet, det finns sex huvudstr\u00e4ngar och varje str\u00e4ng best\u00e5r av 19 tr\u00e5dar som tvinnats ihop, polyamid 12 (PA12) och en diameter p\u00e5 5 mm. Dessa kablar \u00e4r konstruerade f\u00f6r styrka och h\u00e5llbarhet, med en brottkraft p\u00e5 9000 kN, vilket g\u00f6r dem till det f\u00f6redragna valet f\u00f6r applikationer d\u00e4r exceptionell tillf\u00f6rlitlighet, h\u00e5llbarhet och prestanda beh\u00f6vs.N\u00e4r du \u00f6verg\u00e5r fr\u00e5n en \u00f6vning till en annan, vare sig det \u00e4r bicepscurls, br\u00f6stpressar, lat pulldowns eller n\u00e5gon annan styrkebyggande aktivitet, s\u00e4kerst\u00e4ller Evolve Ultra-seriens exceptionella prestanda att dina r\u00f6relser \u00e4r mjuka och motst\u00e5ndet \u00e4r konsekvent, vilket fr\u00e4mjar en tr\u00e4ning som \u00e4r b\u00e5de effektiv och njutbar<\/p>\n<\/div>\n\n\n\n<div class=\"wp-block-column is-vertically-aligned-center is-layout-flow wp-block-column-is-layout-flow\">\n<figure class=\"wp-block-video\"><video height=\"600\" style=\"aspect-ratio: 680 \/ 600;\" width=\"680\" autoplay=\"\" controls=\"\" loop=\"\" muted=\"\" src=\"https:\/\/evolve-fitness.eu\/wp-content\/uploads\/2023\/10\/Evolve-cable.mp4\"><\/video><\/figure>\n<\/div>\n<\/div>\n\n\n\n<div class=\"wp-block-columns alignwide is-layout-flex wp-container-core-columns-is-layout-c45ee707 wp-block-columns-is-layout-flex\" style=\"margin-bottom:var(--wp--preset--spacing--side-padding);padding-top:var(--wp--preset--spacing--side-padding)\">\n<div class=\"wp-block-column is-vertically-aligned-center is-layout-flow wp-block-column-is-layout-flow\">\n<figure class=\"wp-block-image size-full\"><img decoding=\"async\" src=\"https:\/\/evolve-fitness.eu\/wp-content\/uploads\/2024\/01\/plate.webp\" alt=\"\" class=\"wp-image-9942\"\/><\/figure>\n<\/div>\n\n\n\n<div class=\"wp-block-column is-vertically-aligned-center is-layout-flow wp-block-column-is-layout-flow\">\n<h3 class=\"wp-block-heading\" style=\"margin-bottom:var(--wp--preset--spacing--h-3-bottom)\">Platta f\u00f6r toppvikt<\/h3>\n\n\n\n<p><strong><em>F\u00f6r b\u00e4ttre prestanda<\/em><\/strong> <\/p>\n\n\n\n<p style=\"margin-bottom:var(--wp--preset--spacing--tb-section-padding)\">Evolve Ultra Series Selectorized Leg Extension Machine har tv\u00e5 extra 2,5 kg toppviktsplattor som har dubbla funktioner f\u00f6r att f\u00f6rb\u00e4ttra tr\u00e4ningsmaskinens prestanda. F\u00f6r det f\u00f6rsta ut\u00f6kar den det maximala motst\u00e5ndet som maskinen kan ge, s\u00e5 att anv\u00e4ndarna kan utmana sig sj\u00e4lva \u00e4nnu mer i sina tr\u00e4ningspass. Dessa extra viktplattor ger dessutom en unik f\u00f6rdel genom att de g\u00f6r det m\u00f6jligt f\u00f6r anv\u00e4ndaren att g\u00f6ra mindre, mer exakta \u00f6kningar i sina motst\u00e5ndsjusteringar, med varje platta som ger en \u00f6kning p\u00e5 2,5 kg. Denna precision i valet av motst\u00e5nd g\u00f6r det m\u00f6jligt f\u00f6r individer att finjustera sina tr\u00e4ningspass f\u00f6r att m\u00f6ta deras specifika behov och m\u00e5l, vilket s\u00e4kerst\u00e4ller att varje tr\u00e4ningspass \u00e4r skr\u00e4ddarsytt f\u00f6r att optimera resultaten.<\/p>\n<\/div>\n<\/div>\n<\/section>\n","protected":false},"excerpt":{"rendered":"<p>F\u00f6rh\u00f6j bentr\u00e4ningen med Evolve Ultra Series UL-140 Selectorized Leg Extension. Njut av komfort och s\u00e4kerhet med funktioner som gjutna s\u00e4ten och en elegant matt finish. Upplev m\u00e5ngsidighet med enhandsjustering av s\u00e4tet och optimala handgrepp. Uppgradera din tr\u00e4ningsanl\u00e4ggning med denna innovativa och eleganta utrustning.<\/p>\n","protected":false},"featured_media":75905,"template":"","meta":{"_acf_changed":false,"inline_featured_image":false},"product_cat":[550,1149,1292],"product_tag":[],"class_list":{"0":"post-47834","1":"product","2":"type-product","3":"status-publish","4":"has-post-thumbnail","6":"product_cat-startsida","7":"product_cat-selectoriserade-maskiner","8":"product_cat-ultra-series-selectorized-maskiner","10":"first","11":"outofstock","12":"shipping-taxable","13":"purchasable","14":"product-type-simple"},"acf":[],"_links":{"self":[{"href":"https:\/\/store.evolve-fitness.eu\/sv\/wp-json\/wp\/v2\/product\/47834","targetHints":{"allow":["GET"]}}],"collection":[{"href":"https:\/\/store.evolve-fitness.eu\/sv\/wp-json\/wp\/v2\/product"}],"about":[{"href":"https:\/\/store.evolve-fitness.eu\/sv\/wp-json\/wp\/v2\/types\/product"}],"wp:featuredmedia":[{"embeddable":true,"href":"https:\/\/store.evolve-fitness.eu\/sv\/wp-json\/wp\/v2\/media\/75905"}],"wp:attachment":[{"href":"https:\/\/store.evolve-fitness.eu\/sv\/wp-json\/wp\/v2\/media?parent=47834"}],"wp:term":[{"taxonomy":"product_cat","embeddable":true,"href":"https:\/\/store.evolve-fitness.eu\/sv\/wp-json\/wp\/v2\/product_cat?post=47834"},{"taxonomy":"product_tag","embeddable":true,"href":"https:\/\/store.evolve-fitness.eu\/sv\/wp-json\/wp\/v2\/product_tag?post=47834"}],"curies":[{"name":"wp","href":"https:\/\/api.w.org\/{rel}","templated":true}]}}