{"id":47540,"date":"2024-01-18T06:49:23","date_gmt":"2024-01-18T06:49:23","guid":{"rendered":"https:\/\/store.evolve-fitness.eu\/product\/evolve-ultra-series-selectorized-benpress-hack-squat\/"},"modified":"2024-06-05T12:54:36","modified_gmt":"2024-06-05T12:54:36","slug":"evolve-ultra-series-selectorized-benpress-hack-squat","status":"publish","type":"product","link":"https:\/\/store.evolve-fitness.eu\/sv\/produkt\/evolve-ultra-series-selectorized-benpress-hack-squat\/","title":{"rendered":"Evolve Ultra Series Selectorized benpress \/ hack squat"},"content":{"rendered":"\n<section class=\"wp-block-group alignfull black-content has-white-color has-darkgray-background-color has-text-color has-background is-layout-constrained wp-block-group-is-layout-constrained\" style=\"padding-top:var(--wp--preset--spacing--section-bottom);padding-bottom:var(--wp--preset--spacing--section-bottom)\">\n<div class=\"wp-block-columns alignwide is-layout-flex wp-container-core-columns-is-layout-c45ee707 wp-block-columns-is-layout-flex\" style=\"margin-bottom:var(--wp--preset--spacing--side-padding);padding-top:var(--wp--preset--spacing--side-padding)\">\n<div class=\"wp-block-column is-vertically-aligned-center is-layout-flow wp-block-column-is-layout-flow\">\n<h3 class=\"wp-block-heading\">V\u00e4lkommen till Ultra-serien<\/h3>\n\n\n\n<p><\/p>\n\n\n\n<p><strong><em>L\u00e4r k\u00e4nna v\u00e5r utrustning i Ultra-serien med toppmodern 3D 360-visning<\/em><\/strong><\/p>\n\n\n\n<p>Evolve Ultra Series Selectorized Leg-Press \/ Hack Squat, en del av Evolve Ultra Series, \u00e4r byggd f\u00f6r b\u00e5de komfort och prestanda. Maskinen \u00e4r konstruerad f\u00f6r m\u00e5ngsidig tr\u00e4ning, ergonomiskt st\u00f6d och justeringsm\u00f6jligheter f\u00f6r olika anv\u00e4ndarstorlekar. Designen \u00e4r estetiskt tilltalande med en h\u00e5llbar, pulverlackerad yta, och anv\u00e4ndningen av h\u00f6gkvalitativa kablar s\u00e4kerst\u00e4ller smidig drift.<\/p>\n<\/div>\n\n\n\n<div class=\"wp-block-column is-vertically-aligned-center is-layout-flow wp-block-column-is-layout-flow\">\n<figure class=\"wp-block-video\"><video height=\"600\" style=\"aspect-ratio: 680 \/ 600;\" width=\"680\" autoplay=\"\" controls=\"\" loop=\"\" muted=\"\" src=\"https:\/\/evolve-fitness.eu\/wp-content\/uploads\/2023\/08\/Evolve-Ultra-Series-Selectorized-Leg-Press-Hack-Squat-1.mp4\"><\/video><\/figure>\n<\/div>\n<\/div>\n\n\n\n<div class=\"wp-block-columns alignwide mobile-reverse is-layout-flex wp-container-core-columns-is-layout-ca64bf2d wp-block-columns-is-layout-flex\" style=\"margin-bottom:var(--wp--preset--spacing--side-padding)\">\n<div class=\"wp-block-column is-vertically-aligned-center is-layout-flow wp-block-column-is-layout-flow\">\n<figure class=\"wp-block-video\"><video autoplay=\"\" controls=\"\" loop=\"\" muted=\"\" src=\"https:\/\/evolve-fitness.eu\/wp-content\/uploads\/2023\/08\/Evolve-Ultra-Series-Selectorized-Leg-Press-Hack-Squat-Ul-160.mp4\"><\/video><\/figure>\n<\/div>\n\n\n\n<div class=\"wp-block-column is-vertically-aligned-center is-layout-flow wp-block-column-is-layout-flow\">\n<h3 class=\"wp-block-heading\" style=\"margin-bottom:var(--wp--preset--spacing--h-3-bottom)\">Muskler<\/h3>\n\n\n\n<p><strong><em>Effektiva m\u00e5l<\/em><\/strong><\/p>\n\n\n\n<p>Evolve Ultra Series Selectorized Leg-Press \/ Hack Squat-maskinen riktar sig effektivt och engagerar en m\u00e4ngd olika muskler i underkroppen, vilket g\u00f6r den till ett omfattande alternativ f\u00f6r tr\u00e4ning av underkroppen. De prim\u00e4ra musklerna som bearbetas i denna maskin \u00e4r<br\/><br\/><strong>Quadriceps (fr\u00e4mre l\u00e5rmusklerna)<\/strong>: R\u00f6relserna benpress och hack squat engagerar starkt quadriceps, som \u00e4r de muskler som finns p\u00e5 framsidan av l\u00e5ret. Dessa muskler \u00e4r ansvariga f\u00f6r att str\u00e4cka kn\u00e4leden;  <strong>Hamstrings (bakre l\u00e5rmusklerna)<\/strong>: \u00c4ven om hamstrings inte \u00e4r det prim\u00e4ra fokuset, spelar de en st\u00f6djande roll i b\u00e5da \u00f6vningarna, vilket hj\u00e4lper till att stabilisera kn\u00e4- och h\u00f6ftlederna;  <strong>Gluteus Maximus (stj\u00e4rten)<\/strong>: Gluteus maximus, de stora musklerna i skinkorna, \u00e4r ocks\u00e5 involverade i b\u00e5de benpress och hack squat-r\u00f6relser. Den hj\u00e4lper till att f\u00f6rl\u00e4nga h\u00f6ftleden;  <strong>Adduktorer (inre l\u00e5rmuskler)<\/strong>: Adduktormusklerna, som ligger p\u00e5 insidan av l\u00e5ret, bidrar till stabiliteten i benpress och hack squat-\u00f6vningar;  <strong>Vader (Gastrocnemius och Soleus)<\/strong>: Vadmusklerna spelar en stabiliserande roll under dessa \u00f6vningar, s\u00e4rskilt n\u00e4r du utf\u00f6r hack squats med h\u00e4larna upph\u00f6jda;  <strong>H\u00f6ftb\u00f6jare<\/strong>: H\u00f6ftb\u00f6jarmusklerna, inklusive iliopsoas och rectus femoris, \u00e4r involverade i att h\u00f6ja benen under benpress och hack squat-r\u00f6relser.<\/p>\n\n\n\n<p>Sammantaget ger Evolve Ultra Series Selectorized Leg-Press \/ Hack Squat-maskin en v\u00e4l avrundad tr\u00e4ning av underkroppen genom att rikta in sig p\u00e5 quadriceps, hamstrings, glutes, adduktorer och till och med kalvarna i viss utstr\u00e4ckning. Korrekt form och kontrollerade r\u00f6relser \u00e4r avg\u00f6rande f\u00f6r att maximera muskelengagemanget och minimera risken f\u00f6r skador.<\/p>\n<\/div>\n<\/div>\n\n\n\n<div class=\"wp-block-columns alignwide is-layout-flex wp-container-core-columns-is-layout-c45ee707 wp-block-columns-is-layout-flex\" style=\"margin-bottom:var(--wp--preset--spacing--side-padding);padding-top:var(--wp--preset--spacing--side-padding)\">\n<div class=\"wp-block-column is-vertically-aligned-center is-layout-flow wp-block-column-is-layout-flow\">\n<h3 class=\"wp-block-heading\" style=\"margin-bottom:var(--wp--preset--spacing--h-3-bottom)\">Justerbar startposition<\/h3>\n\n\n\n<p><strong><em>F\u00f6r olika h\u00f6jder och storlekar<\/em><\/strong><\/p>\n\n\n\n<p style=\"margin-bottom:var(--wp--preset--spacing--tb-section-padding)\">Maskinen har en justerbar startposition med nio olika inst\u00e4llningar. Denna anpassningsf\u00f6rm\u00e5ga g\u00f6r det m\u00f6jligt f\u00f6r anv\u00e4ndare att \u00e4ndra avst\u00e5ndet mellan plattformen och ryggst\u00f6det, en avg\u00f6rande faktor f\u00f6r att uppn\u00e5 korrekt inriktning och form under benpress\u00f6vningar. Denna justering g\u00f6r maskinen l\u00e4mplig f\u00f6r personer med olika l\u00e4ngd och storlek, vilket fr\u00e4mjar inkludering och s\u00e4kerhet.<\/p>\n<\/div>\n\n\n\n<div class=\"wp-block-column is-vertically-aligned-center is-layout-flow wp-block-column-is-layout-flow\">\n<figure class=\"wp-block-video\"><video height=\"600\" style=\"aspect-ratio: 680 \/ 600;\" width=\"680\" autoplay=\"\" controls=\"\" loop=\"\" muted=\"\" src=\"https:\/\/evolve-fitness.eu\/wp-content\/uploads\/2023\/08\/Evolve-UL-160-Adjustable-starting-position.mp4\"><\/video><\/figure>\n<\/div>\n<\/div>\n\n\n\n<div class=\"wp-block-columns alignwide mobile-reverse is-layout-flex wp-container-core-columns-is-layout-ca64bf2d wp-block-columns-is-layout-flex\" style=\"margin-bottom:var(--wp--preset--spacing--side-padding)\">\n<div class=\"wp-block-column is-vertically-aligned-center is-layout-flow wp-block-column-is-layout-flow\">\n<figure class=\"wp-block-video\"><video height=\"600\" style=\"aspect-ratio: 680 \/ 600;\" width=\"680\" autoplay=\"\" controls=\"\" loop=\"\" muted=\"\" src=\"https:\/\/evolve-fitness.eu\/wp-content\/uploads\/2023\/08\/Evolve-UL-160-Dual-function.mp4\"><\/video><\/figure>\n<\/div>\n\n\n\n<div class=\"wp-block-column is-vertically-aligned-center is-layout-flow wp-block-column-is-layout-flow\">\n<h3 class=\"wp-block-heading\" style=\"margin-bottom:var(--wp--preset--spacing--h-3-bottom)\">Dubbel funktion<\/h3>\n\n\n\n<p><strong><em>Utformad f\u00f6r att tillhandah\u00e5lla<\/em><\/strong><\/p>\n\n\n\n<p style=\"margin-bottom:var(--wp--preset--spacing--tb-section-padding)\">Evolve Ultra Series Selectorized Dual Function Leg-Press \/ Hack Squat Machine \u00e4r en unik tr\u00e4ningsutrustning och den \u00e4r utformad f\u00f6r att ge b\u00e5de benpress och hack squat-\u00f6vningar i ett, s\u00e5 att anv\u00e4ndarna kan rikta in sig p\u00e5 olika benmuskler effektivt. Med fem justerbara ryggst\u00f6dspositioner kan anv\u00e4ndarna \u00e4ndra vinkeln s\u00e5 att den passar deras preferenser och komfort. s\u00e4kerst\u00e4ller att maskinen kan anv\u00e4ndas av anv\u00e4ndare med olika kroppsstorlekar och flexibilitetsniv\u00e5er. Det justerbara ryggst\u00f6det g\u00f6r att du s\u00f6ml\u00f6st kan v\u00e4xla mellan benpress och hack squat-\u00f6vningar, vilket ger en m\u00e5ngsidig tr\u00e4ningsupplevelse.<\/p>\n<\/div>\n<\/div>\n\n\n\n<div class=\"wp-block-columns alignwide are-vertically-aligned-center mobile-reverse is-layout-flex wp-container-core-columns-is-layout-e8158c2f wp-block-columns-is-layout-flex\" style=\"padding-top:var(--wp--preset--spacing--side-padding)\">\n<div class=\"wp-block-column is-vertically-aligned-center is-layout-flow wp-block-column-is-layout-flow\">\n<h3 class=\"wp-block-heading\" style=\"margin-bottom:var(--wp--preset--spacing--h-3-bottom)\"><strong>Plattform i rostfritt st\u00e5l<\/strong><\/h3>\n\n\n\n<p><strong><em><strong><em>Stabil och h\u00e5llbar yta<\/em><\/strong><\/em><\/strong><\/p>\n\n\n\n<p style=\"margin-bottom:var(--wp--preset--spacing--tb-section-padding)\">Evolve Ultra Series Selectorized Leg-Press \/ Hack Squat-maskin har en bred, konturerad plattform i rostfritt st\u00e5l som ger en stabil och h\u00e5llbar yta f\u00f6r att utf\u00f6ra benpress- och hack squat-\u00f6vningar. Den breda designen ger gott om utrymme f\u00f6r en bekv\u00e4m tr\u00e4ningsupplevelse och passar anv\u00e4ndare av olika kroppsstorlekar. Konstruktionen i rostfritt st\u00e5l garanterar l\u00e5ng livsl\u00e4ngd och motst\u00e5ndskraft, vilket g\u00f6r den l\u00e4mplig f\u00f6r rigor\u00f6s anv\u00e4ndning i kommersiella eller hemmagym. Plattformen har tv\u00e5 olika vinklar f\u00f6r att placera fotlederna under tr\u00e4ning. Detta g\u00f6r att anv\u00e4ndarna kan anpassa vinkeln s\u00e5 att den b\u00e4st passar deras komfort och tr\u00e4ningsm\u00e5l. Oavsett om du f\u00f6redrar en l\u00e4tt lutning eller ett mer neutralt l\u00e4ge, s\u00e4kerst\u00e4ller denna funktion en personlig och effektiv tr\u00e4ningsupplevelse. Det genomt\u00e4nkta inf\u00f6randet av handtag n\u00e4ra plattformen g\u00f6r det betydligt enklare att stiga p\u00e5 och av maskinen.<\/p>\n<\/div>\n\n\n\n<div class=\"wp-block-column is-vertically-aligned-center is-layout-flow wp-block-column-is-layout-flow\">\n<figure class=\"wp-block-video\"><video height=\"563\" style=\"aspect-ratio: 1000 \/ 563;\" width=\"1000\" autoplay=\"\" controls=\"\" loop=\"\" muted=\"\" src=\"https:\/\/evolve-fitness.eu\/wp-content\/uploads\/2023\/08\/Evolve-UL-160-Stainless-steel-platform.mp4\"><\/video><\/figure>\n<\/div>\n<\/div>\n\n\n\n<div class=\"wp-block-columns alignwide are-vertically-aligned-center mobile-reverse is-layout-flex wp-container-core-columns-is-layout-e8158c2f wp-block-columns-is-layout-flex\" style=\"padding-top:var(--wp--preset--spacing--side-padding)\">\n<div class=\"wp-block-column is-vertically-aligned-center is-layout-flow wp-block-column-is-layout-flow\">\n<figure class=\"wp-block-video\"><video height=\"1703\" style=\"aspect-ratio: 2560 \/ 1703;\" width=\"2560\" autoplay=\"\" controls=\"\" loop=\"\" muted=\"\" src=\"https:\/\/evolve-fitness.eu\/wp-content\/uploads\/2023\/08\/Evolve-UL-160-Adjustable-distance-of-shoulders-rest.mp4\"><\/video><\/figure>\n<\/div>\n\n\n\n<div class=\"wp-block-column is-vertically-aligned-center is-layout-flow wp-block-column-is-layout-flow\">\n<h3 class=\"wp-block-heading\" style=\"margin-bottom:var(--wp--preset--spacing--h-3-bottom)\"><strong>Justerbart avst\u00e5nd f\u00f6r axelst\u00f6d<\/strong><\/h3>\n\n\n\n<p><strong><em><strong><em>S\u00e4ker och effektiv<\/em><\/strong><\/em><\/strong><\/p>\n\n\n\n<p style=\"margin-bottom:var(--wp--preset--spacing--tb-section-padding)\">F\u00f6rutom ryggst\u00f6det har Evolve Ultra Series Selectorized Leg-Press \/ Hack Squat-maskinen nio justerbara l\u00e4gen f\u00f6r axelst\u00f6det. Denna funktion g\u00f6r det m\u00f6jligt f\u00f6r anv\u00e4ndare att \u00e4ndra avst\u00e5ndet mellan plattformen och axelst\u00f6det, vilket s\u00e4kerst\u00e4ller korrekt inriktning under hack squat-\u00f6vningar. Precis som ryggst\u00f6dsjusteringen \u00e4r denna funktion anpassad f\u00f6r anv\u00e4ndare med olika kroppstyper och l\u00e4ngder, vilket f\u00f6rb\u00e4ttrar den totala tr\u00e4ningsupplevelsen.<\/p>\n<\/div>\n<\/div>\n\n\n\n<div class=\"wp-block-columns alignwide is-layout-flex wp-container-core-columns-is-layout-c45ee707 wp-block-columns-is-layout-flex\" style=\"margin-bottom:var(--wp--preset--spacing--side-padding);padding-top:var(--wp--preset--spacing--side-padding)\">\n<div class=\"wp-block-column is-vertically-aligned-center is-layout-flow wp-block-column-is-layout-flow\">\n<h3 class=\"wp-block-heading\" style=\"margin-bottom:var(--wp--preset--spacing--h-3-bottom)\">Vikt Stack<\/h3>\n\n\n\n<p><strong><em>Anpassa och l\u00e4gg till<\/em><\/strong><\/p>\n\n\n\n<p style=\"margin-bottom:var(--wp--preset--spacing--tb-section-padding)\">Evolve Ultra Series Selectorized Leg Curl Machine med 2 x 2,5 kg viktplattor \u00e4r utrustad med en 110 kg viktstapel, men du har ocks\u00e5 m\u00f6jlighet att anpassa och l\u00e4gga till den till 122,5 kg f\u00f6r en \u00e4nnu mer utmanande tr\u00e4ningsupplevelse. Den har en helt inkapslad viktstack som garanterar s\u00e4kerheten f\u00f6r dina \u00f6vningar.<\/p>\n<\/div>\n\n\n\n<div class=\"wp-block-column is-vertically-aligned-center is-layout-flow wp-block-column-is-layout-flow\">\n<figure class=\"wp-block-image size-full\"><img decoding=\"async\" src=\"https:\/\/evolve-fitness.eu\/wp-content\/uploads\/2024\/01\/stack.webp\" alt=\"\" class=\"wp-image-9940\"\/><\/figure>\n<\/div>\n<\/div>\n\n\n\n<div class=\"wp-block-columns alignwide is-layout-flex wp-container-core-columns-is-layout-c45ee707 wp-block-columns-is-layout-flex\" style=\"margin-bottom:var(--wp--preset--spacing--side-padding);padding-top:var(--wp--preset--spacing--side-padding)\">\n<div class=\"wp-block-column is-vertically-aligned-center is-layout-flow wp-block-column-is-layout-flow\">\n<figure class=\"wp-block-image size-large\"><img decoding=\"async\" src=\"https:\/\/evolve-fitness.eu\/wp-content\/uploads\/2023\/08\/A7_08555-1024x683.jpg\" alt=\"\" class=\"wp-image-8732\"\/><\/figure>\n<\/div>\n\n\n\n<div class=\"wp-block-column is-vertically-aligned-center is-layout-flow wp-block-column-is-layout-flow\">\n<h3 class=\"wp-block-heading\" style=\"margin-bottom:var(--wp--preset--spacing--h-3-bottom)\">Gjutna golvskydd<\/h3>\n\n\n\n<p><strong><em>F\u00f6rebyggande av skador<\/em><\/strong><\/p>\n\n\n\n<p style=\"margin-bottom:var(--wp--preset--spacing--tb-section-padding)\">De robusta gummif\u00f6tterna p\u00e5 Evolve Ultra Series fungerar som skyddande sk\u00f6ldar f\u00f6r att f\u00f6rhindra eventuella skador p\u00e5 dina golv. Dessa kraftiga gummif\u00f6tter \u00e4r utformade f\u00f6r att skydda dina golvytor fr\u00e5n skador som kan uppst\u00e5 under anv\u00e4ndning. Dessutom ger gummif\u00f6tterna inte bara skydd utan bidrar ocks\u00e5 till stabiliteten.<\/p>\n<\/div>\n<\/div>\n\n\n\n<div class=\"wp-block-columns alignwide is-layout-flex wp-container-core-columns-is-layout-c45ee707 wp-block-columns-is-layout-flex\" style=\"margin-bottom:var(--wp--preset--spacing--side-padding);padding-top:var(--wp--preset--spacing--side-padding)\">\n<div class=\"wp-block-column is-vertically-aligned-center is-layout-flow wp-block-column-is-layout-flow\">\n<h3 class=\"wp-block-heading\" style=\"margin-bottom:var(--wp--preset--spacing--h-3-bottom)\">Platta f\u00f6r toppvikt<\/h3>\n\n\n\n<p><strong><em>F\u00f6r b\u00e4ttre prestanda<\/em><\/strong> <\/p>\n\n\n\n<p style=\"margin-bottom:var(--wp--preset--spacing--tb-section-padding)\">Evolve Ultra Series Selectorized Leg-Press \/ Hack Squat Machine har tv\u00e5 extra 2,5 kg toppviktsplattor som tj\u00e4nar ett dubbelt syfte n\u00e4r det g\u00e4ller att f\u00f6rb\u00e4ttra tr\u00e4ningsmaskinens prestanda. F\u00f6r det f\u00f6rsta ut\u00f6kar den det maximala motst\u00e5ndet som maskinen kan ge, s\u00e5 att anv\u00e4ndarna kan utmana sig sj\u00e4lva \u00e4nnu mer i sina tr\u00e4ningspass. Dessa extra viktplattor ger dessutom en unik f\u00f6rdel genom att de g\u00f6r det m\u00f6jligt f\u00f6r anv\u00e4ndaren att g\u00f6ra mindre, mer exakta \u00f6kningar i sina motst\u00e5ndsjusteringar, med varje platta som ger en \u00f6kning p\u00e5 2,5 kg. Denna precision i valet av motst\u00e5nd g\u00f6r det m\u00f6jligt f\u00f6r individer att finjustera sina tr\u00e4ningspass f\u00f6r att m\u00f6ta deras specifika behov och m\u00e5l, vilket s\u00e4kerst\u00e4ller att varje tr\u00e4ningspass \u00e4r skr\u00e4ddarsytt f\u00f6r att optimera resultaten.<\/p>\n<\/div>\n\n\n\n<div class=\"wp-block-column is-vertically-aligned-center is-layout-flow wp-block-column-is-layout-flow\">\n<figure class=\"wp-block-image size-full\"><img decoding=\"async\" src=\"https:\/\/evolve-fitness.eu\/wp-content\/uploads\/2024\/01\/plate.webp\" alt=\"\" class=\"wp-image-9942\"\/><\/figure>\n<\/div>\n<\/div>\n\n\n\n<div class=\"wp-block-columns alignwide is-layout-flex wp-container-core-columns-is-layout-c45ee707 wp-block-columns-is-layout-flex\" style=\"margin-bottom:var(--wp--preset--spacing--side-padding);padding-top:var(--wp--preset--spacing--side-padding)\">\n<div class=\"wp-block-column is-vertically-aligned-center is-layout-flow wp-block-column-is-layout-flow\">\n<figure class=\"wp-block-video\"><video height=\"1920\" style=\"aspect-ratio: 1920 \/ 1920;\" width=\"1920\" autoplay=\"\" controls=\"\" loop=\"\" muted=\"\" src=\"https:\/\/evolve-fitness.eu\/wp-content\/uploads\/2023\/10\/Evolve-Double-powder-coated-Frame.mp4\"><\/video><\/figure>\n<\/div>\n\n\n\n<div class=\"wp-block-column is-vertically-aligned-center is-layout-flow wp-block-column-is-layout-flow\">\n<h3 class=\"wp-block-heading\" style=\"margin-bottom:var(--wp--preset--spacing--h-3-bottom)\">Dubbel pulverlackerad ram<\/h3>\n\n\n\n<p><strong><em>F\u00f6rebyggande av skador<\/em><\/strong><\/p>\n\n\n\n<p style=\"margin-bottom:var(--wp--preset--spacing--tb-section-padding)\">Evolve Ultra Series styrkemaskiner med en elektrostatiskt pulverlackerad p\u00e4rlsvart matt ram exemplifierar b\u00e5de form och funktion. Dess estetiska tilltal f\u00f6rst\u00e4rks av den svarta, matta ytan, medan dess praktiska egenskaper, inklusive friktionsmotst\u00e5nd, korrosionsskydd och rept\u00e5lighet, s\u00e4kerst\u00e4ller att den blir en p\u00e5litlig och l\u00e5ngvarig tr\u00e4ningskamrat.<\/p>\n<\/div>\n<\/div>\n\n\n\n<div class=\"wp-block-columns alignwide is-layout-flex wp-container-core-columns-is-layout-c45ee707 wp-block-columns-is-layout-flex\" style=\"margin-bottom:var(--wp--preset--spacing--side-padding);padding-top:var(--wp--preset--spacing--side-padding)\">\n<div class=\"wp-block-column is-vertically-aligned-center is-layout-flow wp-block-column-is-layout-flow\">\n<h3 class=\"wp-block-heading\" style=\"margin-bottom:var(--wp--preset--spacing--h-3-bottom)\">Kabel<\/h3>\n\n\n\n<p><strong><em>\u00d6verl\u00e4gsen kvalitet<\/em><\/strong><\/p>\n\n\n\n<p style=\"margin-bottom:var(--wp--preset--spacing--tb-section-padding)\">Evolve Ultra Series-maskinerna anv\u00e4nder kablar av h\u00f6gsta kvalitet, det finns sex huvudstr\u00e4ngar och varje str\u00e4ng best\u00e5r av 19 tr\u00e5dar som tvinnats ihop, polyamid 12 (PA12) och en diameter p\u00e5 5 mm. Dessa kablar \u00e4r konstruerade f\u00f6r styrka och h\u00e5llbarhet, med en brottkraft p\u00e5 9000 kN, vilket g\u00f6r dem till det f\u00f6redragna valet f\u00f6r applikationer d\u00e4r exceptionell tillf\u00f6rlitlighet, h\u00e5llbarhet och prestanda beh\u00f6vs.N\u00e4r du \u00f6verg\u00e5r fr\u00e5n en \u00f6vning till en annan, vare sig det \u00e4r bicepscurls, br\u00f6stpressar, lat pulldowns eller n\u00e5gon annan styrkebyggande aktivitet, s\u00e4kerst\u00e4ller Evolve Ultra-seriens exceptionella prestanda att dina r\u00f6relser \u00e4r mjuka och motst\u00e5ndet \u00e4r konsekvent, vilket fr\u00e4mjar en tr\u00e4ning som \u00e4r b\u00e5de effektiv och njutbar<\/p>\n<\/div>\n\n\n\n<div class=\"wp-block-column is-vertically-aligned-center is-layout-flow wp-block-column-is-layout-flow\">\n<figure class=\"wp-block-video\"><video height=\"600\" style=\"aspect-ratio: 680 \/ 600;\" width=\"680\" controls=\"\" src=\"https:\/\/evolve-fitness.eu\/wp-content\/uploads\/2023\/10\/Evolve-cable.mp4\"><\/video><\/figure>\n<\/div>\n<\/div>\n<\/section>\n","protected":false},"excerpt":{"rendered":"<p>Lyft ditt gym med Evolve Ultra Series UL-160 Selectorized Leg-Press\/Hack Squat. Uppt\u00e4ck komfort, m\u00e5ngsidighet och s\u00e4kerhet med oberoende armr\u00f6relse, Weight Stack Shroud och matt lackfinish. Smidiga f\u00f6rflyttningar med enhandsjustering av sitsen. Omdefiniera tr\u00e4ningen och locka nya kunder.<\/p>\n","protected":false},"featured_media":75955,"template":"","meta":{"_acf_changed":false,"inline_featured_image":false},"product_cat":[550,1149,1292],"product_tag":[],"class_list":{"0":"post-47540","1":"product","2":"type-product","3":"status-publish","4":"has-post-thumbnail","6":"product_cat-startsida","7":"product_cat-selectoriserade-maskiner","8":"product_cat-ultra-series-selectorized-maskiner","10":"first","11":"instock","12":"shipping-taxable","13":"purchasable","14":"product-type-simple"},"acf":[],"_links":{"self":[{"href":"https:\/\/store.evolve-fitness.eu\/sv\/wp-json\/wp\/v2\/product\/47540","targetHints":{"allow":["GET"]}}],"collection":[{"href":"https:\/\/store.evolve-fitness.eu\/sv\/wp-json\/wp\/v2\/product"}],"about":[{"href":"https:\/\/store.evolve-fitness.eu\/sv\/wp-json\/wp\/v2\/types\/product"}],"wp:featuredmedia":[{"embeddable":true,"href":"https:\/\/store.evolve-fitness.eu\/sv\/wp-json\/wp\/v2\/media\/75955"}],"wp:attachment":[{"href":"https:\/\/store.evolve-fitness.eu\/sv\/wp-json\/wp\/v2\/media?parent=47540"}],"wp:term":[{"taxonomy":"product_cat","embeddable":true,"href":"https:\/\/store.evolve-fitness.eu\/sv\/wp-json\/wp\/v2\/product_cat?post=47540"},{"taxonomy":"product_tag","embeddable":true,"href":"https:\/\/store.evolve-fitness.eu\/sv\/wp-json\/wp\/v2\/product_tag?post=47540"}],"curies":[{"name":"wp","href":"https:\/\/api.w.org\/{rel}","templated":true}]}}