{"id":47144,"date":"2024-01-17T13:53:33","date_gmt":"2024-01-17T13:53:33","guid":{"rendered":"https:\/\/store.evolve-fitness.eu\/product\/evolve-ultra-series-selectorized-bukmaskin\/"},"modified":"2025-11-03T11:52:51","modified_gmt":"2025-11-03T11:52:51","slug":"evolve-ultra-series-selectorized-bukmaskin","status":"publish","type":"product","link":"https:\/\/store.evolve-fitness.eu\/sv\/produkt\/evolve-ultra-series-selectorized-bukmaskin\/","title":{"rendered":"Evolve Ultra Series Selectorized magmaskin (UL-270)"},"content":{"rendered":"\n<section class=\"wp-block-group alignfull black-content has-white-color has-darkgray-background-color has-text-color has-background is-layout-constrained wp-block-group-is-layout-constrained\" style=\"padding-top:var(--wp--preset--spacing--section-bottom);padding-bottom:var(--wp--preset--spacing--section-bottom)\">\n<div class=\"wp-block-columns alignwide mobile-reverse is-layout-flex wp-container-core-columns-is-layout-ca64bf2d wp-block-columns-is-layout-flex\" style=\"margin-bottom:var(--wp--preset--spacing--side-padding)\">\n<div class=\"wp-block-column is-vertically-aligned-center is-layout-flow wp-block-column-is-layout-flow\">\n<h3 class=\"wp-block-heading\">\u00d6vre viktplatta<\/h3>\n\n\n\n<p><strong><em>F\u00f6r b\u00e4ttre prestanda<\/em><\/strong><\/p>\n\n\n\n<p>Evolve Ultra Series Selectorized Leg Extension Machine har tv\u00e5 extra 2,5 kg toppviktsplattor som har dubbla funktioner f\u00f6r att f\u00f6rb\u00e4ttra tr\u00e4ningsmaskinens prestanda. F\u00f6r det f\u00f6rsta ut\u00f6kar den det maximala motst\u00e5nd som maskinen kan ge, vilket g\u00f6r att anv\u00e4ndarna kan utmana sig sj\u00e4lva \u00e4nnu mer i sina tr\u00e4ningspass. Dessa extra viktskivor ger dessutom en unik f\u00f6rdel genom att de g\u00f6r det m\u00f6jligt f\u00f6r anv\u00e4ndaren att g\u00f6ra mindre och mer exakta steg i motst\u00e5ndsjusteringarna, d\u00e4r varje skiva ger en \u00f6kning p\u00e5 2,5 kg. Denna precision i valet av motst\u00e5nd g\u00f6r det m\u00f6jligt f\u00f6r individer att finjustera sina tr\u00e4ningspass f\u00f6r att m\u00f6ta sina specifika behov och m\u00e5l, vilket s\u00e4kerst\u00e4ller att varje tr\u00e4ningspass \u00e4r skr\u00e4ddarsytt f\u00f6r att optimera resultaten.<\/p>\n<\/div>\n\n\n\n<div class=\"wp-block-column is-vertically-aligned-center is-layout-flow wp-block-column-is-layout-flow\">\n<figure class=\"wp-block-image size-full\"><img decoding=\"async\" src=\"https:\/\/evolve-fitness.eu\/wp-content\/uploads\/2024\/01\/plate.webp\" alt=\"\" class=\"wp-image-9942\"\/><\/figure>\n<\/div>\n<\/div>\n\n\n\n<div class=\"wp-block-columns alignwide is-layout-flex wp-container-core-columns-is-layout-c45ee707 wp-block-columns-is-layout-flex\" style=\"margin-bottom:var(--wp--preset--spacing--side-padding);padding-top:var(--wp--preset--spacing--side-padding)\">\n<div class=\"wp-block-column is-vertically-aligned-center is-layout-flow wp-block-column-is-layout-flow\">\n<figure class=\"wp-block-image size-full\"><img decoding=\"async\" src=\"https:\/\/evolve-fitness.eu\/wp-content\/uploads\/2024\/01\/stack.webp\" alt=\"\" class=\"wp-image-9940\"\/><\/figure>\n<\/div>\n\n\n\n<div class=\"wp-block-column is-vertically-aligned-center is-layout-flow wp-block-column-is-layout-flow\">\n<h3 class=\"wp-block-heading\">Vikt Stack<\/h3>\n\n\n\n<p><strong><em>Anpassa och l\u00e4gg till<\/em><\/strong><\/p>\n\n\n\n<p>Evolve Ultra Series Selectorized Leg Extension Machine med 2 x 2,5 kg viktplattor \u00e4r utrustad med en 110 kg viktstapel, men du har ocks\u00e5 m\u00f6jlighet att anpassa och l\u00e4gga till den till 122,5 kg f\u00f6r en \u00e4nnu mer utmanande tr\u00e4ningsupplevelse. Den har en helt sluten viktstack som garanterar s\u00e4kerheten f\u00f6r dina \u00f6vningar.<\/p>\n<\/div>\n<\/div>\n\n\n\n<div class=\"wp-block-columns alignwide are-vertically-aligned-center mobile-reverse is-layout-flex wp-container-core-columns-is-layout-e8158c2f wp-block-columns-is-layout-flex\" style=\"padding-top:var(--wp--preset--spacing--side-padding)\">\n<div class=\"wp-block-column is-vertically-aligned-center is-layout-flow wp-block-column-is-layout-flow\">\n<h3 class=\"wp-block-heading\">Kabel<\/h3>\n\n\n\n<p><strong><em>\u00d6verl\u00e4gsen kvalitet<\/em><\/strong><\/p>\n\n\n\n<p>Evolve Ultra Series-maskiner anv\u00e4nder kablar av \u00f6verl\u00e4gsen kvalitet, det finns sex huvudtr\u00e5dar och varje tr\u00e5d best\u00e5r av 19 tvinnade tr\u00e5dar, Polyamid 12 (PA12)-material och en diameter p\u00e5 5 mm. Dessa kablar \u00e4r konstruerade f\u00f6r styrka och h\u00e5llbarhet, med en brottkraft p\u00e5 9000 kN, vilket g\u00f6r dem till det f\u00f6redragna valet f\u00f6r applikationer d\u00e4r exceptionell tillf\u00f6rlitlighet, h\u00e5llbarhet och prestanda beh\u00f6vs.N\u00e4r du \u00f6verg\u00e5r fr\u00e5n en \u00f6vning till en annan, vare sig det \u00e4r bicepscurls, br\u00f6stpressar, lat pulldowns eller n\u00e5gon annan styrkebyggande aktivitet, s\u00e4kerst\u00e4ller Evolve Ultra-seriens exceptionella prestanda att dina r\u00f6relser \u00e4r mjuka och motst\u00e5ndet \u00e4r konsekvent, vilket fr\u00e4mjar en tr\u00e4ning som \u00e4r b\u00e5de effektiv och njutbar<\/p>\n<\/div>\n\n\n\n<div class=\"wp-block-column is-vertically-aligned-center is-layout-flow wp-block-column-is-layout-flow\">\n<figure class=\"wp-block-video\"><video height=\"600\" style=\"aspect-ratio: 680 \/ 600;\" width=\"680\" controls=\"\" src=\"https:\/\/evolve-fitness.eu\/wp-content\/uploads\/2023\/10\/Evolve-cable.mp4\"><\/video><\/figure>\n<\/div>\n<\/div>\n<\/section>\n","protected":false},"excerpt":{"rendered":"<p>Uppt\u00e4ck toppen av magtr\u00e4ning med Evolve Ultra Series Selectorized Abdominal Machine UL-270, en toppmodern fitnessl\u00f6sning som \u00e4r utformad f\u00f6r att revolutionera din k\u00e4rntr\u00e4ning. Denna maskin \u00e4r konstruerad f\u00f6r b\u00e5de gymentusiaster och fitnessproffs och kombinerar ergonomisk kvalitet med justerbart motst\u00e5nd, vilket g\u00f6r den till ett perfekt val f\u00f6r anv\u00e4ndare p\u00e5 alla niv\u00e5er som vill f\u00f6rb\u00e4ttra sin styrka och definition av buken. Denna magmaskin lovar h\u00e5llbarhet, anv\u00e4ndarv\u00e4nliga funktioner och effektiv inriktning p\u00e5 k\u00e4rnmusklerna, vilket s\u00e4tter en ny standard f\u00f6r magtr\u00e4ningsutrustning. Oavsett om du str\u00e4var efter att tona din midja, bygga k\u00e4rnstyrka eller f\u00f6rb\u00e4ttra den \u00f6vergripande konditionen, st\u00e5r Evolve Ultra Series Selectorized Abdominal Machine som ett \u00f6verl\u00e4gset val p\u00e5 marknaden.<\/p>\n","protected":false},"featured_media":81239,"template":"","meta":{"_acf_changed":false,"inline_featured_image":false},"product_cat":[550,1149,1292],"product_tag":[],"class_list":{"0":"post-47144","1":"product","2":"type-product","3":"status-publish","4":"has-post-thumbnail","6":"product_cat-startsida","7":"product_cat-selectoriserade-maskiner","8":"product_cat-ultra-series-selectorized-maskiner","10":"first","11":"instock","12":"sale","13":"shipping-taxable","14":"purchasable","15":"product-type-simple"},"acf":[],"_links":{"self":[{"href":"https:\/\/store.evolve-fitness.eu\/sv\/wp-json\/wp\/v2\/product\/47144","targetHints":{"allow":["GET"]}}],"collection":[{"href":"https:\/\/store.evolve-fitness.eu\/sv\/wp-json\/wp\/v2\/product"}],"about":[{"href":"https:\/\/store.evolve-fitness.eu\/sv\/wp-json\/wp\/v2\/types\/product"}],"wp:featuredmedia":[{"embeddable":true,"href":"https:\/\/store.evolve-fitness.eu\/sv\/wp-json\/wp\/v2\/media\/81239"}],"wp:attachment":[{"href":"https:\/\/store.evolve-fitness.eu\/sv\/wp-json\/wp\/v2\/media?parent=47144"}],"wp:term":[{"taxonomy":"product_cat","embeddable":true,"href":"https:\/\/store.evolve-fitness.eu\/sv\/wp-json\/wp\/v2\/product_cat?post=47144"},{"taxonomy":"product_tag","embeddable":true,"href":"https:\/\/store.evolve-fitness.eu\/sv\/wp-json\/wp\/v2\/product_tag?post=47144"}],"curies":[{"name":"wp","href":"https:\/\/api.w.org\/{rel}","templated":true}]}}