{"id":47092,"date":"2024-01-17T14:17:38","date_gmt":"2024-01-17T14:17:38","guid":{"rendered":"https:\/\/store.evolve-fitness.eu\/product\/evolve-ultra-series-selectorized-benstrackare-bencurl\/"},"modified":"2024-06-05T13:01:21","modified_gmt":"2024-06-05T13:01:21","slug":"evolve-ultra-series-selectorized-benstrackare-bencurl","status":"publish","type":"product","link":"https:\/\/store.evolve-fitness.eu\/sv\/produkt\/evolve-ultra-series-selectorized-benstrackare-bencurl\/","title":{"rendered":"Evolve Ultra Series Selectorized benstr\u00e4ckare \/ bencurl"},"content":{"rendered":"\n<section class=\"wp-block-group alignfull black-content has-white-color has-darkgray-background-color has-text-color has-background is-layout-constrained wp-block-group-is-layout-constrained\" style=\"padding-top:var(--wp--preset--spacing--section-bottom);padding-bottom:var(--wp--preset--spacing--section-bottom)\">\n<div class=\"wp-block-columns alignwide mobile-reverse is-layout-flex wp-container-core-columns-is-layout-ca64bf2d wp-block-columns-is-layout-flex\" style=\"margin-bottom:var(--wp--preset--spacing--side-padding)\">\n<div class=\"wp-block-column is-vertically-aligned-center is-layout-flow wp-block-column-is-layout-flow\">\n<h3 class=\"wp-block-heading\">V\u00e4lkommen till Ultra-serien<\/h3>\n\n\n\n<p><\/p>\n\n\n\n<p><strong><em>L\u00e4r k\u00e4nna v\u00e5r utrustning i Ultra-serien med toppmodern 3D 360-visning<\/em><\/strong><\/p>\n\n\n\n<p>Evolve Ultra Series Selectorized Leg Extension \/ Leg Curl, \u00e4r byggd f\u00f6r b\u00e5de komfort och prestanda. Maskinen \u00e4r konstruerad f\u00f6r m\u00e5ngsidig tr\u00e4ning, ergonomiskt st\u00f6d och justeringsm\u00f6jligheter f\u00f6r olika anv\u00e4ndarstorlekar. Designen \u00e4r estetiskt tilltalande med en h\u00e5llbar, pulverlackerad yta, och anv\u00e4ndningen av h\u00f6gkvalitativa kablar s\u00e4kerst\u00e4ller smidig drift.<\/p>\n<\/div>\n\n\n\n<div class=\"wp-block-column is-vertically-aligned-center is-layout-flow wp-block-column-is-layout-flow\">\n<figure class=\"wp-block-video\"><video height=\"954\" style=\"aspect-ratio: 2016 \/ 954;\" width=\"2016\" autoplay=\"\" controls=\"\" loop=\"\" muted=\"\" src=\"https:\/\/evolve-fitness.eu\/wp-content\/uploads\/2023\/08\/Evolve-Ultra-Series-Selectorized-Leg-Extension-Leg-Curl.mp4\"><\/video><\/figure>\n<\/div>\n<\/div>\n\n\n\n<div class=\"wp-block-columns alignwide is-layout-flex wp-container-core-columns-is-layout-c45ee707 wp-block-columns-is-layout-flex\" style=\"margin-bottom:var(--wp--preset--spacing--side-padding);padding-top:var(--wp--preset--spacing--side-padding)\">\n<div class=\"wp-block-column is-vertically-aligned-center is-layout-flow wp-block-column-is-layout-flow\">\n<figure class=\"wp-block-video\"><video height=\"2560\" style=\"aspect-ratio: 1920 \/ 2560;\" width=\"1920\" autoplay=\"\" controls=\"\" loop=\"\" muted=\"\" src=\"https:\/\/evolve-fitness.eu\/wp-content\/uploads\/2023\/08\/EV-SC-UL-250-Full.mp4\"><\/video><\/figure>\n<\/div>\n\n\n\n<div class=\"wp-block-column is-vertically-aligned-center is-layout-flow wp-block-column-is-layout-flow\">\n<h3 class=\"wp-block-heading\" style=\"margin-bottom:var(--wp--preset--spacing--h-3-bottom)\">Muskler<\/h3>\n\n\n\n<p><strong><em>Tr\u00e4nar prim\u00e4rt tv\u00e5 olika muskelgrupper<\/em><\/strong><\/p>\n\n\n\n<p><br\/><strong>R\u00f6relse f\u00f6r benstr\u00e4ckning:<\/strong> Fokuserar p\u00e5 quadriceps, musklerna p\u00e5 framsidan av l\u00e5ret. Dessa \u00e4r viktiga f\u00f6r kn\u00e4f\u00f6rl\u00e4ngning och spelar en viktig roll i aktiviteter som att g\u00e5, springa och hoppa. <strong>R\u00f6relse med bencurl:<\/strong> Riktar in sig p\u00e5 hamstrings, som finns p\u00e5 baksidan av l\u00e5ret. Dessa muskler \u00e4r avg\u00f6rande f\u00f6r kn\u00e4flexion och h\u00f6ftf\u00f6rl\u00e4ngning, vilket \u00e4r viktigt vid r\u00f6relser som att b\u00f6ja kn\u00e4et och g\u00e5 i uppf\u00f6rsbacke.<\/p>\n\n\n\n<p>Denna maskin \u00e4r effektiv f\u00f6r att st\u00e4rka dessa viktiga benmuskler och f\u00f6rb\u00e4ttrar den totala styrkan och funktionaliteten i underkroppen.<\/p>\n<\/div>\n<\/div>\n\n\n\n<div class=\"wp-block-columns alignwide mobile-reverse is-layout-flex wp-container-core-columns-is-layout-ca64bf2d wp-block-columns-is-layout-flex\" style=\"margin-bottom:var(--wp--preset--spacing--side-padding)\">\n<div class=\"wp-block-column is-vertically-aligned-center is-layout-flow wp-block-column-is-layout-flow\">\n<h3 class=\"wp-block-heading\">Formpressade s\u00e4ten<\/h3>\n\n\n\n<p><em><strong>  F\u00f6r optimal komfort och effektivitet<\/strong><\/em><\/p>\n\n\n\n<p style=\"margin-bottom:var(--wp--preset--spacing--tb-section-padding)\">Evolve Ultra Series Selectorized Abduction\/Adduction \u00e4r en del av Evolve Ultra Series, k\u00e4nd f\u00f6r sitt ergonomiska st\u00f6d, justerbarhet f\u00f6r olika anv\u00e4ndarstorlekar och snygga, h\u00e5llbara design. Denna utrustning \u00e4r idealisk f\u00f6r att \u00f6ka muskelaktiviteten och f\u00f6rb\u00e4ttra benstabilitet och balans.<\/p>\n<\/div>\n\n\n\n<div class=\"wp-block-column is-vertically-aligned-center is-layout-flow wp-block-column-is-layout-flow\">\n<figure class=\"wp-block-video\"><video height=\"1536\" style=\"aspect-ratio: 2048 \/ 1536;\" width=\"2048\" autoplay=\"\" controls=\"\" loop=\"\" muted=\"\" src=\"https:\/\/evolve-fitness.eu\/wp-content\/uploads\/2024\/01\/EV-SC-UL-250-Seat.mp4\"><\/video><\/figure>\n<\/div>\n<\/div>\n\n\n\n<div class=\"wp-block-columns alignwide is-layout-flex wp-container-core-columns-is-layout-c45ee707 wp-block-columns-is-layout-flex\" style=\"margin-bottom:var(--wp--preset--spacing--side-padding);padding-top:var(--wp--preset--spacing--side-padding)\">\n<div class=\"wp-block-column is-vertically-aligned-center is-layout-flow wp-block-column-is-layout-flow\">\n<figure class=\"wp-block-image size-full\"><img decoding=\"async\" src=\"https:\/\/evolve-fitness.eu\/wp-content\/uploads\/2024\/01\/stack.webp\" alt=\"\" class=\"wp-image-9940\"\/><\/figure>\n<\/div>\n\n\n\n<div class=\"wp-block-column is-vertically-aligned-center is-layout-flow wp-block-column-is-layout-flow\">\n<h3 class=\"wp-block-heading\" style=\"margin-bottom:var(--wp--preset--spacing--h-3-bottom)\">Snygg och h\u00e5llbar<\/h3>\n\n\n\n<p><strong><em>Den unika matta f\u00e4rgfinishen<\/em><\/strong><\/p>\n\n\n\n<p style=\"margin-bottom:var(--wp--preset--spacing--tb-section-padding)\">Ultra-serien introducerar en kombination av s\u00e4kerhet och stil med kapslade viktmagasin. Ogenomskinliga plast\u00f6verdrag prioriterar tr\u00e4ningss\u00e4kerhet samtidigt som de ger en elegant touch till din tr\u00e4ningslokal. Oavsett om du \u00e4r gym\u00e4gare eller fitnessentusiast kommer du att uppskatta det visuella intrycket och den s\u00e4kerhet som dessa h\u00f6ljen ger ditt gym.<\/p>\n<\/div>\n<\/div>\n\n\n\n<div class=\"wp-block-columns alignwide are-vertically-aligned-center mobile-reverse is-layout-flex wp-container-core-columns-is-layout-e8158c2f wp-block-columns-is-layout-flex\" style=\"padding-top:var(--wp--preset--spacing--side-padding)\">\n<div class=\"wp-block-column is-vertically-aligned-center is-layout-flow wp-block-column-is-layout-flow\">\n<h3 class=\"wp-block-heading\" style=\"margin-bottom:var(--wp--preset--spacing--h-3-bottom)\">Smidig start<\/h3>\n\n\n\n<p><strong><em><strong><em>Benhj\u00e4lpmedel f\u00f6r inkludering<\/em><\/strong><\/em><\/strong><\/p>\n\n\n\n<p>F\u00f6r blivande gym\u00e4gare som funderar p\u00e5 att ge sig in i fitnessbranschen s\u00e4kerst\u00e4ller den smidiga starten med benst\u00f6d i Evolve Ultra-serien tillg\u00e4nglighet f\u00f6r alla tr\u00e4ningsniv\u00e5er. Denna innovativa funktion tar bort hinder f\u00f6r nykomlingar och ser till att ditt gym \u00e4r inkluderande och v\u00e4lkomnar kunder med alla f\u00f6rm\u00e5gor.<\/p>\n<\/div>\n\n\n\n<div class=\"wp-block-column is-vertically-aligned-center is-layout-flow wp-block-column-is-layout-flow\">\n<figure class=\"wp-block-video\"><video height=\"2560\" style=\"aspect-ratio: 1920 \/ 2560;\" width=\"1920\" autoplay=\"\" controls=\"\" loop=\"\" muted=\"\" src=\"https:\/\/evolve-fitness.eu\/wp-content\/uploads\/2024\/01\/EV-SC-UL-250-Start.mp4\"><\/video><\/figure>\n<\/div>\n<\/div>\n\n\n\n<div class=\"wp-block-columns alignwide mobile-reverse is-layout-flex wp-container-core-columns-is-layout-ca64bf2d wp-block-columns-is-layout-flex\" style=\"margin-bottom:var(--wp--preset--spacing--side-padding)\">\n<div class=\"wp-block-column is-vertically-aligned-center is-layout-flow wp-block-column-is-layout-flow\">\n<figure class=\"wp-block-video\"><video height=\"2560\" style=\"aspect-ratio: 1920 \/ 2560;\" width=\"1920\" autoplay=\"\" controls=\"\" loop=\"\" muted=\"\" src=\"https:\/\/evolve-fitness.eu\/wp-content\/uploads\/2024\/01\/EV-SC-UL-250-Start-1.mp4\"><\/video><\/figure>\n<\/div>\n\n\n\n<div class=\"wp-block-column is-vertically-aligned-center is-layout-flow wp-block-column-is-layout-flow\">\n<h3 class=\"wp-block-heading\" style=\"margin-bottom:var(--wp--preset--spacing--h-3-bottom)\">S\u00e4kerhet m\u00f6ter stil<\/h3>\n\n\n\n<p><strong><em>Fullt t\u00e4ckt sk\u00e4rm f\u00f6r viktmagasin<\/em><\/strong><\/p>\n\n\n\n<p>F\u00f6r gym\u00e4gare och fitnessf\u00f6retagare \u00e4r s\u00e4kerhet och estetik av st\u00f6rsta vikt. Evolve Ultra Series har en helt\u00e4ckande Weight Stack Shroud som s\u00f6ml\u00f6st kombinerar s\u00e4kerhet och stil. Genom att f\u00f6rb\u00e4ttra s\u00e4kerheten och f\u00f6rhindra olyckor samtidigt som du h\u00e5ller ditt gym rent, \u00e4r detta skydd ett viktigt tillskott till alla tr\u00e4ningsanl\u00e4ggningar. F\u00f6rh\u00f6j ditt gyms visuella attraktionskraft samtidigt som du prioriterar dina kunders s\u00e4kerhet under varje tr\u00e4ningspass.<\/p>\n<\/div>\n<\/div>\n\n\n\n<div class=\"wp-block-columns alignwide are-vertically-aligned-center mobile-reverse is-layout-flex wp-container-core-columns-is-layout-e8158c2f wp-block-columns-is-layout-flex\" style=\"padding-top:var(--wp--preset--spacing--side-padding)\">\n<div class=\"wp-block-column is-vertically-aligned-center is-layout-flow wp-block-column-is-layout-flow\">\n<h3 class=\"wp-block-heading\" style=\"margin-bottom:var(--wp--preset--spacing--h-3-bottom)\"><strong>Optimala handgrepp<\/strong><\/h3>\n\n\n\n<p><strong><em><strong><em>F\u00f6rh\u00f6jd tr\u00e4ningsupplevelse<\/em><\/strong><\/em><\/strong><\/p>\n\n\n\n<p style=\"margin-bottom:var(--wp--preset--spacing--tb-section-padding)\">Att locka och beh\u00e5lla kunder \u00e4r avg\u00f6rande f\u00f6r gym\u00e4gare och chefer f\u00f6r fitnessanl\u00e4ggningar. Evolve Ultra-serien erbjuder optimala handgrepp, noggrant utformade f\u00f6r komfort och s\u00e4kerhet. F\u00f6rh\u00f6j dina kunders tr\u00e4ningsupplevelse, h\u00e5ll dem engagerade och motiverade att uppn\u00e5 sina tr\u00e4ningsm\u00e5l p\u00e5 din anl\u00e4ggning.<\/p>\n<\/div>\n\n\n\n<div class=\"wp-block-column is-vertically-aligned-center is-layout-flow wp-block-column-is-layout-flow\">\n<figure class=\"wp-block-video\"><video height=\"1536\" style=\"aspect-ratio: 2048 \/ 1536;\" width=\"2048\" autoplay=\"\" controls=\"\" loop=\"\" muted=\"\" src=\"https:\/\/evolve-fitness.eu\/wp-content\/uploads\/2024\/01\/EV-SC-UL-250-Handles-1.mp4\"><\/video><\/figure>\n<\/div>\n<\/div>\n<\/section>\n","protected":false},"excerpt":{"rendered":"<p>F\u00f6rh\u00f6j din tr\u00e4ningsrutin f\u00f6r underkroppen med Evolve Ultra Series UL-250 Selectorized Leg Extension \/ Leg Curl-maskin. Den innovativa designen kombinerar benstr\u00e4ckare och bencurls i ett, med st\u00f6d av oberoende armr\u00f6relser f\u00f6r \u00f6kad muskelaktivering. S\u00e4kerhet och stil f\u00f6renas med den t\u00e4ckta viktstapelns h\u00f6lje, medan anv\u00e4ndarorienterade funktioner som enhandsjustering av s\u00e4tet s\u00e4kerst\u00e4ller s\u00f6ml\u00f6sa tr\u00e4nings\u00f6verg\u00e5ngar. Med optimala handtag och en t\u00e5lig matt finish s\u00e4tter UL-250 en ny standard f\u00f6r komfort och m\u00e5ngsidighet vid tr\u00e4ning av underkroppen.<\/p>\n","protected":false},"featured_media":76030,"template":"","meta":{"_acf_changed":false,"inline_featured_image":false},"product_cat":[550,1149,1292],"product_tag":[],"class_list":{"0":"post-47092","1":"product","2":"type-product","3":"status-publish","4":"has-post-thumbnail","6":"product_cat-startsida","7":"product_cat-selectoriserade-maskiner","8":"product_cat-ultra-series-selectorized-maskiner","10":"first","11":"outofstock","12":"shipping-taxable","13":"purchasable","14":"product-type-simple"},"acf":[],"_links":{"self":[{"href":"https:\/\/store.evolve-fitness.eu\/sv\/wp-json\/wp\/v2\/product\/47092","targetHints":{"allow":["GET"]}}],"collection":[{"href":"https:\/\/store.evolve-fitness.eu\/sv\/wp-json\/wp\/v2\/product"}],"about":[{"href":"https:\/\/store.evolve-fitness.eu\/sv\/wp-json\/wp\/v2\/types\/product"}],"wp:featuredmedia":[{"embeddable":true,"href":"https:\/\/store.evolve-fitness.eu\/sv\/wp-json\/wp\/v2\/media\/76030"}],"wp:attachment":[{"href":"https:\/\/store.evolve-fitness.eu\/sv\/wp-json\/wp\/v2\/media?parent=47092"}],"wp:term":[{"taxonomy":"product_cat","embeddable":true,"href":"https:\/\/store.evolve-fitness.eu\/sv\/wp-json\/wp\/v2\/product_cat?post=47092"},{"taxonomy":"product_tag","embeddable":true,"href":"https:\/\/store.evolve-fitness.eu\/sv\/wp-json\/wp\/v2\/product_tag?post=47092"}],"curies":[{"name":"wp","href":"https:\/\/api.w.org\/{rel}","templated":true}]}}