{"id":46787,"date":"2024-01-17T13:31:57","date_gmt":"2024-01-17T13:31:57","guid":{"rendered":"https:\/\/store.evolve-fitness.eu\/product\/evolve-ultra-series-selectoriserad-multipress\/"},"modified":"2025-04-03T11:11:18","modified_gmt":"2025-04-03T11:11:18","slug":"evolve-ultra-series-selectoriserad-multipress","status":"publish","type":"product","link":"https:\/\/store.evolve-fitness.eu\/sv\/produkt\/evolve-ultra-series-selectoriserad-multipress\/","title":{"rendered":"Evolve Ultra Series Selectoriserad multipress"},"content":{"rendered":"\n<section class=\"wp-block-group alignfull black-content has-white-color has-darkgray-background-color has-text-color has-background is-layout-constrained wp-block-group-is-layout-constrained\" style=\"padding-top:var(--wp--preset--spacing--section-bottom);padding-bottom:var(--wp--preset--spacing--section-bottom)\">\n<div class=\"wp-block-columns alignwide mobile-reverse is-layout-flex wp-container-core-columns-is-layout-ca64bf2d wp-block-columns-is-layout-flex\" style=\"margin-bottom:var(--wp--preset--spacing--side-padding)\">\n<div class=\"wp-block-column is-vertically-aligned-center is-layout-flow wp-block-column-is-layout-flow\">\n<h3 class=\"wp-block-heading\" style=\"margin-bottom:var(--wp--preset--spacing--h-3-bottom)\">Snygg och h\u00e5llbar<\/h3>\n\n\n\n<p><strong><em>Den unika matta f\u00e4rgfinishen<\/em><\/strong><\/p>\n\n\n\n<p style=\"margin-bottom:var(--wp--preset--spacing--tb-section-padding)\">Ultra-serien introducerar en kombination av s\u00e4kerhet och stil med kapslade viktmagasin. Ogenomskinliga plast\u00f6verdrag prioriterar tr\u00e4ningss\u00e4kerhet samtidigt som de ger en elegant touch till din tr\u00e4ningslokal. Oavsett om du \u00e4r gym\u00e4gare eller fitnessentusiast kommer du att uppskatta det visuella intrycket och den s\u00e4kerhet som dessa h\u00f6ljen ger ditt gym.<\/p>\n<\/div>\n\n\n\n<div class=\"wp-block-column is-vertically-aligned-center is-layout-flow wp-block-column-is-layout-flow\">\n<figure class=\"wp-block-video\"><video height=\"1092\" style=\"aspect-ratio: 1980 \/ 1092;\" width=\"1980\" autoplay=\"\" controls=\"\" loop=\"\" muted=\"\" src=\"https:\/\/evolve-fitness.eu\/wp-content\/uploads\/2023\/08\/Evolve-Ultra-Series-Selectorized-Multi-Press.mp4\"><\/video><\/figure>\n<\/div>\n<\/div>\n\n\n\n<div class=\"wp-block-columns alignwide is-layout-flex wp-container-core-columns-is-layout-c45ee707 wp-block-columns-is-layout-flex\" style=\"margin-bottom:var(--wp--preset--spacing--side-padding);padding-top:var(--wp--preset--spacing--side-padding)\">\n<div class=\"wp-block-column is-vertically-aligned-center is-layout-flow wp-block-column-is-layout-flow\">\n<figure class=\"wp-block-image size-full is-resized\"><img loading=\"lazy\" decoding=\"async\" width=\"810\" height=\"810\" src=\"https:\/\/store.evolve-fitness.eu\/wp-content\/uploads\/2024\/06\/Dizainas-be-pavadinimo-46.png\" alt=\"\" class=\"wp-image-73843\" style=\"width:963px;height:auto\" srcset=\"https:\/\/store.evolve-fitness.eu\/wp-content\/uploads\/2024\/06\/Dizainas-be-pavadinimo-46.png 810w, https:\/\/store.evolve-fitness.eu\/wp-content\/uploads\/2024\/06\/Dizainas-be-pavadinimo-46-300x300.png 300w, https:\/\/store.evolve-fitness.eu\/wp-content\/uploads\/2024\/06\/Dizainas-be-pavadinimo-46-150x150.png 150w, https:\/\/store.evolve-fitness.eu\/wp-content\/uploads\/2024\/06\/Dizainas-be-pavadinimo-46-768x768.png 768w, https:\/\/store.evolve-fitness.eu\/wp-content\/uploads\/2024\/06\/Dizainas-be-pavadinimo-46-600x600.png 600w, https:\/\/store.evolve-fitness.eu\/wp-content\/uploads\/2024\/06\/Dizainas-be-pavadinimo-46-100x100.png 100w\" sizes=\"auto, (max-width: 810px) 100vw, 810px\" \/><\/figure>\n<\/div>\n\n\n\n<div class=\"wp-block-column is-vertically-aligned-center is-layout-flow wp-block-column-is-layout-flow\">\n<h3 class=\"wp-block-heading\" style=\"margin-bottom:var(--wp--preset--spacing--h-3-bottom)\">Anv\u00e4ndarorienterad bekv\u00e4mlighet<\/h3>\n\n\n\n<p><strong><em>S\u00e4tesjustering med en hand<\/em><\/strong><\/p>\n\n\n\n<p>Blivande gym\u00e4gare, notera! Den anv\u00e4ndarorienterade bekv\u00e4mligheten med enhandsjustering av s\u00e4tet f\u00f6rb\u00e4ttrar tr\u00e4ningsupplevelsen. Kunderna kan smidigt v\u00e4xla mellan olika \u00f6vningar utan avbrott, vilket g\u00f6r deras tr\u00e4ningspass mer effektiva och roliga. Detta anv\u00e4ndarcentrerade tillv\u00e4gag\u00e5ngss\u00e4tt hj\u00e4lper din fitnessanl\u00e4ggning att sticka ut i den konkurrensutsatta fitnessbranschen.<\/p>\n<\/div>\n<\/div>\n\n\n\n<div class=\"wp-block-columns alignwide are-vertically-aligned-center mobile-reverse is-layout-flex wp-container-core-columns-is-layout-e8158c2f wp-block-columns-is-layout-flex\" style=\"padding-top:var(--wp--preset--spacing--side-padding)\">\n<div class=\"wp-block-column is-vertically-aligned-center is-layout-flow wp-block-column-is-layout-flow\">\n<h3 class=\"wp-block-heading\" style=\"margin-bottom:var(--wp--preset--spacing--h-3-bottom)\"><strong>Optimala handgrepp<\/strong><\/h3>\n\n\n\n<p><strong><em><strong><em>F\u00f6rh\u00f6jd tr\u00e4ningsupplevelse<\/em><\/strong><\/em><\/strong><\/p>\n\n\n\n<p style=\"margin-bottom:var(--wp--preset--spacing--tb-section-padding)\">Att locka och beh\u00e5lla kunder \u00e4r avg\u00f6rande f\u00f6r gym\u00e4gare och chefer f\u00f6r fitnessanl\u00e4ggningar. Evolve Ultra-serien erbjuder optimala handgrepp, noggrant utformade f\u00f6r komfort och s\u00e4kerhet. F\u00f6rh\u00f6j dina kunders tr\u00e4ningsupplevelse, h\u00e5ll dem engagerade och motiverade att uppn\u00e5 sina tr\u00e4ningsm\u00e5l p\u00e5 din anl\u00e4ggning.<\/p>\n<\/div>\n\n\n\n<div class=\"wp-block-column is-vertically-aligned-center is-layout-flow wp-block-column-is-layout-flow\">\n<figure class=\"wp-block-image size-full is-resized\"><img loading=\"lazy\" decoding=\"async\" width=\"945\" height=\"945\" src=\"https:\/\/store.evolve-fitness.eu\/wp-content\/uploads\/2024\/06\/Dizainas-be-pavadinimo-47.png\" alt=\"\" class=\"wp-image-73868\" style=\"width:1032px;height:auto\" srcset=\"https:\/\/store.evolve-fitness.eu\/wp-content\/uploads\/2024\/06\/Dizainas-be-pavadinimo-47.png 945w, https:\/\/store.evolve-fitness.eu\/wp-content\/uploads\/2024\/06\/Dizainas-be-pavadinimo-47-300x300.png 300w, https:\/\/store.evolve-fitness.eu\/wp-content\/uploads\/2024\/06\/Dizainas-be-pavadinimo-47-150x150.png 150w, https:\/\/store.evolve-fitness.eu\/wp-content\/uploads\/2024\/06\/Dizainas-be-pavadinimo-47-768x768.png 768w, https:\/\/store.evolve-fitness.eu\/wp-content\/uploads\/2024\/06\/Dizainas-be-pavadinimo-47-600x600.png 600w, https:\/\/store.evolve-fitness.eu\/wp-content\/uploads\/2024\/06\/Dizainas-be-pavadinimo-47-100x100.png 100w\" sizes=\"auto, (max-width: 945px) 100vw, 945px\" \/><\/figure>\n<\/div>\n<\/div>\n<\/section>\n","protected":false},"excerpt":{"rendered":"<p>Upplev o\u00f6vertr\u00e4ffad komfort och effektivitet med Evolve Ultra Series Selectorized Multi Press, Ul-290. Lyft dina tr\u00e4ningspass med denna m\u00e5ngsidiga maskin med oberoende armr\u00f6relser f\u00f6r optimal muskelaktivering. Den eleganta designen, den slitstarka matta ytan och den anv\u00e4ndarv\u00e4nliga enhandsjusteringen av sitsen ger en f\u00f6rstklassig tr\u00e4ningsupplevelse. Prioritera s\u00e4kerheten med det helt t\u00e4ckta h\u00f6ljet f\u00f6r viktstapeln samtidigt som du uppn\u00e5r dina tr\u00e4ningsm\u00e5l med stil. Uppt\u00e4ck en ny dimension av gymutrustning med Ul-290, utformad f\u00f6r att f\u00f6r\u00e4ndra din tr\u00e4ningsresa.<\/p>\n","protected":false},"featured_media":76055,"template":"","meta":{"_acf_changed":false,"inline_featured_image":false},"product_cat":[550,1149,1292],"product_tag":[],"class_list":{"0":"post-46787","1":"product","2":"type-product","3":"status-publish","4":"has-post-thumbnail","6":"product_cat-startsida","7":"product_cat-selectoriserade-maskiner","8":"product_cat-ultra-series-selectorized-maskiner","10":"first","11":"instock","12":"shipping-taxable","13":"purchasable","14":"product-type-simple"},"acf":[],"_links":{"self":[{"href":"https:\/\/store.evolve-fitness.eu\/sv\/wp-json\/wp\/v2\/product\/46787","targetHints":{"allow":["GET"]}}],"collection":[{"href":"https:\/\/store.evolve-fitness.eu\/sv\/wp-json\/wp\/v2\/product"}],"about":[{"href":"https:\/\/store.evolve-fitness.eu\/sv\/wp-json\/wp\/v2\/types\/product"}],"wp:featuredmedia":[{"embeddable":true,"href":"https:\/\/store.evolve-fitness.eu\/sv\/wp-json\/wp\/v2\/media\/76055"}],"wp:attachment":[{"href":"https:\/\/store.evolve-fitness.eu\/sv\/wp-json\/wp\/v2\/media?parent=46787"}],"wp:term":[{"taxonomy":"product_cat","embeddable":true,"href":"https:\/\/store.evolve-fitness.eu\/sv\/wp-json\/wp\/v2\/product_cat?post=46787"},{"taxonomy":"product_tag","embeddable":true,"href":"https:\/\/store.evolve-fitness.eu\/sv\/wp-json\/wp\/v2\/product_tag?post=46787"}],"curies":[{"name":"wp","href":"https:\/\/api.w.org\/{rel}","templated":true}]}}