{"id":46736,"date":"2024-01-17T12:22:16","date_gmt":"2024-01-17T12:22:16","guid":{"rendered":"https:\/\/store.evolve-fitness.eu\/product\/evolve-ultra-series-series-selectorized-4-stack-multigym-med-2-justerbara-kablar\/"},"modified":"2026-04-28T12:00:38","modified_gmt":"2026-04-28T12:00:38","slug":"evolve-ultra-series-series-selectorized-4-stack-multigym-med-2-justerbara-kablar","status":"publish","type":"product","link":"https:\/\/store.evolve-fitness.eu\/sv\/produkt\/evolve-ultra-series-series-selectorized-4-stack-multigym-med-2-justerbara-kablar\/","title":{"rendered":"Evolve Ultra Series Series Selectorized 4 Stack Multigym med 2 justerbara kablar"},"content":{"rendered":"\n<section class=\"wp-block-group alignfull black-content has-white-color has-darkgray-background-color has-text-color has-background is-layout-constrained wp-block-group-is-layout-constrained\" style=\"padding-top:var(--wp--preset--spacing--section-bottom);padding-bottom:var(--wp--preset--spacing--section-bottom)\">\n<div class=\"wp-block-columns alignwide mobile-reverse is-layout-flex wp-container-core-columns-is-layout-ca64bf2d wp-block-columns-is-layout-flex\" style=\"margin-bottom:var(--wp--preset--spacing--side-padding)\">\n<div class=\"wp-block-column is-vertically-aligned-center is-layout-flow wp-block-column-is-layout-flow\">\n<h3 class=\"wp-block-heading\" style=\"margin-bottom:var(--wp--preset--spacing--h-3-bottom)\">Evolve Ultra-serien<\/h3>\n\n\n\n<p style=\"margin-bottom:var(--wp--preset--spacing--tb-section-padding)\">V\u00e4lkommen till Evolve Ultra-serien, d\u00e4r vi definierar kvalitet p\u00e5 nytt. V\u00e5r Ultra-serie \u00e4r utformad f\u00f6r gym\u00e4gare, potentiella gym\u00e4gare och fitnessanl\u00e4ggningar i alla storlekar, och erbjuder en rad kostnadseffektiva selekterade maskiner som prioriterar kvalitet och prestanda. L\u00e5t oss utforska de unika funktionerna som g\u00f6r Ultra-serien till ett exceptionellt val f\u00f6r dem som s\u00f6ker budgetv\u00e4nlig men \u00e4nd\u00e5 h\u00f6gkvalitativ tr\u00e4ningsutrustning.<\/p>\n<\/div>\n\n\n\n<div class=\"wp-block-column is-vertically-aligned-center is-layout-flow wp-block-column-is-layout-flow\">\n<figure class=\"wp-block-video\"><video autoplay=\"\" controls=\"\" loop=\"\" muted=\"\" src=\"https:\/\/evolve-fitness.eu\/wp-content\/uploads\/2023\/12\/ev-sc-ul-1200-2.mp4\"><\/video><\/figure>\n<\/div>\n<\/div>\n\n\n\n<div class=\"wp-block-columns alignwide is-layout-flex wp-container-core-columns-is-layout-c45ee707 wp-block-columns-is-layout-flex\" style=\"margin-bottom:var(--wp--preset--spacing--side-padding);padding-top:var(--wp--preset--spacing--side-padding)\">\n<div class=\"wp-block-column is-vertically-aligned-center is-layout-flow wp-block-column-is-layout-flow\">\n<figure class=\"wp-block-video\"><video height=\"720\" style=\"aspect-ratio: 1280 \/ 720;\" width=\"1280\" autoplay=\"\" controls=\"\" loop=\"\" muted=\"\" src=\"https:\/\/store.evolve-fitness.eu\/wp-content\/uploads\/2024\/01\/EFBWN5Z.mp4\"><\/video><\/figure>\n<\/div>\n\n\n\n<div class=\"wp-block-column is-vertically-aligned-center is-layout-flow wp-block-column-is-layout-flow\">\n<h3 class=\"wp-block-heading\">BEVARA DITT UTRYMME<\/h3>\n\n\n\n<p><strong><em><strong><em>Gummikuddar f\u00f6r golvskydd<\/em><\/strong><\/em><\/strong><\/p>\n\n\n\n<p>Uppr\u00e4tth\u00e5ll en ren och skadefri tr\u00e4ningsmilj\u00f6 med Rubber Pads. Gym\u00e4gare f\u00f6rst\u00e5r vikten av att bevara sina gymgolv. V\u00e5ra gummibelagda ben skyddar golvet mot repor och potentiella skador, vilket g\u00f6r Ultra-serien till valet f\u00f6r gym\u00e4gare som vill skydda sitt utrymme.<\/p>\n<\/div>\n<\/div>\n\n\n\n<div class=\"wp-block-columns alignwide mobile-reverse is-layout-flex wp-container-core-columns-is-layout-ca64bf2d wp-block-columns-is-layout-flex\" style=\"margin-bottom:var(--wp--preset--spacing--side-padding)\">\n<div class=\"wp-block-column is-vertically-aligned-center is-layout-flow wp-block-column-is-layout-flow\">\n<h3 class=\"wp-block-heading\" style=\"margin-bottom:var(--wp--preset--spacing--h-3-bottom)\">S\u00e4kerhet m\u00f6ter stil<\/h3>\n\n\n\n<p><strong><em>Fullt t\u00e4ckt sk\u00e4rm f\u00f6r viktmagasin<\/em><\/strong><\/p>\n\n\n\n<p>F\u00f6r gym\u00e4gare och fitnessf\u00f6retagare \u00e4r s\u00e4kerhet och estetik av st\u00f6rsta vikt. Evolve Ultra Series har en helt\u00e4ckande Weight Stack Shroud som s\u00f6ml\u00f6st kombinerar s\u00e4kerhet och stil. Genom att f\u00f6rb\u00e4ttra s\u00e4kerheten och f\u00f6rhindra olyckor samtidigt som du h\u00e5ller ditt gym rent, \u00e4r detta skydd ett viktigt tillskott till alla tr\u00e4ningsanl\u00e4ggningar. F\u00f6rh\u00f6j ditt gyms visuella attraktionskraft samtidigt som du prioriterar dina kunders s\u00e4kerhet under varje tr\u00e4ningspass.<\/p>\n<\/div>\n\n\n\n<div class=\"wp-block-column is-vertically-aligned-center is-layout-flow wp-block-column-is-layout-flow\">\n<figure class=\"wp-block-image size-large\"><img decoding=\"async\" src=\"https:\/\/evolve-fitness.eu\/wp-content\/uploads\/2023\/12\/EV-SC-UL-1200-2-683x1024.jpg\" alt=\"\" class=\"wp-image-166054\"\/><\/figure>\n<\/div>\n<\/div>\n\n\n\n<div class=\"wp-block-columns alignwide is-layout-flex wp-container-core-columns-is-layout-c45ee707 wp-block-columns-is-layout-flex\" style=\"margin-bottom:var(--wp--preset--spacing--side-padding);padding-top:var(--wp--preset--spacing--side-padding)\">\n<div class=\"wp-block-column is-vertically-aligned-center is-layout-flow wp-block-column-is-layout-flow\">\n<figure class=\"wp-block-image size-large\"><img decoding=\"async\" src=\"https:\/\/evolve-fitness.eu\/wp-content\/uploads\/2023\/12\/EV-SC-UL-1200-5-683x1024.jpg\" alt=\"\" class=\"wp-image-166105\"\/><\/figure>\n<\/div>\n\n\n\n<div class=\"wp-block-column is-vertically-aligned-center is-layout-flow wp-block-column-is-layout-flow\">\n<h3 class=\"wp-block-heading\" style=\"margin-bottom:var(--wp--preset--spacing--h-3-bottom)\">S\u00e4kerhet m\u00f6ter stil<\/h3>\n\n\n\n<p><strong><em>Fullt t\u00e4ckt sk\u00e4rm f\u00f6r viktmagasin<\/em><\/strong><\/p>\n\n\n\n<p>F\u00f6r gym\u00e4gare och fitnessf\u00f6retagare \u00e4r s\u00e4kerhet och estetik av st\u00f6rsta vikt. Evolve Ultra Series har en helt\u00e4ckande Weight Stack Shroud som s\u00f6ml\u00f6st kombinerar s\u00e4kerhet och stil. Genom att f\u00f6rb\u00e4ttra s\u00e4kerheten och f\u00f6rhindra olyckor samtidigt som du h\u00e5ller ditt gym rent, \u00e4r detta skydd ett viktigt tillskott till alla tr\u00e4ningsanl\u00e4ggningar. F\u00f6rh\u00f6j ditt gyms visuella attraktionskraft samtidigt som du prioriterar dina kunders s\u00e4kerhet under varje tr\u00e4ningspass.<\/p>\n<\/div>\n<\/div>\n\n\n\n<div class=\"wp-block-columns alignwide are-vertically-aligned-center mobile-reverse is-layout-flex wp-container-core-columns-is-layout-e8158c2f wp-block-columns-is-layout-flex\" style=\"padding-top:var(--wp--preset--spacing--side-padding)\">\n<div class=\"wp-block-column is-vertically-aligned-center is-layout-flow wp-block-column-is-layout-flow\">\n<h3 class=\"wp-block-heading\" style=\"margin-bottom:var(--wp--preset--spacing--h-3-bottom)\"><strong>Optimala handgrepp<\/strong><\/h3>\n\n\n\n<p><strong><em><strong><em>F\u00f6rh\u00f6jd tr\u00e4ningsupplevelse<\/em><\/strong><\/em><\/strong><\/p>\n\n\n\n<p style=\"margin-bottom:var(--wp--preset--spacing--tb-section-padding)\">Att locka och beh\u00e5lla kunder \u00e4r avg\u00f6rande f\u00f6r gym\u00e4gare och chefer f\u00f6r fitnessanl\u00e4ggningar. Evolve Ultra-serien erbjuder optimala handgrepp, noggrant utformade f\u00f6r komfort och s\u00e4kerhet. F\u00f6rh\u00f6j dina kunders tr\u00e4ningsupplevelse, h\u00e5ll dem engagerade och motiverade att uppn\u00e5 sina tr\u00e4ningsm\u00e5l p\u00e5 din anl\u00e4ggning.<\/p>\n<\/div>\n\n\n\n<div class=\"wp-block-column is-vertically-aligned-center is-layout-flow wp-block-column-is-layout-flow\">\n<figure class=\"wp-block-image size-large\"><img decoding=\"async\" src=\"https:\/\/evolve-fitness.eu\/wp-content\/uploads\/2023\/12\/EV-SC-UL-1200-4-1024x683.jpg\" alt=\"\" class=\"wp-image-166080\"\/><\/figure>\n<\/div>\n<\/div>\n\n\n\n<div class=\"wp-block-columns alignwide are-vertically-aligned-center mobile-reverse is-layout-flex wp-container-core-columns-is-layout-e8158c2f wp-block-columns-is-layout-flex\" style=\"padding-top:var(--wp--preset--spacing--side-padding)\">\n<div class=\"wp-block-column is-vertically-aligned-center is-layout-flow wp-block-column-is-layout-flow\">\n<figure class=\"wp-block-image size-large\"><img decoding=\"async\" src=\"https:\/\/evolve-fitness.eu\/wp-content\/uploads\/2023\/12\/EV-SC-UL-1200-7-1024x683.jpg\" alt=\"\" class=\"wp-image-166130\"\/><\/figure>\n<\/div>\n\n\n\n<div class=\"wp-block-column is-vertically-aligned-center is-layout-flow wp-block-column-is-layout-flow\">\n<h3 class=\"wp-block-heading\" style=\"margin-bottom:var(--wp--preset--spacing--h-3-bottom)\"><strong>DUBBELT PULVERLACKERAD<\/strong><\/h3>\n\n\n\n<p><strong><em><strong><em>Elektrostatiskt pulverlackerad<\/em><\/strong><\/em><\/strong><\/p>\n\n\n\n<p style=\"margin-bottom:var(--wp--preset--spacing--tb-section-padding)\">Styrkemaskinerna i Evolve Ultra-serien med en elektrostatiskt pulverlackerad p\u00e4rlsvart matt ram exemplifierar b\u00e5de form och funktion. Dess estetiska tilltal f\u00f6rst\u00e4rks av den svartmatta ytan, medan de praktiska egenskaperna, inklusive friktionsmotst\u00e5nd, korrosionsskydd och repskydd, s\u00e4kerst\u00e4ller att den \u00e4r en p\u00e5litlig och l\u00e5ngvarig tr\u00e4ningskompis.<\/p>\n<\/div>\n<\/div>\n<\/section>\n","protected":false},"excerpt":{"rendered":"<p>Uppt\u00e4ck Evolve Ultra Series Selectorized 4 Stack Multigym, ett f\u00f6rstklassigt val f\u00f6r gym\u00e4gare och fitnessentusiaster. Detta multigym kombinerar s\u00e4kerhet med stil, med ett helt\u00e4ckande skydd f\u00f6r viktstapeln och en elegant, h\u00e5llbar ram med elektrostatisk pulverlackering i svart matt. Dess gummikuddar skyddar ditt gymgolv, medan de optimala handgreppen s\u00e4kerst\u00e4ller en bekv\u00e4m och s\u00e4ker tr\u00e4ningsupplevelse. Den v\u00e4ger 770 kg och omfattas av 2 \u00e5rs garanti, inklusive korrosionsskydd, instruktionsskyltar och golvskydd. Lyft ditt gym med denna h\u00f6gkvalitativa och budgetv\u00e4nliga tr\u00e4ningsl\u00f6sning.<\/p>\n","protected":false},"featured_media":46738,"template":"","meta":{"_acf_changed":false,"inline_featured_image":false},"product_cat":[550,1149,1292],"product_tag":[],"class_list":{"0":"post-46736","1":"product","2":"type-product","3":"status-publish","4":"has-post-thumbnail","6":"product_cat-startsida","7":"product_cat-selectoriserade-maskiner","8":"product_cat-ultra-series-selectorized-maskiner","10":"first","11":"outofstock","12":"shipping-taxable","13":"purchasable","14":"product-type-simple"},"acf":[],"_links":{"self":[{"href":"https:\/\/store.evolve-fitness.eu\/sv\/wp-json\/wp\/v2\/product\/46736","targetHints":{"allow":["GET"]}}],"collection":[{"href":"https:\/\/store.evolve-fitness.eu\/sv\/wp-json\/wp\/v2\/product"}],"about":[{"href":"https:\/\/store.evolve-fitness.eu\/sv\/wp-json\/wp\/v2\/types\/product"}],"wp:featuredmedia":[{"embeddable":true,"href":"https:\/\/store.evolve-fitness.eu\/sv\/wp-json\/wp\/v2\/media\/46738"}],"wp:attachment":[{"href":"https:\/\/store.evolve-fitness.eu\/sv\/wp-json\/wp\/v2\/media?parent=46736"}],"wp:term":[{"taxonomy":"product_cat","embeddable":true,"href":"https:\/\/store.evolve-fitness.eu\/sv\/wp-json\/wp\/v2\/product_cat?post=46736"},{"taxonomy":"product_tag","embeddable":true,"href":"https:\/\/store.evolve-fitness.eu\/sv\/wp-json\/wp\/v2\/product_tag?post=46736"}],"curies":[{"name":"wp","href":"https:\/\/api.w.org\/{rel}","templated":true}]}}