{"id":46477,"date":"2024-01-26T13:46:43","date_gmt":"2024-01-26T13:46:43","guid":{"rendered":"https:\/\/store.evolve-fitness.eu\/product\/evolve-vaggmonterad-forvaring-av-viktskivor\/"},"modified":"2024-08-06T11:41:05","modified_gmt":"2024-08-06T11:41:05","slug":"evolve-vaggmonterad-forvaring-av-viktskivor","status":"publish","type":"product","link":"https:\/\/store.evolve-fitness.eu\/sv\/produkt\/evolve-vaggmonterad-forvaring-av-viktskivor\/","title":{"rendered":"Evolve v\u00e4ggmonterad f\u00f6rvaring av viktskivor"},"content":{"rendered":"","protected":false},"excerpt":{"rendered":"<p>Maximera ditt gymutrymme med Evolve v\u00e4ggmonterad f\u00f6rvaring f\u00f6r viktskivor. Denna eleganta och praktiska f\u00f6rvaringsl\u00f6sning g\u00f6r att du kan h\u00e5lla dina viktskivor organiserade och l\u00e4ttillg\u00e4ngliga. Den v\u00e4ggmonterade designen sparar v\u00e4rdefull golvyta samtidigt som den ger ett elegant och effektivt s\u00e4tt att f\u00f6rvara dina vikter. Denna f\u00f6rvaringsenhet \u00e4r tillverkad f\u00f6r att vara h\u00e5llbar och kompatibel med olika storlekar p\u00e5 viktplattor, och kombinerar funktionalitet med estetik p\u00e5 ett smidigt s\u00e4tt. F\u00f6rh\u00f6j ditt tr\u00e4ningsutrymme med Evolve v\u00e4ggmonterad viktskivsf\u00f6rvaring, som optimerar b\u00e5de form och funktion.  <\/p>\n","protected":false},"featured_media":147985,"template":"","meta":{"_acf_changed":false,"inline_featured_image":false},"product_cat":[550,623,642,685],"product_tag":[],"class_list":{"0":"post-46477","1":"product","2":"type-product","3":"status-publish","4":"has-post-thumbnail","6":"product_cat-startsida","7":"product_cat-korsvis-funktionell","8":"product_cat-komponenter-till-riggen","9":"product_cat-lagring","11":"first","12":"instock","13":"shipping-taxable","14":"purchasable","15":"product-type-simple"},"acf":[],"_links":{"self":[{"href":"https:\/\/store.evolve-fitness.eu\/sv\/wp-json\/wp\/v2\/product\/46477","targetHints":{"allow":["GET"]}}],"collection":[{"href":"https:\/\/store.evolve-fitness.eu\/sv\/wp-json\/wp\/v2\/product"}],"about":[{"href":"https:\/\/store.evolve-fitness.eu\/sv\/wp-json\/wp\/v2\/types\/product"}],"wp:featuredmedia":[{"embeddable":true,"href":"https:\/\/store.evolve-fitness.eu\/sv\/wp-json\/wp\/v2\/media\/147985"}],"wp:attachment":[{"href":"https:\/\/store.evolve-fitness.eu\/sv\/wp-json\/wp\/v2\/media?parent=46477"}],"wp:term":[{"taxonomy":"product_cat","embeddable":true,"href":"https:\/\/store.evolve-fitness.eu\/sv\/wp-json\/wp\/v2\/product_cat?post=46477"},{"taxonomy":"product_tag","embeddable":true,"href":"https:\/\/store.evolve-fitness.eu\/sv\/wp-json\/wp\/v2\/product_tag?post=46477"}],"curies":[{"name":"wp","href":"https:\/\/api.w.org\/{rel}","templated":true}]}}