{"id":46333,"date":"2024-01-26T13:36:49","date_gmt":"2024-01-26T13:36:49","guid":{"rendered":"https:\/\/store.evolve-fitness.eu\/product\/evolve-justerbart-faste-for-matthangare\/"},"modified":"2024-08-06T11:37:43","modified_gmt":"2024-08-06T11:37:43","slug":"evolve-justerbart-faste-for-matthangare","status":"publish","type":"product","link":"https:\/\/store.evolve-fitness.eu\/sv\/produkt\/evolve-justerbart-faste-for-matthangare\/","title":{"rendered":"Evolve justerbart f\u00e4ste f\u00f6r matth\u00e4ngare"},"content":{"rendered":"","protected":false},"excerpt":{"rendered":"<p>Optimera din gymorganisation med Evolve Adjustable Mats Hanger Attachment.<br \/>\nDetta tillbeh\u00f6r \u00e4r utformat f\u00f6r bekv\u00e4mlighet och integreras enkelt i ditt tr\u00e4ningsutrymme, vilket ger en flexibel l\u00f6sning f\u00f6r att h\u00e5lla tr\u00e4ningsmattorna snygga och l\u00e4ttillg\u00e4ngliga.<br \/>\nDen justerbara funktionen s\u00e4kerst\u00e4ller m\u00e5ngsidighet f\u00f6r att rymma olika mattstorlekar, vilket ger en r\u00f6rfri och effektiv lagringsl\u00f6sning.<br \/>\nF\u00f6rb\u00e4ttra din tr\u00e4ningsmilj\u00f6 med det h\u00e4r praktiska tillbeh\u00f6ret och skapa ett snyggt och organiserat tr\u00e4ningsomr\u00e5de.<br \/>\nF\u00f6renkla din tr\u00e4ningsrutin med Evolve Adjustable Mats Hanger Attachment, ett m\u00e5ste f\u00f6r en str\u00f6mlinjeformad och effektiv gymhantering.      <\/p>\n","protected":false},"featured_media":46339,"template":"","meta":{"_acf_changed":false,"inline_featured_image":false},"product_cat":[550,623,642,685],"product_tag":[],"class_list":{"0":"post-46333","1":"product","2":"type-product","3":"status-publish","4":"has-post-thumbnail","6":"product_cat-startsida","7":"product_cat-korsvis-funktionell","8":"product_cat-komponenter-till-riggen","9":"product_cat-lagring","11":"first","12":"instock","13":"shipping-taxable","14":"purchasable","15":"product-type-simple"},"acf":[],"_links":{"self":[{"href":"https:\/\/store.evolve-fitness.eu\/sv\/wp-json\/wp\/v2\/product\/46333","targetHints":{"allow":["GET"]}}],"collection":[{"href":"https:\/\/store.evolve-fitness.eu\/sv\/wp-json\/wp\/v2\/product"}],"about":[{"href":"https:\/\/store.evolve-fitness.eu\/sv\/wp-json\/wp\/v2\/types\/product"}],"wp:featuredmedia":[{"embeddable":true,"href":"https:\/\/store.evolve-fitness.eu\/sv\/wp-json\/wp\/v2\/media\/46339"}],"wp:attachment":[{"href":"https:\/\/store.evolve-fitness.eu\/sv\/wp-json\/wp\/v2\/media?parent=46333"}],"wp:term":[{"taxonomy":"product_cat","embeddable":true,"href":"https:\/\/store.evolve-fitness.eu\/sv\/wp-json\/wp\/v2\/product_cat?post=46333"},{"taxonomy":"product_tag","embeddable":true,"href":"https:\/\/store.evolve-fitness.eu\/sv\/wp-json\/wp\/v2\/product_tag?post=46333"}],"curies":[{"name":"wp","href":"https:\/\/api.w.org\/{rel}","templated":true}]}}