{"id":45645,"date":"2024-01-26T09:39:44","date_gmt":"2024-01-26T09:39:44","guid":{"rendered":"https:\/\/store.evolve-fitness.eu\/product\/evolve-triceps-rope\/"},"modified":"2024-01-26T09:39:44","modified_gmt":"2024-01-26T09:39:44","slug":"evolve-triceps-rope","status":"publish","type":"product","link":"https:\/\/store.evolve-fitness.eu\/sv\/produkt\/evolve-triceps-rope\/","title":{"rendered":"Evolve Triceps Rope"},"content":{"rendered":"","protected":false},"excerpt":{"rendered":"<p>Vi presenterar Evolve Triceps Rope, ett premiumtillskott till din samling av tr\u00e4ningsutrustning, nu tillg\u00e4nglig i v\u00e5r onlinebutik. Detta specialiserade repf\u00e4ste \u00e4r utformat f\u00f6r att f\u00f6rb\u00e4ttra din triceps-tr\u00e4ning och ger ett \u00f6verl\u00e4gset s\u00e4tt att utf\u00f6ra pushdowns, extensions och andra arm\u00f6vningar. Evolve Triceps Rope \u00e4r tillverkat av h\u00f6gkvalitativa, h\u00e5llbara material och garanterar l\u00e5ng livsl\u00e4ngd och motst\u00e5ndskraft mot kraven fr\u00e5n rigor\u00f6sa tr\u00e4ningspass. Den unika, tjocka fl\u00e4tade designen ger ett bekv\u00e4mt grepp, vilket m\u00f6jligg\u00f6r optimal kontroll och effektivitet vid tr\u00e4ning av triceps-musklerna. Detta m\u00e5ngsidiga tillbeh\u00f6r \u00e4r kompatibelt med ett brett utbud av kabelmaskiner och \u00e4r perfekt f\u00f6r b\u00e5de hemmabruk och kommersiella gym. Oavsett om du vill tona dina armar, \u00f6ka muskelstyrkan eller l\u00e4gga till variation i din tr\u00e4ningsrutin, \u00e4r Evolve Triceps Rope det perfekta verktyget. F\u00f6rb\u00e4ttra ditt tr\u00e4ningsprogram med denna viktiga utrustning f\u00f6r en mer intensiv och fokuserad armtr\u00e4ning. Handla nu och ta det f\u00f6rsta steget mot att uppn\u00e5 dina triceps-m\u00e5l.<\/p>\n","protected":false},"featured_media":45654,"template":"","meta":{"_acf_changed":false,"inline_featured_image":false},"product_cat":[550,734],"product_tag":[],"class_list":{"0":"post-45645","1":"product","2":"type-product","3":"status-publish","4":"has-post-thumbnail","6":"product_cat-startsida","7":"product_cat-tillbehor-sv","9":"first","10":"instock","11":"shipping-taxable","12":"purchasable","13":"product-type-simple"},"acf":[],"_links":{"self":[{"href":"https:\/\/store.evolve-fitness.eu\/sv\/wp-json\/wp\/v2\/product\/45645","targetHints":{"allow":["GET"]}}],"collection":[{"href":"https:\/\/store.evolve-fitness.eu\/sv\/wp-json\/wp\/v2\/product"}],"about":[{"href":"https:\/\/store.evolve-fitness.eu\/sv\/wp-json\/wp\/v2\/types\/product"}],"wp:featuredmedia":[{"embeddable":true,"href":"https:\/\/store.evolve-fitness.eu\/sv\/wp-json\/wp\/v2\/media\/45654"}],"wp:attachment":[{"href":"https:\/\/store.evolve-fitness.eu\/sv\/wp-json\/wp\/v2\/media?parent=45645"}],"wp:term":[{"taxonomy":"product_cat","embeddable":true,"href":"https:\/\/store.evolve-fitness.eu\/sv\/wp-json\/wp\/v2\/product_cat?post=45645"},{"taxonomy":"product_tag","embeddable":true,"href":"https:\/\/store.evolve-fitness.eu\/sv\/wp-json\/wp\/v2\/product_tag?post=45645"}],"curies":[{"name":"wp","href":"https:\/\/api.w.org\/{rel}","templated":true}]}}