{"id":45016,"date":"2024-01-26T09:19:38","date_gmt":"2024-01-26T09:19:38","guid":{"rendered":"https:\/\/store.evolve-fitness.eu\/product\/evolve-handtag-for-neddragning-120-cm\/"},"modified":"2024-01-26T09:19:38","modified_gmt":"2024-01-26T09:19:38","slug":"evolve-handtag-for-neddragning-120-cm","status":"publish","type":"product","link":"https:\/\/store.evolve-fitness.eu\/sv\/produkt\/evolve-handtag-for-neddragning-120-cm\/","title":{"rendered":"Evolve handtag f\u00f6r neddragning &#8211; 120 cm"},"content":{"rendered":"","protected":false},"excerpt":{"rendered":"<p>F\u00f6rb\u00e4ttra din \u00f6verkroppstr\u00e4ning med Evolve Pull Down Handle, GH-200. Det h\u00e4r exceptionella tillbeh\u00f6ret \u00e4r s\u00e4rskilt utformat f\u00f6r att maximera effektiviteten i neddragnings\u00f6vningar och riktar in sig p\u00e5 viktiga muskelgrupper i rygg, axlar och armar. Evolve Pull Down Handle \u00e4r tillverkat av h\u00f6gkvalitativa, h\u00e5llbara material och \u00e4r byggt f\u00f6r att klara intensiva tr\u00e4ningspass, vilket g\u00f6r det till ett p\u00e5litligt val f\u00f6r b\u00e5de hemmagym och kommersiella fitnesscenter. Den ergonomiska designen ger ett bekv\u00e4mt och s\u00e4kert grepp, vilket minskar risken f\u00f6r \u00f6veranstr\u00e4ngning och m\u00f6jligg\u00f6r ett mer fokuserat och effektivt tr\u00e4ningspass. Handtagets kompatibilitet med olika kabelmaskiner ger m\u00e5ngsidighet till din tr\u00e4ningsrutin, vilket g\u00f6r det perfekt f\u00f6r ett brett spektrum av \u00f6vningar, inklusive latsdragningar och dragningar med raka armar. Evolve Pull Down Handle \u00e4r perfekt f\u00f6r dig som vill f\u00f6rb\u00e4ttra muskeldefinition och styrka i \u00f6verkroppen, och \u00e4r ett oumb\u00e4rligt verktyg f\u00f6r att uppn\u00e5 dina tr\u00e4ningsm\u00e5l.<\/p>\n","protected":false},"featured_media":128191,"template":"","meta":{"_acf_changed":false,"inline_featured_image":false},"product_cat":[550,734],"product_tag":[],"class_list":{"0":"post-45016","1":"product","2":"type-product","3":"status-publish","4":"has-post-thumbnail","6":"product_cat-startsida","7":"product_cat-tillbehor-sv","9":"first","10":"instock","11":"shipping-taxable","12":"purchasable","13":"product-type-simple"},"acf":[],"_links":{"self":[{"href":"https:\/\/store.evolve-fitness.eu\/sv\/wp-json\/wp\/v2\/product\/45016","targetHints":{"allow":["GET"]}}],"collection":[{"href":"https:\/\/store.evolve-fitness.eu\/sv\/wp-json\/wp\/v2\/product"}],"about":[{"href":"https:\/\/store.evolve-fitness.eu\/sv\/wp-json\/wp\/v2\/types\/product"}],"wp:featuredmedia":[{"embeddable":true,"href":"https:\/\/store.evolve-fitness.eu\/sv\/wp-json\/wp\/v2\/media\/128191"}],"wp:attachment":[{"href":"https:\/\/store.evolve-fitness.eu\/sv\/wp-json\/wp\/v2\/media?parent=45016"}],"wp:term":[{"taxonomy":"product_cat","embeddable":true,"href":"https:\/\/store.evolve-fitness.eu\/sv\/wp-json\/wp\/v2\/product_cat?post=45016"},{"taxonomy":"product_tag","embeddable":true,"href":"https:\/\/store.evolve-fitness.eu\/sv\/wp-json\/wp\/v2\/product_tag?post=45016"}],"curies":[{"name":"wp","href":"https:\/\/api.w.org\/{rel}","templated":true}]}}