{"id":44963,"date":"2024-01-26T09:26:44","date_gmt":"2024-01-26T09:26:44","guid":{"rendered":"https:\/\/store.evolve-fitness.eu\/product\/utveckla-radhantering\/"},"modified":"2024-01-26T09:26:44","modified_gmt":"2024-01-26T09:26:44","slug":"utveckla-radhantering","status":"publish","type":"product","link":"https:\/\/store.evolve-fitness.eu\/sv\/produkt\/utveckla-radhantering\/","title":{"rendered":"Utveckla radhantering"},"content":{"rendered":"","protected":false},"excerpt":{"rendered":"<p>Lyft dina rodd\u00f6vningar med Evolve roddhandtag, GH-240. Detta h\u00f6gkvalitativa tillbeh\u00f6r \u00e4r utformat f\u00f6r att optimera din roddtr\u00e4ning och med precision tr\u00e4na musklerna i rygg, axlar och armar. Evolve Row Handle \u00e4r tillverkat av robusta material som g\u00f6r att det klarar de mest intensiva tr\u00e4ningspassen. Den ergonomiska designen ger ett naturligt grepp, minimerar belastningen p\u00e5 h\u00e4nder och handleder och ger ett mer effektivt och bekv\u00e4mt tr\u00e4ningspass. Handtaget \u00e4r idealiskt f\u00f6r anv\u00e4ndning med olika kabelmaskiner och \u00e4r perfekt f\u00f6r \u00f6vningar som sittande rows, bent-over rows och st\u00e5ende cable rows, vilket ger m\u00e5ngsidighet i din styrketr\u00e4ningsrutin.<\/p>\n","protected":false},"featured_media":128245,"template":"","meta":{"_acf_changed":false,"inline_featured_image":false},"product_cat":[550,734],"product_tag":[],"class_list":{"0":"post-44963","1":"product","2":"type-product","3":"status-publish","4":"has-post-thumbnail","6":"product_cat-startsida","7":"product_cat-tillbehor-sv","9":"first","10":"instock","11":"shipping-taxable","12":"purchasable","13":"product-type-simple"},"acf":[],"_links":{"self":[{"href":"https:\/\/store.evolve-fitness.eu\/sv\/wp-json\/wp\/v2\/product\/44963","targetHints":{"allow":["GET"]}}],"collection":[{"href":"https:\/\/store.evolve-fitness.eu\/sv\/wp-json\/wp\/v2\/product"}],"about":[{"href":"https:\/\/store.evolve-fitness.eu\/sv\/wp-json\/wp\/v2\/types\/product"}],"wp:featuredmedia":[{"embeddable":true,"href":"https:\/\/store.evolve-fitness.eu\/sv\/wp-json\/wp\/v2\/media\/128245"}],"wp:attachment":[{"href":"https:\/\/store.evolve-fitness.eu\/sv\/wp-json\/wp\/v2\/media?parent=44963"}],"wp:term":[{"taxonomy":"product_cat","embeddable":true,"href":"https:\/\/store.evolve-fitness.eu\/sv\/wp-json\/wp\/v2\/product_cat?post=44963"},{"taxonomy":"product_tag","embeddable":true,"href":"https:\/\/store.evolve-fitness.eu\/sv\/wp-json\/wp\/v2\/product_tag?post=44963"}],"curies":[{"name":"wp","href":"https:\/\/api.w.org\/{rel}","templated":true}]}}