{"id":44153,"date":"2024-01-26T07:00:09","date_gmt":"2024-01-26T07:00:09","guid":{"rendered":"https:\/\/store.evolve-fitness.eu\/product\/evolve-magnesium-stall\/"},"modified":"2024-07-31T13:30:59","modified_gmt":"2024-07-31T13:30:59","slug":"evolve-magnesium-stall","status":"publish","type":"product","link":"https:\/\/store.evolve-fitness.eu\/sv\/produkt\/evolve-magnesium-stall\/","title":{"rendered":"Evolve Magnesium-st\u00e4ll"},"content":{"rendered":"","protected":false},"excerpt":{"rendered":"<p>Evolve Magnesium Rack \u00e4r en robust och m\u00e5ngsidig tr\u00e4ningsutrustning, utformad f\u00f6r s\u00e4ker och effektiv f\u00f6rvaring av magnesium eller krita som anv\u00e4nds vid tyngdlyftning och gymnastik. Dessa hyllor \u00e4r utformade med anv\u00e4ndarv\u00e4nlighet i \u00e5tanke och erbjuder enkel \u00e5tkomst och rena f\u00f6rvaringsl\u00f6sningar f\u00f6r gym och fitnesscenter. Den har en t\u00e5lig konstruktion som klarar tung anv\u00e4ndning i gymmilj\u00f6.<\/p>\n","protected":false},"featured_media":44177,"template":"","meta":{"_acf_changed":false,"inline_featured_image":false},"product_cat":[550,1001,1005],"product_tag":[],"class_list":{"0":"post-44153","1":"product","2":"type-product","3":"status-publish","4":"has-post-thumbnail","6":"product_cat-startsida","7":"product_cat-fria-vikter","8":"product_cat-hyllor-och-forvaringslosningar","10":"first","11":"instock","12":"shipping-taxable","13":"purchasable","14":"product-type-simple"},"acf":[],"_links":{"self":[{"href":"https:\/\/store.evolve-fitness.eu\/sv\/wp-json\/wp\/v2\/product\/44153","targetHints":{"allow":["GET"]}}],"collection":[{"href":"https:\/\/store.evolve-fitness.eu\/sv\/wp-json\/wp\/v2\/product"}],"about":[{"href":"https:\/\/store.evolve-fitness.eu\/sv\/wp-json\/wp\/v2\/types\/product"}],"wp:featuredmedia":[{"embeddable":true,"href":"https:\/\/store.evolve-fitness.eu\/sv\/wp-json\/wp\/v2\/media\/44177"}],"wp:attachment":[{"href":"https:\/\/store.evolve-fitness.eu\/sv\/wp-json\/wp\/v2\/media?parent=44153"}],"wp:term":[{"taxonomy":"product_cat","embeddable":true,"href":"https:\/\/store.evolve-fitness.eu\/sv\/wp-json\/wp\/v2\/product_cat?post=44153"},{"taxonomy":"product_tag","embeddable":true,"href":"https:\/\/store.evolve-fitness.eu\/sv\/wp-json\/wp\/v2\/product_tag?post=44153"}],"curies":[{"name":"wp","href":"https:\/\/api.w.org\/{rel}","templated":true}]}}